{"id":100,"date":"2020-04-21T17:07:10","date_gmt":"2020-04-21T15:07:10","guid":{"rendered":"http:\/\/honorefestif.1-ter-net.net\/?page_id=100"},"modified":"2021-02-18T10:53:08","modified_gmt":"2021-02-18T09:53:08","slug":"mentions-legales","status":"publish","type":"page","link":"https:\/\/honfest.preprod-kalelia.fr\/?page_id=100","title":{"rendered":"Mentions l\u00e9gales"},"content":{"rendered":"<h2>Responsable de la publication :<\/h2>\n<p>Damien Probst<\/p>\n<p>6 impasse des M\u00e9talliers<br \/>\n44840 LES SORINI\u00c8RES<br \/>\nT\u00e9l. : 02 28 00 06 66<\/p>\n<h2>H\u00e9bergement :<\/h2>\n<p>Ce site est h\u00e9berg\u00e9 par la soci\u00e9t\u00e9 OVH<br \/>\nSi\u00e8ge social : 2 rue Kellermann \u2013 59100 Roubaix<\/p>\n<h2>Conception &amp; r\u00e9alisation du site web:<\/h2>\n<p>Agence 1-ter-net<br \/>\n3 all\u00e9e Susan Brownell Anthony<br \/>\n44200 Nantes<\/p>\n<h2>Informations l\u00e9gales<\/h2>\n<h3>Droits d\u2019auteur et Copyright<\/h3>\n<p>\u2013 L\u2019ensemble de ce site rel\u00e8ve de la l\u00e9gislation fran\u00e7aise et internationale sur le droit d\u2019auteur et la propri\u00e9t\u00e9 intellectuelle. Tous droits de reproduction sont r\u00e9serv\u00e9s, y compris pour les documents photographiques.<br \/>\n\u2013 La reproduction de tout ou partie de ce site sur un support \u00e9lectronique quel qu\u2019il soit est formellement interdite sauf autorisation expresse du directeur de la publication.<br \/>\n\u2013 Pour d\u2019autres utilisations, veuillez nous consulter.<\/p>\n<h3>Informatique et libert\u00e9<\/h3>\n<p>Le droit d\u2019acc\u00e8s, de modification, de rectification et de suppression des donn\u00e9es qui vous concernent (article 34 de la loi 78-17 du 6 janvier 1978 relative \u00e0 l\u2019informatique, aux fichiers et aux libert\u00e9s) s\u2019exerce aupr\u00e8s du Responsable de la publication.<\/p>\n","protected":false},"excerpt":{"rendered":"<p>Responsable de la publication : Damien Probst 6 impasse des M\u00e9talliers 44840&#8230; <br \/><a class=\"readmore\" href=\"https:\/\/honfest.preprod-kalelia.fr\/?page_id=100\"><span class=\"btn_blog_list_arrow\">Lire plus<\/span><\/a><\/p>\n","protected":false},"author":1,"featured_media":0,"parent":0,"menu_order":0,"comment_status":"closed","ping_status":"closed","template":"","meta":{"footnotes":""},"class_list":["post-100","page","type-page","status-publish","hentry"],"yoast_head":"<!-- This site is optimized with the Yoast SEO plugin v25.9 - https:\/\/yoast.com\/wordpress\/plugins\/seo\/ -->\n<title>Mentions l\u00e9gales | Honor\u00e9 Festif<\/title>\n<meta name=\"robots\" content=\"noindex, follow\" \/>\n<meta property=\"og:locale\" content=\"fr_FR\" \/>\n<meta property=\"og:type\" content=\"article\" \/>\n<meta property=\"og:title\" content=\"Mentions l\u00e9gales | Honor\u00e9 Festif\" \/>\n<meta property=\"og:description\" content=\"Responsable de la publication : Damien Probst 6 impasse des M\u00e9talliers 44840... Lire plus\" \/>\n<meta property=\"og:url\" content=\"https:\/\/honfest.preprod-kalelia.fr\/?page_id=100\" \/>\n<meta property=\"og:site_name\" content=\"Honor\u00e9 Festif\" \/>\n<meta property=\"article:modified_time\" content=\"2021-02-18T09:53:08+00:00\" \/>\n<meta name=\"twitter:card\" content=\"summary_large_image\" \/>\n<meta name=\"twitter:label1\" content=\"Dur\u00e9e de lecture estim\u00e9e\" \/>\n\t<meta name=\"twitter:data1\" content=\"1 minute\" \/>\n<script type=\"application\/ld+json\" class=\"yoast-schema-graph\">{\"@context\":\"https:\/\/schema.org\",\"@graph\":[{\"@type\":\"WebPage\",\"@id\":\"https:\/\/honfest.preprod-kalelia.fr\/?page_id=100\",\"url\":\"https:\/\/honfest.preprod-kalelia.fr\/?page_id=100\",\"name\":\"Mentions l\u00e9gales | Honor\u00e9 Festif\",\"isPartOf\":{\"@id\":\"https:\/\/honfest.preprod-kalelia.fr\/#website\"},\"datePublished\":\"2020-04-21T15:07:10+00:00\",\"dateModified\":\"2021-02-18T09:53:08+00:00\",\"breadcrumb\":{\"@id\":\"https:\/\/honfest.preprod-kalelia.fr\/?page_id=100#breadcrumb\"},\"inLanguage\":\"fr-FR\",\"potentialAction\":[{\"@type\":\"ReadAction\",\"target\":[\"https:\/\/honfest.preprod-kalelia.fr\/?page_id=100\"]}]},{\"@type\":\"BreadcrumbList\",\"@id\":\"https:\/\/honfest.preprod-kalelia.fr\/?page_id=100#breadcrumb\",\"itemListElement\":[{\"@type\":\"ListItem\",\"position\":1,\"name\":\"Accueil\",\"item\":\"https:\/\/honfest.preprod-kalelia.fr\/\"},{\"@type\":\"ListItem\",\"position\":2,\"name\":\"Mentions l\u00e9gales\"}]},{\"@type\":\"WebSite\",\"@id\":\"https:\/\/honfest.preprod-kalelia.fr\/#website\",\"url\":\"https:\/\/honfest.preprod-kalelia.fr\/\",\"name\":\"Honor\u00e9 Festif\",\"description\":\"\",\"publisher\":{\"@id\":\"https:\/\/honfest.preprod-kalelia.fr\/#organization\"},\"potentialAction\":[{\"@type\":\"SearchAction\",\"target\":{\"@type\":\"EntryPoint\",\"urlTemplate\":\"https:\/\/honfest.preprod-kalelia.fr\/?s={search_term_string}\"},\"query-input\":{\"@type\":\"PropertyValueSpecification\",\"valueRequired\":true,\"valueName\":\"search_term_string\"}}],\"inLanguage\":\"fr-FR\"},{\"@type\":\"Organization\",\"@id\":\"https:\/\/honfest.preprod-kalelia.fr\/#organization\",\"name\":\"Honor\u00e9 Festif\",\"url\":\"https:\/\/honfest.preprod-kalelia.fr\/\",\"logo\":{\"@type\":\"ImageObject\",\"inLanguage\":\"fr-FR\",\"@id\":\"https:\/\/honfest.preprod-kalelia.fr\/#\/schema\/logo\/image\/\",\"url\":\"https:\/\/honfest.preprod-kalelia.fr\/wp-content\/uploads\/2020\/10\/logo-honore-festif.png\",\"contentUrl\":\"https:\/\/honfest.preprod-kalelia.fr\/wp-content\/uploads\/2020\/10\/logo-honore-festif.png\",\"width\":198,\"height\":118,\"caption\":\"Honor\u00e9 Festif\"},\"image\":{\"@id\":\"https:\/\/honfest.preprod-kalelia.fr\/#\/schema\/logo\/image\/\"}}]}<\/script>\n<!-- \/ Yoast SEO plugin. -->","yoast_head_json":{"title":"Mentions l\u00e9gales | Honor\u00e9 Festif","robots":{"index":"noindex","follow":"follow"},"og_locale":"fr_FR","og_type":"article","og_title":"Mentions l\u00e9gales | Honor\u00e9 Festif","og_description":"Responsable de la publication : Damien Probst 6 impasse des M\u00e9talliers 44840... Lire plus","og_url":"https:\/\/honfest.preprod-kalelia.fr\/?page_id=100","og_site_name":"Honor\u00e9 Festif","article_modified_time":"2021-02-18T09:53:08+00:00","twitter_card":"summary_large_image","twitter_misc":{"Dur\u00e9e de lecture estim\u00e9e":"1 minute"},"schema":{"@context":"https:\/\/schema.org","@graph":[{"@type":"WebPage","@id":"https:\/\/honfest.preprod-kalelia.fr\/?page_id=100","url":"https:\/\/honfest.preprod-kalelia.fr\/?page_id=100","name":"Mentions l\u00e9gales | Honor\u00e9 Festif","isPartOf":{"@id":"https:\/\/honfest.preprod-kalelia.fr\/#website"},"datePublished":"2020-04-21T15:07:10+00:00","dateModified":"2021-02-18T09:53:08+00:00","breadcrumb":{"@id":"https:\/\/honfest.preprod-kalelia.fr\/?page_id=100#breadcrumb"},"inLanguage":"fr-FR","potentialAction":[{"@type":"ReadAction","target":["https:\/\/honfest.preprod-kalelia.fr\/?page_id=100"]}]},{"@type":"BreadcrumbList","@id":"https:\/\/honfest.preprod-kalelia.fr\/?page_id=100#breadcrumb","itemListElement":[{"@type":"ListItem","position":1,"name":"Accueil","item":"https:\/\/honfest.preprod-kalelia.fr\/"},{"@type":"ListItem","position":2,"name":"Mentions l\u00e9gales"}]},{"@type":"WebSite","@id":"https:\/\/honfest.preprod-kalelia.fr\/#website","url":"https:\/\/honfest.preprod-kalelia.fr\/","name":"Honor\u00e9 Festif","description":"","publisher":{"@id":"https:\/\/honfest.preprod-kalelia.fr\/#organization"},"potentialAction":[{"@type":"SearchAction","target":{"@type":"EntryPoint","urlTemplate":"https:\/\/honfest.preprod-kalelia.fr\/?s={search_term_string}"},"query-input":{"@type":"PropertyValueSpecification","valueRequired":true,"valueName":"search_term_string"}}],"inLanguage":"fr-FR"},{"@type":"Organization","@id":"https:\/\/honfest.preprod-kalelia.fr\/#organization","name":"Honor\u00e9 Festif","url":"https:\/\/honfest.preprod-kalelia.fr\/","logo":{"@type":"ImageObject","inLanguage":"fr-FR","@id":"https:\/\/honfest.preprod-kalelia.fr\/#\/schema\/logo\/image\/","url":"https:\/\/honfest.preprod-kalelia.fr\/wp-content\/uploads\/2020\/10\/logo-honore-festif.png","contentUrl":"https:\/\/honfest.preprod-kalelia.fr\/wp-content\/uploads\/2020\/10\/logo-honore-festif.png","width":198,"height":118,"caption":"Honor\u00e9 Festif"},"image":{"@id":"https:\/\/honfest.preprod-kalelia.fr\/#\/schema\/logo\/image\/"}}]}},"_links":{"self":[{"href":"https:\/\/honfest.preprod-kalelia.fr\/index.php?rest_route=\/wp\/v2\/pages\/100","targetHints":{"allow":["GET"]}}],"collection":[{"href":"https:\/\/honfest.preprod-kalelia.fr\/index.php?rest_route=\/wp\/v2\/pages"}],"about":[{"href":"https:\/\/honfest.preprod-kalelia.fr\/index.php?rest_route=\/wp\/v2\/types\/page"}],"author":[{"embeddable":true,"href":"https:\/\/honfest.preprod-kalelia.fr\/index.php?rest_route=\/wp\/v2\/users\/1"}],"replies":[{"embeddable":true,"href":"https:\/\/honfest.preprod-kalelia.fr\/index.php?rest_route=%2Fwp%2Fv2%2Fcomments&post=100"}],"version-history":[{"count":2,"href":"https:\/\/honfest.preprod-kalelia.fr\/index.php?rest_route=\/wp\/v2\/pages\/100\/revisions"}],"predecessor-version":[{"id":102,"href":"https:\/\/honfest.preprod-kalelia.fr\/index.php?rest_route=\/wp\/v2\/pages\/100\/revisions\/102"}],"wp:attachment":[{"href":"https:\/\/honfest.preprod-kalelia.fr\/index.php?rest_route=%2Fwp%2Fv2%2Fmedia&parent=100"}],"curies":[{"name":"wp","href":"https:\/\/api.w.org\/{rel}","templated":true}]}}