{"id":104,"date":"2020-04-21T17:10:54","date_gmt":"2020-04-21T15:10:54","guid":{"rendered":"http:\/\/honorefestif.1-ter-net.net\/?page_id=104"},"modified":"2024-11-06T11:37:22","modified_gmt":"2024-11-06T10:37:22","slug":"livraison","status":"publish","type":"page","link":"https:\/\/honfest.preprod-kalelia.fr\/?page_id=104","title":{"rendered":"Livraison"},"content":{"rendered":"<p>Honor\u00e9 Festif r\u00e9pond \u00e0 tous les crit\u00e8res de la norme HACCP.<br \/>\nLivraison en v\u00e9hicule isotherme ou r\u00e9frig\u00e9r\u00e9.<\/p>\n<h2>Modes de livraison<\/h2>\n<h3>En semaine (livraison de 7h \u00e0 17h) :<\/h3>\n<p><strong>Zone 1 : <\/strong>Nantes, Rez\u00e9, Saint S\u00e9bastien sur Loire, Sainte Luce sur Loire, Saint Herblain, Bouguenais, Les Sorini\u00e8res, Vertou, Basse-Goulaine, Pont St-Martin.<\/p>\n<ul>\n<li>Commande inf\u00e9rieure ou \u00e9gale \u00e0 49,99\u20ac HT : <strong>27,00\u20ac HT de frais de livraison<\/strong><\/li>\n<li>Commande entre 50,00\u20ac et 75,99\u20ac HT : <strong>21,00\u20ac HT de frais de livraison<\/strong><\/li>\n<li>Commande entre 76,00\u20ac et 99,99\u20ac HT : <strong>15,00\u20ac HT de frais de livraison<\/strong><\/li>\n<li>Commande sup\u00e9rieure \u00e0 100,00\u20ac : <strong>frais de livraison offert<\/strong><\/li>\n<\/ul>\n<p>&nbsp;<\/p>\n<p><strong>Zone 2 :<\/strong> Sautron, Orvault, La Chapelle sur Erdre, Carquefou, Thouar\u00e9 sur Loire, Haute Goulaine, Saint Fiacre sur Maine, La Haye-Fouassi\u00e8re, Ch\u00e2teau Thebaud, Le Bignon, La Chevroli\u00e8re, Saint Aignan de Grand-Lieu, Bouaye, Brains, Saint Jean de Boiseau, Cou\u00ebron, Indre, La Montagne.<\/p>\n<ul>\n<li>Commande inf\u00e9rieure ou \u00e9gale \u00e0 49,99\u20ac HT : <strong>67,00\u20ac HT de frais de livraison<\/strong><\/li>\n<li>Commande entre 50,00\u20ac et 75,99\u20ac HT : <strong>61,00\u20ac HT de frais de livraison<\/strong><\/li>\n<li>Commande entre 76,00\u20ac et 99,99\u20ac HT : <strong>55,00\u20ac HT de frais de livraison<\/strong><\/li>\n<li>Commande sup\u00e9rieure \u00e0 100,00\u20ac : <strong>40,00\u20ac HT de frais de livraison<\/strong><\/li>\n<\/ul>\n<p>&nbsp;<\/p>\n<p><strong>Zone 3 (Sur devis) :<\/strong> Livraison sur<a href=\"https:\/\/honfest.preprod-kalelia.fr\/contactez-nous\/\"> demande au service commercial<\/a><\/p>\n<p><strong>Livraison apr\u00e8s 17h00 , les weekend et jours f\u00e9ri\u00e9s :<\/strong> sur demande \u00e0 notre service commercial<\/p>\n<p><a href=\"https:\/\/honfest.preprod-kalelia.fr\/wp-content\/uploads\/2020\/08\/Zones-livraison-\u00e9v\u00e8nements-familiaux.pdf\" target=\"_blank\" rel=\"noopener noreferrer\">T\u00e9l\u00e9charger le plan de la zone de livraison<\/a><\/p>\n<h3><\/h3>\n<h3>Retrait au Laboratoire<\/h3>\n<ul>\n<li><strong>Retrait :<\/strong> Toutes vos commandes peuvent \u00eatre retir\u00e9es gratuitement \u00e0 notre Laboratoire<\/li>\n<li><strong>O\u00f9 ?<\/strong> 6 Impasse des M\u00e9talliers, 44840 Les Sorini\u00e8res<\/li>\n<li><strong>Quand ? <\/strong>Du lundi au vendredi de 7h00 \u00e0 17h00. Le samedi de 7h00 \u00e0 12h00<strong><br \/>\n<\/strong><\/li>\n<\/ul>\n","protected":false},"excerpt":{"rendered":"<p>Honor\u00e9 Festif r\u00e9pond \u00e0 tous les crit\u00e8res de la norme HACCP. Livraison&#8230; <br \/><a class=\"readmore\" href=\"https:\/\/honfest.preprod-kalelia.fr\/?page_id=104\"><span class=\"btn_blog_list_arrow\">Lire plus<\/span><\/a><\/p>\n","protected":false},"author":1,"featured_media":0,"parent":0,"menu_order":0,"comment_status":"closed","ping_status":"closed","template":"","meta":{"footnotes":""},"class_list":["post-104","page","type-page","status-publish","hentry"],"yoast_head":"<!-- This site is optimized with the Yoast SEO plugin v25.9 - https:\/\/yoast.com\/wordpress\/plugins\/seo\/ -->\n<title>Livraison | Honor\u00e9 Festif<\/title>\n<meta name=\"description\" content=\"Livraison\" \/>\n<meta name=\"robots\" content=\"index, follow, max-snippet:-1, max-image-preview:large, max-video-preview:-1\" \/>\n<link rel=\"canonical\" href=\"https:\/\/honfest.preprod-kalelia.fr\/?page_id=104\" \/>\n<meta property=\"og:locale\" content=\"fr_FR\" \/>\n<meta property=\"og:type\" content=\"article\" \/>\n<meta property=\"og:title\" content=\"Livraison | Honor\u00e9 Festif\" \/>\n<meta property=\"og:description\" content=\"Livraison\" \/>\n<meta property=\"og:url\" content=\"https:\/\/honfest.preprod-kalelia.fr\/?page_id=104\" \/>\n<meta property=\"og:site_name\" content=\"Honor\u00e9 Festif\" \/>\n<meta property=\"article:modified_time\" content=\"2024-11-06T10:37:22+00:00\" \/>\n<meta name=\"twitter:card\" content=\"summary_large_image\" \/>\n<meta name=\"twitter:label1\" content=\"Dur\u00e9e de lecture estim\u00e9e\" \/>\n\t<meta name=\"twitter:data1\" content=\"2 minutes\" \/>\n<script type=\"application\/ld+json\" class=\"yoast-schema-graph\">{\"@context\":\"https:\/\/schema.org\",\"@graph\":[{\"@type\":\"WebPage\",\"@id\":\"https:\/\/honfest.preprod-kalelia.fr\/?page_id=104\",\"url\":\"https:\/\/honfest.preprod-kalelia.fr\/?page_id=104\",\"name\":\"Livraison | Honor\u00e9 Festif\",\"isPartOf\":{\"@id\":\"https:\/\/honfest.preprod-kalelia.fr\/#website\"},\"datePublished\":\"2020-04-21T15:10:54+00:00\",\"dateModified\":\"2024-11-06T10:37:22+00:00\",\"description\":\"Livraison\",\"breadcrumb\":{\"@id\":\"https:\/\/honfest.preprod-kalelia.fr\/?page_id=104#breadcrumb\"},\"inLanguage\":\"fr-FR\",\"potentialAction\":[{\"@type\":\"ReadAction\",\"target\":[\"https:\/\/honfest.preprod-kalelia.fr\/?page_id=104\"]}]},{\"@type\":\"BreadcrumbList\",\"@id\":\"https:\/\/honfest.preprod-kalelia.fr\/?page_id=104#breadcrumb\",\"itemListElement\":[{\"@type\":\"ListItem\",\"position\":1,\"name\":\"Accueil\",\"item\":\"https:\/\/honfest.preprod-kalelia.fr\/\"},{\"@type\":\"ListItem\",\"position\":2,\"name\":\"Livraison\"}]},{\"@type\":\"WebSite\",\"@id\":\"https:\/\/honfest.preprod-kalelia.fr\/#website\",\"url\":\"https:\/\/honfest.preprod-kalelia.fr\/\",\"name\":\"Honor\u00e9 Festif\",\"description\":\"\",\"publisher\":{\"@id\":\"https:\/\/honfest.preprod-kalelia.fr\/#organization\"},\"potentialAction\":[{\"@type\":\"SearchAction\",\"target\":{\"@type\":\"EntryPoint\",\"urlTemplate\":\"https:\/\/honfest.preprod-kalelia.fr\/?s={search_term_string}\"},\"query-input\":{\"@type\":\"PropertyValueSpecification\",\"valueRequired\":true,\"valueName\":\"search_term_string\"}}],\"inLanguage\":\"fr-FR\"},{\"@type\":\"Organization\",\"@id\":\"https:\/\/honfest.preprod-kalelia.fr\/#organization\",\"name\":\"Honor\u00e9 Festif\",\"url\":\"https:\/\/honfest.preprod-kalelia.fr\/\",\"logo\":{\"@type\":\"ImageObject\",\"inLanguage\":\"fr-FR\",\"@id\":\"https:\/\/honfest.preprod-kalelia.fr\/#\/schema\/logo\/image\/\",\"url\":\"https:\/\/honfest.preprod-kalelia.fr\/wp-content\/uploads\/2020\/10\/logo-honore-festif.png\",\"contentUrl\":\"https:\/\/honfest.preprod-kalelia.fr\/wp-content\/uploads\/2020\/10\/logo-honore-festif.png\",\"width\":198,\"height\":118,\"caption\":\"Honor\u00e9 Festif\"},\"image\":{\"@id\":\"https:\/\/honfest.preprod-kalelia.fr\/#\/schema\/logo\/image\/\"}}]}<\/script>\n<!-- \/ Yoast SEO plugin. -->","yoast_head_json":{"title":"Livraison | Honor\u00e9 Festif","description":"Livraison","robots":{"index":"index","follow":"follow","max-snippet":"max-snippet:-1","max-image-preview":"max-image-preview:large","max-video-preview":"max-video-preview:-1"},"canonical":"https:\/\/honfest.preprod-kalelia.fr\/?page_id=104","og_locale":"fr_FR","og_type":"article","og_title":"Livraison | Honor\u00e9 Festif","og_description":"Livraison","og_url":"https:\/\/honfest.preprod-kalelia.fr\/?page_id=104","og_site_name":"Honor\u00e9 Festif","article_modified_time":"2024-11-06T10:37:22+00:00","twitter_card":"summary_large_image","twitter_misc":{"Dur\u00e9e de lecture estim\u00e9e":"2 minutes"},"schema":{"@context":"https:\/\/schema.org","@graph":[{"@type":"WebPage","@id":"https:\/\/honfest.preprod-kalelia.fr\/?page_id=104","url":"https:\/\/honfest.preprod-kalelia.fr\/?page_id=104","name":"Livraison | Honor\u00e9 Festif","isPartOf":{"@id":"https:\/\/honfest.preprod-kalelia.fr\/#website"},"datePublished":"2020-04-21T15:10:54+00:00","dateModified":"2024-11-06T10:37:22+00:00","description":"Livraison","breadcrumb":{"@id":"https:\/\/honfest.preprod-kalelia.fr\/?page_id=104#breadcrumb"},"inLanguage":"fr-FR","potentialAction":[{"@type":"ReadAction","target":["https:\/\/honfest.preprod-kalelia.fr\/?page_id=104"]}]},{"@type":"BreadcrumbList","@id":"https:\/\/honfest.preprod-kalelia.fr\/?page_id=104#breadcrumb","itemListElement":[{"@type":"ListItem","position":1,"name":"Accueil","item":"https:\/\/honfest.preprod-kalelia.fr\/"},{"@type":"ListItem","position":2,"name":"Livraison"}]},{"@type":"WebSite","@id":"https:\/\/honfest.preprod-kalelia.fr\/#website","url":"https:\/\/honfest.preprod-kalelia.fr\/","name":"Honor\u00e9 Festif","description":"","publisher":{"@id":"https:\/\/honfest.preprod-kalelia.fr\/#organization"},"potentialAction":[{"@type":"SearchAction","target":{"@type":"EntryPoint","urlTemplate":"https:\/\/honfest.preprod-kalelia.fr\/?s={search_term_string}"},"query-input":{"@type":"PropertyValueSpecification","valueRequired":true,"valueName":"search_term_string"}}],"inLanguage":"fr-FR"},{"@type":"Organization","@id":"https:\/\/honfest.preprod-kalelia.fr\/#organization","name":"Honor\u00e9 Festif","url":"https:\/\/honfest.preprod-kalelia.fr\/","logo":{"@type":"ImageObject","inLanguage":"fr-FR","@id":"https:\/\/honfest.preprod-kalelia.fr\/#\/schema\/logo\/image\/","url":"https:\/\/honfest.preprod-kalelia.fr\/wp-content\/uploads\/2020\/10\/logo-honore-festif.png","contentUrl":"https:\/\/honfest.preprod-kalelia.fr\/wp-content\/uploads\/2020\/10\/logo-honore-festif.png","width":198,"height":118,"caption":"Honor\u00e9 Festif"},"image":{"@id":"https:\/\/honfest.preprod-kalelia.fr\/#\/schema\/logo\/image\/"}}]}},"_links":{"self":[{"href":"https:\/\/honfest.preprod-kalelia.fr\/index.php?rest_route=\/wp\/v2\/pages\/104","targetHints":{"allow":["GET"]}}],"collection":[{"href":"https:\/\/honfest.preprod-kalelia.fr\/index.php?rest_route=\/wp\/v2\/pages"}],"about":[{"href":"https:\/\/honfest.preprod-kalelia.fr\/index.php?rest_route=\/wp\/v2\/types\/page"}],"author":[{"embeddable":true,"href":"https:\/\/honfest.preprod-kalelia.fr\/index.php?rest_route=\/wp\/v2\/users\/1"}],"replies":[{"embeddable":true,"href":"https:\/\/honfest.preprod-kalelia.fr\/index.php?rest_route=%2Fwp%2Fv2%2Fcomments&post=104"}],"version-history":[{"count":12,"href":"https:\/\/honfest.preprod-kalelia.fr\/index.php?rest_route=\/wp\/v2\/pages\/104\/revisions"}],"predecessor-version":[{"id":18259,"href":"https:\/\/honfest.preprod-kalelia.fr\/index.php?rest_route=\/wp\/v2\/pages\/104\/revisions\/18259"}],"wp:attachment":[{"href":"https:\/\/honfest.preprod-kalelia.fr\/index.php?rest_route=%2Fwp%2Fv2%2Fmedia&parent=104"}],"curies":[{"name":"wp","href":"https:\/\/api.w.org\/{rel}","templated":true}]}}