{"id":2,"date":"2020-04-02T11:19:05","date_gmt":"2020-04-02T09:19:05","guid":{"rendered":"http:\/\/localhost\/projets\/Wordpress\/HonoreFestif\/?page_id=2"},"modified":"2025-02-20T13:25:44","modified_gmt":"2025-02-20T12:25:44","slug":"qui-sommes-nous","status":"publish","type":"page","link":"https:\/\/honfest.preprod-kalelia.fr\/?page_id=2","title":{"rendered":"Pr\u00e9sentation"},"content":{"rendered":"<h2>Historique<\/h2>\n<p>&nbsp;<\/p>\n<p>Honor\u00e9 Festif a \u00e9t\u00e9 cr\u00e9\u00e9 <img loading=\"lazy\" decoding=\"async\" class=\"size-medium wp-image-140 alignleft\" src=\"https:\/\/honfest.preprod-kalelia.fr\/wp-content\/uploads\/2014\/10\/LES-CHEFS-site-web-traiteur-Nantes-Honore-Festif-225x300.jpg\" alt=\"traiteur Nantes : Honor\u00e9 Festif\" width=\"225\" height=\"300\" srcset=\"https:\/\/honfest.preprod-kalelia.fr\/wp-content\/uploads\/2014\/10\/LES-CHEFS-site-web-traiteur-Nantes-Honore-Festif-225x300.jpg 225w, https:\/\/honfest.preprod-kalelia.fr\/wp-content\/uploads\/2014\/10\/LES-CHEFS-site-web-traiteur-Nantes-Honore-Festif.jpg 627w\" sizes=\"auto, (max-width: 225px) 100vw, 225px\" \/> il y a maintenant 19 ans par B\u00e9reng\u00e8re et Damien Probst.<\/p>\n<p>Apr\u00e8s avoir fait leurs classes dans de\u00a0grands restaurants et traiteurs parisiens (dont Alain Ducasse, Len\u00f4tre, Potel et Chabot) ensemble ils vous concoctent des produits d&rsquo;exception.<\/p>\n<p>Damien d\u00e9bute son parcours culinaire en int\u00e9grant le tr\u00e8s r\u00e9put\u00e9 Lyc\u00e9e H\u00f4telier Alexandre Dumas (Strasbourg), au sein duquel il obtient un BTS Marketing et Gestion H\u00f4teli\u00e8re.<\/p>\n<p>Il rejoint ensuite la prestigieuse Ecole Fran\u00e7aise de Gastronomie FERRANDI \u00e0 Paris, o\u00f9 form\u00e9 par de futurs M. O. F. (Meilleur Ouvrier de France) il perfectionne son sens de l\u2019excellence et sort Major de Promotion 1999 de sa Mention Compl\u00e9mentaire Restaurateur.<\/p>\n<p>C\u2019est \u00e0 la r\u00e9ception donn\u00e9e par l\u2019\u00e9cole FERRANDI en l\u2019honneur des jeunes dipl\u00f4m\u00e9s dont il fait partie qu\u2019il rencontre B\u00e9reng\u00e8re, elle-m\u00eame fraichement re\u00e7ue \u00e0 son examen de Chef P\u00e2tissier-Glacier-Chocolatier-Confiseur. Elle poursuivra son cursus avec une Mention Compl\u00e9mentaire Traiteur Organisateur de R\u00e9ception, dont elle sortira Major de Promotion \u00e9galement en 2001.<\/p>\n<p>Depuis, Damien et B\u00e9reng\u00e8re continuent leur ascension gastronomique main dans la main, et ont occup\u00e9 des postes majeurs comme Responsable Banquets au Concorde Lafayette \u00e0 Paris pour Damien ou Responsable de poste chez Potel &amp; Chabot pendant Roland Garros pour B\u00e9reng\u00e8re.<\/p>\n<p>La passion commune des 2 chefs pour l\u2019ordonnance de mets raffin\u00e9s et le challenge d\u2019aller toujours plus loin, leur fera remporter \u00e9galement plusieurs prix. B\u00e9reng\u00e8re d\u00e9crochera notamment le 1<sup>er<\/sup>\u00a0prix Andr\u00e9e d\u2019Or 2000, le 3<sup>\u00e8me<\/sup>\u00a0prix Jeunes Talents Elle&amp;Vire pendant que Damien Probst, sera prim\u00e9 3<sup>\u00e8me<\/sup>\u00a0du Troph\u00e9e Coq Saint Honor\u00e9 (2000).<\/p>\n<h2>Valeurs<\/h2>\n<h3>Notre culture d\u2019entreprise<\/h3>\n<p>Notre cellule commerciale s\u2019efforce de d\u00e9velopper des concepts susceptibles de r\u00e9pondre au mieux aux demandes \u201c diverses et vari\u00e9es \u201d \u00e9manant des entreprises, agences de communication et d\u2019\u00e9v\u00e9nementiel ou d\u2019institutions.<\/p>\n<p>Son travail est relay\u00e9 par une \u00e9quipe de production et des op\u00e9rations qui associent m\u00e9thodes artisanales et d\u00e9marches d\u2019entrepreneurs permettant aujourd\u2019hui de r\u00e9pondre \u00e0 tous les besoins dans le respect rigoureux de la qualit\u00e9 gustative, logistique, de s\u00e9curit\u00e9 et de service.<\/p>\n<p>Des cuisiniers form\u00e9s pour une alimentation saine et \u00e9quilibr\u00e9e<\/p>\n<p>Nos cuisiniers ont tous suivi une formation intitul\u00e9e \u00ab\u00a0SANTE CUISINE\u00a0\u00bb afin d\u2019acqu\u00e9rir les bases de la cuisine saine pour les appliquer \u00e0 nos gammes de produits.<\/p>\n<p>La mobilit\u00e9 de notre \u00e9quipe commerciale est le moteur de notre motivation et nous accompagnons tous nos clients dans le d\u00e9veloppement de leurs projets.<\/p>\n<p>Nous intervenons pour tout type d\u2019\u00e9v\u00e9nement\u00a0: du congr\u00e8s aux jubil\u00e9s, des conventions d\u2019entreprises aux symposiums m\u00e9dicaux et, sur toute manifestation sportive ou culturelle \u00e0 forte image entra\u00eenant une activit\u00e9 de relations publiques.<\/p>\n<p>Faites-vous guider pour organiser votre prochaine r\u00e9ception gr\u00e2ce \u00e0 l\u2019<a href=\"https:\/\/honfest.preprod-kalelia.fr\/que-choisir-pour-mon-evenement\/\">aide \u00e0 la commande<\/a><\/p>\n<p>Nous servons 105 000 prestations par an pour un CA de 1 500 000 euros.<\/p>\n<h3>Clients<\/h3>\n<p>Ils nous font confiance depuis plusieurs ann\u00e9es, venez d\u00e9couvrir leurs avis sur nos prestations gr\u00e2ce \u00e0 leurs t\u00e9moignages<\/p>\n<p><img loading=\"lazy\" decoding=\"async\" class=\"alignnone size-full wp-image-70\" src=\"https:\/\/honfest.preprod-kalelia.fr\/wp-content\/uploads\/2020\/04\/clients.png\" alt=\"\" width=\"981\" height=\"289\" srcset=\"https:\/\/honfest.preprod-kalelia.fr\/wp-content\/uploads\/2020\/04\/clients.png 981w, https:\/\/honfest.preprod-kalelia.fr\/wp-content\/uploads\/2020\/04\/clients-300x88.png 300w\" sizes=\"auto, (max-width: 981px) 100vw, 981px\" \/><\/p>\n","protected":false},"excerpt":{"rendered":"<p>Historique &nbsp; Honor\u00e9 Festif a \u00e9t\u00e9 cr\u00e9\u00e9 il y a maintenant 19&#8230; <br \/><a class=\"readmore\" href=\"https:\/\/honfest.preprod-kalelia.fr\/?page_id=2\"><span class=\"btn_blog_list_arrow\">Lire plus<\/span><\/a><\/p>\n","protected":false},"author":1,"featured_media":0,"parent":0,"menu_order":0,"comment_status":"closed","ping_status":"open","template":"","meta":{"footnotes":""},"class_list":["post-2","page","type-page","status-publish","hentry"],"yoast_head":"<!-- This site is optimized with the Yoast SEO plugin v25.9 - https:\/\/yoast.com\/wordpress\/plugins\/seo\/ -->\n<title>Honor\u00e9 Festif | Honor\u00e9 Festif<\/title>\n<meta name=\"description\" content=\"Cr\u00e9\u00e9 en 2006 par le chef Damien Probst et sa femme B\u00e9reng\u00e8re organisatrice de r\u00e9ception, Honor\u00e9 Festif est le traiteur de tous vos \u00e9v\u00e9nements dans la r\u00e9gion nantaise\" \/>\n<meta name=\"robots\" content=\"index, follow, max-snippet:-1, max-image-preview:large, max-video-preview:-1\" \/>\n<link rel=\"canonical\" href=\"https:\/\/honfest.preprod-kalelia.fr\/?page_id=2\" \/>\n<meta property=\"og:locale\" content=\"fr_FR\" \/>\n<meta property=\"og:type\" content=\"article\" \/>\n<meta property=\"og:title\" content=\"Honor\u00e9 Festif | Honor\u00e9 Festif\" \/>\n<meta property=\"og:description\" content=\"Cr\u00e9\u00e9 en 2006 par le chef Damien Probst et sa femme B\u00e9reng\u00e8re organisatrice de r\u00e9ception, Honor\u00e9 Festif est le traiteur de tous vos \u00e9v\u00e9nements dans la r\u00e9gion nantaise\" \/>\n<meta property=\"og:url\" content=\"https:\/\/honfest.preprod-kalelia.fr\/?page_id=2\" \/>\n<meta property=\"og:site_name\" content=\"Honor\u00e9 Festif\" \/>\n<meta property=\"article:modified_time\" content=\"2025-02-20T12:25:44+00:00\" \/>\n<meta property=\"og:image\" content=\"https:\/\/honfest.preprod-kalelia.fr\/wp-content\/uploads\/2014\/10\/LES-CHEFS-site-web-traiteur-Nantes-Honore-Festif-225x300.jpg\" \/>\n<meta name=\"twitter:card\" content=\"summary_large_image\" \/>\n<meta name=\"twitter:label1\" content=\"Dur\u00e9e de lecture estim\u00e9e\" \/>\n\t<meta name=\"twitter:data1\" content=\"3 minutes\" \/>\n<script type=\"application\/ld+json\" class=\"yoast-schema-graph\">{\"@context\":\"https:\/\/schema.org\",\"@graph\":[{\"@type\":\"WebPage\",\"@id\":\"https:\/\/honfest.preprod-kalelia.fr\/?page_id=2\",\"url\":\"https:\/\/honfest.preprod-kalelia.fr\/?page_id=2\",\"name\":\"Honor\u00e9 Festif | Honor\u00e9 Festif\",\"isPartOf\":{\"@id\":\"https:\/\/honfest.preprod-kalelia.fr\/#website\"},\"primaryImageOfPage\":{\"@id\":\"https:\/\/honfest.preprod-kalelia.fr\/?page_id=2#primaryimage\"},\"image\":{\"@id\":\"https:\/\/honfest.preprod-kalelia.fr\/?page_id=2#primaryimage\"},\"thumbnailUrl\":\"https:\/\/honfest.preprod-kalelia.fr\/wp-content\/uploads\/2014\/10\/LES-CHEFS-site-web-traiteur-Nantes-Honore-Festif-225x300.jpg\",\"datePublished\":\"2020-04-02T09:19:05+00:00\",\"dateModified\":\"2025-02-20T12:25:44+00:00\",\"description\":\"Cr\u00e9\u00e9 en 2006 par le chef Damien Probst et sa femme B\u00e9reng\u00e8re organisatrice de r\u00e9ception, Honor\u00e9 Festif est le traiteur de tous vos \u00e9v\u00e9nements dans la r\u00e9gion nantaise\",\"breadcrumb\":{\"@id\":\"https:\/\/honfest.preprod-kalelia.fr\/?page_id=2#breadcrumb\"},\"inLanguage\":\"fr-FR\",\"potentialAction\":[{\"@type\":\"ReadAction\",\"target\":[\"https:\/\/honfest.preprod-kalelia.fr\/?page_id=2\"]}]},{\"@type\":\"ImageObject\",\"inLanguage\":\"fr-FR\",\"@id\":\"https:\/\/honfest.preprod-kalelia.fr\/?page_id=2#primaryimage\",\"url\":\"https:\/\/honfest.preprod-kalelia.fr\/wp-content\/uploads\/2014\/10\/LES-CHEFS-site-web-traiteur-Nantes-Honore-Festif.jpg\",\"contentUrl\":\"https:\/\/honfest.preprod-kalelia.fr\/wp-content\/uploads\/2014\/10\/LES-CHEFS-site-web-traiteur-Nantes-Honore-Festif.jpg\",\"width\":627,\"height\":837,\"caption\":\"traiteur Nantes : Honor\u00e9 Festif\"},{\"@type\":\"BreadcrumbList\",\"@id\":\"https:\/\/honfest.preprod-kalelia.fr\/?page_id=2#breadcrumb\",\"itemListElement\":[{\"@type\":\"ListItem\",\"position\":1,\"name\":\"Accueil\",\"item\":\"https:\/\/honfest.preprod-kalelia.fr\/\"},{\"@type\":\"ListItem\",\"position\":2,\"name\":\"Pr\u00e9sentation\"}]},{\"@type\":\"WebSite\",\"@id\":\"https:\/\/honfest.preprod-kalelia.fr\/#website\",\"url\":\"https:\/\/honfest.preprod-kalelia.fr\/\",\"name\":\"Honor\u00e9 Festif\",\"description\":\"\",\"publisher\":{\"@id\":\"https:\/\/honfest.preprod-kalelia.fr\/#organization\"},\"potentialAction\":[{\"@type\":\"SearchAction\",\"target\":{\"@type\":\"EntryPoint\",\"urlTemplate\":\"https:\/\/honfest.preprod-kalelia.fr\/?s={search_term_string}\"},\"query-input\":{\"@type\":\"PropertyValueSpecification\",\"valueRequired\":true,\"valueName\":\"search_term_string\"}}],\"inLanguage\":\"fr-FR\"},{\"@type\":\"Organization\",\"@id\":\"https:\/\/honfest.preprod-kalelia.fr\/#organization\",\"name\":\"Honor\u00e9 Festif\",\"url\":\"https:\/\/honfest.preprod-kalelia.fr\/\",\"logo\":{\"@type\":\"ImageObject\",\"inLanguage\":\"fr-FR\",\"@id\":\"https:\/\/honfest.preprod-kalelia.fr\/#\/schema\/logo\/image\/\",\"url\":\"https:\/\/honfest.preprod-kalelia.fr\/wp-content\/uploads\/2020\/10\/logo-honore-festif.png\",\"contentUrl\":\"https:\/\/honfest.preprod-kalelia.fr\/wp-content\/uploads\/2020\/10\/logo-honore-festif.png\",\"width\":198,\"height\":118,\"caption\":\"Honor\u00e9 Festif\"},\"image\":{\"@id\":\"https:\/\/honfest.preprod-kalelia.fr\/#\/schema\/logo\/image\/\"}}]}<\/script>\n<!-- \/ Yoast SEO plugin. -->","yoast_head_json":{"title":"Honor\u00e9 Festif | Honor\u00e9 Festif","description":"Cr\u00e9\u00e9 en 2006 par le chef Damien Probst et sa femme B\u00e9reng\u00e8re organisatrice de r\u00e9ception, Honor\u00e9 Festif est le traiteur de tous vos \u00e9v\u00e9nements dans la r\u00e9gion nantaise","robots":{"index":"index","follow":"follow","max-snippet":"max-snippet:-1","max-image-preview":"max-image-preview:large","max-video-preview":"max-video-preview:-1"},"canonical":"https:\/\/honfest.preprod-kalelia.fr\/?page_id=2","og_locale":"fr_FR","og_type":"article","og_title":"Honor\u00e9 Festif | Honor\u00e9 Festif","og_description":"Cr\u00e9\u00e9 en 2006 par le chef Damien Probst et sa femme B\u00e9reng\u00e8re organisatrice de r\u00e9ception, Honor\u00e9 Festif est le traiteur de tous vos \u00e9v\u00e9nements dans la r\u00e9gion nantaise","og_url":"https:\/\/honfest.preprod-kalelia.fr\/?page_id=2","og_site_name":"Honor\u00e9 Festif","article_modified_time":"2025-02-20T12:25:44+00:00","og_image":[{"url":"https:\/\/honfest.preprod-kalelia.fr\/wp-content\/uploads\/2014\/10\/LES-CHEFS-site-web-traiteur-Nantes-Honore-Festif-225x300.jpg","type":"","width":"","height":""}],"twitter_card":"summary_large_image","twitter_misc":{"Dur\u00e9e de lecture estim\u00e9e":"3 minutes"},"schema":{"@context":"https:\/\/schema.org","@graph":[{"@type":"WebPage","@id":"https:\/\/honfest.preprod-kalelia.fr\/?page_id=2","url":"https:\/\/honfest.preprod-kalelia.fr\/?page_id=2","name":"Honor\u00e9 Festif | Honor\u00e9 Festif","isPartOf":{"@id":"https:\/\/honfest.preprod-kalelia.fr\/#website"},"primaryImageOfPage":{"@id":"https:\/\/honfest.preprod-kalelia.fr\/?page_id=2#primaryimage"},"image":{"@id":"https:\/\/honfest.preprod-kalelia.fr\/?page_id=2#primaryimage"},"thumbnailUrl":"https:\/\/honfest.preprod-kalelia.fr\/wp-content\/uploads\/2014\/10\/LES-CHEFS-site-web-traiteur-Nantes-Honore-Festif-225x300.jpg","datePublished":"2020-04-02T09:19:05+00:00","dateModified":"2025-02-20T12:25:44+00:00","description":"Cr\u00e9\u00e9 en 2006 par le chef Damien Probst et sa femme B\u00e9reng\u00e8re organisatrice de r\u00e9ception, Honor\u00e9 Festif est le traiteur de tous vos \u00e9v\u00e9nements dans la r\u00e9gion nantaise","breadcrumb":{"@id":"https:\/\/honfest.preprod-kalelia.fr\/?page_id=2#breadcrumb"},"inLanguage":"fr-FR","potentialAction":[{"@type":"ReadAction","target":["https:\/\/honfest.preprod-kalelia.fr\/?page_id=2"]}]},{"@type":"ImageObject","inLanguage":"fr-FR","@id":"https:\/\/honfest.preprod-kalelia.fr\/?page_id=2#primaryimage","url":"https:\/\/honfest.preprod-kalelia.fr\/wp-content\/uploads\/2014\/10\/LES-CHEFS-site-web-traiteur-Nantes-Honore-Festif.jpg","contentUrl":"https:\/\/honfest.preprod-kalelia.fr\/wp-content\/uploads\/2014\/10\/LES-CHEFS-site-web-traiteur-Nantes-Honore-Festif.jpg","width":627,"height":837,"caption":"traiteur Nantes : Honor\u00e9 Festif"},{"@type":"BreadcrumbList","@id":"https:\/\/honfest.preprod-kalelia.fr\/?page_id=2#breadcrumb","itemListElement":[{"@type":"ListItem","position":1,"name":"Accueil","item":"https:\/\/honfest.preprod-kalelia.fr\/"},{"@type":"ListItem","position":2,"name":"Pr\u00e9sentation"}]},{"@type":"WebSite","@id":"https:\/\/honfest.preprod-kalelia.fr\/#website","url":"https:\/\/honfest.preprod-kalelia.fr\/","name":"Honor\u00e9 Festif","description":"","publisher":{"@id":"https:\/\/honfest.preprod-kalelia.fr\/#organization"},"potentialAction":[{"@type":"SearchAction","target":{"@type":"EntryPoint","urlTemplate":"https:\/\/honfest.preprod-kalelia.fr\/?s={search_term_string}"},"query-input":{"@type":"PropertyValueSpecification","valueRequired":true,"valueName":"search_term_string"}}],"inLanguage":"fr-FR"},{"@type":"Organization","@id":"https:\/\/honfest.preprod-kalelia.fr\/#organization","name":"Honor\u00e9 Festif","url":"https:\/\/honfest.preprod-kalelia.fr\/","logo":{"@type":"ImageObject","inLanguage":"fr-FR","@id":"https:\/\/honfest.preprod-kalelia.fr\/#\/schema\/logo\/image\/","url":"https:\/\/honfest.preprod-kalelia.fr\/wp-content\/uploads\/2020\/10\/logo-honore-festif.png","contentUrl":"https:\/\/honfest.preprod-kalelia.fr\/wp-content\/uploads\/2020\/10\/logo-honore-festif.png","width":198,"height":118,"caption":"Honor\u00e9 Festif"},"image":{"@id":"https:\/\/honfest.preprod-kalelia.fr\/#\/schema\/logo\/image\/"}}]}},"_links":{"self":[{"href":"https:\/\/honfest.preprod-kalelia.fr\/index.php?rest_route=\/wp\/v2\/pages\/2","targetHints":{"allow":["GET"]}}],"collection":[{"href":"https:\/\/honfest.preprod-kalelia.fr\/index.php?rest_route=\/wp\/v2\/pages"}],"about":[{"href":"https:\/\/honfest.preprod-kalelia.fr\/index.php?rest_route=\/wp\/v2\/types\/page"}],"author":[{"embeddable":true,"href":"https:\/\/honfest.preprod-kalelia.fr\/index.php?rest_route=\/wp\/v2\/users\/1"}],"replies":[{"embeddable":true,"href":"https:\/\/honfest.preprod-kalelia.fr\/index.php?rest_route=%2Fwp%2Fv2%2Fcomments&post=2"}],"version-history":[{"count":8,"href":"https:\/\/honfest.preprod-kalelia.fr\/index.php?rest_route=\/wp\/v2\/pages\/2\/revisions"}],"predecessor-version":[{"id":19684,"href":"https:\/\/honfest.preprod-kalelia.fr\/index.php?rest_route=\/wp\/v2\/pages\/2\/revisions\/19684"}],"wp:attachment":[{"href":"https:\/\/honfest.preprod-kalelia.fr\/index.php?rest_route=%2Fwp%2Fv2%2Fmedia&parent=2"}],"curies":[{"name":"wp","href":"https:\/\/api.w.org\/{rel}","templated":true}]}}