{"id":3,"date":"2020-04-02T11:19:05","date_gmt":"2020-04-02T09:19:05","guid":{"rendered":"http:\/\/localhost\/projets\/Wordpress\/HonoreFestif\/?page_id=3"},"modified":"2021-02-18T10:53:32","modified_gmt":"2021-02-18T09:53:32","slug":"politique-de-confidentialite","status":"publish","type":"page","link":"https:\/\/honfest.preprod-kalelia.fr\/?page_id=3","title":{"rendered":"Politique de confidentialit\u00e9"},"content":{"rendered":"<p>La pr\u00e9sente politique de confidentialit\u00e9 des donn\u00e9es est destin\u00e9e \u00e0 vous informer en toute transparence sur les donn\u00e9es que nous collectons, de leur destination, de la mani\u00e8re dont nous les utilisons et des droits dont vous disposez concernant le traitement de ces donn\u00e9es.<\/p>\n<h2>Utilisation des donn\u00e9es personnelles collect\u00e9es<\/h2>\n<h3>1. Qui est le responsable du traitement des donn\u00e9es ?<\/h3>\n<p><em>Nom de l\u2019entreprise<\/em><br \/>\n<em>Adresse<\/em><br \/>\n<em>TVA intracommunautaire<\/em><br \/>\nVous pouvez adresser vos demandes et questions sur le RGPD \u00e0 l\u2019adresse mail suivante : <em>email<\/em><\/p>\n<h3>2. Quelles sont les donn\u00e9es collect\u00e9es et dans quel but ?<\/h3>\n<p>Nous collectons vos donn\u00e9es pour r\u00e9pondre \u00e0 des besoins de gestion de la client\u00e8le et de prospection, dans le but d\u2019assurer le d\u00e9veloppement de l\u2019activit\u00e9 de HONORE FESTIF. Mais aussi pour la gestion comptable et marketing.<br \/>\nDonn\u00e9es d\u2019identifications qui sont collect\u00e9es : <em>Entreprise, Nom, Pr\u00e9nom, T\u00e9l\u00e9phone, Mail, Adresse.<\/em><\/p>\n<h3>3. De quelles fa\u00e7ons collectons-nous vos donn\u00e9es ?<\/h3>\n<p>La plupart de vos donn\u00e9es nous sont communiqu\u00e9es directement par les personnes concern\u00e9es. C\u2019est le cas lorsque vous nous transmettez vos donn\u00e9es d\u2019identification pour traiter le suivi de votre dossier (administratif, facturation, support).<br \/>\nL\u2019enregistrement des donn\u00e9es personnelles peut se faire aussi lors du remplissage d\u2019un formulaire sur notre site ou extraite d\u2019autres fichiers.<br \/>\nEn cas de t\u00e9l\u00e9maintenance permettant l\u2019acc\u00e8s \u00e0 distance aux fichiers de nos clients, HONORE FESTIF prend toutes ses dispositions afin de permettre \u00e0 nos clients d\u2019identifier la provenance de chaque intervention ext\u00e9rieure, notamment obtenir l\u2019accord pr\u00e9alable du Responsable de traitement avant chaque op\u00e9ration de t\u00e9l\u00e9maintenance dont elle prendrait l\u2019initiative.<\/p>\n<h3>4. Protection de vos donn\u00e9es<\/h3>\n<p>Nous appliquons une politique de confidentialit\u00e9 stricte, chaque salari\u00e9 est soumis \u00e0 une obligation contractuelle de confidentialit\u00e9. Nos syst\u00e8mes informatiques sont r\u00e9guli\u00e8rement mis \u00e0 jour afin d\u2019emp\u00eacher toute fuite, destruction, perte, divulgation, usage, acc\u00e8s ou modification non autoris\u00e9e de vos donn\u00e9es. HONORE FESTIF s\u2019engage \u00e0 prendre toutes les mesures requises afin de garantir un niveau de s\u00e9curit\u00e9 adapt\u00e9 au risque en tenant compte de la nature du traitement<\/p>\n<h3>5. Pendant combien de temps conservons nous vos donn\u00e9es ?<\/h3>\n<p>Nous conservons vos donn\u00e9es dans l\u2019Union Europ\u00e9enne, le temps n\u00e9cessaire \u00e0 l\u2019accomplissement des objectifs poursuivis et pour une dur\u00e9e de conservation maximale de <em>NOMBRE D\u2019ANN\u00c9E<\/em><\/p>\n<h3>6. Quels sont vos droits et comment les exercer ?<\/h3>\n<p>Vous pouvez \u00e0 tout instant demander de v\u00e9rifier, acc\u00e9der, rectifier, supprimer, transf\u00e9rer et de vous opposer \u00e0 l\u2019utilisation de vos donn\u00e9es, ainsi que demander la limitation de celles-ci. Pour cela, il vous suffit de nous envoyer un email \u00e0 l\u2019adresse suivante : <em>email<\/em> ou nous contacter par courrier \u00e0 l\u2019adresse susmentionn\u00e9e. Nous mettrons alors tout en \u0153uvre pour faire le n\u00e9cessaire dans les meilleurs d\u00e9lais.<\/p>\n<h3>7. Qui a acc\u00e8s \u00e0 vos donn\u00e9es et \u00e0 qui sont-elles communiqu\u00e9es ?<\/h3>\n<p>Nos employ\u00e9s y ont acc\u00e8s dans la mesure du n\u00e9cessaire \u00e0 l\u2019ex\u00e9cution de prestations command\u00e9es ou bien dans l\u2019accomplissement du Support sur les progiciels d\u00e9tenus. Nos sous-traitants et Partenaires, apr\u00e8s accord \u00e9crit de votre part. Chacun d\u2019entre eux est soumis \u00e0 une obligation stricte de confidentialit\u00e9.<\/p>\n<h2>Cookie<\/h2>\n<h3>Statistiques et mesures d\u2019audience<\/h3>\n<p>Cette page d\u2019information est destin\u00e9e \u00e0 informer l\u2019utilisateur du fonctionnement des cookies d\u00e9pos\u00e9s lors de sa navigation sur les sites, quel que soit l\u2019\u00e9quipement (ordinateur, tablette ou mobile).<br \/>\nAtlantis Assurance utilise des cookies afin de r\u00e9aliser des statistiques de visites, enregistrer les donn\u00e9es communiqu\u00e9es, et am\u00e9liorer le parcours de navigation des utilisateurs.<\/p>\n<h3>Qu\u2019est-ce qu\u2019un Cookie ?<\/h3>\n<p>Le terme \u00ab Cookie(s) \u00bb d\u00e9signe l\u2019ensemble des traceurs (pixel tag, bugs, webs storage, \u2026) d\u00e9pos\u00e9s et\/ou lus, par exemple, lors de la consultation d\u2019un site Internet ou d\u2019une publicit\u00e9.<br \/>\nIl s\u2019agit donc d\u2019une information d\u00e9pos\u00e9e sur le disque dur de l\u2019\u00e9quipement de l\u2019utilisateur par le serveur du site ou de l\u2019application visit\u00e9.<\/p>\n<p>Il contient plusieurs donn\u00e9es :<\/p>\n<ul>\n<li>le nom du serveur qui l\u2019a d\u00e9pos\u00e9 ;<\/li>\n<li>un identifiant sous forme de num\u00e9ro unique ;<\/li>\n<li>\u00e9ventuellement une date d\u2019expiration de cookies\u2026<\/li>\n<li>Ces informations sont parfois stock\u00e9es sur l\u2019\u00e9quipement dans un simple fichier texte auquel un serveur acc\u00e8de pour lire et enregistrer des informations.<\/li>\n<\/ul>\n<p>Plusieurs types de Cookies sont pr\u00e9sents sur les Sites. Il s\u2019agit de Cookies ayant les finalit\u00e9s suivantes :<\/p>\n<ul>\n<li>Les Cookies n\u00e9cessaires au fonctionnement des Sites<br \/>\nCes Cookies sont n\u00e9cessaires au bon fonctionnement des Sites et \u00e0 la navigation sur les Sites. Ils permettent \u00e0 l\u2019Utilisateur d\u2019acc\u00e9der aux principales fonctionnalit\u00e9s des Sites.<\/li>\n<li>Les Cookies de mesure d\u2019audience<br \/>\nCes Cookies sont destin\u00e9s \u00e0 \u00e9tablir la volum\u00e9trie et des statistiques de fr\u00e9quentation des Sites, des diff\u00e9rentes rubriques ainsi que l\u2019utilisation des services propos\u00e9s sur chacun d\u2019entre eux.Ces Cookies permettent d\u2019am\u00e9liorer le fonctionnement et l\u2019ergonomie des Sites.<\/li>\n<\/ul>\n","protected":false},"excerpt":{"rendered":"<p>La pr\u00e9sente politique de confidentialit\u00e9 des donn\u00e9es est destin\u00e9e \u00e0 vous informer&#8230; <br \/><a class=\"readmore\" href=\"https:\/\/honfest.preprod-kalelia.fr\/?page_id=3\"><span class=\"btn_blog_list_arrow\">Lire plus<\/span><\/a><\/p>\n","protected":false},"author":1,"featured_media":0,"parent":0,"menu_order":0,"comment_status":"closed","ping_status":"open","template":"","meta":{"footnotes":""},"class_list":["post-3","page","type-page","status-publish","hentry"],"yoast_head":"<!-- This site is optimized with the Yoast SEO plugin v25.9 - https:\/\/yoast.com\/wordpress\/plugins\/seo\/ -->\n<title>Politique de confidentialit\u00e9 | Honor\u00e9 Festif<\/title>\n<meta name=\"robots\" content=\"noindex, follow\" \/>\n<meta property=\"og:locale\" content=\"fr_FR\" \/>\n<meta property=\"og:type\" content=\"article\" \/>\n<meta property=\"og:title\" content=\"Politique de confidentialit\u00e9 | Honor\u00e9 Festif\" \/>\n<meta property=\"og:description\" content=\"La pr\u00e9sente politique de confidentialit\u00e9 des donn\u00e9es est destin\u00e9e \u00e0 vous informer... Lire plus\" \/>\n<meta property=\"og:url\" content=\"https:\/\/honfest.preprod-kalelia.fr\/?page_id=3\" \/>\n<meta property=\"og:site_name\" content=\"Honor\u00e9 Festif\" \/>\n<meta property=\"article:modified_time\" content=\"2021-02-18T09:53:32+00:00\" \/>\n<meta name=\"twitter:card\" content=\"summary_large_image\" \/>\n<meta name=\"twitter:label1\" content=\"Dur\u00e9e de lecture estim\u00e9e\" \/>\n\t<meta name=\"twitter:data1\" content=\"4 minutes\" \/>\n<script type=\"application\/ld+json\" class=\"yoast-schema-graph\">{\"@context\":\"https:\/\/schema.org\",\"@graph\":[{\"@type\":\"WebPage\",\"@id\":\"https:\/\/honfest.preprod-kalelia.fr\/?page_id=3\",\"url\":\"https:\/\/honfest.preprod-kalelia.fr\/?page_id=3\",\"name\":\"Politique de confidentialit\u00e9 | Honor\u00e9 Festif\",\"isPartOf\":{\"@id\":\"https:\/\/honfest.preprod-kalelia.fr\/#website\"},\"datePublished\":\"2020-04-02T09:19:05+00:00\",\"dateModified\":\"2021-02-18T09:53:32+00:00\",\"breadcrumb\":{\"@id\":\"https:\/\/honfest.preprod-kalelia.fr\/?page_id=3#breadcrumb\"},\"inLanguage\":\"fr-FR\",\"potentialAction\":[{\"@type\":\"ReadAction\",\"target\":[\"https:\/\/honfest.preprod-kalelia.fr\/?page_id=3\"]}]},{\"@type\":\"BreadcrumbList\",\"@id\":\"https:\/\/honfest.preprod-kalelia.fr\/?page_id=3#breadcrumb\",\"itemListElement\":[{\"@type\":\"ListItem\",\"position\":1,\"name\":\"Accueil\",\"item\":\"https:\/\/honfest.preprod-kalelia.fr\/\"},{\"@type\":\"ListItem\",\"position\":2,\"name\":\"Politique de confidentialit\u00e9\"}]},{\"@type\":\"WebSite\",\"@id\":\"https:\/\/honfest.preprod-kalelia.fr\/#website\",\"url\":\"https:\/\/honfest.preprod-kalelia.fr\/\",\"name\":\"Honor\u00e9 Festif\",\"description\":\"\",\"publisher\":{\"@id\":\"https:\/\/honfest.preprod-kalelia.fr\/#organization\"},\"potentialAction\":[{\"@type\":\"SearchAction\",\"target\":{\"@type\":\"EntryPoint\",\"urlTemplate\":\"https:\/\/honfest.preprod-kalelia.fr\/?s={search_term_string}\"},\"query-input\":{\"@type\":\"PropertyValueSpecification\",\"valueRequired\":true,\"valueName\":\"search_term_string\"}}],\"inLanguage\":\"fr-FR\"},{\"@type\":\"Organization\",\"@id\":\"https:\/\/honfest.preprod-kalelia.fr\/#organization\",\"name\":\"Honor\u00e9 Festif\",\"url\":\"https:\/\/honfest.preprod-kalelia.fr\/\",\"logo\":{\"@type\":\"ImageObject\",\"inLanguage\":\"fr-FR\",\"@id\":\"https:\/\/honfest.preprod-kalelia.fr\/#\/schema\/logo\/image\/\",\"url\":\"https:\/\/honfest.preprod-kalelia.fr\/wp-content\/uploads\/2020\/10\/logo-honore-festif.png\",\"contentUrl\":\"https:\/\/honfest.preprod-kalelia.fr\/wp-content\/uploads\/2020\/10\/logo-honore-festif.png\",\"width\":198,\"height\":118,\"caption\":\"Honor\u00e9 Festif\"},\"image\":{\"@id\":\"https:\/\/honfest.preprod-kalelia.fr\/#\/schema\/logo\/image\/\"}}]}<\/script>\n<!-- \/ Yoast SEO plugin. -->","yoast_head_json":{"title":"Politique de confidentialit\u00e9 | Honor\u00e9 Festif","robots":{"index":"noindex","follow":"follow"},"og_locale":"fr_FR","og_type":"article","og_title":"Politique de confidentialit\u00e9 | Honor\u00e9 Festif","og_description":"La pr\u00e9sente politique de confidentialit\u00e9 des donn\u00e9es est destin\u00e9e \u00e0 vous informer... Lire plus","og_url":"https:\/\/honfest.preprod-kalelia.fr\/?page_id=3","og_site_name":"Honor\u00e9 Festif","article_modified_time":"2021-02-18T09:53:32+00:00","twitter_card":"summary_large_image","twitter_misc":{"Dur\u00e9e de lecture estim\u00e9e":"4 minutes"},"schema":{"@context":"https:\/\/schema.org","@graph":[{"@type":"WebPage","@id":"https:\/\/honfest.preprod-kalelia.fr\/?page_id=3","url":"https:\/\/honfest.preprod-kalelia.fr\/?page_id=3","name":"Politique de confidentialit\u00e9 | Honor\u00e9 Festif","isPartOf":{"@id":"https:\/\/honfest.preprod-kalelia.fr\/#website"},"datePublished":"2020-04-02T09:19:05+00:00","dateModified":"2021-02-18T09:53:32+00:00","breadcrumb":{"@id":"https:\/\/honfest.preprod-kalelia.fr\/?page_id=3#breadcrumb"},"inLanguage":"fr-FR","potentialAction":[{"@type":"ReadAction","target":["https:\/\/honfest.preprod-kalelia.fr\/?page_id=3"]}]},{"@type":"BreadcrumbList","@id":"https:\/\/honfest.preprod-kalelia.fr\/?page_id=3#breadcrumb","itemListElement":[{"@type":"ListItem","position":1,"name":"Accueil","item":"https:\/\/honfest.preprod-kalelia.fr\/"},{"@type":"ListItem","position":2,"name":"Politique de confidentialit\u00e9"}]},{"@type":"WebSite","@id":"https:\/\/honfest.preprod-kalelia.fr\/#website","url":"https:\/\/honfest.preprod-kalelia.fr\/","name":"Honor\u00e9 Festif","description":"","publisher":{"@id":"https:\/\/honfest.preprod-kalelia.fr\/#organization"},"potentialAction":[{"@type":"SearchAction","target":{"@type":"EntryPoint","urlTemplate":"https:\/\/honfest.preprod-kalelia.fr\/?s={search_term_string}"},"query-input":{"@type":"PropertyValueSpecification","valueRequired":true,"valueName":"search_term_string"}}],"inLanguage":"fr-FR"},{"@type":"Organization","@id":"https:\/\/honfest.preprod-kalelia.fr\/#organization","name":"Honor\u00e9 Festif","url":"https:\/\/honfest.preprod-kalelia.fr\/","logo":{"@type":"ImageObject","inLanguage":"fr-FR","@id":"https:\/\/honfest.preprod-kalelia.fr\/#\/schema\/logo\/image\/","url":"https:\/\/honfest.preprod-kalelia.fr\/wp-content\/uploads\/2020\/10\/logo-honore-festif.png","contentUrl":"https:\/\/honfest.preprod-kalelia.fr\/wp-content\/uploads\/2020\/10\/logo-honore-festif.png","width":198,"height":118,"caption":"Honor\u00e9 Festif"},"image":{"@id":"https:\/\/honfest.preprod-kalelia.fr\/#\/schema\/logo\/image\/"}}]}},"_links":{"self":[{"href":"https:\/\/honfest.preprod-kalelia.fr\/index.php?rest_route=\/wp\/v2\/pages\/3","targetHints":{"allow":["GET"]}}],"collection":[{"href":"https:\/\/honfest.preprod-kalelia.fr\/index.php?rest_route=\/wp\/v2\/pages"}],"about":[{"href":"https:\/\/honfest.preprod-kalelia.fr\/index.php?rest_route=\/wp\/v2\/types\/page"}],"author":[{"embeddable":true,"href":"https:\/\/honfest.preprod-kalelia.fr\/index.php?rest_route=\/wp\/v2\/users\/1"}],"replies":[{"embeddable":true,"href":"https:\/\/honfest.preprod-kalelia.fr\/index.php?rest_route=%2Fwp%2Fv2%2Fcomments&post=3"}],"version-history":[{"count":2,"href":"https:\/\/honfest.preprod-kalelia.fr\/index.php?rest_route=\/wp\/v2\/pages\/3\/revisions"}],"predecessor-version":[{"id":7884,"href":"https:\/\/honfest.preprod-kalelia.fr\/index.php?rest_route=\/wp\/v2\/pages\/3\/revisions\/7884"}],"wp:attachment":[{"href":"https:\/\/honfest.preprod-kalelia.fr\/index.php?rest_route=%2Fwp%2Fv2%2Fmedia&parent=3"}],"curies":[{"name":"wp","href":"https:\/\/api.w.org\/{rel}","templated":true}]}}