{"id":59,"date":"2020-04-16T14:16:21","date_gmt":"2020-04-16T12:16:21","guid":{"rendered":"http:\/\/localhost\/projets\/Wordpress\/HonoreFestif\/?page_id=59"},"modified":"2022-11-08T11:45:11","modified_gmt":"2022-11-08T10:45:11","slug":"contactez-nous","status":"publish","type":"page","link":"https:\/\/honfest.preprod-kalelia.fr\/?page_id=59","title":{"rendered":"Contactez-nous"},"content":{"rendered":"<h2>Vous souhaitez un devis ?<\/h2>\n<p>Utilisez notre outil de <a href=\"https:\/\/honfest.preprod-kalelia.fr\/devis-sur-mesure\/\">demande de devis en ligne<\/a><\/p>\n<h2>Informations de contact<\/h2>\n<p>Adresse : 6 impasse des M\u00e9talliers, 44840 Les Sorini\u00e8res<br \/>\nT\u00e9l. : 02 28 00 06 66<\/p>\n<h2>Formulaire de contact<\/h2>\n\n<div class=\"wpcf7 no-js\" id=\"wpcf7-f62-o1\" lang=\"fr-FR\" dir=\"ltr\" data-wpcf7-id=\"62\">\n<div class=\"screen-reader-response\"><p role=\"status\" aria-live=\"polite\" aria-atomic=\"true\"><\/p> <ul><\/ul><\/div>\n<form action=\"\/index.php?rest_route=%2Fwp%2Fv2%2Fpages%2F59#wpcf7-f62-o1\" method=\"post\" class=\"wpcf7-form init\" aria-label=\"Formulaire de contact\" novalidate=\"novalidate\" data-status=\"init\">\n<fieldset class=\"hidden-fields-container\"><input type=\"hidden\" name=\"_wpcf7\" value=\"62\" \/><input type=\"hidden\" name=\"_wpcf7_version\" value=\"6.1.1\" \/><input type=\"hidden\" name=\"_wpcf7_locale\" value=\"fr_FR\" \/><input type=\"hidden\" name=\"_wpcf7_unit_tag\" value=\"wpcf7-f62-o1\" \/><input type=\"hidden\" name=\"_wpcf7_container_post\" value=\"0\" \/><input type=\"hidden\" name=\"_wpcf7_posted_data_hash\" value=\"\" \/>\n<\/fieldset>\n<span class=\"wpcf7-form-control-wrap\" data-name=\"last-name\"><input size=\"40\" maxlength=\"400\" class=\"wpcf7-form-control wpcf7-text wpcf7-validates-as-required\" aria-required=\"true\" aria-invalid=\"false\" placeholder=\"Nom*\" value=\"\" type=\"text\" name=\"last-name\" \/><\/span><span class=\"wpcf7-form-control-wrap\" data-name=\"first-name\"><input size=\"40\" maxlength=\"400\" class=\"wpcf7-form-control wpcf7-text wpcf7-validates-as-required\" aria-required=\"true\" aria-invalid=\"false\" placeholder=\"Pr\u00e9nom*\" value=\"\" type=\"text\" name=\"first-name\" \/><\/span>\n<span class=\"wpcf7-form-control-wrap\" data-name=\"your-email\"><input size=\"40\" maxlength=\"400\" class=\"wpcf7-form-control wpcf7-email wpcf7-validates-as-required wpcf7-text wpcf7-validates-as-email\" aria-required=\"true\" aria-invalid=\"false\" placeholder=\"Mail*\" value=\"\" type=\"email\" name=\"your-email\" \/><\/span><span class=\"wpcf7-form-control-wrap\" data-name=\"your-tel\"><input size=\"40\" maxlength=\"400\" class=\"wpcf7-form-control wpcf7-tel wpcf7-text wpcf7-validates-as-tel\" aria-invalid=\"false\" placeholder=\"T\u00e9l\u00e9phone\" value=\"\" type=\"tel\" name=\"your-tel\" \/><\/span>\n<span class=\"wpcf7-form-control-wrap\" data-name=\"your-address\"><input size=\"40\" maxlength=\"400\" class=\"wpcf7-form-control wpcf7-text\" aria-invalid=\"false\" placeholder=\"Adresse\" value=\"\" type=\"text\" name=\"your-address\" \/><\/span><span class=\"wpcf7-form-control-wrap\" data-name=\"your-city\"><input size=\"40\" maxlength=\"400\" class=\"wpcf7-form-control wpcf7-text\" aria-invalid=\"false\" placeholder=\"Ville\" value=\"\" type=\"text\" name=\"your-city\" \/><\/span>\n<span class=\"wpcf7-form-control-wrap\" data-name=\"your-message\"><textarea cols=\"40\" rows=\"10\" maxlength=\"2000\" class=\"wpcf7-form-control wpcf7-textarea\" aria-invalid=\"false\" placeholder=\"Message\" name=\"your-message\"><\/textarea><\/span>\n\n\t\t<div class=\"la-sentinelle-container\" style=\"max-height:0;overflow:hidden;\" hidden=\"true\" aria-hidden=\"true\">\n\t\t<input type=\"text\" class=\"la_sentinelle_6f0747fa9ea4b95f81088c8852fe9fd1\" id=\"la_sentinelle_6f0747fa9ea4b95f81088c8852fe9fd1-1\" name=\"la_sentinelle_6f0747fa9ea4b95f81088c8852fe9fd1\" value=\"4e3bda0a40\" style=\"transform: translateY(10000px);\" \/>\n\t\t\n\t\t<input value=\"90\" type=\"text\" name=\"la_sentinelle_ad50ae503735386d5e6a471cc42f3173\" class=\"la_sentinelle_ad50ae503735386d5e6a471cc42f3173\" id=\"la_sentinelle_ad50ae503735386d5e6a471cc42f3173-1\" placeholder=\"\" style=\"transform: translateY(10000px);\" \/>\n\t\t<input value=\"MjE2LjczLjIxNi4xNjQ=\" type=\"text\" name=\"la_sentinelle_fcd41c5e9bdb997855bd311d4862d521\" class=\"la_sentinelle_fcd41c5e9bdb997855bd311d4862d521\" id=\"la_sentinelle_fcd41c5e9bdb997855bd311d4862d521-1\" placeholder=\"\" style=\"transform: translateY(10000px);\" \/>\n\t\n\t\t<input value=\"90\" type=\"text\" name=\"la_sentinelle_81745818d40b777b095941132334d254\" class=\"la_sentinelle_81745818d40b777b095941132334d254\" id=\"la_sentinelle_81745818d40b777b095941132334d254-1\" placeholder=\"\" style=\"transform: translateY(10000px);\" \/>\n\t\t<input value=\"\" type=\"text\" name=\"la_sentinelle_03d46c34b4bfc25260162047c7f14463\" class=\"la_sentinelle_03d46c34b4bfc25260162047c7f14463\" id=\"la_sentinelle_03d46c34b4bfc25260162047c7f14463-1\" placeholder=\"\" style=\"transform: translateY(10000px);\" \/>\n\t\t<input value=\"MjE2LjczLjIxNi4xNjQ=\" type=\"text\" name=\"la_sentinelle_c375928c3660ba7d8ba93a2f793bad93\" class=\"la_sentinelle_c375928c3660ba7d8ba93a2f793bad93\" id=\"la_sentinelle_c375928c3660ba7d8ba93a2f793bad93-1\" placeholder=\"\" style=\"transform: translateY(10000px);\" \/>\n\t\n\t\t<input value=\"90\" type=\"text\" name=\"la_sentinelle_0ff60c8b5eb00fcbfbcd19d645a63d3a\" class=\"la_sentinelle_0ff60c8b5eb00fcbfbcd19d645a63d3a\" id=\"la_sentinelle_0ff60c8b5eb00fcbfbcd19d645a63d3a-1\" placeholder=\"\" style=\"transform: translateY(10000px);\" \/>\n\t\t\n\t\t<input value=\"\" type=\"text\" name=\"la_sentinelle_75554b2d7ae3725963a0c0ebbf05d53a\" class=\"la_sentinelle_75554b2d7ae3725963a0c0ebbf05d53a\" id=\"la_sentinelle_75554b2d7ae3725963a0c0ebbf05d53a-1\" placeholder=\"\" style=\"transform: translateY(10000px);\" \/>\n\t\t\n\t\t\t<input value=\"43749\" type=\"text\" name=\"la_sentinelle_19f33d40736223886a4354830536c474\" class=\"la_sentinelle_19f33d40736223886a4354830536c474\" id=\"la_sentinelle_19f33d40736223886a4354830536c474-1\" placeholder=\"\" style=\"transform: translateY(10000px);\" \/>\n\t\t\t<input value=\"43749\" type=\"text\" name=\"la_sentinelle_4e0b501e1c52f4806cb310d4b73f2f94\" class=\"la_sentinelle_4e0b501e1c52f4806cb310d4b73f2f94\" id=\"la_sentinelle_4e0b501e1c52f4806cb310d4b73f2f94-1\" placeholder=\"\" style=\"transform: translateY(10000px);\" \/>\n\t\t\t\n\t\t<\/div>\n\t\t<div class=\"la-sentinelle-container-nojs-message\">\n\t\t\t<noscript><div class=\"no-js\">Avertissement\u00a0: ce formulaire peut uniquement \u00eatre utilis\u00e9 si JavaScript est activ\u00e9 dans votre navigateur.<\/div><\/noscript>\n\t\t<\/div>\n\t\t\n<input class=\"wpcf7-form-control wpcf7-submit has-spinner\" type=\"submit\" value=\"Envoyer ma demande\" \/><div class=\"wpcf7-response-output\" aria-hidden=\"true\"><\/div>\n<\/form>\n<\/div>\n\n","protected":false},"excerpt":{"rendered":"<p>Vous souhaitez un devis ? Utilisez notre outil de demande de devis&#8230; <br \/><a class=\"readmore\" href=\"https:\/\/honfest.preprod-kalelia.fr\/?page_id=59\"><span class=\"btn_blog_list_arrow\">Lire plus<\/span><\/a><\/p>\n","protected":false},"author":1,"featured_media":0,"parent":0,"menu_order":0,"comment_status":"closed","ping_status":"closed","template":"page-contact.php","meta":{"footnotes":""},"class_list":["post-59","page","type-page","status-publish","hentry"],"yoast_head":"<!-- This site is optimized with the Yoast SEO plugin v25.9 - https:\/\/yoast.com\/wordpress\/plugins\/seo\/ -->\n<title>Nous contacter | Honor\u00e9 Festif<\/title>\n<meta name=\"robots\" content=\"noindex, follow\" \/>\n<meta property=\"og:locale\" content=\"fr_FR\" \/>\n<meta property=\"og:type\" content=\"article\" \/>\n<meta property=\"og:title\" content=\"Nous contacter | Honor\u00e9 Festif\" \/>\n<meta property=\"og:description\" content=\"Vous souhaitez un devis ? Utilisez notre outil de demande de devis... Lire plus\" \/>\n<meta property=\"og:url\" content=\"https:\/\/honfest.preprod-kalelia.fr\/?page_id=59\" \/>\n<meta property=\"og:site_name\" content=\"Honor\u00e9 Festif\" \/>\n<meta property=\"article:modified_time\" content=\"2022-11-08T10:45:11+00:00\" \/>\n<meta name=\"twitter:card\" content=\"summary_large_image\" \/>\n<meta name=\"twitter:label1\" content=\"Dur\u00e9e de lecture estim\u00e9e\" \/>\n\t<meta name=\"twitter:data1\" content=\"1 minute\" \/>\n<script type=\"application\/ld+json\" class=\"yoast-schema-graph\">{\"@context\":\"https:\/\/schema.org\",\"@graph\":[{\"@type\":\"WebPage\",\"@id\":\"https:\/\/honfest.preprod-kalelia.fr\/?page_id=59\",\"url\":\"https:\/\/honfest.preprod-kalelia.fr\/?page_id=59\",\"name\":\"Nous contacter | Honor\u00e9 Festif\",\"isPartOf\":{\"@id\":\"https:\/\/honfest.preprod-kalelia.fr\/#website\"},\"datePublished\":\"2020-04-16T12:16:21+00:00\",\"dateModified\":\"2022-11-08T10:45:11+00:00\",\"breadcrumb\":{\"@id\":\"https:\/\/honfest.preprod-kalelia.fr\/?page_id=59#breadcrumb\"},\"inLanguage\":\"fr-FR\",\"potentialAction\":[{\"@type\":\"ReadAction\",\"target\":[\"https:\/\/honfest.preprod-kalelia.fr\/?page_id=59\"]}]},{\"@type\":\"BreadcrumbList\",\"@id\":\"https:\/\/honfest.preprod-kalelia.fr\/?page_id=59#breadcrumb\",\"itemListElement\":[{\"@type\":\"ListItem\",\"position\":1,\"name\":\"Accueil\",\"item\":\"https:\/\/honfest.preprod-kalelia.fr\/\"},{\"@type\":\"ListItem\",\"position\":2,\"name\":\"Contactez-nous\"}]},{\"@type\":\"WebSite\",\"@id\":\"https:\/\/honfest.preprod-kalelia.fr\/#website\",\"url\":\"https:\/\/honfest.preprod-kalelia.fr\/\",\"name\":\"Honor\u00e9 Festif\",\"description\":\"\",\"publisher\":{\"@id\":\"https:\/\/honfest.preprod-kalelia.fr\/#organization\"},\"potentialAction\":[{\"@type\":\"SearchAction\",\"target\":{\"@type\":\"EntryPoint\",\"urlTemplate\":\"https:\/\/honfest.preprod-kalelia.fr\/?s={search_term_string}\"},\"query-input\":{\"@type\":\"PropertyValueSpecification\",\"valueRequired\":true,\"valueName\":\"search_term_string\"}}],\"inLanguage\":\"fr-FR\"},{\"@type\":\"Organization\",\"@id\":\"https:\/\/honfest.preprod-kalelia.fr\/#organization\",\"name\":\"Honor\u00e9 Festif\",\"url\":\"https:\/\/honfest.preprod-kalelia.fr\/\",\"logo\":{\"@type\":\"ImageObject\",\"inLanguage\":\"fr-FR\",\"@id\":\"https:\/\/honfest.preprod-kalelia.fr\/#\/schema\/logo\/image\/\",\"url\":\"https:\/\/honfest.preprod-kalelia.fr\/wp-content\/uploads\/2020\/10\/logo-honore-festif.png\",\"contentUrl\":\"https:\/\/honfest.preprod-kalelia.fr\/wp-content\/uploads\/2020\/10\/logo-honore-festif.png\",\"width\":198,\"height\":118,\"caption\":\"Honor\u00e9 Festif\"},\"image\":{\"@id\":\"https:\/\/honfest.preprod-kalelia.fr\/#\/schema\/logo\/image\/\"}}]}<\/script>\n<!-- \/ Yoast SEO plugin. -->","yoast_head_json":{"title":"Nous contacter | Honor\u00e9 Festif","robots":{"index":"noindex","follow":"follow"},"og_locale":"fr_FR","og_type":"article","og_title":"Nous contacter | Honor\u00e9 Festif","og_description":"Vous souhaitez un devis ? Utilisez notre outil de demande de devis... Lire plus","og_url":"https:\/\/honfest.preprod-kalelia.fr\/?page_id=59","og_site_name":"Honor\u00e9 Festif","article_modified_time":"2022-11-08T10:45:11+00:00","twitter_card":"summary_large_image","twitter_misc":{"Dur\u00e9e de lecture estim\u00e9e":"1 minute"},"schema":{"@context":"https:\/\/schema.org","@graph":[{"@type":"WebPage","@id":"https:\/\/honfest.preprod-kalelia.fr\/?page_id=59","url":"https:\/\/honfest.preprod-kalelia.fr\/?page_id=59","name":"Nous contacter | Honor\u00e9 Festif","isPartOf":{"@id":"https:\/\/honfest.preprod-kalelia.fr\/#website"},"datePublished":"2020-04-16T12:16:21+00:00","dateModified":"2022-11-08T10:45:11+00:00","breadcrumb":{"@id":"https:\/\/honfest.preprod-kalelia.fr\/?page_id=59#breadcrumb"},"inLanguage":"fr-FR","potentialAction":[{"@type":"ReadAction","target":["https:\/\/honfest.preprod-kalelia.fr\/?page_id=59"]}]},{"@type":"BreadcrumbList","@id":"https:\/\/honfest.preprod-kalelia.fr\/?page_id=59#breadcrumb","itemListElement":[{"@type":"ListItem","position":1,"name":"Accueil","item":"https:\/\/honfest.preprod-kalelia.fr\/"},{"@type":"ListItem","position":2,"name":"Contactez-nous"}]},{"@type":"WebSite","@id":"https:\/\/honfest.preprod-kalelia.fr\/#website","url":"https:\/\/honfest.preprod-kalelia.fr\/","name":"Honor\u00e9 Festif","description":"","publisher":{"@id":"https:\/\/honfest.preprod-kalelia.fr\/#organization"},"potentialAction":[{"@type":"SearchAction","target":{"@type":"EntryPoint","urlTemplate":"https:\/\/honfest.preprod-kalelia.fr\/?s={search_term_string}"},"query-input":{"@type":"PropertyValueSpecification","valueRequired":true,"valueName":"search_term_string"}}],"inLanguage":"fr-FR"},{"@type":"Organization","@id":"https:\/\/honfest.preprod-kalelia.fr\/#organization","name":"Honor\u00e9 Festif","url":"https:\/\/honfest.preprod-kalelia.fr\/","logo":{"@type":"ImageObject","inLanguage":"fr-FR","@id":"https:\/\/honfest.preprod-kalelia.fr\/#\/schema\/logo\/image\/","url":"https:\/\/honfest.preprod-kalelia.fr\/wp-content\/uploads\/2020\/10\/logo-honore-festif.png","contentUrl":"https:\/\/honfest.preprod-kalelia.fr\/wp-content\/uploads\/2020\/10\/logo-honore-festif.png","width":198,"height":118,"caption":"Honor\u00e9 Festif"},"image":{"@id":"https:\/\/honfest.preprod-kalelia.fr\/#\/schema\/logo\/image\/"}}]}},"_links":{"self":[{"href":"https:\/\/honfest.preprod-kalelia.fr\/index.php?rest_route=\/wp\/v2\/pages\/59","targetHints":{"allow":["GET"]}}],"collection":[{"href":"https:\/\/honfest.preprod-kalelia.fr\/index.php?rest_route=\/wp\/v2\/pages"}],"about":[{"href":"https:\/\/honfest.preprod-kalelia.fr\/index.php?rest_route=\/wp\/v2\/types\/page"}],"author":[{"embeddable":true,"href":"https:\/\/honfest.preprod-kalelia.fr\/index.php?rest_route=\/wp\/v2\/users\/1"}],"replies":[{"embeddable":true,"href":"https:\/\/honfest.preprod-kalelia.fr\/index.php?rest_route=%2Fwp%2Fv2%2Fcomments&post=59"}],"version-history":[{"count":6,"href":"https:\/\/honfest.preprod-kalelia.fr\/index.php?rest_route=\/wp\/v2\/pages\/59\/revisions"}],"predecessor-version":[{"id":10418,"href":"https:\/\/honfest.preprod-kalelia.fr\/index.php?rest_route=\/wp\/v2\/pages\/59\/revisions\/10418"}],"wp:attachment":[{"href":"https:\/\/honfest.preprod-kalelia.fr\/index.php?rest_route=%2Fwp%2Fv2%2Fmedia&parent=59"}],"curies":[{"name":"wp","href":"https:\/\/api.w.org\/{rel}","templated":true}]}}