{"id":5969,"date":"2020-04-27T16:01:50","date_gmt":"2020-04-27T14:01:50","guid":{"rendered":"http:\/\/honorefestif.1-ter-net.net\/?page_id=5969"},"modified":"2022-11-08T12:05:25","modified_gmt":"2022-11-08T11:05:25","slug":"repas-de-famille","status":"publish","type":"page","link":"https:\/\/honfest.preprod-kalelia.fr\/?page_id=5969","title":{"rendered":"Repas de famille \u00e0 Nantes"},"content":{"rendered":"<p>Pour profiter de petits plats gourmands \u00e0 l&rsquo;occasion d&rsquo;un diner en famille, faites appel \u00e0 Honor\u00e9 Festif. De l&rsquo;entr\u00e9e au dessert en passant par les <a href=\"https:\/\/honfest.preprod-kalelia.fr\/nos-produits\/buffet\/\">buffets<\/a>, nous nous occupons de tout ! Nous avons concoct\u00e9 pour vous des recettes gourmandes pour vos repas de famille qui sauront convaincre les palais les plus exigeants.<\/p>\n<h2>Cocktail ou buffet<\/h2>\n<p class=\"p1\">Honor\u00e9 Festif a \u00e9labor\u00e9 pour vous des recettes qui seront simples \u00e0 mettre en place, vous n&rsquo;aurez qu&rsquo;\u00e0 r\u00e9chauffer et \u00e0 servir. Avec nos buffets froids et chauds, sucr\u00e9s ou sal\u00e9s, sans oublier nos plateaux de trilogie de saumon et plateaux de fromage, vous trouverez ce qu&rsquo;il vous faut !<\/p>\n","protected":false},"excerpt":{"rendered":"<p>Pour profiter de petits plats gourmands \u00e0 l&rsquo;occasion d&rsquo;un diner en famille,&#8230; <br \/><a class=\"readmore\" href=\"https:\/\/honfest.preprod-kalelia.fr\/?page_id=5969\"><span class=\"btn_blog_list_arrow\">Lire plus<\/span><\/a><\/p>\n","protected":false},"author":1,"featured_media":6214,"parent":0,"menu_order":0,"comment_status":"closed","ping_status":"closed","template":"page-evt.php","meta":{"footnotes":""},"class_list":["post-5969","page","type-page","status-publish","has-post-thumbnail","hentry"],"yoast_head":"<!-- This site is optimized with the Yoast SEO plugin v25.9 - https:\/\/yoast.com\/wordpress\/plugins\/seo\/ -->\n<title>Organiser votre repas de famille \u00e0 Nantes (44) : traiteur \u00e0 domicile | Honor\u00e9 Festif<\/title>\n<meta name=\"description\" content=\"Buffet ou repas assis, notre Chef imagine des menus gastronomiques \u00e0 partir de produit de saison, apportant saveurs et couleurs pour vos repas de famille.\" \/>\n<meta name=\"robots\" content=\"index, follow, max-snippet:-1, max-image-preview:large, max-video-preview:-1\" \/>\n<link rel=\"canonical\" href=\"https:\/\/honfest.preprod-kalelia.fr\/?page_id=5969\" \/>\n<meta property=\"og:locale\" content=\"fr_FR\" \/>\n<meta property=\"og:type\" content=\"article\" \/>\n<meta property=\"og:title\" content=\"Organiser votre repas de famille \u00e0 Nantes (44) : traiteur \u00e0 domicile | Honor\u00e9 Festif\" \/>\n<meta property=\"og:description\" content=\"Buffet ou repas assis, notre Chef imagine des menus gastronomiques \u00e0 partir de produit de saison, apportant saveurs et couleurs pour vos repas de famille.\" \/>\n<meta property=\"og:url\" content=\"https:\/\/honfest.preprod-kalelia.fr\/?page_id=5969\" \/>\n<meta property=\"og:site_name\" content=\"Honor\u00e9 Festif\" \/>\n<meta property=\"article:modified_time\" content=\"2022-11-08T11:05:25+00:00\" \/>\n<meta property=\"og:image\" content=\"https:\/\/honfest.preprod-kalelia.fr\/wp-content\/uploads\/2020\/07\/bd-repas-de-famille.jpg\" \/>\n\t<meta property=\"og:image:width\" content=\"1666\" \/>\n\t<meta property=\"og:image:height\" content=\"474\" \/>\n\t<meta property=\"og:image:type\" content=\"image\/jpeg\" \/>\n<meta name=\"twitter:card\" content=\"summary_large_image\" \/>\n<meta name=\"twitter:label1\" content=\"Dur\u00e9e de lecture estim\u00e9e\" \/>\n\t<meta name=\"twitter:data1\" content=\"1 minute\" \/>\n<script type=\"application\/ld+json\" class=\"yoast-schema-graph\">{\"@context\":\"https:\/\/schema.org\",\"@graph\":[{\"@type\":\"WebPage\",\"@id\":\"https:\/\/honfest.preprod-kalelia.fr\/?page_id=5969\",\"url\":\"https:\/\/honfest.preprod-kalelia.fr\/?page_id=5969\",\"name\":\"Organiser votre repas de famille \u00e0 Nantes (44) : traiteur \u00e0 domicile | Honor\u00e9 Festif\",\"isPartOf\":{\"@id\":\"https:\/\/honfest.preprod-kalelia.fr\/#website\"},\"primaryImageOfPage\":{\"@id\":\"https:\/\/honfest.preprod-kalelia.fr\/?page_id=5969#primaryimage\"},\"image\":{\"@id\":\"https:\/\/honfest.preprod-kalelia.fr\/?page_id=5969#primaryimage\"},\"thumbnailUrl\":\"https:\/\/honfest.preprod-kalelia.fr\/wp-content\/uploads\/2020\/07\/bd-repas-de-famille.jpg\",\"datePublished\":\"2020-04-27T14:01:50+00:00\",\"dateModified\":\"2022-11-08T11:05:25+00:00\",\"description\":\"Buffet ou repas assis, notre Chef imagine des menus gastronomiques \u00e0 partir de produit de saison, apportant saveurs et couleurs pour vos repas de famille.\",\"breadcrumb\":{\"@id\":\"https:\/\/honfest.preprod-kalelia.fr\/?page_id=5969#breadcrumb\"},\"inLanguage\":\"fr-FR\",\"potentialAction\":[{\"@type\":\"ReadAction\",\"target\":[\"https:\/\/honfest.preprod-kalelia.fr\/?page_id=5969\"]}]},{\"@type\":\"ImageObject\",\"inLanguage\":\"fr-FR\",\"@id\":\"https:\/\/honfest.preprod-kalelia.fr\/?page_id=5969#primaryimage\",\"url\":\"https:\/\/honfest.preprod-kalelia.fr\/wp-content\/uploads\/2020\/07\/bd-repas-de-famille.jpg\",\"contentUrl\":\"https:\/\/honfest.preprod-kalelia.fr\/wp-content\/uploads\/2020\/07\/bd-repas-de-famille.jpg\",\"width\":1666,\"height\":474,\"caption\":\"famille savourant un repas traiteur \u00e0 domicile\"},{\"@type\":\"BreadcrumbList\",\"@id\":\"https:\/\/honfest.preprod-kalelia.fr\/?page_id=5969#breadcrumb\",\"itemListElement\":[{\"@type\":\"ListItem\",\"position\":1,\"name\":\"Accueil\",\"item\":\"https:\/\/honfest.preprod-kalelia.fr\/\"},{\"@type\":\"ListItem\",\"position\":2,\"name\":\"Repas de famille \u00e0 Nantes\"}]},{\"@type\":\"WebSite\",\"@id\":\"https:\/\/honfest.preprod-kalelia.fr\/#website\",\"url\":\"https:\/\/honfest.preprod-kalelia.fr\/\",\"name\":\"Honor\u00e9 Festif\",\"description\":\"\",\"publisher\":{\"@id\":\"https:\/\/honfest.preprod-kalelia.fr\/#organization\"},\"potentialAction\":[{\"@type\":\"SearchAction\",\"target\":{\"@type\":\"EntryPoint\",\"urlTemplate\":\"https:\/\/honfest.preprod-kalelia.fr\/?s={search_term_string}\"},\"query-input\":{\"@type\":\"PropertyValueSpecification\",\"valueRequired\":true,\"valueName\":\"search_term_string\"}}],\"inLanguage\":\"fr-FR\"},{\"@type\":\"Organization\",\"@id\":\"https:\/\/honfest.preprod-kalelia.fr\/#organization\",\"name\":\"Honor\u00e9 Festif\",\"url\":\"https:\/\/honfest.preprod-kalelia.fr\/\",\"logo\":{\"@type\":\"ImageObject\",\"inLanguage\":\"fr-FR\",\"@id\":\"https:\/\/honfest.preprod-kalelia.fr\/#\/schema\/logo\/image\/\",\"url\":\"https:\/\/honfest.preprod-kalelia.fr\/wp-content\/uploads\/2020\/10\/logo-honore-festif.png\",\"contentUrl\":\"https:\/\/honfest.preprod-kalelia.fr\/wp-content\/uploads\/2020\/10\/logo-honore-festif.png\",\"width\":198,\"height\":118,\"caption\":\"Honor\u00e9 Festif\"},\"image\":{\"@id\":\"https:\/\/honfest.preprod-kalelia.fr\/#\/schema\/logo\/image\/\"}}]}<\/script>\n<!-- \/ Yoast SEO plugin. -->","yoast_head_json":{"title":"Organiser votre repas de famille \u00e0 Nantes (44) : traiteur \u00e0 domicile | Honor\u00e9 Festif","description":"Buffet ou repas assis, notre Chef imagine des menus gastronomiques \u00e0 partir de produit de saison, apportant saveurs et couleurs pour vos repas de famille.","robots":{"index":"index","follow":"follow","max-snippet":"max-snippet:-1","max-image-preview":"max-image-preview:large","max-video-preview":"max-video-preview:-1"},"canonical":"https:\/\/honfest.preprod-kalelia.fr\/?page_id=5969","og_locale":"fr_FR","og_type":"article","og_title":"Organiser votre repas de famille \u00e0 Nantes (44) : traiteur \u00e0 domicile | Honor\u00e9 Festif","og_description":"Buffet ou repas assis, notre Chef imagine des menus gastronomiques \u00e0 partir de produit de saison, apportant saveurs et couleurs pour vos repas de famille.","og_url":"https:\/\/honfest.preprod-kalelia.fr\/?page_id=5969","og_site_name":"Honor\u00e9 Festif","article_modified_time":"2022-11-08T11:05:25+00:00","og_image":[{"width":1666,"height":474,"url":"https:\/\/honfest.preprod-kalelia.fr\/wp-content\/uploads\/2020\/07\/bd-repas-de-famille.jpg","type":"image\/jpeg"}],"twitter_card":"summary_large_image","twitter_misc":{"Dur\u00e9e de lecture estim\u00e9e":"1 minute"},"schema":{"@context":"https:\/\/schema.org","@graph":[{"@type":"WebPage","@id":"https:\/\/honfest.preprod-kalelia.fr\/?page_id=5969","url":"https:\/\/honfest.preprod-kalelia.fr\/?page_id=5969","name":"Organiser votre repas de famille \u00e0 Nantes (44) : traiteur \u00e0 domicile | Honor\u00e9 Festif","isPartOf":{"@id":"https:\/\/honfest.preprod-kalelia.fr\/#website"},"primaryImageOfPage":{"@id":"https:\/\/honfest.preprod-kalelia.fr\/?page_id=5969#primaryimage"},"image":{"@id":"https:\/\/honfest.preprod-kalelia.fr\/?page_id=5969#primaryimage"},"thumbnailUrl":"https:\/\/honfest.preprod-kalelia.fr\/wp-content\/uploads\/2020\/07\/bd-repas-de-famille.jpg","datePublished":"2020-04-27T14:01:50+00:00","dateModified":"2022-11-08T11:05:25+00:00","description":"Buffet ou repas assis, notre Chef imagine des menus gastronomiques \u00e0 partir de produit de saison, apportant saveurs et couleurs pour vos repas de famille.","breadcrumb":{"@id":"https:\/\/honfest.preprod-kalelia.fr\/?page_id=5969#breadcrumb"},"inLanguage":"fr-FR","potentialAction":[{"@type":"ReadAction","target":["https:\/\/honfest.preprod-kalelia.fr\/?page_id=5969"]}]},{"@type":"ImageObject","inLanguage":"fr-FR","@id":"https:\/\/honfest.preprod-kalelia.fr\/?page_id=5969#primaryimage","url":"https:\/\/honfest.preprod-kalelia.fr\/wp-content\/uploads\/2020\/07\/bd-repas-de-famille.jpg","contentUrl":"https:\/\/honfest.preprod-kalelia.fr\/wp-content\/uploads\/2020\/07\/bd-repas-de-famille.jpg","width":1666,"height":474,"caption":"famille savourant un repas traiteur \u00e0 domicile"},{"@type":"BreadcrumbList","@id":"https:\/\/honfest.preprod-kalelia.fr\/?page_id=5969#breadcrumb","itemListElement":[{"@type":"ListItem","position":1,"name":"Accueil","item":"https:\/\/honfest.preprod-kalelia.fr\/"},{"@type":"ListItem","position":2,"name":"Repas de famille \u00e0 Nantes"}]},{"@type":"WebSite","@id":"https:\/\/honfest.preprod-kalelia.fr\/#website","url":"https:\/\/honfest.preprod-kalelia.fr\/","name":"Honor\u00e9 Festif","description":"","publisher":{"@id":"https:\/\/honfest.preprod-kalelia.fr\/#organization"},"potentialAction":[{"@type":"SearchAction","target":{"@type":"EntryPoint","urlTemplate":"https:\/\/honfest.preprod-kalelia.fr\/?s={search_term_string}"},"query-input":{"@type":"PropertyValueSpecification","valueRequired":true,"valueName":"search_term_string"}}],"inLanguage":"fr-FR"},{"@type":"Organization","@id":"https:\/\/honfest.preprod-kalelia.fr\/#organization","name":"Honor\u00e9 Festif","url":"https:\/\/honfest.preprod-kalelia.fr\/","logo":{"@type":"ImageObject","inLanguage":"fr-FR","@id":"https:\/\/honfest.preprod-kalelia.fr\/#\/schema\/logo\/image\/","url":"https:\/\/honfest.preprod-kalelia.fr\/wp-content\/uploads\/2020\/10\/logo-honore-festif.png","contentUrl":"https:\/\/honfest.preprod-kalelia.fr\/wp-content\/uploads\/2020\/10\/logo-honore-festif.png","width":198,"height":118,"caption":"Honor\u00e9 Festif"},"image":{"@id":"https:\/\/honfest.preprod-kalelia.fr\/#\/schema\/logo\/image\/"}}]}},"_links":{"self":[{"href":"https:\/\/honfest.preprod-kalelia.fr\/index.php?rest_route=\/wp\/v2\/pages\/5969","targetHints":{"allow":["GET"]}}],"collection":[{"href":"https:\/\/honfest.preprod-kalelia.fr\/index.php?rest_route=\/wp\/v2\/pages"}],"about":[{"href":"https:\/\/honfest.preprod-kalelia.fr\/index.php?rest_route=\/wp\/v2\/types\/page"}],"author":[{"embeddable":true,"href":"https:\/\/honfest.preprod-kalelia.fr\/index.php?rest_route=\/wp\/v2\/users\/1"}],"replies":[{"embeddable":true,"href":"https:\/\/honfest.preprod-kalelia.fr\/index.php?rest_route=%2Fwp%2Fv2%2Fcomments&post=5969"}],"version-history":[{"count":15,"href":"https:\/\/honfest.preprod-kalelia.fr\/index.php?rest_route=\/wp\/v2\/pages\/5969\/revisions"}],"predecessor-version":[{"id":10415,"href":"https:\/\/honfest.preprod-kalelia.fr\/index.php?rest_route=\/wp\/v2\/pages\/5969\/revisions\/10415"}],"wp:featuredmedia":[{"embeddable":true,"href":"https:\/\/honfest.preprod-kalelia.fr\/index.php?rest_route=\/wp\/v2\/media\/6214"}],"wp:attachment":[{"href":"https:\/\/honfest.preprod-kalelia.fr\/index.php?rest_route=%2Fwp%2Fv2%2Fmedia&parent=5969"}],"curies":[{"name":"wp","href":"https:\/\/api.w.org\/{rel}","templated":true}]}}