{"id":5975,"date":"2020-04-27T16:10:33","date_gmt":"2020-04-27T14:10:33","guid":{"rendered":"http:\/\/honorefestif.1-ter-net.net\/?page_id=5975"},"modified":"2025-04-04T11:43:47","modified_gmt":"2025-04-04T09:43:47","slug":"organiser-buffet-entreprise","status":"publish","type":"page","link":"https:\/\/honfest.preprod-kalelia.fr\/?page_id=5975","title":{"rendered":"Organiser un d\u00e9jeuner d&rsquo;entreprise \u00e0 Nantes"},"content":{"rendered":"<p>Vous souhaitez <strong>organiser un repas lors d&rsquo;une r\u00e9union professionnelle <\/strong>\u00a0? Partagez un moment en toute d\u00e9contraction avec nos <a href=\"https:\/\/honfest.preprod-kalelia.fr\/produit\/buffet-froid-sur-le-pouce-12-pieces\/\">buffets traiteur froids \u00ab\u00a0sur le pouce\u00a0\u00bb<\/a> <strong>livr\u00e9s<\/strong> <strong>directement dans vos bureaux<\/strong>. Vous avez une occasion \u00e0 f\u00eater, mais vous n\u2019avez pas le temps de vous en occuper ? Pr\u00e9parez votre \u00e9v\u00e8nement en confiant l\u2019organisation de vos cocktails \u00e0 Honor\u00e9 Festif pour la gestion de votre repas professionnel gr\u00e2ce \u00e0 nos formules <a href=\"https:\/\/honfest.preprod-kalelia.fr\/nos-produits\/cocktail\/cocktail-du-chef\/\">cocktail du chef<\/a>. <strong>Sucr\u00e9<\/strong>\u00a0<strong>ou<\/strong>\u00a0<b class=\"fw-heavy\">sal\u00e9<\/b>, nous avons la solution adapt\u00e9e \u00e0 tous vos besoins.<\/p>\n<h2>Livraison de plateaux repas \u00e0 Nantes<\/h2>\n<p>Vous ne voulez plus manger \u00e0 l&rsquo;ext\u00e9rieur ? Il est temps de penser \u00e0 un <a href=\"https:\/\/honfest.preprod-kalelia.fr\/nos-produits\/plateaux-repas\/\">plateau repas<\/a> de qualit\u00e9 ! Honor\u00e9 Festif facilite vos <strong>repas du midi en entreprise<\/strong> gr\u00e2ce \u00e0 nos plateaux repas complets et sains, retrouvez des recettes vari\u00e9es (viande, poisson, veggie..) et des emballages \u00e9cologiques gr\u00e2ce \u00e0 notre plateau repas en <strong>carton \u00e9co-responsable<\/strong> afin de respecter la plan\u00e8te.<\/p>\n","protected":false},"excerpt":{"rendered":"<p>Vous souhaitez organiser un repas lors d&rsquo;une r\u00e9union professionnelle \u00a0? Partagez un&#8230; <br \/><a class=\"readmore\" href=\"https:\/\/honfest.preprod-kalelia.fr\/?page_id=5975\"><span class=\"btn_blog_list_arrow\">Lire plus<\/span><\/a><\/p>\n","protected":false},"author":1,"featured_media":6225,"parent":0,"menu_order":0,"comment_status":"closed","ping_status":"closed","template":"page-evt.php","meta":{"footnotes":""},"class_list":["post-5975","page","type-page","status-publish","has-post-thumbnail","hentry"],"yoast_head":"<!-- This site is optimized with the Yoast SEO plugin v25.9 - https:\/\/yoast.com\/wordpress\/plugins\/seo\/ -->\n<title>Commander un d\u00e9jeuner en entreprise Nantes - Repas livr\u00e9 pour professionnel | Honor\u00e9 Festif<\/title>\n<meta name=\"description\" content=\"Vous voulez r\u00e9unir vos collaborateurs pour discuter d\u2019un projet autour d&#039;un bon repas traiteur ? Profitez de nos plats livr\u00e9s chauds au bureau, comme au restaurant \u00e0 Nantes et en p\u00e9riph\u00e9rie (44)\" \/>\n<meta name=\"robots\" content=\"index, follow, max-snippet:-1, max-image-preview:large, max-video-preview:-1\" \/>\n<link rel=\"canonical\" href=\"https:\/\/honfest.preprod-kalelia.fr\/?page_id=5975\" \/>\n<meta property=\"og:locale\" content=\"fr_FR\" \/>\n<meta property=\"og:type\" content=\"article\" \/>\n<meta property=\"og:title\" content=\"Commander un d\u00e9jeuner en entreprise Nantes - Repas livr\u00e9 pour professionnel | Honor\u00e9 Festif\" \/>\n<meta property=\"og:description\" content=\"Vous voulez r\u00e9unir vos collaborateurs pour discuter d\u2019un projet autour d&#039;un bon repas traiteur ? Profitez de nos plats livr\u00e9s chauds au bureau, comme au restaurant \u00e0 Nantes et en p\u00e9riph\u00e9rie (44)\" \/>\n<meta property=\"og:url\" content=\"https:\/\/honfest.preprod-kalelia.fr\/?page_id=5975\" \/>\n<meta property=\"og:site_name\" content=\"Honor\u00e9 Festif\" \/>\n<meta property=\"article:modified_time\" content=\"2025-04-04T09:43:47+00:00\" \/>\n<meta property=\"og:image\" content=\"https:\/\/honfest.preprod-kalelia.fr\/wp-content\/uploads\/2020\/07\/bd-repas-entreprise.jpg\" \/>\n\t<meta property=\"og:image:width\" content=\"1666\" \/>\n\t<meta property=\"og:image:height\" content=\"474\" \/>\n\t<meta property=\"og:image:type\" content=\"image\/jpeg\" \/>\n<meta name=\"twitter:card\" content=\"summary_large_image\" \/>\n<meta name=\"twitter:label1\" content=\"Dur\u00e9e de lecture estim\u00e9e\" \/>\n\t<meta name=\"twitter:data1\" content=\"1 minute\" \/>\n<script type=\"application\/ld+json\" class=\"yoast-schema-graph\">{\"@context\":\"https:\/\/schema.org\",\"@graph\":[{\"@type\":\"WebPage\",\"@id\":\"https:\/\/honfest.preprod-kalelia.fr\/?page_id=5975\",\"url\":\"https:\/\/honfest.preprod-kalelia.fr\/?page_id=5975\",\"name\":\"Commander un d\u00e9jeuner en entreprise Nantes - Repas livr\u00e9 pour professionnel | Honor\u00e9 Festif\",\"isPartOf\":{\"@id\":\"https:\/\/honfest.preprod-kalelia.fr\/#website\"},\"primaryImageOfPage\":{\"@id\":\"https:\/\/honfest.preprod-kalelia.fr\/?page_id=5975#primaryimage\"},\"image\":{\"@id\":\"https:\/\/honfest.preprod-kalelia.fr\/?page_id=5975#primaryimage\"},\"thumbnailUrl\":\"https:\/\/honfest.preprod-kalelia.fr\/wp-content\/uploads\/2020\/07\/bd-repas-entreprise.jpg\",\"datePublished\":\"2020-04-27T14:10:33+00:00\",\"dateModified\":\"2025-04-04T09:43:47+00:00\",\"description\":\"Vous voulez r\u00e9unir vos collaborateurs pour discuter d\u2019un projet autour d'un bon repas traiteur ? Profitez de nos plats livr\u00e9s chauds au bureau, comme au restaurant \u00e0 Nantes et en p\u00e9riph\u00e9rie (44)\",\"breadcrumb\":{\"@id\":\"https:\/\/honfest.preprod-kalelia.fr\/?page_id=5975#breadcrumb\"},\"inLanguage\":\"fr-FR\",\"potentialAction\":[{\"@type\":\"ReadAction\",\"target\":[\"https:\/\/honfest.preprod-kalelia.fr\/?page_id=5975\"]}]},{\"@type\":\"ImageObject\",\"inLanguage\":\"fr-FR\",\"@id\":\"https:\/\/honfest.preprod-kalelia.fr\/?page_id=5975#primaryimage\",\"url\":\"https:\/\/honfest.preprod-kalelia.fr\/wp-content\/uploads\/2020\/07\/bd-repas-entreprise.jpg\",\"contentUrl\":\"https:\/\/honfest.preprod-kalelia.fr\/wp-content\/uploads\/2020\/07\/bd-repas-entreprise.jpg\",\"width\":1666,\"height\":474,\"caption\":\"d\u00e9jeuner entreprise nantes\"},{\"@type\":\"BreadcrumbList\",\"@id\":\"https:\/\/honfest.preprod-kalelia.fr\/?page_id=5975#breadcrumb\",\"itemListElement\":[{\"@type\":\"ListItem\",\"position\":1,\"name\":\"Accueil\",\"item\":\"https:\/\/honfest.preprod-kalelia.fr\/\"},{\"@type\":\"ListItem\",\"position\":2,\"name\":\"Organiser un d\u00e9jeuner d&rsquo;entreprise \u00e0 Nantes\"}]},{\"@type\":\"WebSite\",\"@id\":\"https:\/\/honfest.preprod-kalelia.fr\/#website\",\"url\":\"https:\/\/honfest.preprod-kalelia.fr\/\",\"name\":\"Honor\u00e9 Festif\",\"description\":\"\",\"publisher\":{\"@id\":\"https:\/\/honfest.preprod-kalelia.fr\/#organization\"},\"potentialAction\":[{\"@type\":\"SearchAction\",\"target\":{\"@type\":\"EntryPoint\",\"urlTemplate\":\"https:\/\/honfest.preprod-kalelia.fr\/?s={search_term_string}\"},\"query-input\":{\"@type\":\"PropertyValueSpecification\",\"valueRequired\":true,\"valueName\":\"search_term_string\"}}],\"inLanguage\":\"fr-FR\"},{\"@type\":\"Organization\",\"@id\":\"https:\/\/honfest.preprod-kalelia.fr\/#organization\",\"name\":\"Honor\u00e9 Festif\",\"url\":\"https:\/\/honfest.preprod-kalelia.fr\/\",\"logo\":{\"@type\":\"ImageObject\",\"inLanguage\":\"fr-FR\",\"@id\":\"https:\/\/honfest.preprod-kalelia.fr\/#\/schema\/logo\/image\/\",\"url\":\"https:\/\/honfest.preprod-kalelia.fr\/wp-content\/uploads\/2020\/10\/logo-honore-festif.png\",\"contentUrl\":\"https:\/\/honfest.preprod-kalelia.fr\/wp-content\/uploads\/2020\/10\/logo-honore-festif.png\",\"width\":198,\"height\":118,\"caption\":\"Honor\u00e9 Festif\"},\"image\":{\"@id\":\"https:\/\/honfest.preprod-kalelia.fr\/#\/schema\/logo\/image\/\"}}]}<\/script>\n<!-- \/ Yoast SEO plugin. -->","yoast_head_json":{"title":"Commander un d\u00e9jeuner en entreprise Nantes - Repas livr\u00e9 pour professionnel | Honor\u00e9 Festif","description":"Vous voulez r\u00e9unir vos collaborateurs pour discuter d\u2019un projet autour d'un bon repas traiteur ? Profitez de nos plats livr\u00e9s chauds au bureau, comme au restaurant \u00e0 Nantes et en p\u00e9riph\u00e9rie (44)","robots":{"index":"index","follow":"follow","max-snippet":"max-snippet:-1","max-image-preview":"max-image-preview:large","max-video-preview":"max-video-preview:-1"},"canonical":"https:\/\/honfest.preprod-kalelia.fr\/?page_id=5975","og_locale":"fr_FR","og_type":"article","og_title":"Commander un d\u00e9jeuner en entreprise Nantes - Repas livr\u00e9 pour professionnel | Honor\u00e9 Festif","og_description":"Vous voulez r\u00e9unir vos collaborateurs pour discuter d\u2019un projet autour d'un bon repas traiteur ? Profitez de nos plats livr\u00e9s chauds au bureau, comme au restaurant \u00e0 Nantes et en p\u00e9riph\u00e9rie (44)","og_url":"https:\/\/honfest.preprod-kalelia.fr\/?page_id=5975","og_site_name":"Honor\u00e9 Festif","article_modified_time":"2025-04-04T09:43:47+00:00","og_image":[{"width":1666,"height":474,"url":"https:\/\/honfest.preprod-kalelia.fr\/wp-content\/uploads\/2020\/07\/bd-repas-entreprise.jpg","type":"image\/jpeg"}],"twitter_card":"summary_large_image","twitter_misc":{"Dur\u00e9e de lecture estim\u00e9e":"1 minute"},"schema":{"@context":"https:\/\/schema.org","@graph":[{"@type":"WebPage","@id":"https:\/\/honfest.preprod-kalelia.fr\/?page_id=5975","url":"https:\/\/honfest.preprod-kalelia.fr\/?page_id=5975","name":"Commander un d\u00e9jeuner en entreprise Nantes - Repas livr\u00e9 pour professionnel | Honor\u00e9 Festif","isPartOf":{"@id":"https:\/\/honfest.preprod-kalelia.fr\/#website"},"primaryImageOfPage":{"@id":"https:\/\/honfest.preprod-kalelia.fr\/?page_id=5975#primaryimage"},"image":{"@id":"https:\/\/honfest.preprod-kalelia.fr\/?page_id=5975#primaryimage"},"thumbnailUrl":"https:\/\/honfest.preprod-kalelia.fr\/wp-content\/uploads\/2020\/07\/bd-repas-entreprise.jpg","datePublished":"2020-04-27T14:10:33+00:00","dateModified":"2025-04-04T09:43:47+00:00","description":"Vous voulez r\u00e9unir vos collaborateurs pour discuter d\u2019un projet autour d'un bon repas traiteur ? Profitez de nos plats livr\u00e9s chauds au bureau, comme au restaurant \u00e0 Nantes et en p\u00e9riph\u00e9rie (44)","breadcrumb":{"@id":"https:\/\/honfest.preprod-kalelia.fr\/?page_id=5975#breadcrumb"},"inLanguage":"fr-FR","potentialAction":[{"@type":"ReadAction","target":["https:\/\/honfest.preprod-kalelia.fr\/?page_id=5975"]}]},{"@type":"ImageObject","inLanguage":"fr-FR","@id":"https:\/\/honfest.preprod-kalelia.fr\/?page_id=5975#primaryimage","url":"https:\/\/honfest.preprod-kalelia.fr\/wp-content\/uploads\/2020\/07\/bd-repas-entreprise.jpg","contentUrl":"https:\/\/honfest.preprod-kalelia.fr\/wp-content\/uploads\/2020\/07\/bd-repas-entreprise.jpg","width":1666,"height":474,"caption":"d\u00e9jeuner entreprise nantes"},{"@type":"BreadcrumbList","@id":"https:\/\/honfest.preprod-kalelia.fr\/?page_id=5975#breadcrumb","itemListElement":[{"@type":"ListItem","position":1,"name":"Accueil","item":"https:\/\/honfest.preprod-kalelia.fr\/"},{"@type":"ListItem","position":2,"name":"Organiser un d\u00e9jeuner d&rsquo;entreprise \u00e0 Nantes"}]},{"@type":"WebSite","@id":"https:\/\/honfest.preprod-kalelia.fr\/#website","url":"https:\/\/honfest.preprod-kalelia.fr\/","name":"Honor\u00e9 Festif","description":"","publisher":{"@id":"https:\/\/honfest.preprod-kalelia.fr\/#organization"},"potentialAction":[{"@type":"SearchAction","target":{"@type":"EntryPoint","urlTemplate":"https:\/\/honfest.preprod-kalelia.fr\/?s={search_term_string}"},"query-input":{"@type":"PropertyValueSpecification","valueRequired":true,"valueName":"search_term_string"}}],"inLanguage":"fr-FR"},{"@type":"Organization","@id":"https:\/\/honfest.preprod-kalelia.fr\/#organization","name":"Honor\u00e9 Festif","url":"https:\/\/honfest.preprod-kalelia.fr\/","logo":{"@type":"ImageObject","inLanguage":"fr-FR","@id":"https:\/\/honfest.preprod-kalelia.fr\/#\/schema\/logo\/image\/","url":"https:\/\/honfest.preprod-kalelia.fr\/wp-content\/uploads\/2020\/10\/logo-honore-festif.png","contentUrl":"https:\/\/honfest.preprod-kalelia.fr\/wp-content\/uploads\/2020\/10\/logo-honore-festif.png","width":198,"height":118,"caption":"Honor\u00e9 Festif"},"image":{"@id":"https:\/\/honfest.preprod-kalelia.fr\/#\/schema\/logo\/image\/"}}]}},"_links":{"self":[{"href":"https:\/\/honfest.preprod-kalelia.fr\/index.php?rest_route=\/wp\/v2\/pages\/5975","targetHints":{"allow":["GET"]}}],"collection":[{"href":"https:\/\/honfest.preprod-kalelia.fr\/index.php?rest_route=\/wp\/v2\/pages"}],"about":[{"href":"https:\/\/honfest.preprod-kalelia.fr\/index.php?rest_route=\/wp\/v2\/types\/page"}],"author":[{"embeddable":true,"href":"https:\/\/honfest.preprod-kalelia.fr\/index.php?rest_route=\/wp\/v2\/users\/1"}],"replies":[{"embeddable":true,"href":"https:\/\/honfest.preprod-kalelia.fr\/index.php?rest_route=%2Fwp%2Fv2%2Fcomments&post=5975"}],"version-history":[{"count":14,"href":"https:\/\/honfest.preprod-kalelia.fr\/index.php?rest_route=\/wp\/v2\/pages\/5975\/revisions"}],"predecessor-version":[{"id":8807,"href":"https:\/\/honfest.preprod-kalelia.fr\/index.php?rest_route=\/wp\/v2\/pages\/5975\/revisions\/8807"}],"wp:featuredmedia":[{"embeddable":true,"href":"https:\/\/honfest.preprod-kalelia.fr\/index.php?rest_route=\/wp\/v2\/media\/6225"}],"wp:attachment":[{"href":"https:\/\/honfest.preprod-kalelia.fr\/index.php?rest_route=%2Fwp%2Fv2%2Fmedia&parent=5975"}],"curies":[{"name":"wp","href":"https:\/\/api.w.org\/{rel}","templated":true}]}}