{"id":5980,"date":"2020-04-27T16:16:02","date_gmt":"2020-04-27T14:16:02","guid":{"rendered":"http:\/\/honorefestif.1-ter-net.net\/?page_id=5980"},"modified":"2023-02-02T16:50:22","modified_gmt":"2023-02-02T15:50:22","slug":"organiser-traiteur-anniversaire","status":"publish","type":"page","link":"https:\/\/honfest.preprod-kalelia.fr\/?page_id=5980","title":{"rendered":"Traiteur anniversaire"},"content":{"rendered":"<p>Vous souhaitez <strong>organiser votre anniversaire<\/strong> ou celui d&rsquo;un de vos proches ? \u00c0 l&rsquo;occasion de votre r\u00e9ception d&rsquo;anniversaire, nous vous proposons des <a href=\"https:\/\/honfest.preprod-kalelia.fr\/nos-produits\/buffet\/\">buffets vari\u00e9s<\/a> et <a href=\"https:\/\/honfest.preprod-kalelia.fr\/nos-produits\/buffet\/buffet-a-composer\/\">sur-mesure<\/a> : <a href=\"https:\/\/honfest.preprod-kalelia.fr\/produit\/buffet-froid-sur-le-pouce-12-pieces\/\">buffet froid sur le pouce<\/a>, <a href=\"https:\/\/honfest.preprod-kalelia.fr\/produit\/buffet-froid-tradition\/\">buffet froid traditionnel<\/a>, <a href=\"https:\/\/honfest.preprod-kalelia.fr\/produit\/buffet-froid-gourmand\/\">buffet froid gourmand<\/a>, g\u00e2teaux, boissons&#8230; pour que votre anniversaire soit une v\u00e9ritable r\u00e9ussite.<\/p>\n<h2>Organisez votre anniversaire avec un traiteur \u00e0 Nantes<\/h2>\n<p>Notre <a href=\"https:\/\/honfest.preprod-kalelia.fr\/que-choisir-pour-mon-evenement\/\">aide \u00e0 la commande<\/a> peut vous aider \u00e0 planifier votre f\u00eate. En famille, entre amis, en petits groupes ou de nombreux invit\u00e9s ? Nous vous proposons des plats et des buffets traiteur de qualit\u00e9 pour r\u00e9pondre \u00e0 tous vos besoins. Du sal\u00e9 au sucr\u00e9, d\u00e9gustez nos produits de haute gastronomie.<\/p>\n","protected":false},"excerpt":{"rendered":"<p>Vous souhaitez organiser votre anniversaire ou celui d&rsquo;un de vos proches ?&#8230; <br \/><a class=\"readmore\" href=\"https:\/\/honfest.preprod-kalelia.fr\/?page_id=5980\"><span class=\"btn_blog_list_arrow\">Lire plus<\/span><\/a><\/p>\n","protected":false},"author":1,"featured_media":6147,"parent":0,"menu_order":0,"comment_status":"closed","ping_status":"closed","template":"page-evt.php","meta":{"footnotes":""},"class_list":["post-5980","page","type-page","status-publish","has-post-thumbnail","hentry"],"yoast_head":"<!-- This site is optimized with the Yoast SEO plugin v25.9 - https:\/\/yoast.com\/wordpress\/plugins\/seo\/ -->\n<title>Traiteur anniversaire Nantes (44) : Buffet &amp; repas anniversaire | Honor\u00e9 Festif<\/title>\n<meta name=\"description\" content=\"Pour l\u2019organisation de votre anniversaire \u00e0 Nantes et en Loire-Atlantique, votre traiteur Honor\u00e9 Festif s\u2019occupe de tout ! Laissez-vous s\u00e9duire par nos buffets ou d\u00e9couvrez notre aide \u00e0 la commande et r\u00e9alisez votre repas d\u2019anniversaire sur-mesure.\" \/>\n<meta name=\"robots\" content=\"index, follow, max-snippet:-1, max-image-preview:large, max-video-preview:-1\" \/>\n<link rel=\"canonical\" href=\"https:\/\/honfest.preprod-kalelia.fr\/?page_id=5980\" \/>\n<meta property=\"og:locale\" content=\"fr_FR\" \/>\n<meta property=\"og:type\" content=\"article\" \/>\n<meta property=\"og:title\" content=\"Traiteur anniversaire Nantes (44) : Buffet &amp; repas anniversaire | Honor\u00e9 Festif\" \/>\n<meta property=\"og:description\" content=\"Pour l\u2019organisation de votre anniversaire \u00e0 Nantes et en Loire-Atlantique, votre traiteur Honor\u00e9 Festif s\u2019occupe de tout ! Laissez-vous s\u00e9duire par nos buffets ou d\u00e9couvrez notre aide \u00e0 la commande et r\u00e9alisez votre repas d\u2019anniversaire sur-mesure.\" \/>\n<meta property=\"og:url\" content=\"https:\/\/honfest.preprod-kalelia.fr\/?page_id=5980\" \/>\n<meta property=\"og:site_name\" content=\"Honor\u00e9 Festif\" \/>\n<meta property=\"article:modified_time\" content=\"2023-02-02T15:50:22+00:00\" \/>\n<meta property=\"og:image\" content=\"https:\/\/honfest.preprod-kalelia.fr\/wp-content\/uploads\/2020\/07\/evenement-anniversaire.jpg\" \/>\n\t<meta property=\"og:image:width\" content=\"1666\" \/>\n\t<meta property=\"og:image:height\" content=\"474\" \/>\n\t<meta property=\"og:image:type\" content=\"image\/jpeg\" \/>\n<meta name=\"twitter:card\" content=\"summary_large_image\" \/>\n<script type=\"application\/ld+json\" class=\"yoast-schema-graph\">{\"@context\":\"https:\/\/schema.org\",\"@graph\":[{\"@type\":\"WebPage\",\"@id\":\"https:\/\/honfest.preprod-kalelia.fr\/?page_id=5980\",\"url\":\"https:\/\/honfest.preprod-kalelia.fr\/?page_id=5980\",\"name\":\"Traiteur anniversaire Nantes (44) : Buffet & repas anniversaire | Honor\u00e9 Festif\",\"isPartOf\":{\"@id\":\"https:\/\/honfest.preprod-kalelia.fr\/#website\"},\"primaryImageOfPage\":{\"@id\":\"https:\/\/honfest.preprod-kalelia.fr\/?page_id=5980#primaryimage\"},\"image\":{\"@id\":\"https:\/\/honfest.preprod-kalelia.fr\/?page_id=5980#primaryimage\"},\"thumbnailUrl\":\"https:\/\/honfest.preprod-kalelia.fr\/wp-content\/uploads\/2020\/07\/evenement-anniversaire.jpg\",\"datePublished\":\"2020-04-27T14:16:02+00:00\",\"dateModified\":\"2023-02-02T15:50:22+00:00\",\"description\":\"Pour l\u2019organisation de votre anniversaire \u00e0 Nantes et en Loire-Atlantique, votre traiteur Honor\u00e9 Festif s\u2019occupe de tout ! Laissez-vous s\u00e9duire par nos buffets ou d\u00e9couvrez notre aide \u00e0 la commande et r\u00e9alisez votre repas d\u2019anniversaire sur-mesure.\",\"breadcrumb\":{\"@id\":\"https:\/\/honfest.preprod-kalelia.fr\/?page_id=5980#breadcrumb\"},\"inLanguage\":\"fr-FR\",\"potentialAction\":[{\"@type\":\"ReadAction\",\"target\":[\"https:\/\/honfest.preprod-kalelia.fr\/?page_id=5980\"]}]},{\"@type\":\"ImageObject\",\"inLanguage\":\"fr-FR\",\"@id\":\"https:\/\/honfest.preprod-kalelia.fr\/?page_id=5980#primaryimage\",\"url\":\"https:\/\/honfest.preprod-kalelia.fr\/wp-content\/uploads\/2020\/07\/evenement-anniversaire.jpg\",\"contentUrl\":\"https:\/\/honfest.preprod-kalelia.fr\/wp-content\/uploads\/2020\/07\/evenement-anniversaire.jpg\",\"width\":1666,\"height\":474,\"caption\":\"traiteur anniversaire\"},{\"@type\":\"BreadcrumbList\",\"@id\":\"https:\/\/honfest.preprod-kalelia.fr\/?page_id=5980#breadcrumb\",\"itemListElement\":[{\"@type\":\"ListItem\",\"position\":1,\"name\":\"Accueil\",\"item\":\"https:\/\/honfest.preprod-kalelia.fr\/\"},{\"@type\":\"ListItem\",\"position\":2,\"name\":\"Traiteur anniversaire\"}]},{\"@type\":\"WebSite\",\"@id\":\"https:\/\/honfest.preprod-kalelia.fr\/#website\",\"url\":\"https:\/\/honfest.preprod-kalelia.fr\/\",\"name\":\"Honor\u00e9 Festif\",\"description\":\"\",\"publisher\":{\"@id\":\"https:\/\/honfest.preprod-kalelia.fr\/#organization\"},\"potentialAction\":[{\"@type\":\"SearchAction\",\"target\":{\"@type\":\"EntryPoint\",\"urlTemplate\":\"https:\/\/honfest.preprod-kalelia.fr\/?s={search_term_string}\"},\"query-input\":{\"@type\":\"PropertyValueSpecification\",\"valueRequired\":true,\"valueName\":\"search_term_string\"}}],\"inLanguage\":\"fr-FR\"},{\"@type\":\"Organization\",\"@id\":\"https:\/\/honfest.preprod-kalelia.fr\/#organization\",\"name\":\"Honor\u00e9 Festif\",\"url\":\"https:\/\/honfest.preprod-kalelia.fr\/\",\"logo\":{\"@type\":\"ImageObject\",\"inLanguage\":\"fr-FR\",\"@id\":\"https:\/\/honfest.preprod-kalelia.fr\/#\/schema\/logo\/image\/\",\"url\":\"https:\/\/honfest.preprod-kalelia.fr\/wp-content\/uploads\/2020\/10\/logo-honore-festif.png\",\"contentUrl\":\"https:\/\/honfest.preprod-kalelia.fr\/wp-content\/uploads\/2020\/10\/logo-honore-festif.png\",\"width\":198,\"height\":118,\"caption\":\"Honor\u00e9 Festif\"},\"image\":{\"@id\":\"https:\/\/honfest.preprod-kalelia.fr\/#\/schema\/logo\/image\/\"}}]}<\/script>\n<!-- \/ Yoast SEO plugin. -->","yoast_head_json":{"title":"Traiteur anniversaire Nantes (44) : Buffet & repas anniversaire | Honor\u00e9 Festif","description":"Pour l\u2019organisation de votre anniversaire \u00e0 Nantes et en Loire-Atlantique, votre traiteur Honor\u00e9 Festif s\u2019occupe de tout ! Laissez-vous s\u00e9duire par nos buffets ou d\u00e9couvrez notre aide \u00e0 la commande et r\u00e9alisez votre repas d\u2019anniversaire sur-mesure.","robots":{"index":"index","follow":"follow","max-snippet":"max-snippet:-1","max-image-preview":"max-image-preview:large","max-video-preview":"max-video-preview:-1"},"canonical":"https:\/\/honfest.preprod-kalelia.fr\/?page_id=5980","og_locale":"fr_FR","og_type":"article","og_title":"Traiteur anniversaire Nantes (44) : Buffet & repas anniversaire | Honor\u00e9 Festif","og_description":"Pour l\u2019organisation de votre anniversaire \u00e0 Nantes et en Loire-Atlantique, votre traiteur Honor\u00e9 Festif s\u2019occupe de tout ! Laissez-vous s\u00e9duire par nos buffets ou d\u00e9couvrez notre aide \u00e0 la commande et r\u00e9alisez votre repas d\u2019anniversaire sur-mesure.","og_url":"https:\/\/honfest.preprod-kalelia.fr\/?page_id=5980","og_site_name":"Honor\u00e9 Festif","article_modified_time":"2023-02-02T15:50:22+00:00","og_image":[{"width":1666,"height":474,"url":"https:\/\/honfest.preprod-kalelia.fr\/wp-content\/uploads\/2020\/07\/evenement-anniversaire.jpg","type":"image\/jpeg"}],"twitter_card":"summary_large_image","schema":{"@context":"https:\/\/schema.org","@graph":[{"@type":"WebPage","@id":"https:\/\/honfest.preprod-kalelia.fr\/?page_id=5980","url":"https:\/\/honfest.preprod-kalelia.fr\/?page_id=5980","name":"Traiteur anniversaire Nantes (44) : Buffet & repas anniversaire | Honor\u00e9 Festif","isPartOf":{"@id":"https:\/\/honfest.preprod-kalelia.fr\/#website"},"primaryImageOfPage":{"@id":"https:\/\/honfest.preprod-kalelia.fr\/?page_id=5980#primaryimage"},"image":{"@id":"https:\/\/honfest.preprod-kalelia.fr\/?page_id=5980#primaryimage"},"thumbnailUrl":"https:\/\/honfest.preprod-kalelia.fr\/wp-content\/uploads\/2020\/07\/evenement-anniversaire.jpg","datePublished":"2020-04-27T14:16:02+00:00","dateModified":"2023-02-02T15:50:22+00:00","description":"Pour l\u2019organisation de votre anniversaire \u00e0 Nantes et en Loire-Atlantique, votre traiteur Honor\u00e9 Festif s\u2019occupe de tout ! Laissez-vous s\u00e9duire par nos buffets ou d\u00e9couvrez notre aide \u00e0 la commande et r\u00e9alisez votre repas d\u2019anniversaire sur-mesure.","breadcrumb":{"@id":"https:\/\/honfest.preprod-kalelia.fr\/?page_id=5980#breadcrumb"},"inLanguage":"fr-FR","potentialAction":[{"@type":"ReadAction","target":["https:\/\/honfest.preprod-kalelia.fr\/?page_id=5980"]}]},{"@type":"ImageObject","inLanguage":"fr-FR","@id":"https:\/\/honfest.preprod-kalelia.fr\/?page_id=5980#primaryimage","url":"https:\/\/honfest.preprod-kalelia.fr\/wp-content\/uploads\/2020\/07\/evenement-anniversaire.jpg","contentUrl":"https:\/\/honfest.preprod-kalelia.fr\/wp-content\/uploads\/2020\/07\/evenement-anniversaire.jpg","width":1666,"height":474,"caption":"traiteur anniversaire"},{"@type":"BreadcrumbList","@id":"https:\/\/honfest.preprod-kalelia.fr\/?page_id=5980#breadcrumb","itemListElement":[{"@type":"ListItem","position":1,"name":"Accueil","item":"https:\/\/honfest.preprod-kalelia.fr\/"},{"@type":"ListItem","position":2,"name":"Traiteur anniversaire"}]},{"@type":"WebSite","@id":"https:\/\/honfest.preprod-kalelia.fr\/#website","url":"https:\/\/honfest.preprod-kalelia.fr\/","name":"Honor\u00e9 Festif","description":"","publisher":{"@id":"https:\/\/honfest.preprod-kalelia.fr\/#organization"},"potentialAction":[{"@type":"SearchAction","target":{"@type":"EntryPoint","urlTemplate":"https:\/\/honfest.preprod-kalelia.fr\/?s={search_term_string}"},"query-input":{"@type":"PropertyValueSpecification","valueRequired":true,"valueName":"search_term_string"}}],"inLanguage":"fr-FR"},{"@type":"Organization","@id":"https:\/\/honfest.preprod-kalelia.fr\/#organization","name":"Honor\u00e9 Festif","url":"https:\/\/honfest.preprod-kalelia.fr\/","logo":{"@type":"ImageObject","inLanguage":"fr-FR","@id":"https:\/\/honfest.preprod-kalelia.fr\/#\/schema\/logo\/image\/","url":"https:\/\/honfest.preprod-kalelia.fr\/wp-content\/uploads\/2020\/10\/logo-honore-festif.png","contentUrl":"https:\/\/honfest.preprod-kalelia.fr\/wp-content\/uploads\/2020\/10\/logo-honore-festif.png","width":198,"height":118,"caption":"Honor\u00e9 Festif"},"image":{"@id":"https:\/\/honfest.preprod-kalelia.fr\/#\/schema\/logo\/image\/"}}]}},"_links":{"self":[{"href":"https:\/\/honfest.preprod-kalelia.fr\/index.php?rest_route=\/wp\/v2\/pages\/5980","targetHints":{"allow":["GET"]}}],"collection":[{"href":"https:\/\/honfest.preprod-kalelia.fr\/index.php?rest_route=\/wp\/v2\/pages"}],"about":[{"href":"https:\/\/honfest.preprod-kalelia.fr\/index.php?rest_route=\/wp\/v2\/types\/page"}],"author":[{"embeddable":true,"href":"https:\/\/honfest.preprod-kalelia.fr\/index.php?rest_route=\/wp\/v2\/users\/1"}],"replies":[{"embeddable":true,"href":"https:\/\/honfest.preprod-kalelia.fr\/index.php?rest_route=%2Fwp%2Fv2%2Fcomments&post=5980"}],"version-history":[{"count":21,"href":"https:\/\/honfest.preprod-kalelia.fr\/index.php?rest_route=\/wp\/v2\/pages\/5980\/revisions"}],"predecessor-version":[{"id":11258,"href":"https:\/\/honfest.preprod-kalelia.fr\/index.php?rest_route=\/wp\/v2\/pages\/5980\/revisions\/11258"}],"wp:featuredmedia":[{"embeddable":true,"href":"https:\/\/honfest.preprod-kalelia.fr\/index.php?rest_route=\/wp\/v2\/media\/6147"}],"wp:attachment":[{"href":"https:\/\/honfest.preprod-kalelia.fr\/index.php?rest_route=%2Fwp%2Fv2%2Fmedia&parent=5980"}],"curies":[{"name":"wp","href":"https:\/\/api.w.org\/{rel}","templated":true}]}}