{"id":5984,"date":"2020-04-27T16:21:40","date_gmt":"2020-04-27T14:21:40","guid":{"rendered":"http:\/\/honorefestif.1-ter-net.net\/?page_id=5984"},"modified":"2022-11-08T12:04:57","modified_gmt":"2022-11-08T11:04:57","slug":"communion","status":"publish","type":"page","link":"https:\/\/honfest.preprod-kalelia.fr\/?page_id=5984","title":{"rendered":"Traiteur pour communion"},"content":{"rendered":"<p>Vous souhaitez <strong>organiser la r\u00e9ception de vos proches \u00e0 l&rsquo;occasion d&rsquo;une communion<\/strong> ? Honor\u00e9 Festif vous propose de vous accompagner dans la r\u00e9alisation de votre repas de f\u00eate \u00e0 Nantes.<\/p>\n<p>En ext\u00e9rieur, ou en int\u00e9rieur ? <strong>Buffet, ou repas assis<\/strong> ? \u00c0 vous de choisir le type de repas de communion qui ravira vos convives ! Si vous \u00eates nombreux, optez pour un <strong>buffet \u00e0 composer<\/strong> en installant des tables et de nombreuses chaises pour \u00e9viter la fatigue des convives ! Le <a href=\"https:\/\/honfest.preprod-kalelia.fr\/nos-produits\/buffet\/buffet-a-composer\/\">buffet sur-mesure<\/a> est la meilleure solution dans ce cas-l\u00e0 ! Entre buffet froid, buffet chaud, sucr\u00e9 ou sal\u00e9, composez votre repas original et raffin\u00e9.<\/p>\n<p>Si le nombre d\u2019invit\u00e9s est raisonnable, optez pour le<strong> repas assis<\/strong> qui conviendra \u00e0 tous. Le <a href=\"https:\/\/honfest.preprod-kalelia.fr\/produit\/buffet-froid-sur-le-pouce-12-pieces\/\">buffet froid sur le pouce<\/a> ou <a href=\"https:\/\/honfest.preprod-kalelia.fr\/produit\/buffet-froid-gourmand\/\">gourmand<\/a> sont tr\u00e8s appr\u00e9ci\u00e9s dans ce genre de situation.<\/p>\n","protected":false},"excerpt":{"rendered":"<p>Vous souhaitez organiser la r\u00e9ception de vos proches \u00e0 l&rsquo;occasion d&rsquo;une communion&#8230; <br \/><a class=\"readmore\" href=\"https:\/\/honfest.preprod-kalelia.fr\/?page_id=5984\"><span class=\"btn_blog_list_arrow\">Lire plus<\/span><\/a><\/p>\n","protected":false},"author":1,"featured_media":6162,"parent":0,"menu_order":0,"comment_status":"closed","ping_status":"closed","template":"page-evt.php","meta":{"footnotes":""},"class_list":["post-5984","page","type-page","status-publish","has-post-thumbnail","hentry"],"yoast_head":"<!-- This site is optimized with the Yoast SEO plugin v25.9 - https:\/\/yoast.com\/wordpress\/plugins\/seo\/ -->\n<title>Traiteur communion Nantes (44) : organiser son repas de communion | Honor\u00e9 Festif<\/title>\n<meta name=\"description\" content=\"Confiez-nous l&#039;organisation et la pr\u00e9paration de votre communion. Buffet ou repas assis, notre Chef imagine des menus gastronomiques \u00e0 partir de produits frais et de saison, apportant saveurs et couleurs.\" \/>\n<meta name=\"robots\" content=\"index, follow, max-snippet:-1, max-image-preview:large, max-video-preview:-1\" \/>\n<link rel=\"canonical\" href=\"https:\/\/honfest.preprod-kalelia.fr\/?page_id=5984\" \/>\n<meta property=\"og:locale\" content=\"fr_FR\" \/>\n<meta property=\"og:type\" content=\"article\" \/>\n<meta property=\"og:title\" content=\"Traiteur communion Nantes (44) : organiser son repas de communion | Honor\u00e9 Festif\" \/>\n<meta property=\"og:description\" content=\"Confiez-nous l&#039;organisation et la pr\u00e9paration de votre communion. Buffet ou repas assis, notre Chef imagine des menus gastronomiques \u00e0 partir de produits frais et de saison, apportant saveurs et couleurs.\" \/>\n<meta property=\"og:url\" content=\"https:\/\/honfest.preprod-kalelia.fr\/?page_id=5984\" \/>\n<meta property=\"og:site_name\" content=\"Honor\u00e9 Festif\" \/>\n<meta property=\"article:modified_time\" content=\"2022-11-08T11:04:57+00:00\" \/>\n<meta property=\"og:image\" content=\"https:\/\/honfest.preprod-kalelia.fr\/wp-content\/uploads\/2020\/07\/bd-communion.jpg\" \/>\n\t<meta property=\"og:image:width\" content=\"1666\" \/>\n\t<meta property=\"og:image:height\" content=\"474\" \/>\n\t<meta property=\"og:image:type\" content=\"image\/jpeg\" \/>\n<meta name=\"twitter:card\" content=\"summary_large_image\" \/>\n<meta name=\"twitter:label1\" content=\"Dur\u00e9e de lecture estim\u00e9e\" \/>\n\t<meta name=\"twitter:data1\" content=\"1 minute\" \/>\n<script type=\"application\/ld+json\" class=\"yoast-schema-graph\">{\"@context\":\"https:\/\/schema.org\",\"@graph\":[{\"@type\":\"WebPage\",\"@id\":\"https:\/\/honfest.preprod-kalelia.fr\/?page_id=5984\",\"url\":\"https:\/\/honfest.preprod-kalelia.fr\/?page_id=5984\",\"name\":\"Traiteur communion Nantes (44) : organiser son repas de communion | Honor\u00e9 Festif\",\"isPartOf\":{\"@id\":\"https:\/\/honfest.preprod-kalelia.fr\/#website\"},\"primaryImageOfPage\":{\"@id\":\"https:\/\/honfest.preprod-kalelia.fr\/?page_id=5984#primaryimage\"},\"image\":{\"@id\":\"https:\/\/honfest.preprod-kalelia.fr\/?page_id=5984#primaryimage\"},\"thumbnailUrl\":\"https:\/\/honfest.preprod-kalelia.fr\/wp-content\/uploads\/2020\/07\/bd-communion.jpg\",\"datePublished\":\"2020-04-27T14:21:40+00:00\",\"dateModified\":\"2022-11-08T11:04:57+00:00\",\"description\":\"Confiez-nous l'organisation et la pr\u00e9paration de votre communion. Buffet ou repas assis, notre Chef imagine des menus gastronomiques \u00e0 partir de produits frais et de saison, apportant saveurs et couleurs.\",\"breadcrumb\":{\"@id\":\"https:\/\/honfest.preprod-kalelia.fr\/?page_id=5984#breadcrumb\"},\"inLanguage\":\"fr-FR\",\"potentialAction\":[{\"@type\":\"ReadAction\",\"target\":[\"https:\/\/honfest.preprod-kalelia.fr\/?page_id=5984\"]}]},{\"@type\":\"ImageObject\",\"inLanguage\":\"fr-FR\",\"@id\":\"https:\/\/honfest.preprod-kalelia.fr\/?page_id=5984#primaryimage\",\"url\":\"https:\/\/honfest.preprod-kalelia.fr\/wp-content\/uploads\/2020\/07\/bd-communion.jpg\",\"contentUrl\":\"https:\/\/honfest.preprod-kalelia.fr\/wp-content\/uploads\/2020\/07\/bd-communion.jpg\",\"width\":1666,\"height\":474,\"caption\":\"petite fille et gar\u00e7on \u00e0 une communion traiteur\"},{\"@type\":\"BreadcrumbList\",\"@id\":\"https:\/\/honfest.preprod-kalelia.fr\/?page_id=5984#breadcrumb\",\"itemListElement\":[{\"@type\":\"ListItem\",\"position\":1,\"name\":\"Accueil\",\"item\":\"https:\/\/honfest.preprod-kalelia.fr\/\"},{\"@type\":\"ListItem\",\"position\":2,\"name\":\"Traiteur pour communion\"}]},{\"@type\":\"WebSite\",\"@id\":\"https:\/\/honfest.preprod-kalelia.fr\/#website\",\"url\":\"https:\/\/honfest.preprod-kalelia.fr\/\",\"name\":\"Honor\u00e9 Festif\",\"description\":\"\",\"publisher\":{\"@id\":\"https:\/\/honfest.preprod-kalelia.fr\/#organization\"},\"potentialAction\":[{\"@type\":\"SearchAction\",\"target\":{\"@type\":\"EntryPoint\",\"urlTemplate\":\"https:\/\/honfest.preprod-kalelia.fr\/?s={search_term_string}\"},\"query-input\":{\"@type\":\"PropertyValueSpecification\",\"valueRequired\":true,\"valueName\":\"search_term_string\"}}],\"inLanguage\":\"fr-FR\"},{\"@type\":\"Organization\",\"@id\":\"https:\/\/honfest.preprod-kalelia.fr\/#organization\",\"name\":\"Honor\u00e9 Festif\",\"url\":\"https:\/\/honfest.preprod-kalelia.fr\/\",\"logo\":{\"@type\":\"ImageObject\",\"inLanguage\":\"fr-FR\",\"@id\":\"https:\/\/honfest.preprod-kalelia.fr\/#\/schema\/logo\/image\/\",\"url\":\"https:\/\/honfest.preprod-kalelia.fr\/wp-content\/uploads\/2020\/10\/logo-honore-festif.png\",\"contentUrl\":\"https:\/\/honfest.preprod-kalelia.fr\/wp-content\/uploads\/2020\/10\/logo-honore-festif.png\",\"width\":198,\"height\":118,\"caption\":\"Honor\u00e9 Festif\"},\"image\":{\"@id\":\"https:\/\/honfest.preprod-kalelia.fr\/#\/schema\/logo\/image\/\"}}]}<\/script>\n<!-- \/ Yoast SEO plugin. -->","yoast_head_json":{"title":"Traiteur communion Nantes (44) : organiser son repas de communion | Honor\u00e9 Festif","description":"Confiez-nous l'organisation et la pr\u00e9paration de votre communion. Buffet ou repas assis, notre Chef imagine des menus gastronomiques \u00e0 partir de produits frais et de saison, apportant saveurs et couleurs.","robots":{"index":"index","follow":"follow","max-snippet":"max-snippet:-1","max-image-preview":"max-image-preview:large","max-video-preview":"max-video-preview:-1"},"canonical":"https:\/\/honfest.preprod-kalelia.fr\/?page_id=5984","og_locale":"fr_FR","og_type":"article","og_title":"Traiteur communion Nantes (44) : organiser son repas de communion | Honor\u00e9 Festif","og_description":"Confiez-nous l'organisation et la pr\u00e9paration de votre communion. Buffet ou repas assis, notre Chef imagine des menus gastronomiques \u00e0 partir de produits frais et de saison, apportant saveurs et couleurs.","og_url":"https:\/\/honfest.preprod-kalelia.fr\/?page_id=5984","og_site_name":"Honor\u00e9 Festif","article_modified_time":"2022-11-08T11:04:57+00:00","og_image":[{"width":1666,"height":474,"url":"https:\/\/honfest.preprod-kalelia.fr\/wp-content\/uploads\/2020\/07\/bd-communion.jpg","type":"image\/jpeg"}],"twitter_card":"summary_large_image","twitter_misc":{"Dur\u00e9e de lecture estim\u00e9e":"1 minute"},"schema":{"@context":"https:\/\/schema.org","@graph":[{"@type":"WebPage","@id":"https:\/\/honfest.preprod-kalelia.fr\/?page_id=5984","url":"https:\/\/honfest.preprod-kalelia.fr\/?page_id=5984","name":"Traiteur communion Nantes (44) : organiser son repas de communion | Honor\u00e9 Festif","isPartOf":{"@id":"https:\/\/honfest.preprod-kalelia.fr\/#website"},"primaryImageOfPage":{"@id":"https:\/\/honfest.preprod-kalelia.fr\/?page_id=5984#primaryimage"},"image":{"@id":"https:\/\/honfest.preprod-kalelia.fr\/?page_id=5984#primaryimage"},"thumbnailUrl":"https:\/\/honfest.preprod-kalelia.fr\/wp-content\/uploads\/2020\/07\/bd-communion.jpg","datePublished":"2020-04-27T14:21:40+00:00","dateModified":"2022-11-08T11:04:57+00:00","description":"Confiez-nous l'organisation et la pr\u00e9paration de votre communion. Buffet ou repas assis, notre Chef imagine des menus gastronomiques \u00e0 partir de produits frais et de saison, apportant saveurs et couleurs.","breadcrumb":{"@id":"https:\/\/honfest.preprod-kalelia.fr\/?page_id=5984#breadcrumb"},"inLanguage":"fr-FR","potentialAction":[{"@type":"ReadAction","target":["https:\/\/honfest.preprod-kalelia.fr\/?page_id=5984"]}]},{"@type":"ImageObject","inLanguage":"fr-FR","@id":"https:\/\/honfest.preprod-kalelia.fr\/?page_id=5984#primaryimage","url":"https:\/\/honfest.preprod-kalelia.fr\/wp-content\/uploads\/2020\/07\/bd-communion.jpg","contentUrl":"https:\/\/honfest.preprod-kalelia.fr\/wp-content\/uploads\/2020\/07\/bd-communion.jpg","width":1666,"height":474,"caption":"petite fille et gar\u00e7on \u00e0 une communion traiteur"},{"@type":"BreadcrumbList","@id":"https:\/\/honfest.preprod-kalelia.fr\/?page_id=5984#breadcrumb","itemListElement":[{"@type":"ListItem","position":1,"name":"Accueil","item":"https:\/\/honfest.preprod-kalelia.fr\/"},{"@type":"ListItem","position":2,"name":"Traiteur pour communion"}]},{"@type":"WebSite","@id":"https:\/\/honfest.preprod-kalelia.fr\/#website","url":"https:\/\/honfest.preprod-kalelia.fr\/","name":"Honor\u00e9 Festif","description":"","publisher":{"@id":"https:\/\/honfest.preprod-kalelia.fr\/#organization"},"potentialAction":[{"@type":"SearchAction","target":{"@type":"EntryPoint","urlTemplate":"https:\/\/honfest.preprod-kalelia.fr\/?s={search_term_string}"},"query-input":{"@type":"PropertyValueSpecification","valueRequired":true,"valueName":"search_term_string"}}],"inLanguage":"fr-FR"},{"@type":"Organization","@id":"https:\/\/honfest.preprod-kalelia.fr\/#organization","name":"Honor\u00e9 Festif","url":"https:\/\/honfest.preprod-kalelia.fr\/","logo":{"@type":"ImageObject","inLanguage":"fr-FR","@id":"https:\/\/honfest.preprod-kalelia.fr\/#\/schema\/logo\/image\/","url":"https:\/\/honfest.preprod-kalelia.fr\/wp-content\/uploads\/2020\/10\/logo-honore-festif.png","contentUrl":"https:\/\/honfest.preprod-kalelia.fr\/wp-content\/uploads\/2020\/10\/logo-honore-festif.png","width":198,"height":118,"caption":"Honor\u00e9 Festif"},"image":{"@id":"https:\/\/honfest.preprod-kalelia.fr\/#\/schema\/logo\/image\/"}}]}},"_links":{"self":[{"href":"https:\/\/honfest.preprod-kalelia.fr\/index.php?rest_route=\/wp\/v2\/pages\/5984","targetHints":{"allow":["GET"]}}],"collection":[{"href":"https:\/\/honfest.preprod-kalelia.fr\/index.php?rest_route=\/wp\/v2\/pages"}],"about":[{"href":"https:\/\/honfest.preprod-kalelia.fr\/index.php?rest_route=\/wp\/v2\/types\/page"}],"author":[{"embeddable":true,"href":"https:\/\/honfest.preprod-kalelia.fr\/index.php?rest_route=\/wp\/v2\/users\/1"}],"replies":[{"embeddable":true,"href":"https:\/\/honfest.preprod-kalelia.fr\/index.php?rest_route=%2Fwp%2Fv2%2Fcomments&post=5984"}],"version-history":[{"count":17,"href":"https:\/\/honfest.preprod-kalelia.fr\/index.php?rest_route=\/wp\/v2\/pages\/5984\/revisions"}],"predecessor-version":[{"id":10407,"href":"https:\/\/honfest.preprod-kalelia.fr\/index.php?rest_route=\/wp\/v2\/pages\/5984\/revisions\/10407"}],"wp:featuredmedia":[{"embeddable":true,"href":"https:\/\/honfest.preprod-kalelia.fr\/index.php?rest_route=\/wp\/v2\/media\/6162"}],"wp:attachment":[{"href":"https:\/\/honfest.preprod-kalelia.fr\/index.php?rest_route=%2Fwp%2Fv2%2Fmedia&parent=5984"}],"curies":[{"name":"wp","href":"https:\/\/api.w.org\/{rel}","templated":true}]}}