{"id":5987,"date":"2020-04-27T16:23:48","date_gmt":"2020-04-27T14:23:48","guid":{"rendered":"http:\/\/honorefestif.1-ter-net.net\/?page_id=5987"},"modified":"2022-11-08T12:04:52","modified_gmt":"2022-11-08T11:04:52","slug":"bapteme","status":"publish","type":"page","link":"https:\/\/honfest.preprod-kalelia.fr\/?page_id=5987","title":{"rendered":"Traiteur bapt\u00eame Nantes"},"content":{"rendered":"<p>Vous souhaitez organiser votre bapt\u00eame ou celui d&rsquo;un de vos proches ? C\u00e9l\u00e9brer le bapt\u00eame d&rsquo;un b\u00e9b\u00e9 reste un \u00e9v\u00e9nement particulier. Faites appel \u00e0 l&rsquo;expertise de votre traiteur Nantais Honor\u00e9 Festif. Utilisez nos diverses recettes uniques pour pr\u00e9parer votre repas d&rsquo;occasion sp\u00e9ciale ! Nos chefs vous proposent des buffets aux saveurs vari\u00e9es : <a href=\"https:\/\/honfest.preprod-kalelia.fr\/produit\/buffet-froid-sur-le-pouce-12-pieces\/\">buffet froid<\/a> sur le pouce, <a href=\"https:\/\/honfest.preprod-kalelia.fr\/produit\/buffet-froid-tradition\/\">buffet froid tradition<\/a>, <a href=\"https:\/\/honfest.preprod-kalelia.fr\/produit\/buffet-plat-chaud-festif\/\">buffet chaud<\/a>.<\/p>\n<p>Si vous souhaitez r\u00e9duire le temps de pr\u00e9paration sans avoir \u00e0 r\u00e9chauffer les plats, choisissez un buffet froid pour le bapt\u00eame de votre enfant !<\/p>\n","protected":false},"excerpt":{"rendered":"<p>Vous souhaitez organiser votre bapt\u00eame ou celui d&rsquo;un de vos proches ?&#8230; <br \/><a class=\"readmore\" href=\"https:\/\/honfest.preprod-kalelia.fr\/?page_id=5987\"><span class=\"btn_blog_list_arrow\">Lire plus<\/span><\/a><\/p>\n","protected":false},"author":1,"featured_media":6152,"parent":0,"menu_order":0,"comment_status":"closed","ping_status":"closed","template":"page-evt.php","meta":{"footnotes":""},"class_list":["post-5987","page","type-page","status-publish","has-post-thumbnail","hentry"],"yoast_head":"<!-- This site is optimized with the Yoast SEO plugin v25.9 - https:\/\/yoast.com\/wordpress\/plugins\/seo\/ -->\n<title>Traiteur bapt\u00eame \u00e0 Nantes (44) | Organiser son repas bapt\u00eame traiteur, buffet froid &amp; chaud<\/title>\n<meta name=\"description\" content=\"Confiez-nous l&#039;organisation et la pr\u00e9paration des menus gourmands pour votre bapt\u00eame. Buffet froid ou chaud. Repas assis ou debout. Cocktail.\" \/>\n<meta name=\"robots\" content=\"index, follow, max-snippet:-1, max-image-preview:large, max-video-preview:-1\" \/>\n<link rel=\"canonical\" href=\"https:\/\/honfest.preprod-kalelia.fr\/?page_id=5987\" \/>\n<meta property=\"og:locale\" content=\"fr_FR\" \/>\n<meta property=\"og:type\" content=\"article\" \/>\n<meta property=\"og:title\" content=\"Traiteur bapt\u00eame \u00e0 Nantes (44) | Organiser son repas bapt\u00eame traiteur, buffet froid &amp; chaud\" \/>\n<meta property=\"og:description\" content=\"Confiez-nous l&#039;organisation et la pr\u00e9paration des menus gourmands pour votre bapt\u00eame. Buffet froid ou chaud. Repas assis ou debout. Cocktail.\" \/>\n<meta property=\"og:url\" content=\"https:\/\/honfest.preprod-kalelia.fr\/?page_id=5987\" \/>\n<meta property=\"og:site_name\" content=\"Honor\u00e9 Festif\" \/>\n<meta property=\"article:modified_time\" content=\"2022-11-08T11:04:52+00:00\" \/>\n<meta property=\"og:image\" content=\"https:\/\/honfest.preprod-kalelia.fr\/wp-content\/uploads\/2020\/07\/bapteme_bandeau.jpg\" \/>\n\t<meta property=\"og:image:width\" content=\"1666\" \/>\n\t<meta property=\"og:image:height\" content=\"474\" \/>\n\t<meta property=\"og:image:type\" content=\"image\/jpeg\" \/>\n<meta name=\"twitter:card\" content=\"summary_large_image\" \/>\n<meta name=\"twitter:label1\" content=\"Dur\u00e9e de lecture estim\u00e9e\" \/>\n\t<meta name=\"twitter:data1\" content=\"1 minute\" \/>\n<script type=\"application\/ld+json\" class=\"yoast-schema-graph\">{\"@context\":\"https:\/\/schema.org\",\"@graph\":[{\"@type\":\"WebPage\",\"@id\":\"https:\/\/honfest.preprod-kalelia.fr\/?page_id=5987\",\"url\":\"https:\/\/honfest.preprod-kalelia.fr\/?page_id=5987\",\"name\":\"Traiteur bapt\u00eame \u00e0 Nantes (44) | Organiser son repas bapt\u00eame traiteur, buffet froid & chaud\",\"isPartOf\":{\"@id\":\"https:\/\/honfest.preprod-kalelia.fr\/#website\"},\"primaryImageOfPage\":{\"@id\":\"https:\/\/honfest.preprod-kalelia.fr\/?page_id=5987#primaryimage\"},\"image\":{\"@id\":\"https:\/\/honfest.preprod-kalelia.fr\/?page_id=5987#primaryimage\"},\"thumbnailUrl\":\"https:\/\/honfest.preprod-kalelia.fr\/wp-content\/uploads\/2020\/07\/bapteme_bandeau.jpg\",\"datePublished\":\"2020-04-27T14:23:48+00:00\",\"dateModified\":\"2022-11-08T11:04:52+00:00\",\"description\":\"Confiez-nous l'organisation et la pr\u00e9paration des menus gourmands pour votre bapt\u00eame. Buffet froid ou chaud. Repas assis ou debout. Cocktail.\",\"breadcrumb\":{\"@id\":\"https:\/\/honfest.preprod-kalelia.fr\/?page_id=5987#breadcrumb\"},\"inLanguage\":\"fr-FR\",\"potentialAction\":[{\"@type\":\"ReadAction\",\"target\":[\"https:\/\/honfest.preprod-kalelia.fr\/?page_id=5987\"]}]},{\"@type\":\"ImageObject\",\"inLanguage\":\"fr-FR\",\"@id\":\"https:\/\/honfest.preprod-kalelia.fr\/?page_id=5987#primaryimage\",\"url\":\"https:\/\/honfest.preprod-kalelia.fr\/wp-content\/uploads\/2020\/07\/bapteme_bandeau.jpg\",\"contentUrl\":\"https:\/\/honfest.preprod-kalelia.fr\/wp-content\/uploads\/2020\/07\/bapteme_bandeau.jpg\",\"width\":1666,\"height\":474,\"caption\":\"famille f\u00eate communion b\u00e9b\u00e9\"},{\"@type\":\"BreadcrumbList\",\"@id\":\"https:\/\/honfest.preprod-kalelia.fr\/?page_id=5987#breadcrumb\",\"itemListElement\":[{\"@type\":\"ListItem\",\"position\":1,\"name\":\"Accueil\",\"item\":\"https:\/\/honfest.preprod-kalelia.fr\/\"},{\"@type\":\"ListItem\",\"position\":2,\"name\":\"Traiteur bapt\u00eame Nantes\"}]},{\"@type\":\"WebSite\",\"@id\":\"https:\/\/honfest.preprod-kalelia.fr\/#website\",\"url\":\"https:\/\/honfest.preprod-kalelia.fr\/\",\"name\":\"Honor\u00e9 Festif\",\"description\":\"\",\"publisher\":{\"@id\":\"https:\/\/honfest.preprod-kalelia.fr\/#organization\"},\"potentialAction\":[{\"@type\":\"SearchAction\",\"target\":{\"@type\":\"EntryPoint\",\"urlTemplate\":\"https:\/\/honfest.preprod-kalelia.fr\/?s={search_term_string}\"},\"query-input\":{\"@type\":\"PropertyValueSpecification\",\"valueRequired\":true,\"valueName\":\"search_term_string\"}}],\"inLanguage\":\"fr-FR\"},{\"@type\":\"Organization\",\"@id\":\"https:\/\/honfest.preprod-kalelia.fr\/#organization\",\"name\":\"Honor\u00e9 Festif\",\"url\":\"https:\/\/honfest.preprod-kalelia.fr\/\",\"logo\":{\"@type\":\"ImageObject\",\"inLanguage\":\"fr-FR\",\"@id\":\"https:\/\/honfest.preprod-kalelia.fr\/#\/schema\/logo\/image\/\",\"url\":\"https:\/\/honfest.preprod-kalelia.fr\/wp-content\/uploads\/2020\/10\/logo-honore-festif.png\",\"contentUrl\":\"https:\/\/honfest.preprod-kalelia.fr\/wp-content\/uploads\/2020\/10\/logo-honore-festif.png\",\"width\":198,\"height\":118,\"caption\":\"Honor\u00e9 Festif\"},\"image\":{\"@id\":\"https:\/\/honfest.preprod-kalelia.fr\/#\/schema\/logo\/image\/\"}}]}<\/script>\n<!-- \/ Yoast SEO plugin. -->","yoast_head_json":{"title":"Traiteur bapt\u00eame \u00e0 Nantes (44) | Organiser son repas bapt\u00eame traiteur, buffet froid & chaud","description":"Confiez-nous l'organisation et la pr\u00e9paration des menus gourmands pour votre bapt\u00eame. Buffet froid ou chaud. Repas assis ou debout. Cocktail.","robots":{"index":"index","follow":"follow","max-snippet":"max-snippet:-1","max-image-preview":"max-image-preview:large","max-video-preview":"max-video-preview:-1"},"canonical":"https:\/\/honfest.preprod-kalelia.fr\/?page_id=5987","og_locale":"fr_FR","og_type":"article","og_title":"Traiteur bapt\u00eame \u00e0 Nantes (44) | Organiser son repas bapt\u00eame traiteur, buffet froid & chaud","og_description":"Confiez-nous l'organisation et la pr\u00e9paration des menus gourmands pour votre bapt\u00eame. Buffet froid ou chaud. Repas assis ou debout. Cocktail.","og_url":"https:\/\/honfest.preprod-kalelia.fr\/?page_id=5987","og_site_name":"Honor\u00e9 Festif","article_modified_time":"2022-11-08T11:04:52+00:00","og_image":[{"width":1666,"height":474,"url":"https:\/\/honfest.preprod-kalelia.fr\/wp-content\/uploads\/2020\/07\/bapteme_bandeau.jpg","type":"image\/jpeg"}],"twitter_card":"summary_large_image","twitter_misc":{"Dur\u00e9e de lecture estim\u00e9e":"1 minute"},"schema":{"@context":"https:\/\/schema.org","@graph":[{"@type":"WebPage","@id":"https:\/\/honfest.preprod-kalelia.fr\/?page_id=5987","url":"https:\/\/honfest.preprod-kalelia.fr\/?page_id=5987","name":"Traiteur bapt\u00eame \u00e0 Nantes (44) | Organiser son repas bapt\u00eame traiteur, buffet froid & chaud","isPartOf":{"@id":"https:\/\/honfest.preprod-kalelia.fr\/#website"},"primaryImageOfPage":{"@id":"https:\/\/honfest.preprod-kalelia.fr\/?page_id=5987#primaryimage"},"image":{"@id":"https:\/\/honfest.preprod-kalelia.fr\/?page_id=5987#primaryimage"},"thumbnailUrl":"https:\/\/honfest.preprod-kalelia.fr\/wp-content\/uploads\/2020\/07\/bapteme_bandeau.jpg","datePublished":"2020-04-27T14:23:48+00:00","dateModified":"2022-11-08T11:04:52+00:00","description":"Confiez-nous l'organisation et la pr\u00e9paration des menus gourmands pour votre bapt\u00eame. Buffet froid ou chaud. Repas assis ou debout. Cocktail.","breadcrumb":{"@id":"https:\/\/honfest.preprod-kalelia.fr\/?page_id=5987#breadcrumb"},"inLanguage":"fr-FR","potentialAction":[{"@type":"ReadAction","target":["https:\/\/honfest.preprod-kalelia.fr\/?page_id=5987"]}]},{"@type":"ImageObject","inLanguage":"fr-FR","@id":"https:\/\/honfest.preprod-kalelia.fr\/?page_id=5987#primaryimage","url":"https:\/\/honfest.preprod-kalelia.fr\/wp-content\/uploads\/2020\/07\/bapteme_bandeau.jpg","contentUrl":"https:\/\/honfest.preprod-kalelia.fr\/wp-content\/uploads\/2020\/07\/bapteme_bandeau.jpg","width":1666,"height":474,"caption":"famille f\u00eate communion b\u00e9b\u00e9"},{"@type":"BreadcrumbList","@id":"https:\/\/honfest.preprod-kalelia.fr\/?page_id=5987#breadcrumb","itemListElement":[{"@type":"ListItem","position":1,"name":"Accueil","item":"https:\/\/honfest.preprod-kalelia.fr\/"},{"@type":"ListItem","position":2,"name":"Traiteur bapt\u00eame Nantes"}]},{"@type":"WebSite","@id":"https:\/\/honfest.preprod-kalelia.fr\/#website","url":"https:\/\/honfest.preprod-kalelia.fr\/","name":"Honor\u00e9 Festif","description":"","publisher":{"@id":"https:\/\/honfest.preprod-kalelia.fr\/#organization"},"potentialAction":[{"@type":"SearchAction","target":{"@type":"EntryPoint","urlTemplate":"https:\/\/honfest.preprod-kalelia.fr\/?s={search_term_string}"},"query-input":{"@type":"PropertyValueSpecification","valueRequired":true,"valueName":"search_term_string"}}],"inLanguage":"fr-FR"},{"@type":"Organization","@id":"https:\/\/honfest.preprod-kalelia.fr\/#organization","name":"Honor\u00e9 Festif","url":"https:\/\/honfest.preprod-kalelia.fr\/","logo":{"@type":"ImageObject","inLanguage":"fr-FR","@id":"https:\/\/honfest.preprod-kalelia.fr\/#\/schema\/logo\/image\/","url":"https:\/\/honfest.preprod-kalelia.fr\/wp-content\/uploads\/2020\/10\/logo-honore-festif.png","contentUrl":"https:\/\/honfest.preprod-kalelia.fr\/wp-content\/uploads\/2020\/10\/logo-honore-festif.png","width":198,"height":118,"caption":"Honor\u00e9 Festif"},"image":{"@id":"https:\/\/honfest.preprod-kalelia.fr\/#\/schema\/logo\/image\/"}}]}},"_links":{"self":[{"href":"https:\/\/honfest.preprod-kalelia.fr\/index.php?rest_route=\/wp\/v2\/pages\/5987","targetHints":{"allow":["GET"]}}],"collection":[{"href":"https:\/\/honfest.preprod-kalelia.fr\/index.php?rest_route=\/wp\/v2\/pages"}],"about":[{"href":"https:\/\/honfest.preprod-kalelia.fr\/index.php?rest_route=\/wp\/v2\/types\/page"}],"author":[{"embeddable":true,"href":"https:\/\/honfest.preprod-kalelia.fr\/index.php?rest_route=\/wp\/v2\/users\/1"}],"replies":[{"embeddable":true,"href":"https:\/\/honfest.preprod-kalelia.fr\/index.php?rest_route=%2Fwp%2Fv2%2Fcomments&post=5987"}],"version-history":[{"count":17,"href":"https:\/\/honfest.preprod-kalelia.fr\/index.php?rest_route=\/wp\/v2\/pages\/5987\/revisions"}],"predecessor-version":[{"id":10405,"href":"https:\/\/honfest.preprod-kalelia.fr\/index.php?rest_route=\/wp\/v2\/pages\/5987\/revisions\/10405"}],"wp:featuredmedia":[{"embeddable":true,"href":"https:\/\/honfest.preprod-kalelia.fr\/index.php?rest_route=\/wp\/v2\/media\/6152"}],"wp:attachment":[{"href":"https:\/\/honfest.preprod-kalelia.fr\/index.php?rest_route=%2Fwp%2Fv2%2Fmedia&parent=5987"}],"curies":[{"name":"wp","href":"https:\/\/api.w.org\/{rel}","templated":true}]}}