{"id":5991,"date":"2020-04-27T16:26:43","date_gmt":"2020-04-27T14:26:43","guid":{"rendered":"http:\/\/honorefestif.1-ter-net.net\/?page_id=5991"},"modified":"2025-04-04T11:42:30","modified_gmt":"2025-04-04T09:42:30","slug":"organiser-petit-dejeuner-entreprise","status":"publish","type":"page","link":"https:\/\/honfest.preprod-kalelia.fr\/?page_id=5991","title":{"rendered":"Organiser un petit d\u00e9jeuner d&rsquo;entreprise \u00e0 Nantes"},"content":{"rendered":"<p>Besoin d&rsquo;une pause ? Commandez l&rsquo;une des pauses cr\u00e9\u00e9es pour vous par le <a href=\"https:\/\/honfest.preprod-kalelia.fr\/qui-sommes-nous\/\">Chef<\/a> ou s\u00e9lectionnez les plateaux de gourmandises qui composeront votre entracte.\u00a0 Moment de partage convivial, le petit d\u00e9jeuner peut \u00eatre organis\u00e9 en entreprise.<\/p>\n<p>Moments 100% informels ou d\u00e9di\u00e9s au partage d&rsquo;informations professionnelles dans un cadre plus agr\u00e9able, faites confiance \u00e0 un Honor\u00e9 Festif pour g\u00e9rer l&rsquo;organisation du menu.<\/p>\n","protected":false},"excerpt":{"rendered":"<p>Besoin d&rsquo;une pause ? Commandez l&rsquo;une des pauses cr\u00e9\u00e9es pour vous par&#8230; <br \/><a class=\"readmore\" href=\"https:\/\/honfest.preprod-kalelia.fr\/?page_id=5991\"><span class=\"btn_blog_list_arrow\">Lire plus<\/span><\/a><\/p>\n","protected":false},"author":1,"featured_media":6220,"parent":0,"menu_order":0,"comment_status":"closed","ping_status":"closed","template":"page-evt.php","meta":{"footnotes":""},"class_list":["post-5991","page","type-page","status-publish","has-post-thumbnail","hentry"],"yoast_head":"<!-- This site is optimized with the Yoast SEO plugin v25.9 - https:\/\/yoast.com\/wordpress\/plugins\/seo\/ -->\n<title>Organiser petit d\u00e9jeuner entreprise Nantes (44), repas professionnel | Honor\u00e9 Festif<\/title>\n<meta name=\"description\" content=\"Vous souhaitez organiser un petit d\u00e9jeuner traiteur entre coll\u00e8gues au sein de votre entreprise ? Commandez et faites vous livrer l\u2019une des pauses du Chef Honor\u00e9 Festif !\" \/>\n<meta name=\"robots\" content=\"index, follow, max-snippet:-1, max-image-preview:large, max-video-preview:-1\" \/>\n<link rel=\"canonical\" href=\"https:\/\/honfest.preprod-kalelia.fr\/?page_id=5991\" \/>\n<meta property=\"og:locale\" content=\"fr_FR\" \/>\n<meta property=\"og:type\" content=\"article\" \/>\n<meta property=\"og:title\" content=\"Organiser petit d\u00e9jeuner entreprise Nantes (44), repas professionnel | Honor\u00e9 Festif\" \/>\n<meta property=\"og:description\" content=\"Vous souhaitez organiser un petit d\u00e9jeuner traiteur entre coll\u00e8gues au sein de votre entreprise ? Commandez et faites vous livrer l\u2019une des pauses du Chef Honor\u00e9 Festif !\" \/>\n<meta property=\"og:url\" content=\"https:\/\/honfest.preprod-kalelia.fr\/?page_id=5991\" \/>\n<meta property=\"og:site_name\" content=\"Honor\u00e9 Festif\" \/>\n<meta property=\"article:modified_time\" content=\"2025-04-04T09:42:30+00:00\" \/>\n<meta property=\"og:image\" content=\"https:\/\/honfest.preprod-kalelia.fr\/wp-content\/uploads\/2020\/07\/bd-petit-dejeuner.jpg\" \/>\n\t<meta property=\"og:image:width\" content=\"1666\" \/>\n\t<meta property=\"og:image:height\" content=\"474\" \/>\n\t<meta property=\"og:image:type\" content=\"image\/jpeg\" \/>\n<meta name=\"twitter:card\" content=\"summary_large_image\" \/>\n<meta name=\"twitter:label1\" content=\"Dur\u00e9e de lecture estim\u00e9e\" \/>\n\t<meta name=\"twitter:data1\" content=\"1 minute\" \/>\n<script type=\"application\/ld+json\" class=\"yoast-schema-graph\">{\"@context\":\"https:\/\/schema.org\",\"@graph\":[{\"@type\":\"WebPage\",\"@id\":\"https:\/\/honfest.preprod-kalelia.fr\/?page_id=5991\",\"url\":\"https:\/\/honfest.preprod-kalelia.fr\/?page_id=5991\",\"name\":\"Organiser petit d\u00e9jeuner entreprise Nantes (44), repas professionnel | Honor\u00e9 Festif\",\"isPartOf\":{\"@id\":\"https:\/\/honfest.preprod-kalelia.fr\/#website\"},\"primaryImageOfPage\":{\"@id\":\"https:\/\/honfest.preprod-kalelia.fr\/?page_id=5991#primaryimage\"},\"image\":{\"@id\":\"https:\/\/honfest.preprod-kalelia.fr\/?page_id=5991#primaryimage\"},\"thumbnailUrl\":\"https:\/\/honfest.preprod-kalelia.fr\/wp-content\/uploads\/2020\/07\/bd-petit-dejeuner.jpg\",\"datePublished\":\"2020-04-27T14:26:43+00:00\",\"dateModified\":\"2025-04-04T09:42:30+00:00\",\"description\":\"Vous souhaitez organiser un petit d\u00e9jeuner traiteur entre coll\u00e8gues au sein de votre entreprise ? Commandez et faites vous livrer l\u2019une des pauses du Chef Honor\u00e9 Festif !\",\"breadcrumb\":{\"@id\":\"https:\/\/honfest.preprod-kalelia.fr\/?page_id=5991#breadcrumb\"},\"inLanguage\":\"fr-FR\",\"potentialAction\":[{\"@type\":\"ReadAction\",\"target\":[\"https:\/\/honfest.preprod-kalelia.fr\/?page_id=5991\"]}]},{\"@type\":\"ImageObject\",\"inLanguage\":\"fr-FR\",\"@id\":\"https:\/\/honfest.preprod-kalelia.fr\/?page_id=5991#primaryimage\",\"url\":\"https:\/\/honfest.preprod-kalelia.fr\/wp-content\/uploads\/2020\/07\/bd-petit-dejeuner.jpg\",\"contentUrl\":\"https:\/\/honfest.preprod-kalelia.fr\/wp-content\/uploads\/2020\/07\/bd-petit-dejeuner.jpg\",\"width\":1666,\"height\":474,\"caption\":\"pain brioch\u00e9 sur un buffet traiteur\"},{\"@type\":\"BreadcrumbList\",\"@id\":\"https:\/\/honfest.preprod-kalelia.fr\/?page_id=5991#breadcrumb\",\"itemListElement\":[{\"@type\":\"ListItem\",\"position\":1,\"name\":\"Accueil\",\"item\":\"https:\/\/honfest.preprod-kalelia.fr\/\"},{\"@type\":\"ListItem\",\"position\":2,\"name\":\"Organiser un petit d\u00e9jeuner d&rsquo;entreprise \u00e0 Nantes\"}]},{\"@type\":\"WebSite\",\"@id\":\"https:\/\/honfest.preprod-kalelia.fr\/#website\",\"url\":\"https:\/\/honfest.preprod-kalelia.fr\/\",\"name\":\"Honor\u00e9 Festif\",\"description\":\"\",\"publisher\":{\"@id\":\"https:\/\/honfest.preprod-kalelia.fr\/#organization\"},\"potentialAction\":[{\"@type\":\"SearchAction\",\"target\":{\"@type\":\"EntryPoint\",\"urlTemplate\":\"https:\/\/honfest.preprod-kalelia.fr\/?s={search_term_string}\"},\"query-input\":{\"@type\":\"PropertyValueSpecification\",\"valueRequired\":true,\"valueName\":\"search_term_string\"}}],\"inLanguage\":\"fr-FR\"},{\"@type\":\"Organization\",\"@id\":\"https:\/\/honfest.preprod-kalelia.fr\/#organization\",\"name\":\"Honor\u00e9 Festif\",\"url\":\"https:\/\/honfest.preprod-kalelia.fr\/\",\"logo\":{\"@type\":\"ImageObject\",\"inLanguage\":\"fr-FR\",\"@id\":\"https:\/\/honfest.preprod-kalelia.fr\/#\/schema\/logo\/image\/\",\"url\":\"https:\/\/honfest.preprod-kalelia.fr\/wp-content\/uploads\/2020\/10\/logo-honore-festif.png\",\"contentUrl\":\"https:\/\/honfest.preprod-kalelia.fr\/wp-content\/uploads\/2020\/10\/logo-honore-festif.png\",\"width\":198,\"height\":118,\"caption\":\"Honor\u00e9 Festif\"},\"image\":{\"@id\":\"https:\/\/honfest.preprod-kalelia.fr\/#\/schema\/logo\/image\/\"}}]}<\/script>\n<!-- \/ Yoast SEO plugin. -->","yoast_head_json":{"title":"Organiser petit d\u00e9jeuner entreprise Nantes (44), repas professionnel | Honor\u00e9 Festif","description":"Vous souhaitez organiser un petit d\u00e9jeuner traiteur entre coll\u00e8gues au sein de votre entreprise ? Commandez et faites vous livrer l\u2019une des pauses du Chef Honor\u00e9 Festif !","robots":{"index":"index","follow":"follow","max-snippet":"max-snippet:-1","max-image-preview":"max-image-preview:large","max-video-preview":"max-video-preview:-1"},"canonical":"https:\/\/honfest.preprod-kalelia.fr\/?page_id=5991","og_locale":"fr_FR","og_type":"article","og_title":"Organiser petit d\u00e9jeuner entreprise Nantes (44), repas professionnel | Honor\u00e9 Festif","og_description":"Vous souhaitez organiser un petit d\u00e9jeuner traiteur entre coll\u00e8gues au sein de votre entreprise ? Commandez et faites vous livrer l\u2019une des pauses du Chef Honor\u00e9 Festif !","og_url":"https:\/\/honfest.preprod-kalelia.fr\/?page_id=5991","og_site_name":"Honor\u00e9 Festif","article_modified_time":"2025-04-04T09:42:30+00:00","og_image":[{"width":1666,"height":474,"url":"https:\/\/honfest.preprod-kalelia.fr\/wp-content\/uploads\/2020\/07\/bd-petit-dejeuner.jpg","type":"image\/jpeg"}],"twitter_card":"summary_large_image","twitter_misc":{"Dur\u00e9e de lecture estim\u00e9e":"1 minute"},"schema":{"@context":"https:\/\/schema.org","@graph":[{"@type":"WebPage","@id":"https:\/\/honfest.preprod-kalelia.fr\/?page_id=5991","url":"https:\/\/honfest.preprod-kalelia.fr\/?page_id=5991","name":"Organiser petit d\u00e9jeuner entreprise Nantes (44), repas professionnel | Honor\u00e9 Festif","isPartOf":{"@id":"https:\/\/honfest.preprod-kalelia.fr\/#website"},"primaryImageOfPage":{"@id":"https:\/\/honfest.preprod-kalelia.fr\/?page_id=5991#primaryimage"},"image":{"@id":"https:\/\/honfest.preprod-kalelia.fr\/?page_id=5991#primaryimage"},"thumbnailUrl":"https:\/\/honfest.preprod-kalelia.fr\/wp-content\/uploads\/2020\/07\/bd-petit-dejeuner.jpg","datePublished":"2020-04-27T14:26:43+00:00","dateModified":"2025-04-04T09:42:30+00:00","description":"Vous souhaitez organiser un petit d\u00e9jeuner traiteur entre coll\u00e8gues au sein de votre entreprise ? Commandez et faites vous livrer l\u2019une des pauses du Chef Honor\u00e9 Festif !","breadcrumb":{"@id":"https:\/\/honfest.preprod-kalelia.fr\/?page_id=5991#breadcrumb"},"inLanguage":"fr-FR","potentialAction":[{"@type":"ReadAction","target":["https:\/\/honfest.preprod-kalelia.fr\/?page_id=5991"]}]},{"@type":"ImageObject","inLanguage":"fr-FR","@id":"https:\/\/honfest.preprod-kalelia.fr\/?page_id=5991#primaryimage","url":"https:\/\/honfest.preprod-kalelia.fr\/wp-content\/uploads\/2020\/07\/bd-petit-dejeuner.jpg","contentUrl":"https:\/\/honfest.preprod-kalelia.fr\/wp-content\/uploads\/2020\/07\/bd-petit-dejeuner.jpg","width":1666,"height":474,"caption":"pain brioch\u00e9 sur un buffet traiteur"},{"@type":"BreadcrumbList","@id":"https:\/\/honfest.preprod-kalelia.fr\/?page_id=5991#breadcrumb","itemListElement":[{"@type":"ListItem","position":1,"name":"Accueil","item":"https:\/\/honfest.preprod-kalelia.fr\/"},{"@type":"ListItem","position":2,"name":"Organiser un petit d\u00e9jeuner d&rsquo;entreprise \u00e0 Nantes"}]},{"@type":"WebSite","@id":"https:\/\/honfest.preprod-kalelia.fr\/#website","url":"https:\/\/honfest.preprod-kalelia.fr\/","name":"Honor\u00e9 Festif","description":"","publisher":{"@id":"https:\/\/honfest.preprod-kalelia.fr\/#organization"},"potentialAction":[{"@type":"SearchAction","target":{"@type":"EntryPoint","urlTemplate":"https:\/\/honfest.preprod-kalelia.fr\/?s={search_term_string}"},"query-input":{"@type":"PropertyValueSpecification","valueRequired":true,"valueName":"search_term_string"}}],"inLanguage":"fr-FR"},{"@type":"Organization","@id":"https:\/\/honfest.preprod-kalelia.fr\/#organization","name":"Honor\u00e9 Festif","url":"https:\/\/honfest.preprod-kalelia.fr\/","logo":{"@type":"ImageObject","inLanguage":"fr-FR","@id":"https:\/\/honfest.preprod-kalelia.fr\/#\/schema\/logo\/image\/","url":"https:\/\/honfest.preprod-kalelia.fr\/wp-content\/uploads\/2020\/10\/logo-honore-festif.png","contentUrl":"https:\/\/honfest.preprod-kalelia.fr\/wp-content\/uploads\/2020\/10\/logo-honore-festif.png","width":198,"height":118,"caption":"Honor\u00e9 Festif"},"image":{"@id":"https:\/\/honfest.preprod-kalelia.fr\/#\/schema\/logo\/image\/"}}]}},"_links":{"self":[{"href":"https:\/\/honfest.preprod-kalelia.fr\/index.php?rest_route=\/wp\/v2\/pages\/5991","targetHints":{"allow":["GET"]}}],"collection":[{"href":"https:\/\/honfest.preprod-kalelia.fr\/index.php?rest_route=\/wp\/v2\/pages"}],"about":[{"href":"https:\/\/honfest.preprod-kalelia.fr\/index.php?rest_route=\/wp\/v2\/types\/page"}],"author":[{"embeddable":true,"href":"https:\/\/honfest.preprod-kalelia.fr\/index.php?rest_route=\/wp\/v2\/users\/1"}],"replies":[{"embeddable":true,"href":"https:\/\/honfest.preprod-kalelia.fr\/index.php?rest_route=%2Fwp%2Fv2%2Fcomments&post=5991"}],"version-history":[{"count":12,"href":"https:\/\/honfest.preprod-kalelia.fr\/index.php?rest_route=\/wp\/v2\/pages\/5991\/revisions"}],"predecessor-version":[{"id":10400,"href":"https:\/\/honfest.preprod-kalelia.fr\/index.php?rest_route=\/wp\/v2\/pages\/5991\/revisions\/10400"}],"wp:featuredmedia":[{"embeddable":true,"href":"https:\/\/honfest.preprod-kalelia.fr\/index.php?rest_route=\/wp\/v2\/media\/6220"}],"wp:attachment":[{"href":"https:\/\/honfest.preprod-kalelia.fr\/index.php?rest_route=%2Fwp%2Fv2%2Fmedia&parent=5991"}],"curies":[{"name":"wp","href":"https:\/\/api.w.org\/{rel}","templated":true}]}}