{"id":5994,"date":"2020-04-27T16:29:05","date_gmt":"2020-04-27T14:29:05","guid":{"rendered":"http:\/\/honorefestif.1-ter-net.net\/?page_id=5994"},"modified":"2025-04-04T11:42:38","modified_gmt":"2025-04-04T09:42:38","slug":"seminaire-congres","status":"publish","type":"page","link":"https:\/\/honfest.preprod-kalelia.fr\/?page_id=5994","title":{"rendered":"Organiser un s\u00e9minaire d&rsquo;entreprise \u00e0 Nantes"},"content":{"rendered":"<p>Vous organisez un <a href=\"https:\/\/honfest.preprod-kalelia.fr\/evenements-prives-en-entreprise\/\">\u00e9v\u00e8nement professionnel<\/a> le temps d\u2019une ou plusieurs journ\u00e9es\u00a0? Honor\u00e9 Festif vous conseille et organise votre r\u00e9ception sur mesure.<\/p>\n<h2>Le programme<\/h2>\n<p>Une fois le lieu et le budget d\u00e9termin\u00e9, <strong>\u00e9tablissez un programme<\/strong> afin de bien organiser le d\u00e9roulement du s\u00e9minaire. Pensez aux heures de travail et aux activit\u00e9s de la journ\u00e9e, mais d\u00e9terminez \u00e9galement les t\u00e2ches de chacun. Selon le type d&rsquo;activit\u00e9, vous pr\u00e9f\u00e9rerez peut-\u00eatre des activit\u00e9s enrichissantes, de d\u00e9tente ou des activit\u00e9s plus int\u00e9ressantes pour renforcer la coh\u00e9sion et l&rsquo;esprit d&rsquo;\u00e9quipe.<\/p>\n","protected":false},"excerpt":{"rendered":"<p>Vous organisez un \u00e9v\u00e8nement professionnel le temps d\u2019une ou plusieurs journ\u00e9es\u00a0? Honor\u00e9&#8230; <br \/><a class=\"readmore\" href=\"https:\/\/honfest.preprod-kalelia.fr\/?page_id=5994\"><span class=\"btn_blog_list_arrow\">Lire plus<\/span><\/a><\/p>\n","protected":false},"author":1,"featured_media":6229,"parent":0,"menu_order":0,"comment_status":"closed","ping_status":"closed","template":"page-evt.php","meta":{"footnotes":""},"class_list":["post-5994","page","type-page","status-publish","has-post-thumbnail","hentry"],"yoast_head":"<!-- This site is optimized with the Yoast SEO plugin v25.9 - https:\/\/yoast.com\/wordpress\/plugins\/seo\/ -->\n<title>S\u00e9minaire entreprise Nantes (44) : organiser repas s\u00e9minaire pro | Honor\u00e9 Festif<\/title>\n<meta name=\"description\" content=\"Vous organisez un \u00e9v\u00e8nement professionnel le temps d\u2019une ou plusieurs journ\u00e9es ? Honor\u00e9 Festif vous conseille et organise votre r\u00e9ception sur mesure !\" \/>\n<meta name=\"robots\" content=\"index, follow, max-snippet:-1, max-image-preview:large, max-video-preview:-1\" \/>\n<link rel=\"canonical\" href=\"https:\/\/honfest.preprod-kalelia.fr\/?page_id=5994\" \/>\n<meta property=\"og:locale\" content=\"fr_FR\" \/>\n<meta property=\"og:type\" content=\"article\" \/>\n<meta property=\"og:title\" content=\"S\u00e9minaire entreprise Nantes (44) : organiser repas s\u00e9minaire pro | Honor\u00e9 Festif\" \/>\n<meta property=\"og:description\" content=\"Vous organisez un \u00e9v\u00e8nement professionnel le temps d\u2019une ou plusieurs journ\u00e9es ? Honor\u00e9 Festif vous conseille et organise votre r\u00e9ception sur mesure !\" \/>\n<meta property=\"og:url\" content=\"https:\/\/honfest.preprod-kalelia.fr\/?page_id=5994\" \/>\n<meta property=\"og:site_name\" content=\"Honor\u00e9 Festif\" \/>\n<meta property=\"article:modified_time\" content=\"2025-04-04T09:42:38+00:00\" \/>\n<meta property=\"og:image\" content=\"https:\/\/honfest.preprod-kalelia.fr\/wp-content\/uploads\/2020\/07\/bd-seminaire.jpg\" \/>\n\t<meta property=\"og:image:width\" content=\"1666\" \/>\n\t<meta property=\"og:image:height\" content=\"474\" \/>\n\t<meta property=\"og:image:type\" content=\"image\/jpeg\" \/>\n<meta name=\"twitter:card\" content=\"summary_large_image\" \/>\n<meta name=\"twitter:label1\" content=\"Dur\u00e9e de lecture estim\u00e9e\" \/>\n\t<meta name=\"twitter:data1\" content=\"1 minute\" \/>\n<script type=\"application\/ld+json\" class=\"yoast-schema-graph\">{\"@context\":\"https:\/\/schema.org\",\"@graph\":[{\"@type\":\"WebPage\",\"@id\":\"https:\/\/honfest.preprod-kalelia.fr\/?page_id=5994\",\"url\":\"https:\/\/honfest.preprod-kalelia.fr\/?page_id=5994\",\"name\":\"S\u00e9minaire entreprise Nantes (44) : organiser repas s\u00e9minaire pro | Honor\u00e9 Festif\",\"isPartOf\":{\"@id\":\"https:\/\/honfest.preprod-kalelia.fr\/#website\"},\"primaryImageOfPage\":{\"@id\":\"https:\/\/honfest.preprod-kalelia.fr\/?page_id=5994#primaryimage\"},\"image\":{\"@id\":\"https:\/\/honfest.preprod-kalelia.fr\/?page_id=5994#primaryimage\"},\"thumbnailUrl\":\"https:\/\/honfest.preprod-kalelia.fr\/wp-content\/uploads\/2020\/07\/bd-seminaire.jpg\",\"datePublished\":\"2020-04-27T14:29:05+00:00\",\"dateModified\":\"2025-04-04T09:42:38+00:00\",\"description\":\"Vous organisez un \u00e9v\u00e8nement professionnel le temps d\u2019une ou plusieurs journ\u00e9es ? Honor\u00e9 Festif vous conseille et organise votre r\u00e9ception sur mesure !\",\"breadcrumb\":{\"@id\":\"https:\/\/honfest.preprod-kalelia.fr\/?page_id=5994#breadcrumb\"},\"inLanguage\":\"fr-FR\",\"potentialAction\":[{\"@type\":\"ReadAction\",\"target\":[\"https:\/\/honfest.preprod-kalelia.fr\/?page_id=5994\"]}]},{\"@type\":\"ImageObject\",\"inLanguage\":\"fr-FR\",\"@id\":\"https:\/\/honfest.preprod-kalelia.fr\/?page_id=5994#primaryimage\",\"url\":\"https:\/\/honfest.preprod-kalelia.fr\/wp-content\/uploads\/2020\/07\/bd-seminaire.jpg\",\"contentUrl\":\"https:\/\/honfest.preprod-kalelia.fr\/wp-content\/uploads\/2020\/07\/bd-seminaire.jpg\",\"width\":1666,\"height\":474,\"caption\":\"femmes s\u00e9minaire professionnel\"},{\"@type\":\"BreadcrumbList\",\"@id\":\"https:\/\/honfest.preprod-kalelia.fr\/?page_id=5994#breadcrumb\",\"itemListElement\":[{\"@type\":\"ListItem\",\"position\":1,\"name\":\"Accueil\",\"item\":\"https:\/\/honfest.preprod-kalelia.fr\/\"},{\"@type\":\"ListItem\",\"position\":2,\"name\":\"Organiser un s\u00e9minaire d&rsquo;entreprise \u00e0 Nantes\"}]},{\"@type\":\"WebSite\",\"@id\":\"https:\/\/honfest.preprod-kalelia.fr\/#website\",\"url\":\"https:\/\/honfest.preprod-kalelia.fr\/\",\"name\":\"Honor\u00e9 Festif\",\"description\":\"\",\"publisher\":{\"@id\":\"https:\/\/honfest.preprod-kalelia.fr\/#organization\"},\"potentialAction\":[{\"@type\":\"SearchAction\",\"target\":{\"@type\":\"EntryPoint\",\"urlTemplate\":\"https:\/\/honfest.preprod-kalelia.fr\/?s={search_term_string}\"},\"query-input\":{\"@type\":\"PropertyValueSpecification\",\"valueRequired\":true,\"valueName\":\"search_term_string\"}}],\"inLanguage\":\"fr-FR\"},{\"@type\":\"Organization\",\"@id\":\"https:\/\/honfest.preprod-kalelia.fr\/#organization\",\"name\":\"Honor\u00e9 Festif\",\"url\":\"https:\/\/honfest.preprod-kalelia.fr\/\",\"logo\":{\"@type\":\"ImageObject\",\"inLanguage\":\"fr-FR\",\"@id\":\"https:\/\/honfest.preprod-kalelia.fr\/#\/schema\/logo\/image\/\",\"url\":\"https:\/\/honfest.preprod-kalelia.fr\/wp-content\/uploads\/2020\/10\/logo-honore-festif.png\",\"contentUrl\":\"https:\/\/honfest.preprod-kalelia.fr\/wp-content\/uploads\/2020\/10\/logo-honore-festif.png\",\"width\":198,\"height\":118,\"caption\":\"Honor\u00e9 Festif\"},\"image\":{\"@id\":\"https:\/\/honfest.preprod-kalelia.fr\/#\/schema\/logo\/image\/\"}}]}<\/script>\n<!-- \/ Yoast SEO plugin. -->","yoast_head_json":{"title":"S\u00e9minaire entreprise Nantes (44) : organiser repas s\u00e9minaire pro | Honor\u00e9 Festif","description":"Vous organisez un \u00e9v\u00e8nement professionnel le temps d\u2019une ou plusieurs journ\u00e9es ? Honor\u00e9 Festif vous conseille et organise votre r\u00e9ception sur mesure !","robots":{"index":"index","follow":"follow","max-snippet":"max-snippet:-1","max-image-preview":"max-image-preview:large","max-video-preview":"max-video-preview:-1"},"canonical":"https:\/\/honfest.preprod-kalelia.fr\/?page_id=5994","og_locale":"fr_FR","og_type":"article","og_title":"S\u00e9minaire entreprise Nantes (44) : organiser repas s\u00e9minaire pro | Honor\u00e9 Festif","og_description":"Vous organisez un \u00e9v\u00e8nement professionnel le temps d\u2019une ou plusieurs journ\u00e9es ? Honor\u00e9 Festif vous conseille et organise votre r\u00e9ception sur mesure !","og_url":"https:\/\/honfest.preprod-kalelia.fr\/?page_id=5994","og_site_name":"Honor\u00e9 Festif","article_modified_time":"2025-04-04T09:42:38+00:00","og_image":[{"width":1666,"height":474,"url":"https:\/\/honfest.preprod-kalelia.fr\/wp-content\/uploads\/2020\/07\/bd-seminaire.jpg","type":"image\/jpeg"}],"twitter_card":"summary_large_image","twitter_misc":{"Dur\u00e9e de lecture estim\u00e9e":"1 minute"},"schema":{"@context":"https:\/\/schema.org","@graph":[{"@type":"WebPage","@id":"https:\/\/honfest.preprod-kalelia.fr\/?page_id=5994","url":"https:\/\/honfest.preprod-kalelia.fr\/?page_id=5994","name":"S\u00e9minaire entreprise Nantes (44) : organiser repas s\u00e9minaire pro | Honor\u00e9 Festif","isPartOf":{"@id":"https:\/\/honfest.preprod-kalelia.fr\/#website"},"primaryImageOfPage":{"@id":"https:\/\/honfest.preprod-kalelia.fr\/?page_id=5994#primaryimage"},"image":{"@id":"https:\/\/honfest.preprod-kalelia.fr\/?page_id=5994#primaryimage"},"thumbnailUrl":"https:\/\/honfest.preprod-kalelia.fr\/wp-content\/uploads\/2020\/07\/bd-seminaire.jpg","datePublished":"2020-04-27T14:29:05+00:00","dateModified":"2025-04-04T09:42:38+00:00","description":"Vous organisez un \u00e9v\u00e8nement professionnel le temps d\u2019une ou plusieurs journ\u00e9es ? Honor\u00e9 Festif vous conseille et organise votre r\u00e9ception sur mesure !","breadcrumb":{"@id":"https:\/\/honfest.preprod-kalelia.fr\/?page_id=5994#breadcrumb"},"inLanguage":"fr-FR","potentialAction":[{"@type":"ReadAction","target":["https:\/\/honfest.preprod-kalelia.fr\/?page_id=5994"]}]},{"@type":"ImageObject","inLanguage":"fr-FR","@id":"https:\/\/honfest.preprod-kalelia.fr\/?page_id=5994#primaryimage","url":"https:\/\/honfest.preprod-kalelia.fr\/wp-content\/uploads\/2020\/07\/bd-seminaire.jpg","contentUrl":"https:\/\/honfest.preprod-kalelia.fr\/wp-content\/uploads\/2020\/07\/bd-seminaire.jpg","width":1666,"height":474,"caption":"femmes s\u00e9minaire professionnel"},{"@type":"BreadcrumbList","@id":"https:\/\/honfest.preprod-kalelia.fr\/?page_id=5994#breadcrumb","itemListElement":[{"@type":"ListItem","position":1,"name":"Accueil","item":"https:\/\/honfest.preprod-kalelia.fr\/"},{"@type":"ListItem","position":2,"name":"Organiser un s\u00e9minaire d&rsquo;entreprise \u00e0 Nantes"}]},{"@type":"WebSite","@id":"https:\/\/honfest.preprod-kalelia.fr\/#website","url":"https:\/\/honfest.preprod-kalelia.fr\/","name":"Honor\u00e9 Festif","description":"","publisher":{"@id":"https:\/\/honfest.preprod-kalelia.fr\/#organization"},"potentialAction":[{"@type":"SearchAction","target":{"@type":"EntryPoint","urlTemplate":"https:\/\/honfest.preprod-kalelia.fr\/?s={search_term_string}"},"query-input":{"@type":"PropertyValueSpecification","valueRequired":true,"valueName":"search_term_string"}}],"inLanguage":"fr-FR"},{"@type":"Organization","@id":"https:\/\/honfest.preprod-kalelia.fr\/#organization","name":"Honor\u00e9 Festif","url":"https:\/\/honfest.preprod-kalelia.fr\/","logo":{"@type":"ImageObject","inLanguage":"fr-FR","@id":"https:\/\/honfest.preprod-kalelia.fr\/#\/schema\/logo\/image\/","url":"https:\/\/honfest.preprod-kalelia.fr\/wp-content\/uploads\/2020\/10\/logo-honore-festif.png","contentUrl":"https:\/\/honfest.preprod-kalelia.fr\/wp-content\/uploads\/2020\/10\/logo-honore-festif.png","width":198,"height":118,"caption":"Honor\u00e9 Festif"},"image":{"@id":"https:\/\/honfest.preprod-kalelia.fr\/#\/schema\/logo\/image\/"}}]}},"_links":{"self":[{"href":"https:\/\/honfest.preprod-kalelia.fr\/index.php?rest_route=\/wp\/v2\/pages\/5994","targetHints":{"allow":["GET"]}}],"collection":[{"href":"https:\/\/honfest.preprod-kalelia.fr\/index.php?rest_route=\/wp\/v2\/pages"}],"about":[{"href":"https:\/\/honfest.preprod-kalelia.fr\/index.php?rest_route=\/wp\/v2\/types\/page"}],"author":[{"embeddable":true,"href":"https:\/\/honfest.preprod-kalelia.fr\/index.php?rest_route=\/wp\/v2\/users\/1"}],"replies":[{"embeddable":true,"href":"https:\/\/honfest.preprod-kalelia.fr\/index.php?rest_route=%2Fwp%2Fv2%2Fcomments&post=5994"}],"version-history":[{"count":12,"href":"https:\/\/honfest.preprod-kalelia.fr\/index.php?rest_route=\/wp\/v2\/pages\/5994\/revisions"}],"predecessor-version":[{"id":9974,"href":"https:\/\/honfest.preprod-kalelia.fr\/index.php?rest_route=\/wp\/v2\/pages\/5994\/revisions\/9974"}],"wp:featuredmedia":[{"embeddable":true,"href":"https:\/\/honfest.preprod-kalelia.fr\/index.php?rest_route=\/wp\/v2\/media\/6229"}],"wp:attachment":[{"href":"https:\/\/honfest.preprod-kalelia.fr\/index.php?rest_route=%2Fwp%2Fv2%2Fmedia&parent=5994"}],"curies":[{"name":"wp","href":"https:\/\/api.w.org\/{rel}","templated":true}]}}