{"id":6035,"date":"2020-04-28T16:49:09","date_gmt":"2020-04-28T14:49:09","guid":{"rendered":"http:\/\/honorefestif.1-ter-net.net\/?page_id=6035"},"modified":"2025-04-18T15:11:17","modified_gmt":"2025-04-18T13:11:17","slug":"mariage","status":"publish","type":"page","link":"https:\/\/honfest.preprod-kalelia.fr\/?page_id=6035","title":{"rendered":"Traiteur mariage Nantes"},"content":{"rendered":"<p dir=\"ltr\">Vous recherchez un <strong>traiteur Nantais sp\u00e9cialis\u00e9 dans la restauration pour votre mariage ?<\/strong> Nous avons s\u00e9lectionn\u00e9 pour vous des <strong>buffets chauds et froids<\/strong> pleins de gourmandises qui raviront vos proches, vos amis et votre famille ! Pour un cocktail, un buffet ou un repas ? Nous nous adaptons \u00e0 vos besoins. Vous souhaitez un service avec personnel ? Tous les formats sont possibles. <a href=\"https:\/\/honfest.preprod-kalelia.fr\/devis-sur-mesure\/\">D\u00e9couvrez nos choix avec nos devis gratuits &amp; sur-mesure !<\/a><\/p>\n<h2>Nos diff\u00e9rents types de menus pour votre mariage<\/h2>\n<p>Pour une r\u00e9ception de mariage, Honor\u00e9 Festif vous propose <strong>deux types de <\/strong><strong>repas<\/strong>\u00a0: le <a href=\"https:\/\/honfest.preprod-kalelia.fr\/nos-produits\/buffet\/buffet-du-chef\/\">d\u00e9jeuner assis<\/a> et le <a href=\"https:\/\/honfest.preprod-kalelia.fr\/nos-produits\/cocktail\/\">cocktail<\/a>. Le\u00a0<strong>buffet\u00a0<\/strong>est plus convivial, car les invit\u00e9s se servent eux-m\u00eames \u00e0 manger. Pour un mariage r\u00e9ussi, il faut \u00e0 la fois miser sur des pr\u00e9parations culinaires exquises et un service fluide et bien organis\u00e9. Le buffet constitue un <strong>choix \u00e9conomique<\/strong> compar\u00e9 au repas assis. Le cocktail est le parfait compromis entre buffet et repas assis. Comptez entre 18 \u00e0 24 bouch\u00e9es maximum pour chaque personne avec des variantes sucr\u00e9es et sal\u00e9es.<\/p>\n","protected":false},"excerpt":{"rendered":"<p>Vous recherchez un traiteur Nantais sp\u00e9cialis\u00e9 dans la restauration pour votre mariage&#8230; <br \/><a class=\"readmore\" href=\"https:\/\/honfest.preprod-kalelia.fr\/?page_id=6035\"><span class=\"btn_blog_list_arrow\">Lire plus<\/span><\/a><\/p>\n","protected":false},"author":1,"featured_media":6137,"parent":0,"menu_order":0,"comment_status":"closed","ping_status":"closed","template":"page-evt.php","meta":{"footnotes":""},"class_list":["post-6035","page","type-page","status-publish","has-post-thumbnail","hentry"],"yoast_head":"<!-- This site is optimized with the Yoast SEO plugin v25.9 - https:\/\/yoast.com\/wordpress\/plugins\/seo\/ -->\n<title>Traiteur Mariage Nantes (44) - Buffet chaud &amp; froid - 20 \u00e0 150 personnes | Devis gratuit<\/title>\n<meta name=\"description\" content=\"Vous recherchez un traiteur Nantais sp\u00e9cialis\u00e9 dans la restauration pour votre mariage ? D\u00e9couvrez nos buffets chauds &amp; froids peins de gourmandises et pas ch\u00e8res qui raviront vos proches, vos amis et votre famille !\" \/>\n<meta name=\"robots\" content=\"index, follow, max-snippet:-1, max-image-preview:large, max-video-preview:-1\" \/>\n<link rel=\"canonical\" href=\"https:\/\/honfest.preprod-kalelia.fr\/?page_id=6035\" \/>\n<meta property=\"og:locale\" content=\"fr_FR\" \/>\n<meta property=\"og:type\" content=\"article\" \/>\n<meta property=\"og:title\" content=\"Traiteur Mariage Nantes (44) - Buffet chaud &amp; froid - 20 \u00e0 150 personnes | Devis gratuit\" \/>\n<meta property=\"og:description\" content=\"Vous recherchez un traiteur Nantais sp\u00e9cialis\u00e9 dans la restauration pour votre mariage ? D\u00e9couvrez nos buffets chauds &amp; froids peins de gourmandises et pas ch\u00e8res qui raviront vos proches, vos amis et votre famille !\" \/>\n<meta property=\"og:url\" content=\"https:\/\/honfest.preprod-kalelia.fr\/?page_id=6035\" \/>\n<meta property=\"og:site_name\" content=\"Honor\u00e9 Festif\" \/>\n<meta property=\"article:modified_time\" content=\"2025-04-18T13:11:17+00:00\" \/>\n<meta property=\"og:image\" content=\"https:\/\/honfest.preprod-kalelia.fr\/wp-content\/uploads\/2020\/07\/Bandeau_mariage.jpg\" \/>\n\t<meta property=\"og:image:width\" content=\"1666\" \/>\n\t<meta property=\"og:image:height\" content=\"474\" \/>\n\t<meta property=\"og:image:type\" content=\"image\/jpeg\" \/>\n<meta name=\"twitter:card\" content=\"summary_large_image\" \/>\n<meta name=\"twitter:label1\" content=\"Dur\u00e9e de lecture estim\u00e9e\" \/>\n\t<meta name=\"twitter:data1\" content=\"2 minutes\" \/>\n<script type=\"application\/ld+json\" class=\"yoast-schema-graph\">{\"@context\":\"https:\/\/schema.org\",\"@graph\":[{\"@type\":\"WebPage\",\"@id\":\"https:\/\/honfest.preprod-kalelia.fr\/?page_id=6035\",\"url\":\"https:\/\/honfest.preprod-kalelia.fr\/?page_id=6035\",\"name\":\"Traiteur Mariage Nantes (44) - Buffet chaud & froid - 20 \u00e0 150 personnes | Devis gratuit\",\"isPartOf\":{\"@id\":\"https:\/\/honfest.preprod-kalelia.fr\/#website\"},\"primaryImageOfPage\":{\"@id\":\"https:\/\/honfest.preprod-kalelia.fr\/?page_id=6035#primaryimage\"},\"image\":{\"@id\":\"https:\/\/honfest.preprod-kalelia.fr\/?page_id=6035#primaryimage\"},\"thumbnailUrl\":\"https:\/\/honfest.preprod-kalelia.fr\/wp-content\/uploads\/2020\/07\/Bandeau_mariage.jpg\",\"datePublished\":\"2020-04-28T14:49:09+00:00\",\"dateModified\":\"2025-04-18T13:11:17+00:00\",\"description\":\"Vous recherchez un traiteur Nantais sp\u00e9cialis\u00e9 dans la restauration pour votre mariage ? D\u00e9couvrez nos buffets chauds & froids peins de gourmandises et pas ch\u00e8res qui raviront vos proches, vos amis et votre famille !\",\"breadcrumb\":{\"@id\":\"https:\/\/honfest.preprod-kalelia.fr\/?page_id=6035#breadcrumb\"},\"inLanguage\":\"fr-FR\",\"potentialAction\":[{\"@type\":\"ReadAction\",\"target\":[\"https:\/\/honfest.preprod-kalelia.fr\/?page_id=6035\"]}]},{\"@type\":\"ImageObject\",\"inLanguage\":\"fr-FR\",\"@id\":\"https:\/\/honfest.preprod-kalelia.fr\/?page_id=6035#primaryimage\",\"url\":\"https:\/\/honfest.preprod-kalelia.fr\/wp-content\/uploads\/2020\/07\/Bandeau_mariage.jpg\",\"contentUrl\":\"https:\/\/honfest.preprod-kalelia.fr\/wp-content\/uploads\/2020\/07\/Bandeau_mariage.jpg\",\"width\":1666,\"height\":474,\"caption\":\"traiteur mariage Nantes\"},{\"@type\":\"BreadcrumbList\",\"@id\":\"https:\/\/honfest.preprod-kalelia.fr\/?page_id=6035#breadcrumb\",\"itemListElement\":[{\"@type\":\"ListItem\",\"position\":1,\"name\":\"Accueil\",\"item\":\"https:\/\/honfest.preprod-kalelia.fr\/\"},{\"@type\":\"ListItem\",\"position\":2,\"name\":\"Traiteur mariage Nantes\"}]},{\"@type\":\"WebSite\",\"@id\":\"https:\/\/honfest.preprod-kalelia.fr\/#website\",\"url\":\"https:\/\/honfest.preprod-kalelia.fr\/\",\"name\":\"Honor\u00e9 Festif\",\"description\":\"\",\"publisher\":{\"@id\":\"https:\/\/honfest.preprod-kalelia.fr\/#organization\"},\"potentialAction\":[{\"@type\":\"SearchAction\",\"target\":{\"@type\":\"EntryPoint\",\"urlTemplate\":\"https:\/\/honfest.preprod-kalelia.fr\/?s={search_term_string}\"},\"query-input\":{\"@type\":\"PropertyValueSpecification\",\"valueRequired\":true,\"valueName\":\"search_term_string\"}}],\"inLanguage\":\"fr-FR\"},{\"@type\":\"Organization\",\"@id\":\"https:\/\/honfest.preprod-kalelia.fr\/#organization\",\"name\":\"Honor\u00e9 Festif\",\"url\":\"https:\/\/honfest.preprod-kalelia.fr\/\",\"logo\":{\"@type\":\"ImageObject\",\"inLanguage\":\"fr-FR\",\"@id\":\"https:\/\/honfest.preprod-kalelia.fr\/#\/schema\/logo\/image\/\",\"url\":\"https:\/\/honfest.preprod-kalelia.fr\/wp-content\/uploads\/2020\/10\/logo-honore-festif.png\",\"contentUrl\":\"https:\/\/honfest.preprod-kalelia.fr\/wp-content\/uploads\/2020\/10\/logo-honore-festif.png\",\"width\":198,\"height\":118,\"caption\":\"Honor\u00e9 Festif\"},\"image\":{\"@id\":\"https:\/\/honfest.preprod-kalelia.fr\/#\/schema\/logo\/image\/\"}}]}<\/script>\n<!-- \/ Yoast SEO plugin. -->","yoast_head_json":{"title":"Traiteur Mariage Nantes (44) - Buffet chaud & froid - 20 \u00e0 150 personnes | Devis gratuit","description":"Vous recherchez un traiteur Nantais sp\u00e9cialis\u00e9 dans la restauration pour votre mariage ? D\u00e9couvrez nos buffets chauds & froids peins de gourmandises et pas ch\u00e8res qui raviront vos proches, vos amis et votre famille !","robots":{"index":"index","follow":"follow","max-snippet":"max-snippet:-1","max-image-preview":"max-image-preview:large","max-video-preview":"max-video-preview:-1"},"canonical":"https:\/\/honfest.preprod-kalelia.fr\/?page_id=6035","og_locale":"fr_FR","og_type":"article","og_title":"Traiteur Mariage Nantes (44) - Buffet chaud & froid - 20 \u00e0 150 personnes | Devis gratuit","og_description":"Vous recherchez un traiteur Nantais sp\u00e9cialis\u00e9 dans la restauration pour votre mariage ? D\u00e9couvrez nos buffets chauds & froids peins de gourmandises et pas ch\u00e8res qui raviront vos proches, vos amis et votre famille !","og_url":"https:\/\/honfest.preprod-kalelia.fr\/?page_id=6035","og_site_name":"Honor\u00e9 Festif","article_modified_time":"2025-04-18T13:11:17+00:00","og_image":[{"width":1666,"height":474,"url":"https:\/\/honfest.preprod-kalelia.fr\/wp-content\/uploads\/2020\/07\/Bandeau_mariage.jpg","type":"image\/jpeg"}],"twitter_card":"summary_large_image","twitter_misc":{"Dur\u00e9e de lecture estim\u00e9e":"2 minutes"},"schema":{"@context":"https:\/\/schema.org","@graph":[{"@type":"WebPage","@id":"https:\/\/honfest.preprod-kalelia.fr\/?page_id=6035","url":"https:\/\/honfest.preprod-kalelia.fr\/?page_id=6035","name":"Traiteur Mariage Nantes (44) - Buffet chaud & froid - 20 \u00e0 150 personnes | Devis gratuit","isPartOf":{"@id":"https:\/\/honfest.preprod-kalelia.fr\/#website"},"primaryImageOfPage":{"@id":"https:\/\/honfest.preprod-kalelia.fr\/?page_id=6035#primaryimage"},"image":{"@id":"https:\/\/honfest.preprod-kalelia.fr\/?page_id=6035#primaryimage"},"thumbnailUrl":"https:\/\/honfest.preprod-kalelia.fr\/wp-content\/uploads\/2020\/07\/Bandeau_mariage.jpg","datePublished":"2020-04-28T14:49:09+00:00","dateModified":"2025-04-18T13:11:17+00:00","description":"Vous recherchez un traiteur Nantais sp\u00e9cialis\u00e9 dans la restauration pour votre mariage ? D\u00e9couvrez nos buffets chauds & froids peins de gourmandises et pas ch\u00e8res qui raviront vos proches, vos amis et votre famille !","breadcrumb":{"@id":"https:\/\/honfest.preprod-kalelia.fr\/?page_id=6035#breadcrumb"},"inLanguage":"fr-FR","potentialAction":[{"@type":"ReadAction","target":["https:\/\/honfest.preprod-kalelia.fr\/?page_id=6035"]}]},{"@type":"ImageObject","inLanguage":"fr-FR","@id":"https:\/\/honfest.preprod-kalelia.fr\/?page_id=6035#primaryimage","url":"https:\/\/honfest.preprod-kalelia.fr\/wp-content\/uploads\/2020\/07\/Bandeau_mariage.jpg","contentUrl":"https:\/\/honfest.preprod-kalelia.fr\/wp-content\/uploads\/2020\/07\/Bandeau_mariage.jpg","width":1666,"height":474,"caption":"traiteur mariage Nantes"},{"@type":"BreadcrumbList","@id":"https:\/\/honfest.preprod-kalelia.fr\/?page_id=6035#breadcrumb","itemListElement":[{"@type":"ListItem","position":1,"name":"Accueil","item":"https:\/\/honfest.preprod-kalelia.fr\/"},{"@type":"ListItem","position":2,"name":"Traiteur mariage Nantes"}]},{"@type":"WebSite","@id":"https:\/\/honfest.preprod-kalelia.fr\/#website","url":"https:\/\/honfest.preprod-kalelia.fr\/","name":"Honor\u00e9 Festif","description":"","publisher":{"@id":"https:\/\/honfest.preprod-kalelia.fr\/#organization"},"potentialAction":[{"@type":"SearchAction","target":{"@type":"EntryPoint","urlTemplate":"https:\/\/honfest.preprod-kalelia.fr\/?s={search_term_string}"},"query-input":{"@type":"PropertyValueSpecification","valueRequired":true,"valueName":"search_term_string"}}],"inLanguage":"fr-FR"},{"@type":"Organization","@id":"https:\/\/honfest.preprod-kalelia.fr\/#organization","name":"Honor\u00e9 Festif","url":"https:\/\/honfest.preprod-kalelia.fr\/","logo":{"@type":"ImageObject","inLanguage":"fr-FR","@id":"https:\/\/honfest.preprod-kalelia.fr\/#\/schema\/logo\/image\/","url":"https:\/\/honfest.preprod-kalelia.fr\/wp-content\/uploads\/2020\/10\/logo-honore-festif.png","contentUrl":"https:\/\/honfest.preprod-kalelia.fr\/wp-content\/uploads\/2020\/10\/logo-honore-festif.png","width":198,"height":118,"caption":"Honor\u00e9 Festif"},"image":{"@id":"https:\/\/honfest.preprod-kalelia.fr\/#\/schema\/logo\/image\/"}}]}},"_links":{"self":[{"href":"https:\/\/honfest.preprod-kalelia.fr\/index.php?rest_route=\/wp\/v2\/pages\/6035","targetHints":{"allow":["GET"]}}],"collection":[{"href":"https:\/\/honfest.preprod-kalelia.fr\/index.php?rest_route=\/wp\/v2\/pages"}],"about":[{"href":"https:\/\/honfest.preprod-kalelia.fr\/index.php?rest_route=\/wp\/v2\/types\/page"}],"author":[{"embeddable":true,"href":"https:\/\/honfest.preprod-kalelia.fr\/index.php?rest_route=\/wp\/v2\/users\/1"}],"replies":[{"embeddable":true,"href":"https:\/\/honfest.preprod-kalelia.fr\/index.php?rest_route=%2Fwp%2Fv2%2Fcomments&post=6035"}],"version-history":[{"count":18,"href":"https:\/\/honfest.preprod-kalelia.fr\/index.php?rest_route=\/wp\/v2\/pages\/6035\/revisions"}],"predecessor-version":[{"id":10413,"href":"https:\/\/honfest.preprod-kalelia.fr\/index.php?rest_route=\/wp\/v2\/pages\/6035\/revisions\/10413"}],"wp:featuredmedia":[{"embeddable":true,"href":"https:\/\/honfest.preprod-kalelia.fr\/index.php?rest_route=\/wp\/v2\/media\/6137"}],"wp:attachment":[{"href":"https:\/\/honfest.preprod-kalelia.fr\/index.php?rest_route=%2Fwp%2Fv2%2Fmedia&parent=6035"}],"curies":[{"name":"wp","href":"https:\/\/api.w.org\/{rel}","templated":true}]}}