{"id":79,"date":"2020-04-21T15:04:19","date_gmt":"2020-04-21T13:04:19","guid":{"rendered":"http:\/\/honorefestif.1-ter-net.net\/?page_id=79"},"modified":"2022-11-08T11:51:02","modified_gmt":"2022-11-08T10:51:02","slug":"nos-conseils","status":"publish","type":"page","link":"https:\/\/honfest.preprod-kalelia.fr\/?page_id=79","title":{"rendered":"Nos conseils"},"content":{"rendered":"<h2>Besoin d\u2019aide pour organiser votre prochaine r\u00e9ception\u00a0?<\/h2>\n<h3>Le cocktail<\/h3>\n<p>La particularit\u00e9 du cocktail se trouve dans la fa\u00e7on de le d\u00e9guster ; debout et sans couverts. Nous vous proposerons pour ce type de r\u00e9ception de servir des r\u00e9ductions types verrines, mini brochettes, toast, canap\u00e9s\u2026<\/p>\n<p>Nous avons identifi\u00e9 2 types de cocktail\u00a0:<\/p>\n<ul>\n<li><strong>Le cocktail ap\u00e9ritif :<\/strong> qui a r\u00e9guli\u00e8rement lieu avant un repas ou pour la cl\u00f4ture d\u2019un \u00e9v\u00e8nement.<br \/>\nNous vous pr\u00e9conisons de servir :<br \/>\nPour 30 minutes et moins : 4 \u00e0 6 pi\u00e8ces par personne<br \/>\nPour 1h00 : 6 \u00e0 8 pi\u00e8ces par personne<\/li>\n<li><strong>Le cocktail d\u00e9jeunatoire ou d\u00eenatoire<\/strong> : qui fait office de repas<br \/>\nNous vous pr\u00e9conisons de servir :<br \/>\nEntre 15 et 18 pi\u00e8ces par personne<\/li>\n<\/ul>\n<p>Retrouvez notre gamme de pi\u00e8ces cocktail sal\u00e9es froides, chaudes et sucr\u00e9e pour composer votre <a href=\"https:\/\/honfest.preprod-kalelia.fr\/nos-produits\/cocktail\/\">cocktail<\/a> dans la e-boutique<\/p>\n<p><strong>Passez votre commande puis venez la retirer dans notre laboratoire ou faites vous livrer selon nos conditions g\u00e9n\u00e9rales de vente.<\/strong><\/p>\n<h3>Le buffet<\/h3>\n<p>Pr\u00e9voyez de servir un buffet si vos convives sont assis. Nos mets seront \u00e0 dresser sur une ou plusieurs tables o\u00f9 les invit\u00e9s viendront se servir.<br \/>\nLes mets seront vari\u00e9s ; salade de crudit\u00e9s, plateaux de terrines et charcuterie, viandes froides, fromage, tartes et entremets\u2026<br \/>\n\u00c9tant donn\u00e9 cette diversit\u00e9 gustative, vos convives seront tent\u00e9s de go\u00fbter \u00e0 chacun des plats servis, c\u2019est pourquoi nous vous pr\u00e9conisons de compter entre 500 et 700g par personne.<\/p>\n<p>Nos conseils quantitatifs\u00a0:<\/p>\n<ul>\n<li>Salades compos\u00e9es et crudit\u00e9s : Entre 150 et 200 g<\/li>\n<li>Viandes froides et\/ou charcuterie : Entre 60 et 90 g<\/li>\n<li>Poissons froids et\/ou terrines : Entre 60 et 90 g<\/li>\n<li>Fromage : Environ 60 g<\/li>\n<li>Pain : Entre 100 et 120 g<\/li>\n<li>Dessert : 1,5 parts de tarte, 150 g d\u2019entremet ou 5 pi\u00e8ces cocktail sucr\u00e9es par personnes.<\/li>\n<\/ul>\n<p><a href=\"https:\/\/honfest.preprod-kalelia.fr\/nos-produits\/buffet\/\">D\u00e9couvrez ici notre gamme buffet <\/a><\/p>\n","protected":false},"excerpt":{"rendered":"<p>Besoin d\u2019aide pour organiser votre prochaine r\u00e9ception\u00a0? Le cocktail La particularit\u00e9 du&#8230; <br \/><a class=\"readmore\" href=\"https:\/\/honfest.preprod-kalelia.fr\/?page_id=79\"><span class=\"btn_blog_list_arrow\">Lire plus<\/span><\/a><\/p>\n","protected":false},"author":1,"featured_media":0,"parent":0,"menu_order":0,"comment_status":"closed","ping_status":"closed","template":"","meta":{"footnotes":""},"class_list":["post-79","page","type-page","status-publish","hentry"],"yoast_head":"<!-- This site is optimized with the Yoast SEO plugin v25.9 - https:\/\/yoast.com\/wordpress\/plugins\/seo\/ -->\n<title>Nos conseils | Honor\u00e9 Festif<\/title>\n<meta name=\"robots\" content=\"index, follow, max-snippet:-1, max-image-preview:large, max-video-preview:-1\" \/>\n<link rel=\"canonical\" href=\"https:\/\/honfest.preprod-kalelia.fr\/?page_id=79\" \/>\n<meta property=\"og:locale\" content=\"fr_FR\" \/>\n<meta property=\"og:type\" content=\"article\" \/>\n<meta property=\"og:title\" content=\"Nos conseils | Honor\u00e9 Festif\" \/>\n<meta property=\"og:description\" content=\"Besoin d\u2019aide pour organiser votre prochaine r\u00e9ception\u00a0? Le cocktail La particularit\u00e9 du... Lire plus\" \/>\n<meta property=\"og:url\" content=\"https:\/\/honfest.preprod-kalelia.fr\/?page_id=79\" \/>\n<meta property=\"og:site_name\" content=\"Honor\u00e9 Festif\" \/>\n<meta property=\"article:modified_time\" content=\"2022-11-08T10:51:02+00:00\" \/>\n<meta name=\"twitter:card\" content=\"summary_large_image\" \/>\n<meta name=\"twitter:label1\" content=\"Dur\u00e9e de lecture estim\u00e9e\" \/>\n\t<meta name=\"twitter:data1\" content=\"2 minutes\" \/>\n<script type=\"application\/ld+json\" class=\"yoast-schema-graph\">{\"@context\":\"https:\/\/schema.org\",\"@graph\":[{\"@type\":\"WebPage\",\"@id\":\"https:\/\/honfest.preprod-kalelia.fr\/?page_id=79\",\"url\":\"https:\/\/honfest.preprod-kalelia.fr\/?page_id=79\",\"name\":\"Nos conseils | Honor\u00e9 Festif\",\"isPartOf\":{\"@id\":\"https:\/\/honfest.preprod-kalelia.fr\/#website\"},\"datePublished\":\"2020-04-21T13:04:19+00:00\",\"dateModified\":\"2022-11-08T10:51:02+00:00\",\"breadcrumb\":{\"@id\":\"https:\/\/honfest.preprod-kalelia.fr\/?page_id=79#breadcrumb\"},\"inLanguage\":\"fr-FR\",\"potentialAction\":[{\"@type\":\"ReadAction\",\"target\":[\"https:\/\/honfest.preprod-kalelia.fr\/?page_id=79\"]}]},{\"@type\":\"BreadcrumbList\",\"@id\":\"https:\/\/honfest.preprod-kalelia.fr\/?page_id=79#breadcrumb\",\"itemListElement\":[{\"@type\":\"ListItem\",\"position\":1,\"name\":\"Accueil\",\"item\":\"https:\/\/honfest.preprod-kalelia.fr\/\"},{\"@type\":\"ListItem\",\"position\":2,\"name\":\"Nos conseils\"}]},{\"@type\":\"WebSite\",\"@id\":\"https:\/\/honfest.preprod-kalelia.fr\/#website\",\"url\":\"https:\/\/honfest.preprod-kalelia.fr\/\",\"name\":\"Honor\u00e9 Festif\",\"description\":\"\",\"publisher\":{\"@id\":\"https:\/\/honfest.preprod-kalelia.fr\/#organization\"},\"potentialAction\":[{\"@type\":\"SearchAction\",\"target\":{\"@type\":\"EntryPoint\",\"urlTemplate\":\"https:\/\/honfest.preprod-kalelia.fr\/?s={search_term_string}\"},\"query-input\":{\"@type\":\"PropertyValueSpecification\",\"valueRequired\":true,\"valueName\":\"search_term_string\"}}],\"inLanguage\":\"fr-FR\"},{\"@type\":\"Organization\",\"@id\":\"https:\/\/honfest.preprod-kalelia.fr\/#organization\",\"name\":\"Honor\u00e9 Festif\",\"url\":\"https:\/\/honfest.preprod-kalelia.fr\/\",\"logo\":{\"@type\":\"ImageObject\",\"inLanguage\":\"fr-FR\",\"@id\":\"https:\/\/honfest.preprod-kalelia.fr\/#\/schema\/logo\/image\/\",\"url\":\"https:\/\/honfest.preprod-kalelia.fr\/wp-content\/uploads\/2020\/10\/logo-honore-festif.png\",\"contentUrl\":\"https:\/\/honfest.preprod-kalelia.fr\/wp-content\/uploads\/2020\/10\/logo-honore-festif.png\",\"width\":198,\"height\":118,\"caption\":\"Honor\u00e9 Festif\"},\"image\":{\"@id\":\"https:\/\/honfest.preprod-kalelia.fr\/#\/schema\/logo\/image\/\"}}]}<\/script>\n<!-- \/ Yoast SEO plugin. -->","yoast_head_json":{"title":"Nos conseils | Honor\u00e9 Festif","robots":{"index":"index","follow":"follow","max-snippet":"max-snippet:-1","max-image-preview":"max-image-preview:large","max-video-preview":"max-video-preview:-1"},"canonical":"https:\/\/honfest.preprod-kalelia.fr\/?page_id=79","og_locale":"fr_FR","og_type":"article","og_title":"Nos conseils | Honor\u00e9 Festif","og_description":"Besoin d\u2019aide pour organiser votre prochaine r\u00e9ception\u00a0? Le cocktail La particularit\u00e9 du... Lire plus","og_url":"https:\/\/honfest.preprod-kalelia.fr\/?page_id=79","og_site_name":"Honor\u00e9 Festif","article_modified_time":"2022-11-08T10:51:02+00:00","twitter_card":"summary_large_image","twitter_misc":{"Dur\u00e9e de lecture estim\u00e9e":"2 minutes"},"schema":{"@context":"https:\/\/schema.org","@graph":[{"@type":"WebPage","@id":"https:\/\/honfest.preprod-kalelia.fr\/?page_id=79","url":"https:\/\/honfest.preprod-kalelia.fr\/?page_id=79","name":"Nos conseils | Honor\u00e9 Festif","isPartOf":{"@id":"https:\/\/honfest.preprod-kalelia.fr\/#website"},"datePublished":"2020-04-21T13:04:19+00:00","dateModified":"2022-11-08T10:51:02+00:00","breadcrumb":{"@id":"https:\/\/honfest.preprod-kalelia.fr\/?page_id=79#breadcrumb"},"inLanguage":"fr-FR","potentialAction":[{"@type":"ReadAction","target":["https:\/\/honfest.preprod-kalelia.fr\/?page_id=79"]}]},{"@type":"BreadcrumbList","@id":"https:\/\/honfest.preprod-kalelia.fr\/?page_id=79#breadcrumb","itemListElement":[{"@type":"ListItem","position":1,"name":"Accueil","item":"https:\/\/honfest.preprod-kalelia.fr\/"},{"@type":"ListItem","position":2,"name":"Nos conseils"}]},{"@type":"WebSite","@id":"https:\/\/honfest.preprod-kalelia.fr\/#website","url":"https:\/\/honfest.preprod-kalelia.fr\/","name":"Honor\u00e9 Festif","description":"","publisher":{"@id":"https:\/\/honfest.preprod-kalelia.fr\/#organization"},"potentialAction":[{"@type":"SearchAction","target":{"@type":"EntryPoint","urlTemplate":"https:\/\/honfest.preprod-kalelia.fr\/?s={search_term_string}"},"query-input":{"@type":"PropertyValueSpecification","valueRequired":true,"valueName":"search_term_string"}}],"inLanguage":"fr-FR"},{"@type":"Organization","@id":"https:\/\/honfest.preprod-kalelia.fr\/#organization","name":"Honor\u00e9 Festif","url":"https:\/\/honfest.preprod-kalelia.fr\/","logo":{"@type":"ImageObject","inLanguage":"fr-FR","@id":"https:\/\/honfest.preprod-kalelia.fr\/#\/schema\/logo\/image\/","url":"https:\/\/honfest.preprod-kalelia.fr\/wp-content\/uploads\/2020\/10\/logo-honore-festif.png","contentUrl":"https:\/\/honfest.preprod-kalelia.fr\/wp-content\/uploads\/2020\/10\/logo-honore-festif.png","width":198,"height":118,"caption":"Honor\u00e9 Festif"},"image":{"@id":"https:\/\/honfest.preprod-kalelia.fr\/#\/schema\/logo\/image\/"}}]}},"_links":{"self":[{"href":"https:\/\/honfest.preprod-kalelia.fr\/index.php?rest_route=\/wp\/v2\/pages\/79","targetHints":{"allow":["GET"]}}],"collection":[{"href":"https:\/\/honfest.preprod-kalelia.fr\/index.php?rest_route=\/wp\/v2\/pages"}],"about":[{"href":"https:\/\/honfest.preprod-kalelia.fr\/index.php?rest_route=\/wp\/v2\/types\/page"}],"author":[{"embeddable":true,"href":"https:\/\/honfest.preprod-kalelia.fr\/index.php?rest_route=\/wp\/v2\/users\/1"}],"replies":[{"embeddable":true,"href":"https:\/\/honfest.preprod-kalelia.fr\/index.php?rest_route=%2Fwp%2Fv2%2Fcomments&post=79"}],"version-history":[{"count":7,"href":"https:\/\/honfest.preprod-kalelia.fr\/index.php?rest_route=\/wp\/v2\/pages\/79\/revisions"}],"predecessor-version":[{"id":10420,"href":"https:\/\/honfest.preprod-kalelia.fr\/index.php?rest_route=\/wp\/v2\/pages\/79\/revisions\/10420"}],"wp:attachment":[{"href":"https:\/\/honfest.preprod-kalelia.fr\/index.php?rest_route=%2Fwp%2Fv2%2Fmedia&parent=79"}],"curies":[{"name":"wp","href":"https:\/\/api.w.org\/{rel}","templated":true}]}}