{"id":83,"date":"2020-04-21T15:20:37","date_gmt":"2020-04-21T13:20:37","guid":{"rendered":"http:\/\/honorefestif.1-ter-net.net\/?page_id=83"},"modified":"2021-01-12T15:46:01","modified_gmt":"2021-01-12T14:46:01","slug":"nos-engagements","status":"publish","type":"page","link":"https:\/\/honfest.preprod-kalelia.fr\/?page_id=83","title":{"rendered":"Nos engagements"},"content":{"rendered":"<p><strong>Soucieux de l\u2019environnement, Honor\u00e9 Festif souhaite vous partager ses engagements et d\u00e9marches \u00e9co-responsables.<\/strong><\/p>\n<h2>Nos engagements<\/h2>\n<h3>Notre fabrication :<\/h3>\n<p>Afin de contr\u00f4ler et de garantir \u00e0 nos clients des produits de grande qualit\u00e9, Honor\u00e9 Festif r\u00e9alise l\u2019int\u00e9gralit\u00e9 de ses pi\u00e8ces cocktail et menus \u00e0 partir de produits bruts.<br \/>\nNous maitrisons ainsi l\u2019int\u00e9gralit\u00e9 de la chaine de production, du produit brut jusque dans votre assiette.<\/p>\n<p>A ce titre, voici quelques exemples de produits sp\u00e9cifiques que nous \u00e9laborons nous m\u00eame :<\/p>\n<ul>\n<li>Le pain : notre boulanger p\u00e9tri, fa\u00e7onne et cuit \u00e0 notre laboratoire nos 6 vari\u00e9t\u00e9s de pains \u00e0 base de levain naturel.<\/li>\n<li>Les sp\u00e9cialit\u00e9s fum\u00e9es : nous r\u00e9alisons notre propre production de viandes et poissons fum\u00e9s, en fonction des arrivages (mignon de porc fum\u00e9, saumon fum\u00e9 Label rouge, filet de poulet fum\u00e9, etc..)<\/li>\n<\/ul>\n<p>Nous renouvelons r\u00e9guli\u00e8rement nos cartes afin de pouvoir y int\u00e9grer un maximum de produits d\u2019origine locale et de saison gr\u00e2ce \u00e0 nos <a href=\"https:\/\/honfest.preprod-kalelia.fr\/nos-producteurs\/\">producteurs locaux<\/a>.<\/p>\n<h3>Nos moyens de fabrication :<\/h3>\n<p>Honor\u00e9 Festif s\u2019engage sur la qualit\u00e9 des mets servis, r\u00e9alis\u00e9s en totalit\u00e9 dans son laboratoire de fabrication de 500 m2, qui r\u00e9pond aux normes d\u2019hygi\u00e8ne et de travail HACCP.<\/p>\n<p>Nos actions pour r\u00e9duire notre consommation d\u2019\u00e9nergie\/eau :<\/p>\n<ul>\n<li>\u00c9lectricit\u00e9 :<br \/>\nNous avons mis en place un condenseur \u00e9lectrique pr\u00e9sentant de nombreux avantages<br \/>\nNous avons \u00e9galement \u00e9quip\u00e9 tout notre mat\u00e9riel informatique d\u2019onduleurs, permettant de pr\u00e9server la dur\u00e9e de vie du mat\u00e9riel en \u00e9vitant les surtensions.<\/li>\n<li>Eau :<br \/>\nNous avons investi dans des \u00e9quipements r\u00e9cents et performants nous permettant de r\u00e9duire consid\u00e9rablement notre consommation d\u2019eau.<\/li>\n<li>Carburant :<br \/>\nTous nos v\u00e9hicules sont r\u00e9cents et b\u00e9n\u00e9ficient d\u2019un entretien r\u00e9gulier afin de limiter leur consommation.<br \/>\nAfin de r\u00e9duire l\u2019impact environnemental li\u00e9 aux livraisons, notre personnel a \u00e9t\u00e9 form\u00e9 \u00e0 l\u2019\u00e9coconduite. Cette action nous a permis de r\u00e9duire sensiblement nos d\u00e9penses en carburants ainsi que l\u2019usure de nos v\u00e9hicules.<\/li>\n<\/ul>\n<p>&nbsp;<\/p>\n<h2>Nos d\u00e9marches<\/h2>\n<h3>La r\u00e9duction de d\u00e9chets<\/h3>\n<p>Nous nous sommes engag\u00e9s \u00e0 effectuer un tri s\u00e9lectif des d\u00e9chets sur le site de r\u00e9ception qui nous accueille : valorisable (verre, cartons\u2026) et non valorisable (d\u00e9chets alimentaires).<br \/>\nNous effectuons un tri-s\u00e9lectif des d\u00e9chets dans notre laboratoire de fabrication : 5 familles de d\u00e9chets sont distingu\u00e9es (verre, papier, d\u00e9chets m\u00e9nagers, carton et emballage plastique).<br \/>\nLes cartons ainsi r\u00e9cup\u00e9r\u00e9s sont trait\u00e9s par un ESAT (OSER Foret Vivante) afin d\u2019\u00eatre recycl\u00e9s.<br \/>\nConcernant les d\u00e9chets consid\u00e9r\u00e9s comme \u00ab tr\u00e8s polluants \u00bb, nous avons mis en place un partenariat avec METRO NANTES qui s\u2019engage \u00e0 valoriser ces d\u00e9chets et \u00e0 les r\u00e9int\u00e9grer dans sa chaine de production. Il s\u2019agit de d\u00e9chets type polystyr\u00e8ne, cagette bois, etc&#8230;<\/p>\n<h3>La r\u00e9duction des emballages<\/h3>\n<p>Pour les emballages et la vaisselle jetable, Honor\u00e9 Festif collabore avec ses fournisseurs pour vous proposer une gamme de produits \u00e9co-responsable (emballage en carton recycl\u00e9, assiette jetable en oxo-bio, gobelet \u00e0 caf\u00e9 Alternativ\u2019Eco).<\/p>\n<p><a href=\"https:\/\/honfest.preprod-kalelia.fr\/wp-content\/uploads\/2020\/07\/Plaquette-Emballage-Cocktail-Buffet.pdf\" target=\"_blank\" rel=\"noopener noreferrer\">D\u00e9couvrir la plaquette emballages Cocktail Buffet<\/a><\/p>\n<p><a href=\"https:\/\/honfest.preprod-kalelia.fr\/wp-content\/uploads\/2020\/07\/Plaquette-Emballage-Plateau-Repas.pdf\" target=\"_blank\" rel=\"noopener noreferrer\">D\u00e9couvrir la plaquette emballages Plateau repas<\/a><\/p>\n<p>Nous proposons \u00e9galement \u00e0 nos clients, et cela de fa\u00e7on syst\u00e9matique lorsque c\u2019est possible, des prestations avec de la vaisselle (verrerie, porcelaine) et non de la vaisselle jetable.<\/p>\n<p>D\u2019autre part, nous r\u00e9duisons au maximum les emballages individuels pour les produits en livraison en accord avec nos clients. Cela concerne notamment les plateaux repas, les paniers repas, les sandwichs, etc&#8230;<\/p>\n","protected":false},"excerpt":{"rendered":"<p>Soucieux de l\u2019environnement, Honor\u00e9 Festif souhaite vous partager ses engagements et d\u00e9marches&#8230; <br \/><a class=\"readmore\" href=\"https:\/\/honfest.preprod-kalelia.fr\/?page_id=83\"><span class=\"btn_blog_list_arrow\">Lire plus<\/span><\/a><\/p>\n","protected":false},"author":1,"featured_media":0,"parent":0,"menu_order":0,"comment_status":"closed","ping_status":"closed","template":"","meta":{"footnotes":""},"class_list":["post-83","page","type-page","status-publish","hentry"],"yoast_head":"<!-- This site is optimized with the Yoast SEO plugin v25.9 - https:\/\/yoast.com\/wordpress\/plugins\/seo\/ -->\n<title>Garantie Honor\u00e9 Festif | Honor\u00e9 Festif<\/title>\n<meta name=\"description\" content=\"Garantie Honor\u00e9 Festif\" \/>\n<meta name=\"robots\" content=\"index, follow, max-snippet:-1, max-image-preview:large, max-video-preview:-1\" \/>\n<link rel=\"canonical\" href=\"https:\/\/honfest.preprod-kalelia.fr\/?page_id=83\" \/>\n<meta property=\"og:locale\" content=\"fr_FR\" \/>\n<meta property=\"og:type\" content=\"article\" \/>\n<meta property=\"og:title\" content=\"Garantie Honor\u00e9 Festif | Honor\u00e9 Festif\" \/>\n<meta property=\"og:description\" content=\"Garantie Honor\u00e9 Festif\" \/>\n<meta property=\"og:url\" content=\"https:\/\/honfest.preprod-kalelia.fr\/?page_id=83\" \/>\n<meta property=\"og:site_name\" content=\"Honor\u00e9 Festif\" \/>\n<meta property=\"article:modified_time\" content=\"2021-01-12T14:46:01+00:00\" \/>\n<meta name=\"twitter:card\" content=\"summary_large_image\" \/>\n<meta name=\"twitter:label1\" content=\"Dur\u00e9e de lecture estim\u00e9e\" \/>\n\t<meta name=\"twitter:data1\" content=\"3 minutes\" \/>\n<script type=\"application\/ld+json\" class=\"yoast-schema-graph\">{\"@context\":\"https:\/\/schema.org\",\"@graph\":[{\"@type\":\"WebPage\",\"@id\":\"https:\/\/honfest.preprod-kalelia.fr\/?page_id=83\",\"url\":\"https:\/\/honfest.preprod-kalelia.fr\/?page_id=83\",\"name\":\"Garantie Honor\u00e9 Festif | Honor\u00e9 Festif\",\"isPartOf\":{\"@id\":\"https:\/\/honfest.preprod-kalelia.fr\/#website\"},\"datePublished\":\"2020-04-21T13:20:37+00:00\",\"dateModified\":\"2021-01-12T14:46:01+00:00\",\"description\":\"Garantie Honor\u00e9 Festif\",\"breadcrumb\":{\"@id\":\"https:\/\/honfest.preprod-kalelia.fr\/?page_id=83#breadcrumb\"},\"inLanguage\":\"fr-FR\",\"potentialAction\":[{\"@type\":\"ReadAction\",\"target\":[\"https:\/\/honfest.preprod-kalelia.fr\/?page_id=83\"]}]},{\"@type\":\"BreadcrumbList\",\"@id\":\"https:\/\/honfest.preprod-kalelia.fr\/?page_id=83#breadcrumb\",\"itemListElement\":[{\"@type\":\"ListItem\",\"position\":1,\"name\":\"Accueil\",\"item\":\"https:\/\/honfest.preprod-kalelia.fr\/\"},{\"@type\":\"ListItem\",\"position\":2,\"name\":\"Nos engagements\"}]},{\"@type\":\"WebSite\",\"@id\":\"https:\/\/honfest.preprod-kalelia.fr\/#website\",\"url\":\"https:\/\/honfest.preprod-kalelia.fr\/\",\"name\":\"Honor\u00e9 Festif\",\"description\":\"\",\"publisher\":{\"@id\":\"https:\/\/honfest.preprod-kalelia.fr\/#organization\"},\"potentialAction\":[{\"@type\":\"SearchAction\",\"target\":{\"@type\":\"EntryPoint\",\"urlTemplate\":\"https:\/\/honfest.preprod-kalelia.fr\/?s={search_term_string}\"},\"query-input\":{\"@type\":\"PropertyValueSpecification\",\"valueRequired\":true,\"valueName\":\"search_term_string\"}}],\"inLanguage\":\"fr-FR\"},{\"@type\":\"Organization\",\"@id\":\"https:\/\/honfest.preprod-kalelia.fr\/#organization\",\"name\":\"Honor\u00e9 Festif\",\"url\":\"https:\/\/honfest.preprod-kalelia.fr\/\",\"logo\":{\"@type\":\"ImageObject\",\"inLanguage\":\"fr-FR\",\"@id\":\"https:\/\/honfest.preprod-kalelia.fr\/#\/schema\/logo\/image\/\",\"url\":\"https:\/\/honfest.preprod-kalelia.fr\/wp-content\/uploads\/2020\/10\/logo-honore-festif.png\",\"contentUrl\":\"https:\/\/honfest.preprod-kalelia.fr\/wp-content\/uploads\/2020\/10\/logo-honore-festif.png\",\"width\":198,\"height\":118,\"caption\":\"Honor\u00e9 Festif\"},\"image\":{\"@id\":\"https:\/\/honfest.preprod-kalelia.fr\/#\/schema\/logo\/image\/\"}}]}<\/script>\n<!-- \/ Yoast SEO plugin. -->","yoast_head_json":{"title":"Garantie Honor\u00e9 Festif | Honor\u00e9 Festif","description":"Garantie Honor\u00e9 Festif","robots":{"index":"index","follow":"follow","max-snippet":"max-snippet:-1","max-image-preview":"max-image-preview:large","max-video-preview":"max-video-preview:-1"},"canonical":"https:\/\/honfest.preprod-kalelia.fr\/?page_id=83","og_locale":"fr_FR","og_type":"article","og_title":"Garantie Honor\u00e9 Festif | Honor\u00e9 Festif","og_description":"Garantie Honor\u00e9 Festif","og_url":"https:\/\/honfest.preprod-kalelia.fr\/?page_id=83","og_site_name":"Honor\u00e9 Festif","article_modified_time":"2021-01-12T14:46:01+00:00","twitter_card":"summary_large_image","twitter_misc":{"Dur\u00e9e de lecture estim\u00e9e":"3 minutes"},"schema":{"@context":"https:\/\/schema.org","@graph":[{"@type":"WebPage","@id":"https:\/\/honfest.preprod-kalelia.fr\/?page_id=83","url":"https:\/\/honfest.preprod-kalelia.fr\/?page_id=83","name":"Garantie Honor\u00e9 Festif | Honor\u00e9 Festif","isPartOf":{"@id":"https:\/\/honfest.preprod-kalelia.fr\/#website"},"datePublished":"2020-04-21T13:20:37+00:00","dateModified":"2021-01-12T14:46:01+00:00","description":"Garantie Honor\u00e9 Festif","breadcrumb":{"@id":"https:\/\/honfest.preprod-kalelia.fr\/?page_id=83#breadcrumb"},"inLanguage":"fr-FR","potentialAction":[{"@type":"ReadAction","target":["https:\/\/honfest.preprod-kalelia.fr\/?page_id=83"]}]},{"@type":"BreadcrumbList","@id":"https:\/\/honfest.preprod-kalelia.fr\/?page_id=83#breadcrumb","itemListElement":[{"@type":"ListItem","position":1,"name":"Accueil","item":"https:\/\/honfest.preprod-kalelia.fr\/"},{"@type":"ListItem","position":2,"name":"Nos engagements"}]},{"@type":"WebSite","@id":"https:\/\/honfest.preprod-kalelia.fr\/#website","url":"https:\/\/honfest.preprod-kalelia.fr\/","name":"Honor\u00e9 Festif","description":"","publisher":{"@id":"https:\/\/honfest.preprod-kalelia.fr\/#organization"},"potentialAction":[{"@type":"SearchAction","target":{"@type":"EntryPoint","urlTemplate":"https:\/\/honfest.preprod-kalelia.fr\/?s={search_term_string}"},"query-input":{"@type":"PropertyValueSpecification","valueRequired":true,"valueName":"search_term_string"}}],"inLanguage":"fr-FR"},{"@type":"Organization","@id":"https:\/\/honfest.preprod-kalelia.fr\/#organization","name":"Honor\u00e9 Festif","url":"https:\/\/honfest.preprod-kalelia.fr\/","logo":{"@type":"ImageObject","inLanguage":"fr-FR","@id":"https:\/\/honfest.preprod-kalelia.fr\/#\/schema\/logo\/image\/","url":"https:\/\/honfest.preprod-kalelia.fr\/wp-content\/uploads\/2020\/10\/logo-honore-festif.png","contentUrl":"https:\/\/honfest.preprod-kalelia.fr\/wp-content\/uploads\/2020\/10\/logo-honore-festif.png","width":198,"height":118,"caption":"Honor\u00e9 Festif"},"image":{"@id":"https:\/\/honfest.preprod-kalelia.fr\/#\/schema\/logo\/image\/"}}]}},"_links":{"self":[{"href":"https:\/\/honfest.preprod-kalelia.fr\/index.php?rest_route=\/wp\/v2\/pages\/83","targetHints":{"allow":["GET"]}}],"collection":[{"href":"https:\/\/honfest.preprod-kalelia.fr\/index.php?rest_route=\/wp\/v2\/pages"}],"about":[{"href":"https:\/\/honfest.preprod-kalelia.fr\/index.php?rest_route=\/wp\/v2\/types\/page"}],"author":[{"embeddable":true,"href":"https:\/\/honfest.preprod-kalelia.fr\/index.php?rest_route=\/wp\/v2\/users\/1"}],"replies":[{"embeddable":true,"href":"https:\/\/honfest.preprod-kalelia.fr\/index.php?rest_route=%2Fwp%2Fv2%2Fcomments&post=83"}],"version-history":[{"count":6,"href":"https:\/\/honfest.preprod-kalelia.fr\/index.php?rest_route=\/wp\/v2\/pages\/83\/revisions"}],"predecessor-version":[{"id":7702,"href":"https:\/\/honfest.preprod-kalelia.fr\/index.php?rest_route=\/wp\/v2\/pages\/83\/revisions\/7702"}],"wp:attachment":[{"href":"https:\/\/honfest.preprod-kalelia.fr\/index.php?rest_route=%2Fwp%2Fv2%2Fmedia&parent=83"}],"curies":[{"name":"wp","href":"https:\/\/api.w.org\/{rel}","templated":true}]}}