{"id":87,"date":"2020-04-21T16:00:29","date_gmt":"2020-04-21T14:00:29","guid":{"rendered":"http:\/\/honorefestif.1-ter-net.net\/?page_id=87"},"modified":"2022-11-08T14:35:21","modified_gmt":"2022-11-08T13:35:21","slug":"nos-producteurs","status":"publish","type":"page","link":"https:\/\/honfest.preprod-kalelia.fr\/?page_id=87","title":{"rendered":"Nos producteurs"},"content":{"rendered":"<h2>L\u2019Origine de nos produits<\/h2>\n<p>Nos principaux fournisseurs sont compos\u00e9s exclusivement d\u2019entreprises locales (Laiterie de Montaigu \u00e0 Montaigu, Devaud \u00e0 Challans, Vives Eaux \u00e0 Rez\u00e9, M\u00e9chinaud sur le MIN \u00e0 Rez\u00e9).<br \/>\nCette d\u00e9marche est le fruit d\u2019une volont\u00e9 de mutualiser nos moyens et actions pour am\u00e9liorer notre Eco-efficacit\u00e9. <a href=\"https:\/\/honfest.preprod-kalelia.fr\/nos-engagements\/\">D\u00e9couvrez tous nos engagements ici.<\/a><\/p>\n<p>Exemples de produits :<\/p>\n<ul>\n<li>Tomates, concombres, poivrons et oignons : proviennent de notre fournisseur\/ producteur situ\u00e9 \u00e0 Oulmes (85420)<\/li>\n<li>M\u00e2che : origine Loire Atlantique \u2013 Groupe Marais<\/li>\n<li>Volaille : Origine Vend\u00e9e<\/li>\n<li>R\u00f4ti de veau : Origine Ile et Vilaine<\/li>\n<li>Viande de porc \u00ab Appelation Porc sur paille \u00bb : Origine Bretagne<\/li>\n<li>Fruits de saison (brochette et corbeille de fruits) : producteurs locaux, origine Loire Atlantique<\/li>\n<li>Fraises : origine Loire Atlantique (St Julien de Concelles)<\/li>\n<\/ul>\n<p>D\u2019autre part, le d\u00e9m\u00e9nagement du MIN \u00e0 quelques centaines de m\u00e8tres de notre laboratoire est une vraie opportunit\u00e9 pour continuer \u00e0 r\u00e9duire l\u2019empreinte carbone de notre activit\u00e9 en s\u2019approvisionnant toujours plus de fa\u00e7on locale.<\/p>\n<h2>Des Produits de Qualit\u00e9<\/h2>\n<p>Nous int\u00e9grons au maximum dans nos recettes des produits b\u00e9n\u00e9ficiant d\u2019appellations et de Labels Reconnus.<\/p>\n<p>Exemples\u00a0:<\/p>\n<ul>\n<li>Poissons\u00a0: Saumon \u00ab\u00a0Origine France\u00a0\u00bb &#8211; Elev\u00e9 \u00e0 Cherbourg, Merlu \u00ab\u00a0MSC P\u00eache Durable\u00a0\u00bb &#8211; Mr. Goodfish \u2013 <a href=\"https:\/\/www.bonpourleclimat.org\/\">www.bonpourleclimat.org<\/a><\/li>\n<li>Viande\u00a0: Carr\u00e9 de cochon de Bretagne sur paille \u00ab\u00a0Label Rouge\u00a0\u00bb, Rumsteck \u00ab\u00a0100% Ma r\u00e9gion Ouest\u00a0\u00bb, Entrec\u00f4te de Veau certifi\u00e9 VVF<\/li>\n<li>L\u00e9gumes et Fruits\u00a0: Tomates, concombres, poivrons et oignons\u00a0: proviennent de notre fournisseur\/ producteur situ\u00e9 \u00e0 Oulmes (85420), M\u00e2che\u00a0: origine Loire Atlantique \u2013 Groupe Marais, Fraises\u00a0: origine Loire Atlantique (St Julien de Concelles)<\/li>\n<li>Fruits de saison (brochette et corbeille de fruits)\u00a0: producteurs locaux, origine Loire Atlantique<\/li>\n<li>Boissons chaudes : Caf\u00e9 Malongo \u00ab Commerce Equitable \u00bb, Th\u00e9 Bio Equitable : Rooibos Vanille Cannelle, Th\u00e9 Breakfast Ceylan, Lobodis : Th\u00e9 vert BIO Equitable, Clipper : Th\u00e9 vert citron BIO et Earl Grey BIO<\/li>\n<\/ul>\n<h2><\/h2>\n<h2>Le Bio<\/h2>\n<p>Sur demande, nous pouvons r\u00e9aliser des prestations compos\u00e9es \u00e0 100% \u00e0 partir de produits issus de l\u2019agriculture biologique.<\/p>\n<p>Voici la liste de quelques produits certifi\u00e9s BIO que nous utilisons r\u00e9guli\u00e8rement dans nos recettes\u00a0:<\/p>\n<ul>\n<li>C\u00e9r\u00e9ales gourmandes BIO \u2013 Tipiak Saint Aignan de Grand lieu<\/li>\n<li>Huile d\u2019olive vierge Extra BIO &#8211; Borges<\/li>\n<li>Jus de pomme BIO \u2013 Les F\u00e9es BIO \u2013 Producteur Origine Bretagne<\/li>\n<li>Petits pois doux BIO \u2013 Origine France<\/li>\n<li>Filet de poulet fermier BIO du Maine \u2013 Lou\u00e9<\/li>\n<\/ul>\n<p>&nbsp;<\/p>\n<p>Nos fournisseurs d\u00e9veloppent continuellement des produits BIO afin de pouvoir nous les proposer pour d\u00e9velopper notre offre client<\/p>\n","protected":false},"excerpt":{"rendered":"<p>L\u2019Origine de nos produits Nos principaux fournisseurs sont compos\u00e9s exclusivement d\u2019entreprises locales&#8230; <br \/><a class=\"readmore\" href=\"https:\/\/honfest.preprod-kalelia.fr\/?page_id=87\"><span class=\"btn_blog_list_arrow\">Lire plus<\/span><\/a><\/p>\n","protected":false},"author":1,"featured_media":0,"parent":0,"menu_order":0,"comment_status":"closed","ping_status":"closed","template":"","meta":{"footnotes":""},"class_list":["post-87","page","type-page","status-publish","hentry"],"yoast_head":"<!-- This site is optimized with the Yoast SEO plugin v25.9 - https:\/\/yoast.com\/wordpress\/plugins\/seo\/ -->\n<title>Nos producteurs | Honor\u00e9 Festif<\/title>\n<meta name=\"robots\" content=\"index, follow, max-snippet:-1, max-image-preview:large, max-video-preview:-1\" \/>\n<link rel=\"canonical\" href=\"https:\/\/honfest.preprod-kalelia.fr\/?page_id=87\" \/>\n<meta property=\"og:locale\" content=\"fr_FR\" \/>\n<meta property=\"og:type\" content=\"article\" \/>\n<meta property=\"og:title\" content=\"Nos producteurs | Honor\u00e9 Festif\" \/>\n<meta property=\"og:description\" content=\"L\u2019Origine de nos produits Nos principaux fournisseurs sont compos\u00e9s exclusivement d\u2019entreprises locales... Lire plus\" \/>\n<meta property=\"og:url\" content=\"https:\/\/honfest.preprod-kalelia.fr\/?page_id=87\" \/>\n<meta property=\"og:site_name\" content=\"Honor\u00e9 Festif\" \/>\n<meta property=\"article:modified_time\" content=\"2022-11-08T13:35:21+00:00\" \/>\n<meta name=\"twitter:card\" content=\"summary_large_image\" \/>\n<meta name=\"twitter:label1\" content=\"Dur\u00e9e de lecture estim\u00e9e\" \/>\n\t<meta name=\"twitter:data1\" content=\"2 minutes\" \/>\n<script type=\"application\/ld+json\" class=\"yoast-schema-graph\">{\"@context\":\"https:\/\/schema.org\",\"@graph\":[{\"@type\":\"WebPage\",\"@id\":\"https:\/\/honfest.preprod-kalelia.fr\/?page_id=87\",\"url\":\"https:\/\/honfest.preprod-kalelia.fr\/?page_id=87\",\"name\":\"Nos producteurs | Honor\u00e9 Festif\",\"isPartOf\":{\"@id\":\"https:\/\/honfest.preprod-kalelia.fr\/#website\"},\"datePublished\":\"2020-04-21T14:00:29+00:00\",\"dateModified\":\"2022-11-08T13:35:21+00:00\",\"breadcrumb\":{\"@id\":\"https:\/\/honfest.preprod-kalelia.fr\/?page_id=87#breadcrumb\"},\"inLanguage\":\"fr-FR\",\"potentialAction\":[{\"@type\":\"ReadAction\",\"target\":[\"https:\/\/honfest.preprod-kalelia.fr\/?page_id=87\"]}]},{\"@type\":\"BreadcrumbList\",\"@id\":\"https:\/\/honfest.preprod-kalelia.fr\/?page_id=87#breadcrumb\",\"itemListElement\":[{\"@type\":\"ListItem\",\"position\":1,\"name\":\"Accueil\",\"item\":\"https:\/\/honfest.preprod-kalelia.fr\/\"},{\"@type\":\"ListItem\",\"position\":2,\"name\":\"Nos producteurs\"}]},{\"@type\":\"WebSite\",\"@id\":\"https:\/\/honfest.preprod-kalelia.fr\/#website\",\"url\":\"https:\/\/honfest.preprod-kalelia.fr\/\",\"name\":\"Honor\u00e9 Festif\",\"description\":\"\",\"publisher\":{\"@id\":\"https:\/\/honfest.preprod-kalelia.fr\/#organization\"},\"potentialAction\":[{\"@type\":\"SearchAction\",\"target\":{\"@type\":\"EntryPoint\",\"urlTemplate\":\"https:\/\/honfest.preprod-kalelia.fr\/?s={search_term_string}\"},\"query-input\":{\"@type\":\"PropertyValueSpecification\",\"valueRequired\":true,\"valueName\":\"search_term_string\"}}],\"inLanguage\":\"fr-FR\"},{\"@type\":\"Organization\",\"@id\":\"https:\/\/honfest.preprod-kalelia.fr\/#organization\",\"name\":\"Honor\u00e9 Festif\",\"url\":\"https:\/\/honfest.preprod-kalelia.fr\/\",\"logo\":{\"@type\":\"ImageObject\",\"inLanguage\":\"fr-FR\",\"@id\":\"https:\/\/honfest.preprod-kalelia.fr\/#\/schema\/logo\/image\/\",\"url\":\"https:\/\/honfest.preprod-kalelia.fr\/wp-content\/uploads\/2020\/10\/logo-honore-festif.png\",\"contentUrl\":\"https:\/\/honfest.preprod-kalelia.fr\/wp-content\/uploads\/2020\/10\/logo-honore-festif.png\",\"width\":198,\"height\":118,\"caption\":\"Honor\u00e9 Festif\"},\"image\":{\"@id\":\"https:\/\/honfest.preprod-kalelia.fr\/#\/schema\/logo\/image\/\"}}]}<\/script>\n<!-- \/ Yoast SEO plugin. -->","yoast_head_json":{"title":"Nos producteurs | Honor\u00e9 Festif","robots":{"index":"index","follow":"follow","max-snippet":"max-snippet:-1","max-image-preview":"max-image-preview:large","max-video-preview":"max-video-preview:-1"},"canonical":"https:\/\/honfest.preprod-kalelia.fr\/?page_id=87","og_locale":"fr_FR","og_type":"article","og_title":"Nos producteurs | Honor\u00e9 Festif","og_description":"L\u2019Origine de nos produits Nos principaux fournisseurs sont compos\u00e9s exclusivement d\u2019entreprises locales... Lire plus","og_url":"https:\/\/honfest.preprod-kalelia.fr\/?page_id=87","og_site_name":"Honor\u00e9 Festif","article_modified_time":"2022-11-08T13:35:21+00:00","twitter_card":"summary_large_image","twitter_misc":{"Dur\u00e9e de lecture estim\u00e9e":"2 minutes"},"schema":{"@context":"https:\/\/schema.org","@graph":[{"@type":"WebPage","@id":"https:\/\/honfest.preprod-kalelia.fr\/?page_id=87","url":"https:\/\/honfest.preprod-kalelia.fr\/?page_id=87","name":"Nos producteurs | Honor\u00e9 Festif","isPartOf":{"@id":"https:\/\/honfest.preprod-kalelia.fr\/#website"},"datePublished":"2020-04-21T14:00:29+00:00","dateModified":"2022-11-08T13:35:21+00:00","breadcrumb":{"@id":"https:\/\/honfest.preprod-kalelia.fr\/?page_id=87#breadcrumb"},"inLanguage":"fr-FR","potentialAction":[{"@type":"ReadAction","target":["https:\/\/honfest.preprod-kalelia.fr\/?page_id=87"]}]},{"@type":"BreadcrumbList","@id":"https:\/\/honfest.preprod-kalelia.fr\/?page_id=87#breadcrumb","itemListElement":[{"@type":"ListItem","position":1,"name":"Accueil","item":"https:\/\/honfest.preprod-kalelia.fr\/"},{"@type":"ListItem","position":2,"name":"Nos producteurs"}]},{"@type":"WebSite","@id":"https:\/\/honfest.preprod-kalelia.fr\/#website","url":"https:\/\/honfest.preprod-kalelia.fr\/","name":"Honor\u00e9 Festif","description":"","publisher":{"@id":"https:\/\/honfest.preprod-kalelia.fr\/#organization"},"potentialAction":[{"@type":"SearchAction","target":{"@type":"EntryPoint","urlTemplate":"https:\/\/honfest.preprod-kalelia.fr\/?s={search_term_string}"},"query-input":{"@type":"PropertyValueSpecification","valueRequired":true,"valueName":"search_term_string"}}],"inLanguage":"fr-FR"},{"@type":"Organization","@id":"https:\/\/honfest.preprod-kalelia.fr\/#organization","name":"Honor\u00e9 Festif","url":"https:\/\/honfest.preprod-kalelia.fr\/","logo":{"@type":"ImageObject","inLanguage":"fr-FR","@id":"https:\/\/honfest.preprod-kalelia.fr\/#\/schema\/logo\/image\/","url":"https:\/\/honfest.preprod-kalelia.fr\/wp-content\/uploads\/2020\/10\/logo-honore-festif.png","contentUrl":"https:\/\/honfest.preprod-kalelia.fr\/wp-content\/uploads\/2020\/10\/logo-honore-festif.png","width":198,"height":118,"caption":"Honor\u00e9 Festif"},"image":{"@id":"https:\/\/honfest.preprod-kalelia.fr\/#\/schema\/logo\/image\/"}}]}},"_links":{"self":[{"href":"https:\/\/honfest.preprod-kalelia.fr\/index.php?rest_route=\/wp\/v2\/pages\/87","targetHints":{"allow":["GET"]}}],"collection":[{"href":"https:\/\/honfest.preprod-kalelia.fr\/index.php?rest_route=\/wp\/v2\/pages"}],"about":[{"href":"https:\/\/honfest.preprod-kalelia.fr\/index.php?rest_route=\/wp\/v2\/types\/page"}],"author":[{"embeddable":true,"href":"https:\/\/honfest.preprod-kalelia.fr\/index.php?rest_route=\/wp\/v2\/users\/1"}],"replies":[{"embeddable":true,"href":"https:\/\/honfest.preprod-kalelia.fr\/index.php?rest_route=%2Fwp%2Fv2%2Fcomments&post=87"}],"version-history":[{"count":7,"href":"https:\/\/honfest.preprod-kalelia.fr\/index.php?rest_route=\/wp\/v2\/pages\/87\/revisions"}],"predecessor-version":[{"id":10425,"href":"https:\/\/honfest.preprod-kalelia.fr\/index.php?rest_route=\/wp\/v2\/pages\/87\/revisions\/10425"}],"wp:attachment":[{"href":"https:\/\/honfest.preprod-kalelia.fr\/index.php?rest_route=%2Fwp%2Fv2%2Fmedia&parent=87"}],"curies":[{"name":"wp","href":"https:\/\/api.w.org\/{rel}","templated":true}]}}