{"id":91,"date":"2020-04-21T16:38:08","date_gmt":"2020-04-21T14:38:08","guid":{"rendered":"http:\/\/honorefestif.1-ter-net.net\/?page_id=91"},"modified":"2021-02-18T10:56:50","modified_gmt":"2021-02-18T09:56:50","slug":"paiements","status":"publish","type":"page","link":"https:\/\/honfest.preprod-kalelia.fr\/?page_id=91","title":{"rendered":"Moyens de paiement"},"content":{"rendered":"<h2>Le Paiement s\u00e9curis\u00e9<\/h2>\n<p>Lors d&rsquo;un achat sur internet \u00e9quip\u00e9 de E-Transactions paiement, l&rsquo;ensemble de la transaction s&rsquo;effectue sur notre site bancaire en mode crypt\u00e9.<br \/>\nVous quittez temporairement le site du commer\u00e7ant en toute transparence pour enregistrer vos coordonn\u00e9es bancaires.<\/p>\n<p>C&rsquo;est la garantie que :<\/p>\n<ul>\n<li>Le commer\u00e7ant ne conna\u00eetra jamais votre num\u00e9ro de carte<\/li>\n<li>E-Transactions paiement ne pourra rien savoir du d\u00e9tail de vos achats puisque seul le montant total et le num\u00e9ro de commande nous sont transmis par le marchand.<\/li>\n<\/ul>\n<h3><\/h3>\n<h3>Notre offre de paiement s\u00e9curis\u00e9<\/h3>\n<p>Avec SSL (Secure Sockets Layers, que l&rsquo;on pourrait traduire par couche de sockets s\u00e9curis\u00e9e) est un proc\u00e9d\u00e9 de s\u00e9curisation des transactions effectu\u00e9es via Internet.<br \/>\nLe standard SSL a \u00e9t\u00e9 mis au point par Netscape, en collaboration avec Mastercard, Bank of America, MCI et Silicon Graphics. Il repose sur un proc\u00e9d\u00e9 de cryptographie par clef publique afin de garantir la s\u00e9curit\u00e9 de la transmission de donn\u00e9es sur internet.<br \/>\nSon principe consiste \u00e0 \u00e9tablir un canal de communication s\u00e9curis\u00e9 (chiffr\u00e9) entre deux machines (un client et un serveur) apr\u00e8s une \u00e9tape d&rsquo;authentification.<\/p>\n<h3>Utilisation de Visa\/Mastercard<\/h3>\n<p>Vous effectuez vos achats sur notre site.<br \/>\nLors du paiement, vous indiquez vos coordonn\u00e9es de votre carte bancaire sur E-Transactions paiement.<br \/>\nCes informations sont transmises \u00e0 votre banque. Celle-ci vous demande alors de vous authentifier (via une validation par sms par exemple).<br \/>\nLe E-Transactions paiement v\u00e9rifie que l&rsquo;authentification est r\u00e9alis\u00e9e, puis effectue les contr\u00f4les habituels pour conclure la transaction avant de vous retourner vers notre site.<\/p>\n<h2>La facturation<\/h2>\n<p><strong>1\u00e8re commande (nouveau client ou derni\u00e8re commande datant de plus de 6 mois) :<\/strong><br \/>\nPaiement comptant de la totalit\u00e9 de la commande (par carte bancaire en ligne &#8211; paiement s\u00e9curis\u00e9, par virement ou par ch\u00e8que \u00e0 la livraison).<\/p>\n<p><strong>Client en compte (\u00e0 partir de la 2\u00e8me commande) :<\/strong><br \/>\nPaiement de la totalit\u00e9 de la commande \u00e0 r\u00e9ception de facture sous 30 jours maximum (selon l\u2019art. L443-1 du code du Commerce).<\/p>\n","protected":false},"excerpt":{"rendered":"<p>Le Paiement s\u00e9curis\u00e9 Lors d&rsquo;un achat sur internet \u00e9quip\u00e9 de E-Transactions paiement,&#8230; <br \/><a class=\"readmore\" href=\"https:\/\/honfest.preprod-kalelia.fr\/?page_id=91\"><span class=\"btn_blog_list_arrow\">Lire plus<\/span><\/a><\/p>\n","protected":false},"author":1,"featured_media":0,"parent":0,"menu_order":0,"comment_status":"closed","ping_status":"closed","template":"","meta":{"footnotes":""},"class_list":["post-91","page","type-page","status-publish","hentry"],"yoast_head":"<!-- This site is optimized with the Yoast SEO plugin v25.9 - https:\/\/yoast.com\/wordpress\/plugins\/seo\/ -->\n<title>Paiement s\u00e9curis\u00e9 | Honor\u00e9 Festif<\/title>\n<meta name=\"description\" content=\"Notre offre de paiement s\u00e9curis\u00e9\" \/>\n<meta name=\"robots\" content=\"noindex, follow\" \/>\n<meta property=\"og:locale\" content=\"fr_FR\" \/>\n<meta property=\"og:type\" content=\"article\" \/>\n<meta property=\"og:title\" content=\"Paiement s\u00e9curis\u00e9 | Honor\u00e9 Festif\" \/>\n<meta property=\"og:description\" content=\"Notre offre de paiement s\u00e9curis\u00e9\" \/>\n<meta property=\"og:url\" content=\"https:\/\/honfest.preprod-kalelia.fr\/?page_id=91\" \/>\n<meta property=\"og:site_name\" content=\"Honor\u00e9 Festif\" \/>\n<meta property=\"article:modified_time\" content=\"2021-02-18T09:56:50+00:00\" \/>\n<meta name=\"twitter:card\" content=\"summary_large_image\" \/>\n<meta name=\"twitter:label1\" content=\"Dur\u00e9e de lecture estim\u00e9e\" \/>\n\t<meta name=\"twitter:data1\" content=\"2 minutes\" \/>\n<script type=\"application\/ld+json\" class=\"yoast-schema-graph\">{\"@context\":\"https:\/\/schema.org\",\"@graph\":[{\"@type\":\"WebPage\",\"@id\":\"https:\/\/honfest.preprod-kalelia.fr\/?page_id=91\",\"url\":\"https:\/\/honfest.preprod-kalelia.fr\/?page_id=91\",\"name\":\"Paiement s\u00e9curis\u00e9 | Honor\u00e9 Festif\",\"isPartOf\":{\"@id\":\"https:\/\/honfest.preprod-kalelia.fr\/#website\"},\"datePublished\":\"2020-04-21T14:38:08+00:00\",\"dateModified\":\"2021-02-18T09:56:50+00:00\",\"description\":\"Notre offre de paiement s\u00e9curis\u00e9\",\"breadcrumb\":{\"@id\":\"https:\/\/honfest.preprod-kalelia.fr\/?page_id=91#breadcrumb\"},\"inLanguage\":\"fr-FR\",\"potentialAction\":[{\"@type\":\"ReadAction\",\"target\":[\"https:\/\/honfest.preprod-kalelia.fr\/?page_id=91\"]}]},{\"@type\":\"BreadcrumbList\",\"@id\":\"https:\/\/honfest.preprod-kalelia.fr\/?page_id=91#breadcrumb\",\"itemListElement\":[{\"@type\":\"ListItem\",\"position\":1,\"name\":\"Accueil\",\"item\":\"https:\/\/honfest.preprod-kalelia.fr\/\"},{\"@type\":\"ListItem\",\"position\":2,\"name\":\"Moyens de paiement\"}]},{\"@type\":\"WebSite\",\"@id\":\"https:\/\/honfest.preprod-kalelia.fr\/#website\",\"url\":\"https:\/\/honfest.preprod-kalelia.fr\/\",\"name\":\"Honor\u00e9 Festif\",\"description\":\"\",\"publisher\":{\"@id\":\"https:\/\/honfest.preprod-kalelia.fr\/#organization\"},\"potentialAction\":[{\"@type\":\"SearchAction\",\"target\":{\"@type\":\"EntryPoint\",\"urlTemplate\":\"https:\/\/honfest.preprod-kalelia.fr\/?s={search_term_string}\"},\"query-input\":{\"@type\":\"PropertyValueSpecification\",\"valueRequired\":true,\"valueName\":\"search_term_string\"}}],\"inLanguage\":\"fr-FR\"},{\"@type\":\"Organization\",\"@id\":\"https:\/\/honfest.preprod-kalelia.fr\/#organization\",\"name\":\"Honor\u00e9 Festif\",\"url\":\"https:\/\/honfest.preprod-kalelia.fr\/\",\"logo\":{\"@type\":\"ImageObject\",\"inLanguage\":\"fr-FR\",\"@id\":\"https:\/\/honfest.preprod-kalelia.fr\/#\/schema\/logo\/image\/\",\"url\":\"https:\/\/honfest.preprod-kalelia.fr\/wp-content\/uploads\/2020\/10\/logo-honore-festif.png\",\"contentUrl\":\"https:\/\/honfest.preprod-kalelia.fr\/wp-content\/uploads\/2020\/10\/logo-honore-festif.png\",\"width\":198,\"height\":118,\"caption\":\"Honor\u00e9 Festif\"},\"image\":{\"@id\":\"https:\/\/honfest.preprod-kalelia.fr\/#\/schema\/logo\/image\/\"}}]}<\/script>\n<!-- \/ Yoast SEO plugin. -->","yoast_head_json":{"title":"Paiement s\u00e9curis\u00e9 | Honor\u00e9 Festif","description":"Notre offre de paiement s\u00e9curis\u00e9","robots":{"index":"noindex","follow":"follow"},"og_locale":"fr_FR","og_type":"article","og_title":"Paiement s\u00e9curis\u00e9 | Honor\u00e9 Festif","og_description":"Notre offre de paiement s\u00e9curis\u00e9","og_url":"https:\/\/honfest.preprod-kalelia.fr\/?page_id=91","og_site_name":"Honor\u00e9 Festif","article_modified_time":"2021-02-18T09:56:50+00:00","twitter_card":"summary_large_image","twitter_misc":{"Dur\u00e9e de lecture estim\u00e9e":"2 minutes"},"schema":{"@context":"https:\/\/schema.org","@graph":[{"@type":"WebPage","@id":"https:\/\/honfest.preprod-kalelia.fr\/?page_id=91","url":"https:\/\/honfest.preprod-kalelia.fr\/?page_id=91","name":"Paiement s\u00e9curis\u00e9 | Honor\u00e9 Festif","isPartOf":{"@id":"https:\/\/honfest.preprod-kalelia.fr\/#website"},"datePublished":"2020-04-21T14:38:08+00:00","dateModified":"2021-02-18T09:56:50+00:00","description":"Notre offre de paiement s\u00e9curis\u00e9","breadcrumb":{"@id":"https:\/\/honfest.preprod-kalelia.fr\/?page_id=91#breadcrumb"},"inLanguage":"fr-FR","potentialAction":[{"@type":"ReadAction","target":["https:\/\/honfest.preprod-kalelia.fr\/?page_id=91"]}]},{"@type":"BreadcrumbList","@id":"https:\/\/honfest.preprod-kalelia.fr\/?page_id=91#breadcrumb","itemListElement":[{"@type":"ListItem","position":1,"name":"Accueil","item":"https:\/\/honfest.preprod-kalelia.fr\/"},{"@type":"ListItem","position":2,"name":"Moyens de paiement"}]},{"@type":"WebSite","@id":"https:\/\/honfest.preprod-kalelia.fr\/#website","url":"https:\/\/honfest.preprod-kalelia.fr\/","name":"Honor\u00e9 Festif","description":"","publisher":{"@id":"https:\/\/honfest.preprod-kalelia.fr\/#organization"},"potentialAction":[{"@type":"SearchAction","target":{"@type":"EntryPoint","urlTemplate":"https:\/\/honfest.preprod-kalelia.fr\/?s={search_term_string}"},"query-input":{"@type":"PropertyValueSpecification","valueRequired":true,"valueName":"search_term_string"}}],"inLanguage":"fr-FR"},{"@type":"Organization","@id":"https:\/\/honfest.preprod-kalelia.fr\/#organization","name":"Honor\u00e9 Festif","url":"https:\/\/honfest.preprod-kalelia.fr\/","logo":{"@type":"ImageObject","inLanguage":"fr-FR","@id":"https:\/\/honfest.preprod-kalelia.fr\/#\/schema\/logo\/image\/","url":"https:\/\/honfest.preprod-kalelia.fr\/wp-content\/uploads\/2020\/10\/logo-honore-festif.png","contentUrl":"https:\/\/honfest.preprod-kalelia.fr\/wp-content\/uploads\/2020\/10\/logo-honore-festif.png","width":198,"height":118,"caption":"Honor\u00e9 Festif"},"image":{"@id":"https:\/\/honfest.preprod-kalelia.fr\/#\/schema\/logo\/image\/"}}]}},"_links":{"self":[{"href":"https:\/\/honfest.preprod-kalelia.fr\/index.php?rest_route=\/wp\/v2\/pages\/91","targetHints":{"allow":["GET"]}}],"collection":[{"href":"https:\/\/honfest.preprod-kalelia.fr\/index.php?rest_route=\/wp\/v2\/pages"}],"about":[{"href":"https:\/\/honfest.preprod-kalelia.fr\/index.php?rest_route=\/wp\/v2\/types\/page"}],"author":[{"embeddable":true,"href":"https:\/\/honfest.preprod-kalelia.fr\/index.php?rest_route=\/wp\/v2\/users\/1"}],"replies":[{"embeddable":true,"href":"https:\/\/honfest.preprod-kalelia.fr\/index.php?rest_route=%2Fwp%2Fv2%2Fcomments&post=91"}],"version-history":[{"count":5,"href":"https:\/\/honfest.preprod-kalelia.fr\/index.php?rest_route=\/wp\/v2\/pages\/91\/revisions"}],"predecessor-version":[{"id":7016,"href":"https:\/\/honfest.preprod-kalelia.fr\/index.php?rest_route=\/wp\/v2\/pages\/91\/revisions\/7016"}],"wp:attachment":[{"href":"https:\/\/honfest.preprod-kalelia.fr\/index.php?rest_route=%2Fwp%2Fv2%2Fmedia&parent=91"}],"curies":[{"name":"wp","href":"https:\/\/api.w.org\/{rel}","templated":true}]}}