{"id":1020,"date":"2015-03-24T13:06:18","date_gmt":"2015-03-24T12:06:18","guid":{"rendered":"http:\/\/honorefestif.1-ter-net.net\/?product=plateau-de-macarons-gourmands"},"modified":"2025-06-27T11:18:16","modified_gmt":"2025-06-27T09:18:16","slug":"plateau-de-macarons-gourmands-hiver-2021","status":"publish","type":"product","link":"https:\/\/honfest.preprod-kalelia.fr\/?product=plateau-de-macarons-gourmands-hiver-2021","title":{"rendered":"Plateau de macarons gourmands"},"content":{"rendered":"<p><span>Macaron ch\u00e2taigne-rhum (cr\u00e8me de ch\u00e2taigne au rhum) <\/span><\/p>\n<p><span>Macaron moka (ganache \u00e0 l\u2019infusion de caf\u00e9 Arabica) <\/span><\/p>\n<p><span>Macaron orange sanguine (ganache chocolat blanc \u00e0 l\u2019orange sanguine) <\/span><\/p>\n<p><span>Macaron pistache-amarena (ganache \u00e0 la p\u00e2te de pistache, brisures d\u2019amarena<\/span><\/p>\n<p><a href=\"https:\/\/honfest.preprod-kalelia.fr\/wp-content\/uploads\/2015\/03\/Conditions-Generales-de-ventes-site-Internet.pdf\" target=\"_blank\" rel=\"noopener noreferrer\"><img loading=\"lazy\" decoding=\"async\" class=\" size-full wp-image-1019\" width=\"74\" height=\"55\" style=\"margin-left: auto;margin-right: auto\" alt=\"\" src=\"https:\/\/honfest.preprod-kalelia.fr\/wp-content\/uploads\/2015\/03\/Delai-48h.jpg\" \/><\/a><\/p>\n<p><sub><span style=\"text-decoration: underline\">Ce produit peut\u00a0contenir les allerg\u00e8nes suivants : <\/span><\/sub><sub>Gluten,\u00a0\u0153ufs, \u00a0Arachides,\u00a0Lait, Fruits \u00e0 Coques<\/sub><\/p>\n","protected":false},"excerpt":{"rendered":"<p>Macaron Vanille (ganache \u00e0 la p\u00e2te de vanille de Tahiti)<\/p>\n<p>Macaron Mojito (ganache \u00e0 la menthe et au citron vert)<\/p>\n<p>Macaron Abricot (ganache \u00e0 la pur\u00e9e d&rsquo;abricot Bergeron)<\/p>\n<p>Macaron Fraise (ganache \u00e0 la fraise Ciflorette)<\/p>\n","protected":false},"featured_media":6467,"template":"","meta":[],"product_cat":[46,64,50,62],"product_tag":[334],"class_list":{"0":"post-1020","1":"product","2":"type-product","3":"status-publish","4":"has-post-thumbnail","6":"type-prest-produit-cocktail-dejeunatoire-2h-debout","7":"type-prest-produit-cocktail-dinatoire-3h-debout","8":"type-prest-produit-pause-a-theme-1h-debout","9":"saveur-produit-sucre","10":"product_cat-cocktail","11":"product_cat-cocktail-a-composer","12":"product_cat-pause-cafe","13":"product_cat-pauses-a-composer","14":"product_tag-macaron","16":"first","17":"instock","18":"taxable","19":"shipping-taxable","20":"purchasable","21":"product-type-simple"},"yoast_head":"<!-- This site is optimized with the Yoast SEO plugin v25.9 - https:\/\/yoast.com\/wordpress\/plugins\/seo\/ -->\n<title>Plateau de macarons gourmands | Honor\u00e9 Festif<\/title>\n<meta name=\"description\" content=\"vente Plateau de macarons gourmands particulier entreprise \u00e0 Nantes et Loire Atlantique\" \/>\n<meta name=\"robots\" content=\"index, follow, max-snippet:-1, max-image-preview:large, max-video-preview:-1\" \/>\n<link rel=\"canonical\" href=\"https:\/\/honfest.preprod-kalelia.fr\/?product=plateau-de-macarons-gourmands-hiver-2021\" \/>\n<meta property=\"og:locale\" content=\"fr_FR\" \/>\n<meta property=\"og:type\" content=\"article\" \/>\n<meta property=\"og:title\" content=\"Plateau de macarons gourmands | Honor\u00e9 Festif\" \/>\n<meta property=\"og:description\" content=\"vente Plateau de macarons gourmands particulier entreprise \u00e0 Nantes et Loire Atlantique\" \/>\n<meta property=\"og:url\" content=\"https:\/\/honfest.preprod-kalelia.fr\/?product=plateau-de-macarons-gourmands-hiver-2021\" \/>\n<meta property=\"og:site_name\" content=\"Honor\u00e9 Festif\" \/>\n<meta property=\"article:modified_time\" content=\"2025-06-27T09:18:16+00:00\" \/>\n<meta property=\"og:image\" content=\"https:\/\/honfest.preprod-kalelia.fr\/wp-content\/uploads\/2020\/08\/Macarons-gourmands.png\" \/>\n\t<meta property=\"og:image:width\" content=\"768\" \/>\n\t<meta property=\"og:image:height\" content=\"768\" \/>\n\t<meta property=\"og:image:type\" content=\"image\/png\" \/>\n<meta name=\"twitter:card\" content=\"summary_large_image\" \/>\n<meta name=\"twitter:label1\" content=\"Dur\u00e9e de lecture estim\u00e9e\" \/>\n\t<meta name=\"twitter:data1\" content=\"1 minute\" \/>\n<script type=\"application\/ld+json\" class=\"yoast-schema-graph\">{\"@context\":\"https:\/\/schema.org\",\"@graph\":[{\"@type\":\"WebPage\",\"@id\":\"https:\/\/honfest.preprod-kalelia.fr\/?product=plateau-de-macarons-gourmands-hiver-2021\",\"url\":\"https:\/\/honfest.preprod-kalelia.fr\/?product=plateau-de-macarons-gourmands-hiver-2021\",\"name\":\"Plateau de macarons gourmands | Honor\u00e9 Festif\",\"isPartOf\":{\"@id\":\"https:\/\/honfest.preprod-kalelia.fr\/#website\"},\"primaryImageOfPage\":{\"@id\":\"https:\/\/honfest.preprod-kalelia.fr\/?product=plateau-de-macarons-gourmands-hiver-2021#primaryimage\"},\"image\":{\"@id\":\"https:\/\/honfest.preprod-kalelia.fr\/?product=plateau-de-macarons-gourmands-hiver-2021#primaryimage\"},\"thumbnailUrl\":\"https:\/\/honfest.preprod-kalelia.fr\/wp-content\/uploads\/2020\/08\/Macarons-gourmands.png\",\"datePublished\":\"2015-03-24T12:06:18+00:00\",\"dateModified\":\"2025-06-27T09:18:16+00:00\",\"description\":\"vente Plateau de macarons gourmands particulier entreprise \u00e0 Nantes et Loire Atlantique\",\"breadcrumb\":{\"@id\":\"https:\/\/honfest.preprod-kalelia.fr\/?product=plateau-de-macarons-gourmands-hiver-2021#breadcrumb\"},\"inLanguage\":\"fr-FR\",\"potentialAction\":[{\"@type\":\"ReadAction\",\"target\":[\"https:\/\/honfest.preprod-kalelia.fr\/?product=plateau-de-macarons-gourmands-hiver-2021\"]}]},{\"@type\":\"ImageObject\",\"inLanguage\":\"fr-FR\",\"@id\":\"https:\/\/honfest.preprod-kalelia.fr\/?product=plateau-de-macarons-gourmands-hiver-2021#primaryimage\",\"url\":\"https:\/\/honfest.preprod-kalelia.fr\/wp-content\/uploads\/2020\/08\/Macarons-gourmands.png\",\"contentUrl\":\"https:\/\/honfest.preprod-kalelia.fr\/wp-content\/uploads\/2020\/08\/Macarons-gourmands.png\",\"width\":768,\"height\":768},{\"@type\":\"BreadcrumbList\",\"@id\":\"https:\/\/honfest.preprod-kalelia.fr\/?product=plateau-de-macarons-gourmands-hiver-2021#breadcrumb\",\"itemListElement\":[{\"@type\":\"ListItem\",\"position\":1,\"name\":\"Accueil\",\"item\":\"https:\/\/honfest.preprod-kalelia.fr\/\"},{\"@type\":\"ListItem\",\"position\":2,\"name\":\"Plateau de macarons gourmands\"}]},{\"@type\":\"WebSite\",\"@id\":\"https:\/\/honfest.preprod-kalelia.fr\/#website\",\"url\":\"https:\/\/honfest.preprod-kalelia.fr\/\",\"name\":\"Honor\u00e9 Festif\",\"description\":\"\",\"publisher\":{\"@id\":\"https:\/\/honfest.preprod-kalelia.fr\/#organization\"},\"potentialAction\":[{\"@type\":\"SearchAction\",\"target\":{\"@type\":\"EntryPoint\",\"urlTemplate\":\"https:\/\/honfest.preprod-kalelia.fr\/?s={search_term_string}\"},\"query-input\":{\"@type\":\"PropertyValueSpecification\",\"valueRequired\":true,\"valueName\":\"search_term_string\"}}],\"inLanguage\":\"fr-FR\"},{\"@type\":\"Organization\",\"@id\":\"https:\/\/honfest.preprod-kalelia.fr\/#organization\",\"name\":\"Honor\u00e9 Festif\",\"url\":\"https:\/\/honfest.preprod-kalelia.fr\/\",\"logo\":{\"@type\":\"ImageObject\",\"inLanguage\":\"fr-FR\",\"@id\":\"https:\/\/honfest.preprod-kalelia.fr\/#\/schema\/logo\/image\/\",\"url\":\"https:\/\/honfest.preprod-kalelia.fr\/wp-content\/uploads\/2020\/10\/logo-honore-festif.png\",\"contentUrl\":\"https:\/\/honfest.preprod-kalelia.fr\/wp-content\/uploads\/2020\/10\/logo-honore-festif.png\",\"width\":198,\"height\":118,\"caption\":\"Honor\u00e9 Festif\"},\"image\":{\"@id\":\"https:\/\/honfest.preprod-kalelia.fr\/#\/schema\/logo\/image\/\"}}]}<\/script>\n<!-- \/ Yoast SEO plugin. -->","yoast_head_json":{"title":"Plateau de macarons gourmands | Honor\u00e9 Festif","description":"vente Plateau de macarons gourmands particulier entreprise \u00e0 Nantes et Loire Atlantique","robots":{"index":"index","follow":"follow","max-snippet":"max-snippet:-1","max-image-preview":"max-image-preview:large","max-video-preview":"max-video-preview:-1"},"canonical":"https:\/\/honfest.preprod-kalelia.fr\/?product=plateau-de-macarons-gourmands-hiver-2021","og_locale":"fr_FR","og_type":"article","og_title":"Plateau de macarons gourmands | Honor\u00e9 Festif","og_description":"vente Plateau de macarons gourmands particulier entreprise \u00e0 Nantes et Loire Atlantique","og_url":"https:\/\/honfest.preprod-kalelia.fr\/?product=plateau-de-macarons-gourmands-hiver-2021","og_site_name":"Honor\u00e9 Festif","article_modified_time":"2025-06-27T09:18:16+00:00","og_image":[{"width":768,"height":768,"url":"https:\/\/honfest.preprod-kalelia.fr\/wp-content\/uploads\/2020\/08\/Macarons-gourmands.png","type":"image\/png"}],"twitter_card":"summary_large_image","twitter_misc":{"Dur\u00e9e de lecture estim\u00e9e":"1 minute"},"schema":{"@context":"https:\/\/schema.org","@graph":[{"@type":"WebPage","@id":"https:\/\/honfest.preprod-kalelia.fr\/?product=plateau-de-macarons-gourmands-hiver-2021","url":"https:\/\/honfest.preprod-kalelia.fr\/?product=plateau-de-macarons-gourmands-hiver-2021","name":"Plateau de macarons gourmands | Honor\u00e9 Festif","isPartOf":{"@id":"https:\/\/honfest.preprod-kalelia.fr\/#website"},"primaryImageOfPage":{"@id":"https:\/\/honfest.preprod-kalelia.fr\/?product=plateau-de-macarons-gourmands-hiver-2021#primaryimage"},"image":{"@id":"https:\/\/honfest.preprod-kalelia.fr\/?product=plateau-de-macarons-gourmands-hiver-2021#primaryimage"},"thumbnailUrl":"https:\/\/honfest.preprod-kalelia.fr\/wp-content\/uploads\/2020\/08\/Macarons-gourmands.png","datePublished":"2015-03-24T12:06:18+00:00","dateModified":"2025-06-27T09:18:16+00:00","description":"vente Plateau de macarons gourmands particulier entreprise \u00e0 Nantes et Loire Atlantique","breadcrumb":{"@id":"https:\/\/honfest.preprod-kalelia.fr\/?product=plateau-de-macarons-gourmands-hiver-2021#breadcrumb"},"inLanguage":"fr-FR","potentialAction":[{"@type":"ReadAction","target":["https:\/\/honfest.preprod-kalelia.fr\/?product=plateau-de-macarons-gourmands-hiver-2021"]}]},{"@type":"ImageObject","inLanguage":"fr-FR","@id":"https:\/\/honfest.preprod-kalelia.fr\/?product=plateau-de-macarons-gourmands-hiver-2021#primaryimage","url":"https:\/\/honfest.preprod-kalelia.fr\/wp-content\/uploads\/2020\/08\/Macarons-gourmands.png","contentUrl":"https:\/\/honfest.preprod-kalelia.fr\/wp-content\/uploads\/2020\/08\/Macarons-gourmands.png","width":768,"height":768},{"@type":"BreadcrumbList","@id":"https:\/\/honfest.preprod-kalelia.fr\/?product=plateau-de-macarons-gourmands-hiver-2021#breadcrumb","itemListElement":[{"@type":"ListItem","position":1,"name":"Accueil","item":"https:\/\/honfest.preprod-kalelia.fr\/"},{"@type":"ListItem","position":2,"name":"Plateau de macarons gourmands"}]},{"@type":"WebSite","@id":"https:\/\/honfest.preprod-kalelia.fr\/#website","url":"https:\/\/honfest.preprod-kalelia.fr\/","name":"Honor\u00e9 Festif","description":"","publisher":{"@id":"https:\/\/honfest.preprod-kalelia.fr\/#organization"},"potentialAction":[{"@type":"SearchAction","target":{"@type":"EntryPoint","urlTemplate":"https:\/\/honfest.preprod-kalelia.fr\/?s={search_term_string}"},"query-input":{"@type":"PropertyValueSpecification","valueRequired":true,"valueName":"search_term_string"}}],"inLanguage":"fr-FR"},{"@type":"Organization","@id":"https:\/\/honfest.preprod-kalelia.fr\/#organization","name":"Honor\u00e9 Festif","url":"https:\/\/honfest.preprod-kalelia.fr\/","logo":{"@type":"ImageObject","inLanguage":"fr-FR","@id":"https:\/\/honfest.preprod-kalelia.fr\/#\/schema\/logo\/image\/","url":"https:\/\/honfest.preprod-kalelia.fr\/wp-content\/uploads\/2020\/10\/logo-honore-festif.png","contentUrl":"https:\/\/honfest.preprod-kalelia.fr\/wp-content\/uploads\/2020\/10\/logo-honore-festif.png","width":198,"height":118,"caption":"Honor\u00e9 Festif"},"image":{"@id":"https:\/\/honfest.preprod-kalelia.fr\/#\/schema\/logo\/image\/"}}]}},"_links":{"self":[{"href":"https:\/\/honfest.preprod-kalelia.fr\/index.php?rest_route=\/wp\/v2\/product\/1020","targetHints":{"allow":["GET"]}}],"collection":[{"href":"https:\/\/honfest.preprod-kalelia.fr\/index.php?rest_route=\/wp\/v2\/product"}],"about":[{"href":"https:\/\/honfest.preprod-kalelia.fr\/index.php?rest_route=\/wp\/v2\/types\/product"}],"wp:featuredmedia":[{"embeddable":true,"href":"https:\/\/honfest.preprod-kalelia.fr\/index.php?rest_route=\/wp\/v2\/media\/6467"}],"wp:attachment":[{"href":"https:\/\/honfest.preprod-kalelia.fr\/index.php?rest_route=%2Fwp%2Fv2%2Fmedia&parent=1020"}],"wp:term":[{"taxonomy":"product_cat","embeddable":true,"href":"https:\/\/honfest.preprod-kalelia.fr\/index.php?rest_route=%2Fwp%2Fv2%2Fproduct_cat&post=1020"},{"taxonomy":"product_tag","embeddable":true,"href":"https:\/\/honfest.preprod-kalelia.fr\/index.php?rest_route=%2Fwp%2Fv2%2Fproduct_tag&post=1020"}],"curies":[{"name":"wp","href":"https:\/\/api.w.org\/{rel}","templated":true}]}}