{"id":1028,"date":"2015-05-15T12:09:50","date_gmt":"2015-05-15T10:09:50","guid":{"rendered":"http:\/\/honorefestif.1-ter-net.net\/?product=cocktail-aperitif-8-pieces"},"modified":"2025-01-07T15:18:06","modified_gmt":"2025-01-07T14:18:06","slug":"cocktail-aperitif-8-pieces-2","status":"publish","type":"product","link":"https:\/\/honfest.preprod-kalelia.fr\/?product=cocktail-aperitif-8-pieces-2","title":{"rendered":"Cocktail Des Saveurs 8 pi\u00e8ces"},"content":{"rendered":"<p style=\"text-align: center\"><em>Le cocktail ap\u00e9ritif\u00a08 pi\u00e8ces est id\u00e9al pour un temps convivial d&rsquo;une dur\u00e9e d&rsquo;1h00<\/em><\/p>\n<p style=\"text-align: left\"><strong><span style=\"text-decoration: underline\">Pi\u00e8ces cocktail sal\u00e9es froides<\/span><\/strong><\/p>\n<p style=\"text-align: center\"><span style=\"color: #000000\"><em><strong>Ce cocktail comprend <\/strong><\/em><span style=\"text-decoration: underline\"><strong><span style=\"color: #2b6d33;text-decoration: underline\">la nourriture uniquement<\/span><\/strong><\/span><em><strong>, dress\u00e9e sur supports jetables de qualit\u00e9<\/strong><\/em><\/span><\/p>\n<p style=\"text-align: center\">Pain surprise aux gra\u00eenes \u00ab\u00a0Terre\u00a0\u00bb (3 pi\u00e8ces par personne)<\/p>\n<p style=\"text-align: center\">Fraicheur in Lova (2 pi\u00e8ces par personne)<\/p>\n<p style=\"text-align: center\">Mini brochettes sal\u00e9es (2 pi\u00e8ces par personne)<\/p>\n<p style=\"text-align: center\">Canap\u00e9s (1 pi\u00e8ce par personne)<\/p>\n<p><img loading=\"lazy\" decoding=\"async\" class=\" size-full wp-image-1027\" width=\"87\" height=\"65\" style=\"margin-right: auto;margin-left: auto\" alt=\"\" src=\"https:\/\/honfest.preprod-kalelia.fr\/wp-content\/uploads\/2015\/05\/Delai-48h.jpg\" \/><\/p>\n<\/p>\n<\/p>\n<\/p><\/p>\n","protected":false},"excerpt":{"rendered":"<p style=\"text-align: center\"><em>Le cocktail ap\u00e9ritif\u00a08 pi\u00e8ces est id\u00e9al pour un temps convivial d&rsquo;une dur\u00e9e d&rsquo;1h00<\/em><\/p>\n<p style=\"text-align: center\"><strong>Ce cocktail comprend la <em><u>nourriture uniquement<\/u><\/em><\/strong><\/p>\n<p style=\"text-align: left\"><strong><span style=\"text-decoration: underline\">Pi\u00e8ces cocktail sal\u00e9es froides<br \/>\n<\/span><\/strong><em>Environ 8 pi\u00e8ces par pers.<\/em><\/p>\n<p style=\"text-align: center\">Plateau de cakes sal\u00e9s d\u00e9coup\u00e9s<\/p>\n<p style=\"text-align: center\">Plateau de Crostini \u00e0 la charcuterie artisanale italienne<\/p>\n<p style=\"text-align: center\">Plateau de Rosti&rsquo; Gourmets \u00ab\u00a0Veggie\u00a0\u00bb<\/p>\n<p style=\"text-align: center\">Plateau de Mini Pitas \u00ab\u00a0Veggie\u00a0\u00bb<\/p>\n<p style=\"text-align: center\">Plateau de canap\u00e9s \u00ab\u00a0Veggie\u00a0\u00bb<\/p>\n<p>&nbsp;<\/p>\n<p><em>*Gammes susceptibles d&rsquo;\u00eatre modifi\u00e9es en cas de ruptures<\/em><\/p>\n","protected":false},"featured_media":6486,"template":"","meta":[],"product_cat":[57],"product_tag":[254,241,335],"class_list":{"0":"post-1028","1":"product","2":"type-product","3":"status-publish","4":"has-post-thumbnail","6":"type-evt-produit-anniversaire","7":"type-evt-produit-bapteme","8":"type-evt-produit-evenements-prives","9":"type-evt-produit-seminaire-congres","10":"type-prest-produit-cocktail-aperitif-1h-debout","11":"saveur-produit-un-peu-de-tout","12":"product_cat-cocktail-du-chef","13":"product_tag-aperitif","14":"product_tag-cocktail","15":"product_tag-traiteurs","17":"first","18":"instock","19":"taxable","20":"shipping-taxable","21":"purchasable","22":"product-type-simple"},"yoast_head":"<!-- This site is optimized with the Yoast SEO plugin v25.9 - https:\/\/yoast.com\/wordpress\/plugins\/seo\/ -->\n<title>Cocktail Des Saveurs 8 pi\u00e8ces | Honor\u00e9 Festif<\/title>\n<meta name=\"description\" content=\"Le cocktail ap\u00e9ritif 8 pi\u00e8ces est id\u00e9al pour un temps convivial d&#039;une dur\u00e9e d&#039;1h00Pi\u00e8ces cocktail sal\u00e9es froidesCe cocktail comprend la nourriture uniquement, dress\u00e9e sur supports jetables de qualit\u00e9Pain surprise aux gra\u00eenes &quot;Terre&quot; (3 pi\u00e8ces par personne)Fraicheur in Lova (2 pi\u00e8ces par personne)Mini brochettes sal\u00e9es (2 pi\u00e8ces par personne)Canap\u00e9s (1 pi\u00e8ce par personne)\" \/>\n<meta name=\"robots\" content=\"index, follow, max-snippet:-1, max-image-preview:large, max-video-preview:-1\" \/>\n<link rel=\"canonical\" href=\"https:\/\/honfest.preprod-kalelia.fr\/?product=cocktail-aperitif-8-pieces-2\" \/>\n<meta property=\"og:locale\" content=\"fr_FR\" \/>\n<meta property=\"og:type\" content=\"article\" \/>\n<meta property=\"og:title\" content=\"Cocktail Des Saveurs 8 pi\u00e8ces | Honor\u00e9 Festif\" \/>\n<meta property=\"og:description\" content=\"Le cocktail ap\u00e9ritif 8 pi\u00e8ces est id\u00e9al pour un temps convivial d&#039;une dur\u00e9e d&#039;1h00Pi\u00e8ces cocktail sal\u00e9es froidesCe cocktail comprend la nourriture uniquement, dress\u00e9e sur supports jetables de qualit\u00e9Pain surprise aux gra\u00eenes &quot;Terre&quot; (3 pi\u00e8ces par personne)Fraicheur in Lova (2 pi\u00e8ces par personne)Mini brochettes sal\u00e9es (2 pi\u00e8ces par personne)Canap\u00e9s (1 pi\u00e8ce par personne)\" \/>\n<meta property=\"og:url\" content=\"https:\/\/honfest.preprod-kalelia.fr\/?product=cocktail-aperitif-8-pieces-2\" \/>\n<meta property=\"og:site_name\" content=\"Honor\u00e9 Festif\" \/>\n<meta property=\"article:modified_time\" content=\"2025-01-07T14:18:06+00:00\" \/>\n<meta property=\"og:image\" content=\"https:\/\/honfest.preprod-kalelia.fr\/wp-content\/uploads\/2015\/05\/Cocktail-Des-saveurs-8-pi\u00e8ces.jpg\" \/>\n\t<meta property=\"og:image:width\" content=\"425\" \/>\n\t<meta property=\"og:image:height\" content=\"471\" \/>\n\t<meta property=\"og:image:type\" content=\"image\/jpeg\" \/>\n<meta name=\"twitter:card\" content=\"summary_large_image\" \/>\n<meta name=\"twitter:label1\" content=\"Dur\u00e9e de lecture estim\u00e9e\" \/>\n\t<meta name=\"twitter:data1\" content=\"1 minute\" \/>\n<script type=\"application\/ld+json\" class=\"yoast-schema-graph\">{\"@context\":\"https:\/\/schema.org\",\"@graph\":[{\"@type\":\"WebPage\",\"@id\":\"https:\/\/honfest.preprod-kalelia.fr\/?product=cocktail-aperitif-8-pieces-2\",\"url\":\"https:\/\/honfest.preprod-kalelia.fr\/?product=cocktail-aperitif-8-pieces-2\",\"name\":\"Cocktail Des Saveurs 8 pi\u00e8ces | Honor\u00e9 Festif\",\"isPartOf\":{\"@id\":\"https:\/\/honfest.preprod-kalelia.fr\/#website\"},\"primaryImageOfPage\":{\"@id\":\"https:\/\/honfest.preprod-kalelia.fr\/?product=cocktail-aperitif-8-pieces-2#primaryimage\"},\"image\":{\"@id\":\"https:\/\/honfest.preprod-kalelia.fr\/?product=cocktail-aperitif-8-pieces-2#primaryimage\"},\"thumbnailUrl\":\"https:\/\/honfest.preprod-kalelia.fr\/wp-content\/uploads\/2015\/05\/Cocktail-Des-saveurs-8-pi\u00e8ces.jpg\",\"datePublished\":\"2015-05-15T10:09:50+00:00\",\"dateModified\":\"2025-01-07T14:18:06+00:00\",\"description\":\"Le cocktail ap\u00e9ritif 8 pi\u00e8ces est id\u00e9al pour un temps convivial d'une dur\u00e9e d'1h00Pi\u00e8ces cocktail sal\u00e9es froidesCe cocktail comprend la nourriture uniquement, dress\u00e9e sur supports jetables de qualit\u00e9Pain surprise aux gra\u00eenes \\\"Terre\\\" (3 pi\u00e8ces par personne)Fraicheur in Lova (2 pi\u00e8ces par personne)Mini brochettes sal\u00e9es (2 pi\u00e8ces par personne)Canap\u00e9s (1 pi\u00e8ce par personne)\",\"breadcrumb\":{\"@id\":\"https:\/\/honfest.preprod-kalelia.fr\/?product=cocktail-aperitif-8-pieces-2#breadcrumb\"},\"inLanguage\":\"fr-FR\",\"potentialAction\":[{\"@type\":\"ReadAction\",\"target\":[\"https:\/\/honfest.preprod-kalelia.fr\/?product=cocktail-aperitif-8-pieces-2\"]}]},{\"@type\":\"ImageObject\",\"inLanguage\":\"fr-FR\",\"@id\":\"https:\/\/honfest.preprod-kalelia.fr\/?product=cocktail-aperitif-8-pieces-2#primaryimage\",\"url\":\"https:\/\/honfest.preprod-kalelia.fr\/wp-content\/uploads\/2015\/05\/Cocktail-Des-saveurs-8-pi\u00e8ces.jpg\",\"contentUrl\":\"https:\/\/honfest.preprod-kalelia.fr\/wp-content\/uploads\/2015\/05\/Cocktail-Des-saveurs-8-pi\u00e8ces.jpg\",\"width\":425,\"height\":471},{\"@type\":\"BreadcrumbList\",\"@id\":\"https:\/\/honfest.preprod-kalelia.fr\/?product=cocktail-aperitif-8-pieces-2#breadcrumb\",\"itemListElement\":[{\"@type\":\"ListItem\",\"position\":1,\"name\":\"Accueil\",\"item\":\"https:\/\/honfest.preprod-kalelia.fr\/\"},{\"@type\":\"ListItem\",\"position\":2,\"name\":\"Cocktail Des Saveurs 8 pi\u00e8ces\"}]},{\"@type\":\"WebSite\",\"@id\":\"https:\/\/honfest.preprod-kalelia.fr\/#website\",\"url\":\"https:\/\/honfest.preprod-kalelia.fr\/\",\"name\":\"Honor\u00e9 Festif\",\"description\":\"\",\"publisher\":{\"@id\":\"https:\/\/honfest.preprod-kalelia.fr\/#organization\"},\"potentialAction\":[{\"@type\":\"SearchAction\",\"target\":{\"@type\":\"EntryPoint\",\"urlTemplate\":\"https:\/\/honfest.preprod-kalelia.fr\/?s={search_term_string}\"},\"query-input\":{\"@type\":\"PropertyValueSpecification\",\"valueRequired\":true,\"valueName\":\"search_term_string\"}}],\"inLanguage\":\"fr-FR\"},{\"@type\":\"Organization\",\"@id\":\"https:\/\/honfest.preprod-kalelia.fr\/#organization\",\"name\":\"Honor\u00e9 Festif\",\"url\":\"https:\/\/honfest.preprod-kalelia.fr\/\",\"logo\":{\"@type\":\"ImageObject\",\"inLanguage\":\"fr-FR\",\"@id\":\"https:\/\/honfest.preprod-kalelia.fr\/#\/schema\/logo\/image\/\",\"url\":\"https:\/\/honfest.preprod-kalelia.fr\/wp-content\/uploads\/2020\/10\/logo-honore-festif.png\",\"contentUrl\":\"https:\/\/honfest.preprod-kalelia.fr\/wp-content\/uploads\/2020\/10\/logo-honore-festif.png\",\"width\":198,\"height\":118,\"caption\":\"Honor\u00e9 Festif\"},\"image\":{\"@id\":\"https:\/\/honfest.preprod-kalelia.fr\/#\/schema\/logo\/image\/\"}}]}<\/script>\n<!-- \/ Yoast SEO plugin. -->","yoast_head_json":{"title":"Cocktail Des Saveurs 8 pi\u00e8ces | Honor\u00e9 Festif","description":"Le cocktail ap\u00e9ritif 8 pi\u00e8ces est id\u00e9al pour un temps convivial d'une dur\u00e9e d'1h00Pi\u00e8ces cocktail sal\u00e9es froidesCe cocktail comprend la nourriture uniquement, dress\u00e9e sur supports jetables de qualit\u00e9Pain surprise aux gra\u00eenes \"Terre\" (3 pi\u00e8ces par personne)Fraicheur in Lova (2 pi\u00e8ces par personne)Mini brochettes sal\u00e9es (2 pi\u00e8ces par personne)Canap\u00e9s (1 pi\u00e8ce par personne)","robots":{"index":"index","follow":"follow","max-snippet":"max-snippet:-1","max-image-preview":"max-image-preview:large","max-video-preview":"max-video-preview:-1"},"canonical":"https:\/\/honfest.preprod-kalelia.fr\/?product=cocktail-aperitif-8-pieces-2","og_locale":"fr_FR","og_type":"article","og_title":"Cocktail Des Saveurs 8 pi\u00e8ces | Honor\u00e9 Festif","og_description":"Le cocktail ap\u00e9ritif 8 pi\u00e8ces est id\u00e9al pour un temps convivial d'une dur\u00e9e d'1h00Pi\u00e8ces cocktail sal\u00e9es froidesCe cocktail comprend la nourriture uniquement, dress\u00e9e sur supports jetables de qualit\u00e9Pain surprise aux gra\u00eenes \"Terre\" (3 pi\u00e8ces par personne)Fraicheur in Lova (2 pi\u00e8ces par personne)Mini brochettes sal\u00e9es (2 pi\u00e8ces par personne)Canap\u00e9s (1 pi\u00e8ce par personne)","og_url":"https:\/\/honfest.preprod-kalelia.fr\/?product=cocktail-aperitif-8-pieces-2","og_site_name":"Honor\u00e9 Festif","article_modified_time":"2025-01-07T14:18:06+00:00","og_image":[{"width":425,"height":471,"url":"https:\/\/honfest.preprod-kalelia.fr\/wp-content\/uploads\/2015\/05\/Cocktail-Des-saveurs-8-pi\u00e8ces.jpg","type":"image\/jpeg"}],"twitter_card":"summary_large_image","twitter_misc":{"Dur\u00e9e de lecture estim\u00e9e":"1 minute"},"schema":{"@context":"https:\/\/schema.org","@graph":[{"@type":"WebPage","@id":"https:\/\/honfest.preprod-kalelia.fr\/?product=cocktail-aperitif-8-pieces-2","url":"https:\/\/honfest.preprod-kalelia.fr\/?product=cocktail-aperitif-8-pieces-2","name":"Cocktail Des Saveurs 8 pi\u00e8ces | Honor\u00e9 Festif","isPartOf":{"@id":"https:\/\/honfest.preprod-kalelia.fr\/#website"},"primaryImageOfPage":{"@id":"https:\/\/honfest.preprod-kalelia.fr\/?product=cocktail-aperitif-8-pieces-2#primaryimage"},"image":{"@id":"https:\/\/honfest.preprod-kalelia.fr\/?product=cocktail-aperitif-8-pieces-2#primaryimage"},"thumbnailUrl":"https:\/\/honfest.preprod-kalelia.fr\/wp-content\/uploads\/2015\/05\/Cocktail-Des-saveurs-8-pi\u00e8ces.jpg","datePublished":"2015-05-15T10:09:50+00:00","dateModified":"2025-01-07T14:18:06+00:00","description":"Le cocktail ap\u00e9ritif 8 pi\u00e8ces est id\u00e9al pour un temps convivial d'une dur\u00e9e d'1h00Pi\u00e8ces cocktail sal\u00e9es froidesCe cocktail comprend la nourriture uniquement, dress\u00e9e sur supports jetables de qualit\u00e9Pain surprise aux gra\u00eenes \"Terre\" (3 pi\u00e8ces par personne)Fraicheur in Lova (2 pi\u00e8ces par personne)Mini brochettes sal\u00e9es (2 pi\u00e8ces par personne)Canap\u00e9s (1 pi\u00e8ce par personne)","breadcrumb":{"@id":"https:\/\/honfest.preprod-kalelia.fr\/?product=cocktail-aperitif-8-pieces-2#breadcrumb"},"inLanguage":"fr-FR","potentialAction":[{"@type":"ReadAction","target":["https:\/\/honfest.preprod-kalelia.fr\/?product=cocktail-aperitif-8-pieces-2"]}]},{"@type":"ImageObject","inLanguage":"fr-FR","@id":"https:\/\/honfest.preprod-kalelia.fr\/?product=cocktail-aperitif-8-pieces-2#primaryimage","url":"https:\/\/honfest.preprod-kalelia.fr\/wp-content\/uploads\/2015\/05\/Cocktail-Des-saveurs-8-pi\u00e8ces.jpg","contentUrl":"https:\/\/honfest.preprod-kalelia.fr\/wp-content\/uploads\/2015\/05\/Cocktail-Des-saveurs-8-pi\u00e8ces.jpg","width":425,"height":471},{"@type":"BreadcrumbList","@id":"https:\/\/honfest.preprod-kalelia.fr\/?product=cocktail-aperitif-8-pieces-2#breadcrumb","itemListElement":[{"@type":"ListItem","position":1,"name":"Accueil","item":"https:\/\/honfest.preprod-kalelia.fr\/"},{"@type":"ListItem","position":2,"name":"Cocktail Des Saveurs 8 pi\u00e8ces"}]},{"@type":"WebSite","@id":"https:\/\/honfest.preprod-kalelia.fr\/#website","url":"https:\/\/honfest.preprod-kalelia.fr\/","name":"Honor\u00e9 Festif","description":"","publisher":{"@id":"https:\/\/honfest.preprod-kalelia.fr\/#organization"},"potentialAction":[{"@type":"SearchAction","target":{"@type":"EntryPoint","urlTemplate":"https:\/\/honfest.preprod-kalelia.fr\/?s={search_term_string}"},"query-input":{"@type":"PropertyValueSpecification","valueRequired":true,"valueName":"search_term_string"}}],"inLanguage":"fr-FR"},{"@type":"Organization","@id":"https:\/\/honfest.preprod-kalelia.fr\/#organization","name":"Honor\u00e9 Festif","url":"https:\/\/honfest.preprod-kalelia.fr\/","logo":{"@type":"ImageObject","inLanguage":"fr-FR","@id":"https:\/\/honfest.preprod-kalelia.fr\/#\/schema\/logo\/image\/","url":"https:\/\/honfest.preprod-kalelia.fr\/wp-content\/uploads\/2020\/10\/logo-honore-festif.png","contentUrl":"https:\/\/honfest.preprod-kalelia.fr\/wp-content\/uploads\/2020\/10\/logo-honore-festif.png","width":198,"height":118,"caption":"Honor\u00e9 Festif"},"image":{"@id":"https:\/\/honfest.preprod-kalelia.fr\/#\/schema\/logo\/image\/"}}]}},"_links":{"self":[{"href":"https:\/\/honfest.preprod-kalelia.fr\/index.php?rest_route=\/wp\/v2\/product\/1028","targetHints":{"allow":["GET"]}}],"collection":[{"href":"https:\/\/honfest.preprod-kalelia.fr\/index.php?rest_route=\/wp\/v2\/product"}],"about":[{"href":"https:\/\/honfest.preprod-kalelia.fr\/index.php?rest_route=\/wp\/v2\/types\/product"}],"wp:featuredmedia":[{"embeddable":true,"href":"https:\/\/honfest.preprod-kalelia.fr\/index.php?rest_route=\/wp\/v2\/media\/6486"}],"wp:attachment":[{"href":"https:\/\/honfest.preprod-kalelia.fr\/index.php?rest_route=%2Fwp%2Fv2%2Fmedia&parent=1028"}],"wp:term":[{"taxonomy":"product_cat","embeddable":true,"href":"https:\/\/honfest.preprod-kalelia.fr\/index.php?rest_route=%2Fwp%2Fv2%2Fproduct_cat&post=1028"},{"taxonomy":"product_tag","embeddable":true,"href":"https:\/\/honfest.preprod-kalelia.fr\/index.php?rest_route=%2Fwp%2Fv2%2Fproduct_tag&post=1028"}],"curies":[{"name":"wp","href":"https:\/\/api.w.org\/{rel}","templated":true}]}}