{"id":1055,"date":"2015-05-15T13:21:04","date_gmt":"2015-05-15T11:21:04","guid":{"rendered":"http:\/\/honorefestif.1-ter-net.net\/?product=cocktail-dinatoire-18-pieces"},"modified":"2025-05-14T15:15:45","modified_gmt":"2025-05-14T13:15:45","slug":"cocktail-dinatoire-18-pieces","status":"publish","type":"product","link":"https:\/\/honfest.preprod-kalelia.fr\/?product=cocktail-dinatoire-18-pieces","title":{"rendered":"Cocktail Passion 18 pi\u00e8ces"},"content":{"rendered":"<p style=\"text-align: center\"><em>Le cocktail\u00a0d\u00e9jeunatoire\/dinatoire 18\u00a0pi\u00e8ces convient pour un temps convivial de 2h00 \u00e0 2h30<\/em><\/p>\n<p style=\"text-align: left\"><strong><span style=\"text-decoration: underline\">Pi\u00e8ces cocktail sal\u00e9es froides<\/span><\/strong><\/p>\n<p style=\"text-align: center\"><em><strong>Ce cocktail comprend <\/strong><\/em><span style=\"text-decoration: underline\"><strong><span style=\"color: #2b6d33;text-decoration: underline\">la nourriture uniquement<\/span><\/strong><\/span><em><strong>, dress\u00e9e sur supports jetables de qualit\u00e9<\/strong><\/em><\/p>\n<p style=\"text-align: center\">Canap\u00e9s Finger (2 pi\u00e8ces par personne)<\/p>\n<p style=\"text-align: center\">Ronde des Tartines (2 pi\u00e8ces par personne)<\/p>\n<p style=\"text-align: center\">C\u00e9l\u00e9brations (2 pi\u00e8ces par personne)<\/p>\n<p style=\"text-align: center\">Mini brochettes sal\u00e9es (2 pi\u00e8ces par personne)<\/p>\n<p style=\"text-align: center\">Festi&rsquo; Pops (1 pi\u00e8ce par personne)<\/p>\n<p style=\"text-align: center\">Mini cassolettes (1 pi\u00e8ce par personne)<\/p>\n<p style=\"text-align: left\"><strong><span style=\"text-decoration: underline\">Pi\u00e8ces cocktail sal\u00e9es \u00e0 r\u00e9chauffer par vos soins<\/span><\/strong><\/p>\n<p style=\"text-align: center\">Friandises chaudes (2 pi\u00e8ces par personne)<\/p>\n<p style=\"text-align: center\">Brochettes marin\u00e9es d&rsquo;ici et d&rsquo;ailleurs (1 pi\u00e8ce par personne)<\/p>\n<p style=\"text-align: left\"><strong><span style=\"text-decoration: underline\">Le Fromage<\/span><\/strong><\/p>\n<p style=\"text-align: center\">Pics de fromages de France (1 pi\u00e8ce par personne)<\/p>\n<p style=\"text-align: left\"><strong><span style=\"text-decoration: underline\">Pi\u00e8ces cocktail sucr\u00e9es<\/span><\/strong><\/p>\n<p style=\"text-align: center\">Coffret de verrines sucr\u00e9es (2 pi\u00e8ces par personne)<\/p>\n<p style=\"text-align: center\">Macarons\u00a0gourmands (1 pi\u00e8ce par personne)<\/p>\n<p style=\"text-align: center\">Festi&rsquo;choux (1 pi\u00e8ce par personne)<\/p>\n<p><img loading=\"lazy\" decoding=\"async\" class=\" size-full wp-image-1054\" width=\"87\" height=\"65\" style=\"margin-right: auto;margin-left: auto\" alt=\"\" src=\"https:\/\/honfest.preprod-kalelia.fr\/wp-content\/uploads\/2015\/05\/Delai-48h.jpg\" \/><\/p>\n","protected":false},"excerpt":{"rendered":"<p style=\"text-align: center;\"><em>Le cocktail\u00a0d\u00e9jeunatoire\/dinatoire 18\u00a0pi\u00e8ces convient pour un temps convivial de 2h00 \u00e0 2h30<\/em><\/p>\n<p style=\"text-align: center;\"><strong>Ce cocktail comprend la <em><u>nourriture uniquement<\/u><\/em><\/strong><\/p>\n<p style=\"text-align: left;\"><strong><span style=\"text-decoration: underline;\">Pi\u00e8ces cocktail sal\u00e9es froides<br \/>\n<\/span><\/strong><em>environ 12 pi\u00e8ces par pers.<\/em><\/p>\n<p style=\"text-align: center;\">Plateau de Mini moelleux sal\u00e9s<\/p>\n<p style=\"text-align: center;\">Plateau de Crostini \u00e0 la charcuterie artisanale italienne<\/p>\n<p style=\"text-align: center;\">Plateau de Rosti\u2019 Gourmets \u201cVeggie\u201d<\/p>\n<p style=\"text-align: center;\">Plateau de c\u00e9l\u00e9brations<\/p>\n<p style=\"text-align: center;\">Plateaux de mini cassolettes sal\u00e9es<\/p>\n<p style=\"text-align: center;\">D\u00e9gustation de saumon fum\u00e9 \u00ab\u00a0Maison\u00a0\u00bb sur toast brioch\u00e9 accompagn\u00e9e d&rsquo;une cr\u00e8me citronn\u00e9e<\/p>\n<p style=\"text-align: center;\">Plateau de pics de fromages de France<\/p>\n<p style=\"text-align: left;\"><strong><span style=\"text-decoration: underline;\">Pi\u00e8ces cocktail sal\u00e9es chaudes<\/span> (\u00e0 r\u00e9chauffer par vos soins)<span style=\"text-decoration: underline;\"><br \/>\n<\/span><\/strong><em>environ 2 pi\u00e8ces par pers.<\/em><\/p>\n<p style=\"text-align: center;\">Les gourmandises chaudes<\/p>\n<p style=\"text-align: center;\">Les brochettes marin\u00e9es d&rsquo;ici et d&rsquo;ailleurs<\/p>\n<p style=\"text-align: left;\"><strong><span style=\"text-decoration: underline;\">Pi\u00e8ces cocktail sucr\u00e9es<br \/>\n<\/span><\/strong><em>environ 4 pi\u00e8ces par pers.<\/em><\/p>\n<p style=\"text-align: center;\">Plateau de fours frais<\/p>\n<p style=\"text-align: center;\">Coffret de verrines sucr\u00e9es<\/p>\n<p style=\"text-align: center;\">Coffret de guimauves fruit\u00e9es<\/p>\n<p>&nbsp;<\/p>\n<p><em>*Gammes susceptibles d\u2019\u00eatre modifi\u00e9es en cas de rupture<\/em><\/p>\n","protected":false},"featured_media":6339,"template":"","meta":[],"product_cat":[57],"product_tag":[241,329,327,328],"class_list":{"0":"post-1055","1":"product","2":"type-product","3":"status-publish","4":"has-post-thumbnail","6":"type-evt-produit-anniversaire","7":"type-prest-produit-cocktail-dejeunatoire-2h-debout","8":"type-prest-produit-cocktail-dinatoire-3h-debout","9":"saveur-produit-un-peu-de-tout","10":"product_cat-cocktail-du-chef","11":"product_tag-cocktail","12":"product_tag-livraison","13":"product_tag-nantes","14":"product_tag-traiteur","16":"first","17":"instock","18":"taxable","19":"shipping-taxable","20":"purchasable","21":"product-type-simple"},"yoast_head":"<!-- This site is optimized with the Yoast SEO plugin v25.9 - https:\/\/yoast.com\/wordpress\/plugins\/seo\/ -->\n<title>Cocktail Passion 18 pi\u00e8ces | Honor\u00e9 Festif<\/title>\n<meta name=\"description\" content=\"Le Cocktail Passion 18 pi\u00e8ces convient pour un temps convivial de 2h00 \u00e0 2h30Ce cocktail comprend la nourriture uniquementPi\u00e8ces cocktail sal\u00e9es froidesLe plateau de canap\u00e9s finger (2 pi\u00e8ces par personne)La ronde des tartines (2 pi\u00e8ces par personne)Le plateau de c\u00e9l\u00e9brations (2 pi\u00e8ces par personne)Le coffret de mini brochettes (2 pi\u00e8ces par personne)Les Pinces \u00e0 linge de l\u00e9gumes (1 pi\u00e8ce par personne)Le plateau de mini cassolettes froides (1 pi\u00e8ce par personne)Pi\u00e8ces cocktail sal\u00e9es \u00e0 r\u00e9chauffer par vos soinsAssortiment de friandises chaudes (2 pi\u00e8ces par personne)Les brochettes marin\u00e9es d\u2019ici et d\u2019ailleurs (1 pi\u00e8ce par personne)Le FromageLes pics de fromages 10g (1 pi\u00e8ce par personne)Pi\u00e8ces cocktail sucr\u00e9esLe coffret de verrines sucr\u00e9es (2 pi\u00e8ces par personne)Le plateau de macarons gourmands (1 pi\u00e8ce par personne)Le plateau de festi\u2019choux (1pi\u00e8ce par personne)\" \/>\n<meta name=\"robots\" content=\"index, follow, max-snippet:-1, max-image-preview:large, max-video-preview:-1\" \/>\n<link rel=\"canonical\" href=\"https:\/\/honfest.preprod-kalelia.fr\/?product=cocktail-dinatoire-18-pieces\" \/>\n<meta property=\"og:locale\" content=\"fr_FR\" \/>\n<meta property=\"og:type\" content=\"article\" \/>\n<meta property=\"og:title\" content=\"Cocktail Passion 18 pi\u00e8ces | Honor\u00e9 Festif\" \/>\n<meta property=\"og:description\" content=\"Le Cocktail Passion 18 pi\u00e8ces convient pour un temps convivial de 2h00 \u00e0 2h30Ce cocktail comprend la nourriture uniquementPi\u00e8ces cocktail sal\u00e9es froidesLe plateau de canap\u00e9s finger (2 pi\u00e8ces par personne)La ronde des tartines (2 pi\u00e8ces par personne)Le plateau de c\u00e9l\u00e9brations (2 pi\u00e8ces par personne)Le coffret de mini brochettes (2 pi\u00e8ces par personne)Les Pinces \u00e0 linge de l\u00e9gumes (1 pi\u00e8ce par personne)Le plateau de mini cassolettes froides (1 pi\u00e8ce par personne)Pi\u00e8ces cocktail sal\u00e9es \u00e0 r\u00e9chauffer par vos soinsAssortiment de friandises chaudes (2 pi\u00e8ces par personne)Les brochettes marin\u00e9es d\u2019ici et d\u2019ailleurs (1 pi\u00e8ce par personne)Le FromageLes pics de fromages 10g (1 pi\u00e8ce par personne)Pi\u00e8ces cocktail sucr\u00e9esLe coffret de verrines sucr\u00e9es (2 pi\u00e8ces par personne)Le plateau de macarons gourmands (1 pi\u00e8ce par personne)Le plateau de festi\u2019choux (1pi\u00e8ce par personne)\" \/>\n<meta property=\"og:url\" content=\"https:\/\/honfest.preprod-kalelia.fr\/?product=cocktail-dinatoire-18-pieces\" \/>\n<meta property=\"og:site_name\" content=\"Honor\u00e9 Festif\" \/>\n<meta property=\"article:modified_time\" content=\"2025-05-14T13:15:45+00:00\" \/>\n<meta property=\"og:image\" content=\"https:\/\/honfest.preprod-kalelia.fr\/wp-content\/uploads\/2020\/08\/pexels-fidel-hajj-2814828-scaled.jpg\" \/>\n\t<meta property=\"og:image:width\" content=\"2560\" \/>\n\t<meta property=\"og:image:height\" content=\"1706\" \/>\n\t<meta property=\"og:image:type\" content=\"image\/jpeg\" \/>\n<meta name=\"twitter:card\" content=\"summary_large_image\" \/>\n<meta name=\"twitter:label1\" content=\"Dur\u00e9e de lecture estim\u00e9e\" \/>\n\t<meta name=\"twitter:data1\" content=\"1 minute\" \/>\n<script type=\"application\/ld+json\" class=\"yoast-schema-graph\">{\"@context\":\"https:\/\/schema.org\",\"@graph\":[{\"@type\":\"WebPage\",\"@id\":\"https:\/\/honfest.preprod-kalelia.fr\/?product=cocktail-dinatoire-18-pieces\",\"url\":\"https:\/\/honfest.preprod-kalelia.fr\/?product=cocktail-dinatoire-18-pieces\",\"name\":\"Cocktail Passion 18 pi\u00e8ces | Honor\u00e9 Festif\",\"isPartOf\":{\"@id\":\"https:\/\/honfest.preprod-kalelia.fr\/#website\"},\"primaryImageOfPage\":{\"@id\":\"https:\/\/honfest.preprod-kalelia.fr\/?product=cocktail-dinatoire-18-pieces#primaryimage\"},\"image\":{\"@id\":\"https:\/\/honfest.preprod-kalelia.fr\/?product=cocktail-dinatoire-18-pieces#primaryimage\"},\"thumbnailUrl\":\"https:\/\/honfest.preprod-kalelia.fr\/wp-content\/uploads\/2020\/08\/pexels-fidel-hajj-2814828-scaled.jpg\",\"datePublished\":\"2015-05-15T11:21:04+00:00\",\"dateModified\":\"2025-05-14T13:15:45+00:00\",\"description\":\"Le Cocktail Passion 18 pi\u00e8ces convient pour un temps convivial de 2h00 \u00e0 2h30Ce cocktail comprend la nourriture uniquementPi\u00e8ces cocktail sal\u00e9es froidesLe plateau de canap\u00e9s finger (2 pi\u00e8ces par personne)La ronde des tartines (2 pi\u00e8ces par personne)Le plateau de c\u00e9l\u00e9brations (2 pi\u00e8ces par personne)Le coffret de mini brochettes (2 pi\u00e8ces par personne)Les Pinces \u00e0 linge de l\u00e9gumes (1 pi\u00e8ce par personne)Le plateau de mini cassolettes froides (1 pi\u00e8ce par personne)Pi\u00e8ces cocktail sal\u00e9es \u00e0 r\u00e9chauffer par vos soinsAssortiment de friandises chaudes (2 pi\u00e8ces par personne)Les brochettes marin\u00e9es d\u2019ici et d\u2019ailleurs (1 pi\u00e8ce par personne)Le FromageLes pics de fromages 10g (1 pi\u00e8ce par personne)Pi\u00e8ces cocktail sucr\u00e9esLe coffret de verrines sucr\u00e9es (2 pi\u00e8ces par personne)Le plateau de macarons gourmands (1 pi\u00e8ce par personne)Le plateau de festi\u2019choux (1pi\u00e8ce par personne)\",\"breadcrumb\":{\"@id\":\"https:\/\/honfest.preprod-kalelia.fr\/?product=cocktail-dinatoire-18-pieces#breadcrumb\"},\"inLanguage\":\"fr-FR\",\"potentialAction\":[{\"@type\":\"ReadAction\",\"target\":[\"https:\/\/honfest.preprod-kalelia.fr\/?product=cocktail-dinatoire-18-pieces\"]}]},{\"@type\":\"ImageObject\",\"inLanguage\":\"fr-FR\",\"@id\":\"https:\/\/honfest.preprod-kalelia.fr\/?product=cocktail-dinatoire-18-pieces#primaryimage\",\"url\":\"https:\/\/honfest.preprod-kalelia.fr\/wp-content\/uploads\/2020\/08\/pexels-fidel-hajj-2814828-scaled.jpg\",\"contentUrl\":\"https:\/\/honfest.preprod-kalelia.fr\/wp-content\/uploads\/2020\/08\/pexels-fidel-hajj-2814828-scaled.jpg\",\"width\":2560,\"height\":1706},{\"@type\":\"BreadcrumbList\",\"@id\":\"https:\/\/honfest.preprod-kalelia.fr\/?product=cocktail-dinatoire-18-pieces#breadcrumb\",\"itemListElement\":[{\"@type\":\"ListItem\",\"position\":1,\"name\":\"Accueil\",\"item\":\"https:\/\/honfest.preprod-kalelia.fr\/\"},{\"@type\":\"ListItem\",\"position\":2,\"name\":\"Cocktail Passion 18 pi\u00e8ces\"}]},{\"@type\":\"WebSite\",\"@id\":\"https:\/\/honfest.preprod-kalelia.fr\/#website\",\"url\":\"https:\/\/honfest.preprod-kalelia.fr\/\",\"name\":\"Honor\u00e9 Festif\",\"description\":\"\",\"publisher\":{\"@id\":\"https:\/\/honfest.preprod-kalelia.fr\/#organization\"},\"potentialAction\":[{\"@type\":\"SearchAction\",\"target\":{\"@type\":\"EntryPoint\",\"urlTemplate\":\"https:\/\/honfest.preprod-kalelia.fr\/?s={search_term_string}\"},\"query-input\":{\"@type\":\"PropertyValueSpecification\",\"valueRequired\":true,\"valueName\":\"search_term_string\"}}],\"inLanguage\":\"fr-FR\"},{\"@type\":\"Organization\",\"@id\":\"https:\/\/honfest.preprod-kalelia.fr\/#organization\",\"name\":\"Honor\u00e9 Festif\",\"url\":\"https:\/\/honfest.preprod-kalelia.fr\/\",\"logo\":{\"@type\":\"ImageObject\",\"inLanguage\":\"fr-FR\",\"@id\":\"https:\/\/honfest.preprod-kalelia.fr\/#\/schema\/logo\/image\/\",\"url\":\"https:\/\/honfest.preprod-kalelia.fr\/wp-content\/uploads\/2020\/10\/logo-honore-festif.png\",\"contentUrl\":\"https:\/\/honfest.preprod-kalelia.fr\/wp-content\/uploads\/2020\/10\/logo-honore-festif.png\",\"width\":198,\"height\":118,\"caption\":\"Honor\u00e9 Festif\"},\"image\":{\"@id\":\"https:\/\/honfest.preprod-kalelia.fr\/#\/schema\/logo\/image\/\"}}]}<\/script>\n<!-- \/ Yoast SEO plugin. -->","yoast_head_json":{"title":"Cocktail Passion 18 pi\u00e8ces | Honor\u00e9 Festif","description":"Le Cocktail Passion 18 pi\u00e8ces convient pour un temps convivial de 2h00 \u00e0 2h30Ce cocktail comprend la nourriture uniquementPi\u00e8ces cocktail sal\u00e9es froidesLe plateau de canap\u00e9s finger (2 pi\u00e8ces par personne)La ronde des tartines (2 pi\u00e8ces par personne)Le plateau de c\u00e9l\u00e9brations (2 pi\u00e8ces par personne)Le coffret de mini brochettes (2 pi\u00e8ces par personne)Les Pinces \u00e0 linge de l\u00e9gumes (1 pi\u00e8ce par personne)Le plateau de mini cassolettes froides (1 pi\u00e8ce par personne)Pi\u00e8ces cocktail sal\u00e9es \u00e0 r\u00e9chauffer par vos soinsAssortiment de friandises chaudes (2 pi\u00e8ces par personne)Les brochettes marin\u00e9es d\u2019ici et d\u2019ailleurs (1 pi\u00e8ce par personne)Le FromageLes pics de fromages 10g (1 pi\u00e8ce par personne)Pi\u00e8ces cocktail sucr\u00e9esLe coffret de verrines sucr\u00e9es (2 pi\u00e8ces par personne)Le plateau de macarons gourmands (1 pi\u00e8ce par personne)Le plateau de festi\u2019choux (1pi\u00e8ce par personne)","robots":{"index":"index","follow":"follow","max-snippet":"max-snippet:-1","max-image-preview":"max-image-preview:large","max-video-preview":"max-video-preview:-1"},"canonical":"https:\/\/honfest.preprod-kalelia.fr\/?product=cocktail-dinatoire-18-pieces","og_locale":"fr_FR","og_type":"article","og_title":"Cocktail Passion 18 pi\u00e8ces | Honor\u00e9 Festif","og_description":"Le Cocktail Passion 18 pi\u00e8ces convient pour un temps convivial de 2h00 \u00e0 2h30Ce cocktail comprend la nourriture uniquementPi\u00e8ces cocktail sal\u00e9es froidesLe plateau de canap\u00e9s finger (2 pi\u00e8ces par personne)La ronde des tartines (2 pi\u00e8ces par personne)Le plateau de c\u00e9l\u00e9brations (2 pi\u00e8ces par personne)Le coffret de mini brochettes (2 pi\u00e8ces par personne)Les Pinces \u00e0 linge de l\u00e9gumes (1 pi\u00e8ce par personne)Le plateau de mini cassolettes froides (1 pi\u00e8ce par personne)Pi\u00e8ces cocktail sal\u00e9es \u00e0 r\u00e9chauffer par vos soinsAssortiment de friandises chaudes (2 pi\u00e8ces par personne)Les brochettes marin\u00e9es d\u2019ici et d\u2019ailleurs (1 pi\u00e8ce par personne)Le FromageLes pics de fromages 10g (1 pi\u00e8ce par personne)Pi\u00e8ces cocktail sucr\u00e9esLe coffret de verrines sucr\u00e9es (2 pi\u00e8ces par personne)Le plateau de macarons gourmands (1 pi\u00e8ce par personne)Le plateau de festi\u2019choux (1pi\u00e8ce par personne)","og_url":"https:\/\/honfest.preprod-kalelia.fr\/?product=cocktail-dinatoire-18-pieces","og_site_name":"Honor\u00e9 Festif","article_modified_time":"2025-05-14T13:15:45+00:00","og_image":[{"width":2560,"height":1706,"url":"https:\/\/honfest.preprod-kalelia.fr\/wp-content\/uploads\/2020\/08\/pexels-fidel-hajj-2814828-scaled.jpg","type":"image\/jpeg"}],"twitter_card":"summary_large_image","twitter_misc":{"Dur\u00e9e de lecture estim\u00e9e":"1 minute"},"schema":{"@context":"https:\/\/schema.org","@graph":[{"@type":"WebPage","@id":"https:\/\/honfest.preprod-kalelia.fr\/?product=cocktail-dinatoire-18-pieces","url":"https:\/\/honfest.preprod-kalelia.fr\/?product=cocktail-dinatoire-18-pieces","name":"Cocktail Passion 18 pi\u00e8ces | Honor\u00e9 Festif","isPartOf":{"@id":"https:\/\/honfest.preprod-kalelia.fr\/#website"},"primaryImageOfPage":{"@id":"https:\/\/honfest.preprod-kalelia.fr\/?product=cocktail-dinatoire-18-pieces#primaryimage"},"image":{"@id":"https:\/\/honfest.preprod-kalelia.fr\/?product=cocktail-dinatoire-18-pieces#primaryimage"},"thumbnailUrl":"https:\/\/honfest.preprod-kalelia.fr\/wp-content\/uploads\/2020\/08\/pexels-fidel-hajj-2814828-scaled.jpg","datePublished":"2015-05-15T11:21:04+00:00","dateModified":"2025-05-14T13:15:45+00:00","description":"Le Cocktail Passion 18 pi\u00e8ces convient pour un temps convivial de 2h00 \u00e0 2h30Ce cocktail comprend la nourriture uniquementPi\u00e8ces cocktail sal\u00e9es froidesLe plateau de canap\u00e9s finger (2 pi\u00e8ces par personne)La ronde des tartines (2 pi\u00e8ces par personne)Le plateau de c\u00e9l\u00e9brations (2 pi\u00e8ces par personne)Le coffret de mini brochettes (2 pi\u00e8ces par personne)Les Pinces \u00e0 linge de l\u00e9gumes (1 pi\u00e8ce par personne)Le plateau de mini cassolettes froides (1 pi\u00e8ce par personne)Pi\u00e8ces cocktail sal\u00e9es \u00e0 r\u00e9chauffer par vos soinsAssortiment de friandises chaudes (2 pi\u00e8ces par personne)Les brochettes marin\u00e9es d\u2019ici et d\u2019ailleurs (1 pi\u00e8ce par personne)Le FromageLes pics de fromages 10g (1 pi\u00e8ce par personne)Pi\u00e8ces cocktail sucr\u00e9esLe coffret de verrines sucr\u00e9es (2 pi\u00e8ces par personne)Le plateau de macarons gourmands (1 pi\u00e8ce par personne)Le plateau de festi\u2019choux (1pi\u00e8ce par personne)","breadcrumb":{"@id":"https:\/\/honfest.preprod-kalelia.fr\/?product=cocktail-dinatoire-18-pieces#breadcrumb"},"inLanguage":"fr-FR","potentialAction":[{"@type":"ReadAction","target":["https:\/\/honfest.preprod-kalelia.fr\/?product=cocktail-dinatoire-18-pieces"]}]},{"@type":"ImageObject","inLanguage":"fr-FR","@id":"https:\/\/honfest.preprod-kalelia.fr\/?product=cocktail-dinatoire-18-pieces#primaryimage","url":"https:\/\/honfest.preprod-kalelia.fr\/wp-content\/uploads\/2020\/08\/pexels-fidel-hajj-2814828-scaled.jpg","contentUrl":"https:\/\/honfest.preprod-kalelia.fr\/wp-content\/uploads\/2020\/08\/pexels-fidel-hajj-2814828-scaled.jpg","width":2560,"height":1706},{"@type":"BreadcrumbList","@id":"https:\/\/honfest.preprod-kalelia.fr\/?product=cocktail-dinatoire-18-pieces#breadcrumb","itemListElement":[{"@type":"ListItem","position":1,"name":"Accueil","item":"https:\/\/honfest.preprod-kalelia.fr\/"},{"@type":"ListItem","position":2,"name":"Cocktail Passion 18 pi\u00e8ces"}]},{"@type":"WebSite","@id":"https:\/\/honfest.preprod-kalelia.fr\/#website","url":"https:\/\/honfest.preprod-kalelia.fr\/","name":"Honor\u00e9 Festif","description":"","publisher":{"@id":"https:\/\/honfest.preprod-kalelia.fr\/#organization"},"potentialAction":[{"@type":"SearchAction","target":{"@type":"EntryPoint","urlTemplate":"https:\/\/honfest.preprod-kalelia.fr\/?s={search_term_string}"},"query-input":{"@type":"PropertyValueSpecification","valueRequired":true,"valueName":"search_term_string"}}],"inLanguage":"fr-FR"},{"@type":"Organization","@id":"https:\/\/honfest.preprod-kalelia.fr\/#organization","name":"Honor\u00e9 Festif","url":"https:\/\/honfest.preprod-kalelia.fr\/","logo":{"@type":"ImageObject","inLanguage":"fr-FR","@id":"https:\/\/honfest.preprod-kalelia.fr\/#\/schema\/logo\/image\/","url":"https:\/\/honfest.preprod-kalelia.fr\/wp-content\/uploads\/2020\/10\/logo-honore-festif.png","contentUrl":"https:\/\/honfest.preprod-kalelia.fr\/wp-content\/uploads\/2020\/10\/logo-honore-festif.png","width":198,"height":118,"caption":"Honor\u00e9 Festif"},"image":{"@id":"https:\/\/honfest.preprod-kalelia.fr\/#\/schema\/logo\/image\/"}}]}},"_links":{"self":[{"href":"https:\/\/honfest.preprod-kalelia.fr\/index.php?rest_route=\/wp\/v2\/product\/1055","targetHints":{"allow":["GET"]}}],"collection":[{"href":"https:\/\/honfest.preprod-kalelia.fr\/index.php?rest_route=\/wp\/v2\/product"}],"about":[{"href":"https:\/\/honfest.preprod-kalelia.fr\/index.php?rest_route=\/wp\/v2\/types\/product"}],"wp:featuredmedia":[{"embeddable":true,"href":"https:\/\/honfest.preprod-kalelia.fr\/index.php?rest_route=\/wp\/v2\/media\/6339"}],"wp:attachment":[{"href":"https:\/\/honfest.preprod-kalelia.fr\/index.php?rest_route=%2Fwp%2Fv2%2Fmedia&parent=1055"}],"wp:term":[{"taxonomy":"product_cat","embeddable":true,"href":"https:\/\/honfest.preprod-kalelia.fr\/index.php?rest_route=%2Fwp%2Fv2%2Fproduct_cat&post=1055"},{"taxonomy":"product_tag","embeddable":true,"href":"https:\/\/honfest.preprod-kalelia.fr\/index.php?rest_route=%2Fwp%2Fv2%2Fproduct_tag&post=1055"}],"curies":[{"name":"wp","href":"https:\/\/api.w.org\/{rel}","templated":true}]}}