{"id":1057,"date":"2015-05-22T10:29:16","date_gmt":"2015-05-22T08:29:16","guid":{"rendered":"http:\/\/honorefestif.1-ter-net.net\/?product=kit-vaisselle-jetable-cocktail"},"modified":"2023-03-07T11:04:10","modified_gmt":"2023-03-07T10:04:10","slug":"kit-vaisselle-jetable-cocktail","status":"publish","type":"product","link":"https:\/\/honfest.preprod-kalelia.fr\/?product=kit-vaisselle-jetable-cocktail","title":{"rendered":"Kit vaisselle jetable pour cocktail d\u00e9jeunatoire ou dinatoire"},"content":{"rendered":"<p>Kit vaisselle jetable pour\u00a0cocktail\u00a0d\u00e9jeunatoire ou dinatoire\u00a0(1 serviette cocktail, 1 petite assiette jetable, 1 verre fl\u00fbte ou 1 verre \u00e0 vin jetable et 1 verre gobelet)<\/p>\n<\/p>\n<\/p><\/p>\n","protected":false},"excerpt":{"rendered":"<p>Kit vaisselle jetable pour\u00a0cocktail\u00a0d\u00e9jeunatoire ou dinatoire\u00a0(1 serviette cocktail, 1 petite assiette jetable, 1 verre fl\u00fbte ou 1 verre \u00e0 vin jetable et 1 verre gobelet)<\/p>\n","protected":false},"featured_media":6802,"template":"","meta":[],"product_cat":[524,46,68],"product_tag":[336,326,323],"class_list":{"0":"post-1057","1":"product","2":"type-product","3":"status-publish","4":"has-post-thumbnail","6":"type-prest-produit-cocktail-dejeunatoire-2h-debout","7":"type-prest-produit-cocktail-dinatoire-3h-debout","8":"product_cat-accessoires","9":"product_cat-cocktail","10":"product_cat-materiel-jetable-et-accessoires","11":"product_tag-assiette","12":"product_tag-materiel-jetable","13":"product_tag-verre-a-vin","15":"first","16":"instock","17":"taxable","18":"shipping-taxable","19":"purchasable","20":"product-type-simple"},"yoast_head":"<!-- This site is optimized with the Yoast SEO plugin v25.9 - https:\/\/yoast.com\/wordpress\/plugins\/seo\/ -->\n<title>Kit vaisselle jetable pour cocktail d\u00e9jeunatoire ou dinatoire | Honor\u00e9 Festif<\/title>\n<meta name=\"description\" content=\"vente Kit vaisselle jetable pour cocktail d\u00e9jeunatoire ou dinatoire particulier entreprise \u00e0 Nantes et Loire Atlantique\" \/>\n<meta name=\"robots\" content=\"index, follow, max-snippet:-1, max-image-preview:large, max-video-preview:-1\" \/>\n<link rel=\"canonical\" href=\"https:\/\/honfest.preprod-kalelia.fr\/?product=kit-vaisselle-jetable-cocktail\" \/>\n<meta property=\"og:locale\" content=\"fr_FR\" \/>\n<meta property=\"og:type\" content=\"article\" \/>\n<meta property=\"og:title\" content=\"Kit vaisselle jetable pour cocktail d\u00e9jeunatoire ou dinatoire | Honor\u00e9 Festif\" \/>\n<meta property=\"og:description\" content=\"vente Kit vaisselle jetable pour cocktail d\u00e9jeunatoire ou dinatoire particulier entreprise \u00e0 Nantes et Loire Atlantique\" \/>\n<meta property=\"og:url\" content=\"https:\/\/honfest.preprod-kalelia.fr\/?product=kit-vaisselle-jetable-cocktail\" \/>\n<meta property=\"og:site_name\" content=\"Honor\u00e9 Festif\" \/>\n<meta property=\"article:modified_time\" content=\"2023-03-07T10:04:10+00:00\" \/>\n<meta property=\"og:image\" content=\"https:\/\/honfest.preprod-kalelia.fr\/wp-content\/uploads\/2016\/10\/Formule_cocktail_d\u00eeatoire-scaled.jpg\" \/>\n\t<meta property=\"og:image:width\" content=\"2560\" \/>\n\t<meta property=\"og:image:height\" content=\"2560\" \/>\n\t<meta property=\"og:image:type\" content=\"image\/jpeg\" \/>\n<meta name=\"twitter:card\" content=\"summary_large_image\" \/>\n<script type=\"application\/ld+json\" class=\"yoast-schema-graph\">{\"@context\":\"https:\/\/schema.org\",\"@graph\":[{\"@type\":\"WebPage\",\"@id\":\"https:\/\/honfest.preprod-kalelia.fr\/?product=kit-vaisselle-jetable-cocktail\",\"url\":\"https:\/\/honfest.preprod-kalelia.fr\/?product=kit-vaisselle-jetable-cocktail\",\"name\":\"Kit vaisselle jetable pour cocktail d\u00e9jeunatoire ou dinatoire | Honor\u00e9 Festif\",\"isPartOf\":{\"@id\":\"https:\/\/honfest.preprod-kalelia.fr\/#website\"},\"primaryImageOfPage\":{\"@id\":\"https:\/\/honfest.preprod-kalelia.fr\/?product=kit-vaisselle-jetable-cocktail#primaryimage\"},\"image\":{\"@id\":\"https:\/\/honfest.preprod-kalelia.fr\/?product=kit-vaisselle-jetable-cocktail#primaryimage\"},\"thumbnailUrl\":\"https:\/\/honfest.preprod-kalelia.fr\/wp-content\/uploads\/2016\/10\/Formule_cocktail_d\u00eeatoire-scaled.jpg\",\"datePublished\":\"2015-05-22T08:29:16+00:00\",\"dateModified\":\"2023-03-07T10:04:10+00:00\",\"description\":\"vente Kit vaisselle jetable pour cocktail d\u00e9jeunatoire ou dinatoire particulier entreprise \u00e0 Nantes et Loire Atlantique\",\"breadcrumb\":{\"@id\":\"https:\/\/honfest.preprod-kalelia.fr\/?product=kit-vaisselle-jetable-cocktail#breadcrumb\"},\"inLanguage\":\"fr-FR\",\"potentialAction\":[{\"@type\":\"ReadAction\",\"target\":[\"https:\/\/honfest.preprod-kalelia.fr\/?product=kit-vaisselle-jetable-cocktail\"]}]},{\"@type\":\"ImageObject\",\"inLanguage\":\"fr-FR\",\"@id\":\"https:\/\/honfest.preprod-kalelia.fr\/?product=kit-vaisselle-jetable-cocktail#primaryimage\",\"url\":\"https:\/\/honfest.preprod-kalelia.fr\/wp-content\/uploads\/2016\/10\/Formule_cocktail_d\u00eeatoire-scaled.jpg\",\"contentUrl\":\"https:\/\/honfest.preprod-kalelia.fr\/wp-content\/uploads\/2016\/10\/Formule_cocktail_d\u00eeatoire-scaled.jpg\",\"width\":2560,\"height\":2560},{\"@type\":\"BreadcrumbList\",\"@id\":\"https:\/\/honfest.preprod-kalelia.fr\/?product=kit-vaisselle-jetable-cocktail#breadcrumb\",\"itemListElement\":[{\"@type\":\"ListItem\",\"position\":1,\"name\":\"Accueil\",\"item\":\"https:\/\/honfest.preprod-kalelia.fr\/\"},{\"@type\":\"ListItem\",\"position\":2,\"name\":\"Kit vaisselle jetable pour cocktail d\u00e9jeunatoire ou dinatoire\"}]},{\"@type\":\"WebSite\",\"@id\":\"https:\/\/honfest.preprod-kalelia.fr\/#website\",\"url\":\"https:\/\/honfest.preprod-kalelia.fr\/\",\"name\":\"Honor\u00e9 Festif\",\"description\":\"\",\"publisher\":{\"@id\":\"https:\/\/honfest.preprod-kalelia.fr\/#organization\"},\"potentialAction\":[{\"@type\":\"SearchAction\",\"target\":{\"@type\":\"EntryPoint\",\"urlTemplate\":\"https:\/\/honfest.preprod-kalelia.fr\/?s={search_term_string}\"},\"query-input\":{\"@type\":\"PropertyValueSpecification\",\"valueRequired\":true,\"valueName\":\"search_term_string\"}}],\"inLanguage\":\"fr-FR\"},{\"@type\":\"Organization\",\"@id\":\"https:\/\/honfest.preprod-kalelia.fr\/#organization\",\"name\":\"Honor\u00e9 Festif\",\"url\":\"https:\/\/honfest.preprod-kalelia.fr\/\",\"logo\":{\"@type\":\"ImageObject\",\"inLanguage\":\"fr-FR\",\"@id\":\"https:\/\/honfest.preprod-kalelia.fr\/#\/schema\/logo\/image\/\",\"url\":\"https:\/\/honfest.preprod-kalelia.fr\/wp-content\/uploads\/2020\/10\/logo-honore-festif.png\",\"contentUrl\":\"https:\/\/honfest.preprod-kalelia.fr\/wp-content\/uploads\/2020\/10\/logo-honore-festif.png\",\"width\":198,\"height\":118,\"caption\":\"Honor\u00e9 Festif\"},\"image\":{\"@id\":\"https:\/\/honfest.preprod-kalelia.fr\/#\/schema\/logo\/image\/\"}}]}<\/script>\n<!-- \/ Yoast SEO plugin. -->","yoast_head_json":{"title":"Kit vaisselle jetable pour cocktail d\u00e9jeunatoire ou dinatoire | Honor\u00e9 Festif","description":"vente Kit vaisselle jetable pour cocktail d\u00e9jeunatoire ou dinatoire particulier entreprise \u00e0 Nantes et Loire Atlantique","robots":{"index":"index","follow":"follow","max-snippet":"max-snippet:-1","max-image-preview":"max-image-preview:large","max-video-preview":"max-video-preview:-1"},"canonical":"https:\/\/honfest.preprod-kalelia.fr\/?product=kit-vaisselle-jetable-cocktail","og_locale":"fr_FR","og_type":"article","og_title":"Kit vaisselle jetable pour cocktail d\u00e9jeunatoire ou dinatoire | Honor\u00e9 Festif","og_description":"vente Kit vaisselle jetable pour cocktail d\u00e9jeunatoire ou dinatoire particulier entreprise \u00e0 Nantes et Loire Atlantique","og_url":"https:\/\/honfest.preprod-kalelia.fr\/?product=kit-vaisselle-jetable-cocktail","og_site_name":"Honor\u00e9 Festif","article_modified_time":"2023-03-07T10:04:10+00:00","og_image":[{"width":2560,"height":2560,"url":"https:\/\/honfest.preprod-kalelia.fr\/wp-content\/uploads\/2016\/10\/Formule_cocktail_d\u00eeatoire-scaled.jpg","type":"image\/jpeg"}],"twitter_card":"summary_large_image","schema":{"@context":"https:\/\/schema.org","@graph":[{"@type":"WebPage","@id":"https:\/\/honfest.preprod-kalelia.fr\/?product=kit-vaisselle-jetable-cocktail","url":"https:\/\/honfest.preprod-kalelia.fr\/?product=kit-vaisselle-jetable-cocktail","name":"Kit vaisselle jetable pour cocktail d\u00e9jeunatoire ou dinatoire | Honor\u00e9 Festif","isPartOf":{"@id":"https:\/\/honfest.preprod-kalelia.fr\/#website"},"primaryImageOfPage":{"@id":"https:\/\/honfest.preprod-kalelia.fr\/?product=kit-vaisselle-jetable-cocktail#primaryimage"},"image":{"@id":"https:\/\/honfest.preprod-kalelia.fr\/?product=kit-vaisselle-jetable-cocktail#primaryimage"},"thumbnailUrl":"https:\/\/honfest.preprod-kalelia.fr\/wp-content\/uploads\/2016\/10\/Formule_cocktail_d\u00eeatoire-scaled.jpg","datePublished":"2015-05-22T08:29:16+00:00","dateModified":"2023-03-07T10:04:10+00:00","description":"vente Kit vaisselle jetable pour cocktail d\u00e9jeunatoire ou dinatoire particulier entreprise \u00e0 Nantes et Loire Atlantique","breadcrumb":{"@id":"https:\/\/honfest.preprod-kalelia.fr\/?product=kit-vaisselle-jetable-cocktail#breadcrumb"},"inLanguage":"fr-FR","potentialAction":[{"@type":"ReadAction","target":["https:\/\/honfest.preprod-kalelia.fr\/?product=kit-vaisselle-jetable-cocktail"]}]},{"@type":"ImageObject","inLanguage":"fr-FR","@id":"https:\/\/honfest.preprod-kalelia.fr\/?product=kit-vaisselle-jetable-cocktail#primaryimage","url":"https:\/\/honfest.preprod-kalelia.fr\/wp-content\/uploads\/2016\/10\/Formule_cocktail_d\u00eeatoire-scaled.jpg","contentUrl":"https:\/\/honfest.preprod-kalelia.fr\/wp-content\/uploads\/2016\/10\/Formule_cocktail_d\u00eeatoire-scaled.jpg","width":2560,"height":2560},{"@type":"BreadcrumbList","@id":"https:\/\/honfest.preprod-kalelia.fr\/?product=kit-vaisselle-jetable-cocktail#breadcrumb","itemListElement":[{"@type":"ListItem","position":1,"name":"Accueil","item":"https:\/\/honfest.preprod-kalelia.fr\/"},{"@type":"ListItem","position":2,"name":"Kit vaisselle jetable pour cocktail d\u00e9jeunatoire ou dinatoire"}]},{"@type":"WebSite","@id":"https:\/\/honfest.preprod-kalelia.fr\/#website","url":"https:\/\/honfest.preprod-kalelia.fr\/","name":"Honor\u00e9 Festif","description":"","publisher":{"@id":"https:\/\/honfest.preprod-kalelia.fr\/#organization"},"potentialAction":[{"@type":"SearchAction","target":{"@type":"EntryPoint","urlTemplate":"https:\/\/honfest.preprod-kalelia.fr\/?s={search_term_string}"},"query-input":{"@type":"PropertyValueSpecification","valueRequired":true,"valueName":"search_term_string"}}],"inLanguage":"fr-FR"},{"@type":"Organization","@id":"https:\/\/honfest.preprod-kalelia.fr\/#organization","name":"Honor\u00e9 Festif","url":"https:\/\/honfest.preprod-kalelia.fr\/","logo":{"@type":"ImageObject","inLanguage":"fr-FR","@id":"https:\/\/honfest.preprod-kalelia.fr\/#\/schema\/logo\/image\/","url":"https:\/\/honfest.preprod-kalelia.fr\/wp-content\/uploads\/2020\/10\/logo-honore-festif.png","contentUrl":"https:\/\/honfest.preprod-kalelia.fr\/wp-content\/uploads\/2020\/10\/logo-honore-festif.png","width":198,"height":118,"caption":"Honor\u00e9 Festif"},"image":{"@id":"https:\/\/honfest.preprod-kalelia.fr\/#\/schema\/logo\/image\/"}}]}},"_links":{"self":[{"href":"https:\/\/honfest.preprod-kalelia.fr\/index.php?rest_route=\/wp\/v2\/product\/1057","targetHints":{"allow":["GET"]}}],"collection":[{"href":"https:\/\/honfest.preprod-kalelia.fr\/index.php?rest_route=\/wp\/v2\/product"}],"about":[{"href":"https:\/\/honfest.preprod-kalelia.fr\/index.php?rest_route=\/wp\/v2\/types\/product"}],"wp:featuredmedia":[{"embeddable":true,"href":"https:\/\/honfest.preprod-kalelia.fr\/index.php?rest_route=\/wp\/v2\/media\/6802"}],"wp:attachment":[{"href":"https:\/\/honfest.preprod-kalelia.fr\/index.php?rest_route=%2Fwp%2Fv2%2Fmedia&parent=1057"}],"wp:term":[{"taxonomy":"product_cat","embeddable":true,"href":"https:\/\/honfest.preprod-kalelia.fr\/index.php?rest_route=%2Fwp%2Fv2%2Fproduct_cat&post=1057"},{"taxonomy":"product_tag","embeddable":true,"href":"https:\/\/honfest.preprod-kalelia.fr\/index.php?rest_route=%2Fwp%2Fv2%2Fproduct_tag&post=1057"}],"curies":[{"name":"wp","href":"https:\/\/api.w.org\/{rel}","templated":true}]}}