{"id":11563,"date":"2023-03-02T15:48:06","date_gmt":"2023-03-02T14:48:06","guid":{"rendered":"https:\/\/www.honore-festif.com\/?post_type=product&#038;p=11563"},"modified":"2025-06-23T13:56:52","modified_gmt":"2025-06-23T11:56:52","slug":"festibox-vegetarien","status":"publish","type":"product","link":"https:\/\/honfest.preprod-kalelia.fr\/?product=festibox-vegetarien","title":{"rendered":"Festi&rsquo;Box V\u00e9g\u00e9tarien"},"content":{"rendered":"","protected":false},"excerpt":{"rendered":"<p style=\"text-align: justify\">Le Festi&rsquo;Box V\u00e9g\u00e9tarien est compos\u00e9 d\u2019une entr\u00e9e, d\u2019un plat et d\u2019un dessert. Pour d\u00e9guster ce coffret repas, nous y joignons un kit couverts, un gobelet, un petit pain d\u2019Honor\u00e9 et une petite bouteille d\u2019eau de source (33cl). <strong><a href=\"https:\/\/honfest.preprod-kalelia.fr\/wp-content\/uploads\/2020\/07\/Plaquette-Emballage-Plateau-Repas.pdf\" target=\"_blank\" rel=\"noopener\">L\u2019emballage de notre plateau repas<\/a>\u00a0enti\u00e8rement recyclable est fabriqu\u00e9 en France \u00e0 partir de produits recycl\u00e9s.<\/strong><\/p>\n<p><strong>Menu V\u00e9g\u00e9tarien<\/strong><\/p>\n<p>Salade Rustique (pomme de terre cube, tomates fra\u00eeches, comt\u00e9, petits pois, mais, mayonnaise)<\/p>\n<p>Quiche ch\u00e8vre \u00e9pinard et tomate confite sauce pesto<\/p>\n<p>Tarte Poire Bourdaloue (p\u00e2te feuillet\u00e9e, poire poch\u00e9e au sirop vanill\u00e9, cr\u00e8me d&rsquo;amandes)<\/p>\n","protected":false},"featured_media":21670,"template":"","meta":[],"product_cat":[45,60],"product_tag":[235,234,256,259],"class_list":{"0":"post-11563","1":"product","2":"type-product","3":"status-publish","4":"has-post-thumbnail","6":"type-evt-produit-seminaire-congres","7":"type-prest-produit-plateau-repas-1h-assis","8":"saveur-produit-tendance-vegetarien-vegan-sans-gluten","9":"saveur-produit-un-peu-de-tout","10":"product_cat-plateaux-repas","11":"product_cat-festipouce-festi-box","12":"product_tag-coffret-repas","13":"product_tag-plateau-repas","14":"product_tag-vegetarien","15":"product_tag-veggie","16":"pa_a_entreefesticub-tartare-de-crabe-emulsion-concombre-verveine-saumon-fume","17":"pa_b_platfesticub-picanha-de-veau-sauce-chimichuri-sucrine-croquante-houmous-de-poivrons-grilles","18":"pa_c_dessertfesticub-infiniment-abricots-pate-sucree-financier-amande-abricots-rotis","20":"first","21":"instock","22":"taxable","23":"shipping-taxable","24":"purchasable","25":"product-type-simple"},"yoast_head":"<!-- This site is optimized with the Yoast SEO plugin v25.9 - https:\/\/yoast.com\/wordpress\/plugins\/seo\/ -->\n<title>Plateaux Repas V\u00e9g\u00e9tarien - Livraison Entreprise Nantes (44) | Honor\u00e9 festif<\/title>\n<meta name=\"description\" content=\"Le Festi\u2019 V\u00e9g\u00e9tarien est compos\u00e9 d\u2019une entr\u00e9e, d\u2019un plat et d\u2019un dessert. Pour d\u00e9guster ce coffret repas, nous y joignons un kit couverts, un verre \u00e0 pied, un rince-doigts, et un petit pain d\u2019Honor\u00e9.\" \/>\n<meta name=\"robots\" content=\"index, follow, max-snippet:-1, max-image-preview:large, max-video-preview:-1\" \/>\n<link rel=\"canonical\" href=\"https:\/\/honfest.preprod-kalelia.fr\/?product=festibox-vegetarien\" \/>\n<meta property=\"og:locale\" content=\"fr_FR\" \/>\n<meta property=\"og:type\" content=\"article\" \/>\n<meta property=\"og:title\" content=\"Plateaux Repas V\u00e9g\u00e9tarien - Livraison Entreprise Nantes (44) | Honor\u00e9 festif\" \/>\n<meta property=\"og:description\" content=\"Le Festi\u2019 V\u00e9g\u00e9tarien est compos\u00e9 d\u2019une entr\u00e9e, d\u2019un plat et d\u2019un dessert. Pour d\u00e9guster ce coffret repas, nous y joignons un kit couverts, un verre \u00e0 pied, un rince-doigts, et un petit pain d\u2019Honor\u00e9.\" \/>\n<meta property=\"og:url\" content=\"https:\/\/honfest.preprod-kalelia.fr\/?product=festibox-vegetarien\" \/>\n<meta property=\"og:site_name\" content=\"Honor\u00e9 Festif\" \/>\n<meta property=\"article:modified_time\" content=\"2025-06-23T11:56:52+00:00\" \/>\n<meta property=\"og:image\" content=\"https:\/\/honfest.preprod-kalelia.fr\/wp-content\/uploads\/2023\/03\/Box-1-scaled.jpg\" \/>\n\t<meta property=\"og:image:width\" content=\"2560\" \/>\n\t<meta property=\"og:image:height\" content=\"2560\" \/>\n\t<meta property=\"og:image:type\" content=\"image\/jpeg\" \/>\n<meta name=\"twitter:card\" content=\"summary_large_image\" \/>\n<meta name=\"twitter:label1\" content=\"Dur\u00e9e de lecture estim\u00e9e\" \/>\n\t<meta name=\"twitter:data1\" content=\"1 minute\" \/>\n<script type=\"application\/ld+json\" class=\"yoast-schema-graph\">{\"@context\":\"https:\/\/schema.org\",\"@graph\":[{\"@type\":\"WebPage\",\"@id\":\"https:\/\/honfest.preprod-kalelia.fr\/?product=festibox-vegetarien\",\"url\":\"https:\/\/honfest.preprod-kalelia.fr\/?product=festibox-vegetarien\",\"name\":\"Plateaux Repas V\u00e9g\u00e9tarien - Livraison Entreprise Nantes (44) | Honor\u00e9 festif\",\"isPartOf\":{\"@id\":\"https:\/\/honfest.preprod-kalelia.fr\/#website\"},\"primaryImageOfPage\":{\"@id\":\"https:\/\/honfest.preprod-kalelia.fr\/?product=festibox-vegetarien#primaryimage\"},\"image\":{\"@id\":\"https:\/\/honfest.preprod-kalelia.fr\/?product=festibox-vegetarien#primaryimage\"},\"thumbnailUrl\":\"https:\/\/honfest.preprod-kalelia.fr\/wp-content\/uploads\/2023\/03\/Box-1-scaled.jpg\",\"datePublished\":\"2023-03-02T14:48:06+00:00\",\"dateModified\":\"2025-06-23T11:56:52+00:00\",\"description\":\"Le Festi\u2019 V\u00e9g\u00e9tarien est compos\u00e9 d\u2019une entr\u00e9e, d\u2019un plat et d\u2019un dessert. Pour d\u00e9guster ce coffret repas, nous y joignons un kit couverts, un verre \u00e0 pied, un rince-doigts, et un petit pain d\u2019Honor\u00e9.\",\"breadcrumb\":{\"@id\":\"https:\/\/honfest.preprod-kalelia.fr\/?product=festibox-vegetarien#breadcrumb\"},\"inLanguage\":\"fr-FR\",\"potentialAction\":[{\"@type\":\"ReadAction\",\"target\":[\"https:\/\/honfest.preprod-kalelia.fr\/?product=festibox-vegetarien\"]}]},{\"@type\":\"ImageObject\",\"inLanguage\":\"fr-FR\",\"@id\":\"https:\/\/honfest.preprod-kalelia.fr\/?product=festibox-vegetarien#primaryimage\",\"url\":\"https:\/\/honfest.preprod-kalelia.fr\/wp-content\/uploads\/2023\/03\/Box-1-scaled.jpg\",\"contentUrl\":\"https:\/\/honfest.preprod-kalelia.fr\/wp-content\/uploads\/2023\/03\/Box-1-scaled.jpg\",\"width\":2560,\"height\":2560},{\"@type\":\"BreadcrumbList\",\"@id\":\"https:\/\/honfest.preprod-kalelia.fr\/?product=festibox-vegetarien#breadcrumb\",\"itemListElement\":[{\"@type\":\"ListItem\",\"position\":1,\"name\":\"Accueil\",\"item\":\"https:\/\/honfest.preprod-kalelia.fr\/\"},{\"@type\":\"ListItem\",\"position\":2,\"name\":\"Festi&rsquo;Box V\u00e9g\u00e9tarien\"}]},{\"@type\":\"WebSite\",\"@id\":\"https:\/\/honfest.preprod-kalelia.fr\/#website\",\"url\":\"https:\/\/honfest.preprod-kalelia.fr\/\",\"name\":\"Honor\u00e9 Festif\",\"description\":\"\",\"publisher\":{\"@id\":\"https:\/\/honfest.preprod-kalelia.fr\/#organization\"},\"potentialAction\":[{\"@type\":\"SearchAction\",\"target\":{\"@type\":\"EntryPoint\",\"urlTemplate\":\"https:\/\/honfest.preprod-kalelia.fr\/?s={search_term_string}\"},\"query-input\":{\"@type\":\"PropertyValueSpecification\",\"valueRequired\":true,\"valueName\":\"search_term_string\"}}],\"inLanguage\":\"fr-FR\"},{\"@type\":\"Organization\",\"@id\":\"https:\/\/honfest.preprod-kalelia.fr\/#organization\",\"name\":\"Honor\u00e9 Festif\",\"url\":\"https:\/\/honfest.preprod-kalelia.fr\/\",\"logo\":{\"@type\":\"ImageObject\",\"inLanguage\":\"fr-FR\",\"@id\":\"https:\/\/honfest.preprod-kalelia.fr\/#\/schema\/logo\/image\/\",\"url\":\"https:\/\/honfest.preprod-kalelia.fr\/wp-content\/uploads\/2020\/10\/logo-honore-festif.png\",\"contentUrl\":\"https:\/\/honfest.preprod-kalelia.fr\/wp-content\/uploads\/2020\/10\/logo-honore-festif.png\",\"width\":198,\"height\":118,\"caption\":\"Honor\u00e9 Festif\"},\"image\":{\"@id\":\"https:\/\/honfest.preprod-kalelia.fr\/#\/schema\/logo\/image\/\"}}]}<\/script>\n<!-- \/ Yoast SEO plugin. -->","yoast_head_json":{"title":"Plateaux Repas V\u00e9g\u00e9tarien - Livraison Entreprise Nantes (44) | Honor\u00e9 festif","description":"Le Festi\u2019 V\u00e9g\u00e9tarien est compos\u00e9 d\u2019une entr\u00e9e, d\u2019un plat et d\u2019un dessert. Pour d\u00e9guster ce coffret repas, nous y joignons un kit couverts, un verre \u00e0 pied, un rince-doigts, et un petit pain d\u2019Honor\u00e9.","robots":{"index":"index","follow":"follow","max-snippet":"max-snippet:-1","max-image-preview":"max-image-preview:large","max-video-preview":"max-video-preview:-1"},"canonical":"https:\/\/honfest.preprod-kalelia.fr\/?product=festibox-vegetarien","og_locale":"fr_FR","og_type":"article","og_title":"Plateaux Repas V\u00e9g\u00e9tarien - Livraison Entreprise Nantes (44) | Honor\u00e9 festif","og_description":"Le Festi\u2019 V\u00e9g\u00e9tarien est compos\u00e9 d\u2019une entr\u00e9e, d\u2019un plat et d\u2019un dessert. Pour d\u00e9guster ce coffret repas, nous y joignons un kit couverts, un verre \u00e0 pied, un rince-doigts, et un petit pain d\u2019Honor\u00e9.","og_url":"https:\/\/honfest.preprod-kalelia.fr\/?product=festibox-vegetarien","og_site_name":"Honor\u00e9 Festif","article_modified_time":"2025-06-23T11:56:52+00:00","og_image":[{"width":2560,"height":2560,"url":"https:\/\/honfest.preprod-kalelia.fr\/wp-content\/uploads\/2023\/03\/Box-1-scaled.jpg","type":"image\/jpeg"}],"twitter_card":"summary_large_image","twitter_misc":{"Dur\u00e9e de lecture estim\u00e9e":"1 minute"},"schema":{"@context":"https:\/\/schema.org","@graph":[{"@type":"WebPage","@id":"https:\/\/honfest.preprod-kalelia.fr\/?product=festibox-vegetarien","url":"https:\/\/honfest.preprod-kalelia.fr\/?product=festibox-vegetarien","name":"Plateaux Repas V\u00e9g\u00e9tarien - Livraison Entreprise Nantes (44) | Honor\u00e9 festif","isPartOf":{"@id":"https:\/\/honfest.preprod-kalelia.fr\/#website"},"primaryImageOfPage":{"@id":"https:\/\/honfest.preprod-kalelia.fr\/?product=festibox-vegetarien#primaryimage"},"image":{"@id":"https:\/\/honfest.preprod-kalelia.fr\/?product=festibox-vegetarien#primaryimage"},"thumbnailUrl":"https:\/\/honfest.preprod-kalelia.fr\/wp-content\/uploads\/2023\/03\/Box-1-scaled.jpg","datePublished":"2023-03-02T14:48:06+00:00","dateModified":"2025-06-23T11:56:52+00:00","description":"Le Festi\u2019 V\u00e9g\u00e9tarien est compos\u00e9 d\u2019une entr\u00e9e, d\u2019un plat et d\u2019un dessert. Pour d\u00e9guster ce coffret repas, nous y joignons un kit couverts, un verre \u00e0 pied, un rince-doigts, et un petit pain d\u2019Honor\u00e9.","breadcrumb":{"@id":"https:\/\/honfest.preprod-kalelia.fr\/?product=festibox-vegetarien#breadcrumb"},"inLanguage":"fr-FR","potentialAction":[{"@type":"ReadAction","target":["https:\/\/honfest.preprod-kalelia.fr\/?product=festibox-vegetarien"]}]},{"@type":"ImageObject","inLanguage":"fr-FR","@id":"https:\/\/honfest.preprod-kalelia.fr\/?product=festibox-vegetarien#primaryimage","url":"https:\/\/honfest.preprod-kalelia.fr\/wp-content\/uploads\/2023\/03\/Box-1-scaled.jpg","contentUrl":"https:\/\/honfest.preprod-kalelia.fr\/wp-content\/uploads\/2023\/03\/Box-1-scaled.jpg","width":2560,"height":2560},{"@type":"BreadcrumbList","@id":"https:\/\/honfest.preprod-kalelia.fr\/?product=festibox-vegetarien#breadcrumb","itemListElement":[{"@type":"ListItem","position":1,"name":"Accueil","item":"https:\/\/honfest.preprod-kalelia.fr\/"},{"@type":"ListItem","position":2,"name":"Festi&rsquo;Box V\u00e9g\u00e9tarien"}]},{"@type":"WebSite","@id":"https:\/\/honfest.preprod-kalelia.fr\/#website","url":"https:\/\/honfest.preprod-kalelia.fr\/","name":"Honor\u00e9 Festif","description":"","publisher":{"@id":"https:\/\/honfest.preprod-kalelia.fr\/#organization"},"potentialAction":[{"@type":"SearchAction","target":{"@type":"EntryPoint","urlTemplate":"https:\/\/honfest.preprod-kalelia.fr\/?s={search_term_string}"},"query-input":{"@type":"PropertyValueSpecification","valueRequired":true,"valueName":"search_term_string"}}],"inLanguage":"fr-FR"},{"@type":"Organization","@id":"https:\/\/honfest.preprod-kalelia.fr\/#organization","name":"Honor\u00e9 Festif","url":"https:\/\/honfest.preprod-kalelia.fr\/","logo":{"@type":"ImageObject","inLanguage":"fr-FR","@id":"https:\/\/honfest.preprod-kalelia.fr\/#\/schema\/logo\/image\/","url":"https:\/\/honfest.preprod-kalelia.fr\/wp-content\/uploads\/2020\/10\/logo-honore-festif.png","contentUrl":"https:\/\/honfest.preprod-kalelia.fr\/wp-content\/uploads\/2020\/10\/logo-honore-festif.png","width":198,"height":118,"caption":"Honor\u00e9 Festif"},"image":{"@id":"https:\/\/honfest.preprod-kalelia.fr\/#\/schema\/logo\/image\/"}}]}},"_links":{"self":[{"href":"https:\/\/honfest.preprod-kalelia.fr\/index.php?rest_route=\/wp\/v2\/product\/11563","targetHints":{"allow":["GET"]}}],"collection":[{"href":"https:\/\/honfest.preprod-kalelia.fr\/index.php?rest_route=\/wp\/v2\/product"}],"about":[{"href":"https:\/\/honfest.preprod-kalelia.fr\/index.php?rest_route=\/wp\/v2\/types\/product"}],"wp:featuredmedia":[{"embeddable":true,"href":"https:\/\/honfest.preprod-kalelia.fr\/index.php?rest_route=\/wp\/v2\/media\/21670"}],"wp:attachment":[{"href":"https:\/\/honfest.preprod-kalelia.fr\/index.php?rest_route=%2Fwp%2Fv2%2Fmedia&parent=11563"}],"wp:term":[{"taxonomy":"product_cat","embeddable":true,"href":"https:\/\/honfest.preprod-kalelia.fr\/index.php?rest_route=%2Fwp%2Fv2%2Fproduct_cat&post=11563"},{"taxonomy":"product_tag","embeddable":true,"href":"https:\/\/honfest.preprod-kalelia.fr\/index.php?rest_route=%2Fwp%2Fv2%2Fproduct_tag&post=11563"}],"curies":[{"name":"wp","href":"https:\/\/api.w.org\/{rel}","templated":true}]}}