{"id":1157,"date":"2016-04-20T11:06:50","date_gmt":"2016-04-20T09:06:50","guid":{"rendered":"http:\/\/honorefestif.1-ter-net.net\/?product=festi-vegetarien"},"modified":"2025-08-18T18:54:52","modified_gmt":"2025-08-18T16:54:52","slug":"festi-vegetarien","status":"publish","type":"product","link":"https:\/\/honfest.preprod-kalelia.fr\/?product=festi-vegetarien","title":{"rendered":"Festi&rsquo; V\u00e9g\u00e9tarien"},"content":{"rendered":"<p style=\"text-align: justify\">Le Festi&rsquo;\u00a0V\u00e9g\u00e9tarien est compos\u00e9 d\u2019une entr\u00e9e, d\u2019un plat et d\u2019un dessert. Pour d\u00e9guster ce coffret repas, nous y joignons un kit couverts, un verre \u00e0 pied, un rince-doigts, et un petit pain d\u2019Honor\u00e9.<\/p>\n<p style=\"text-align: justify\"><strong><span style=\"text-decoration: underline\">Ne peut \u00eatre command\u00e9 seul<\/span><\/strong><\/p>\n<p style=\"text-align: justify\"><strong><span style=\"text-decoration: underline\">Possible pour une commande globale minimum de 5 Festi&rsquo;Cubs<\/span><\/strong><\/p>\n<p style=\"text-align: justify\"><strong>Il est conditionn\u00e9 dans un coffret kraft 100% biod\u00e9gradable.<\/strong><\/p>\n<p><a href=\"https:\/\/honfest.preprod-kalelia.fr\/wp-content\/uploads\/2016\/04\/Conditions-Generales-de-ventes-site-Internet.pdf\" target=\"_blank\" rel=\"noopener noreferrer\"><strong><img loading=\"lazy\" decoding=\"async\" class=\" size-full wp-image-1156\" style=\"margin-right: auto;margin-left: auto\" alt=\"48h D\u00e9lai\" src=\"https:\/\/honfest.preprod-kalelia.fr\/wp-content\/uploads\/2016\/04\/Delai-48h-48h-Delai.jpg\" width=\"104\" height=\"78\" \/><\/strong><\/a><\/p>\n","protected":false},"excerpt":{"rendered":"<p style=\"text-align: justify;\">Le Festi&rsquo; V\u00e9g\u00e9tarien est compos\u00e9 d\u2019une entr\u00e9e, d\u2019un plat et d\u2019un dessert. Pour d\u00e9guster ce coffret repas, nous y joignons un kit couverts, un gobelet et un petit pain d\u2019Honor\u00e9. <strong><a href=\"https:\/\/honfest.preprod-kalelia.fr\/wp-content\/uploads\/2020\/07\/Plaquette-Emballage-Plateau-Repas.pdf\" target=\"_blank\" rel=\"noopener\">L\u2019emballage de notre plateau repas<\/a>\u00a0enti\u00e8rement recyclable est fabriqu\u00e9 en France \u00e0 partir de produits recycl\u00e9s.<\/strong><\/p>\n<p><strong>Menu V\u00e9g\u00e9tarien<\/strong><\/p>\n<p>Asperges vertes \/ Mimosa d&rsquo;oeufs durs \/ Chips de parmesan \/ Sauce Hollandaise<\/p>\n<p>Burrata cr\u00e9meuse \/ L\u00e9gumes confits \/ Sabl\u00e9 s\u00e9same-pavot<\/p>\n<p>Autour de la banane \/ Cake \u00e0 la banane \/ Cr\u00e9meux passion \/ Coulis de banane \u00e0 la vanille \/ Caramel passion<\/p>\n","protected":false},"featured_media":228,"template":"","meta":[],"product_cat":[45,56],"product_tag":[235,234,256,259],"class_list":{"0":"post-1157","1":"product","2":"type-product","3":"status-publish","4":"has-post-thumbnail","6":"type-evt-produit-dejeuner-dentreprise","7":"type-evt-produit-evenements-prives","8":"type-prest-produit-plateau-repas-1h-assis","9":"saveur-produit-sale-froid","10":"saveur-produit-sucre","11":"saveur-produit-tendance-vegetarien-vegan-sans-gluten","12":"saveur-produit-un-peu-de-tout","13":"product_cat-plateaux-repas","14":"product_cat-festi-cub","15":"product_tag-coffret-repas","16":"product_tag-plateau-repas","17":"product_tag-vegetarien","18":"product_tag-veggie","19":"pa_a_entreefesticub-tartare-de-crabe-emulsion-concombre-verveine-saumon-fume","20":"pa_b_platfesticub-picanha-de-veau-sauce-chimichuri-sucrine-croquante-houmous-de-poivrons-grilles","21":"pa_c_dessertfesticub-infiniment-abricots-pate-sucree-financier-amande-abricots-rotis","23":"first","24":"instock","25":"taxable","26":"shipping-taxable","27":"purchasable","28":"product-type-simple"},"yoast_head":"<!-- This site is optimized with the Yoast SEO plugin v25.9 - https:\/\/yoast.com\/wordpress\/plugins\/seo\/ -->\n<title>Plateaux Repas V\u00e9g\u00e9tarien - Livraison Entreprise Nantes (44) | Honor\u00e9 festif<\/title>\n<meta name=\"description\" content=\"Le Festi\u2019 V\u00e9g\u00e9tarien est compos\u00e9 d\u2019une entr\u00e9e, d\u2019un plat et d\u2019un dessert. Pour d\u00e9guster ce coffret repas, nous y joignons un kit couverts, un verre \u00e0 pied, un rince-doigts, et un petit pain d\u2019Honor\u00e9.\" \/>\n<meta name=\"robots\" content=\"index, follow, max-snippet:-1, max-image-preview:large, max-video-preview:-1\" \/>\n<link rel=\"canonical\" href=\"https:\/\/honfest.preprod-kalelia.fr\/?product=festi-vegetarien\" \/>\n<meta property=\"og:locale\" content=\"fr_FR\" \/>\n<meta property=\"og:type\" content=\"article\" \/>\n<meta property=\"og:title\" content=\"Plateaux Repas V\u00e9g\u00e9tarien - Livraison Entreprise Nantes (44) | Honor\u00e9 festif\" \/>\n<meta property=\"og:description\" content=\"Le Festi\u2019 V\u00e9g\u00e9tarien est compos\u00e9 d\u2019une entr\u00e9e, d\u2019un plat et d\u2019un dessert. Pour d\u00e9guster ce coffret repas, nous y joignons un kit couverts, un verre \u00e0 pied, un rince-doigts, et un petit pain d\u2019Honor\u00e9.\" \/>\n<meta property=\"og:url\" content=\"https:\/\/honfest.preprod-kalelia.fr\/?product=festi-vegetarien\" \/>\n<meta property=\"og:site_name\" content=\"Honor\u00e9 Festif\" \/>\n<meta property=\"article:modified_time\" content=\"2025-08-18T16:54:52+00:00\" \/>\n<meta property=\"og:image\" content=\"https:\/\/honfest.preprod-kalelia.fr\/wp-content\/uploads\/2014\/10\/10-thickbox_default-Festicub-a-composer-vous-meme.jpg\" \/>\n\t<meta property=\"og:image:width\" content=\"800\" \/>\n\t<meta property=\"og:image:height\" content=\"800\" \/>\n\t<meta property=\"og:image:type\" content=\"image\/jpeg\" \/>\n<meta name=\"twitter:card\" content=\"summary_large_image\" \/>\n<meta name=\"twitter:label1\" content=\"Dur\u00e9e de lecture estim\u00e9e\" \/>\n\t<meta name=\"twitter:data1\" content=\"1 minute\" \/>\n<script type=\"application\/ld+json\" class=\"yoast-schema-graph\">{\"@context\":\"https:\/\/schema.org\",\"@graph\":[{\"@type\":\"WebPage\",\"@id\":\"https:\/\/honfest.preprod-kalelia.fr\/?product=festi-vegetarien\",\"url\":\"https:\/\/honfest.preprod-kalelia.fr\/?product=festi-vegetarien\",\"name\":\"Plateaux Repas V\u00e9g\u00e9tarien - Livraison Entreprise Nantes (44) | Honor\u00e9 festif\",\"isPartOf\":{\"@id\":\"https:\/\/honfest.preprod-kalelia.fr\/#website\"},\"primaryImageOfPage\":{\"@id\":\"https:\/\/honfest.preprod-kalelia.fr\/?product=festi-vegetarien#primaryimage\"},\"image\":{\"@id\":\"https:\/\/honfest.preprod-kalelia.fr\/?product=festi-vegetarien#primaryimage\"},\"thumbnailUrl\":\"https:\/\/honfest.preprod-kalelia.fr\/wp-content\/uploads\/2014\/10\/10-thickbox_default-Festicub-a-composer-vous-meme.jpg\",\"datePublished\":\"2016-04-20T09:06:50+00:00\",\"dateModified\":\"2025-08-18T16:54:52+00:00\",\"description\":\"Le Festi\u2019 V\u00e9g\u00e9tarien est compos\u00e9 d\u2019une entr\u00e9e, d\u2019un plat et d\u2019un dessert. Pour d\u00e9guster ce coffret repas, nous y joignons un kit couverts, un verre \u00e0 pied, un rince-doigts, et un petit pain d\u2019Honor\u00e9.\",\"breadcrumb\":{\"@id\":\"https:\/\/honfest.preprod-kalelia.fr\/?product=festi-vegetarien#breadcrumb\"},\"inLanguage\":\"fr-FR\",\"potentialAction\":[{\"@type\":\"ReadAction\",\"target\":[\"https:\/\/honfest.preprod-kalelia.fr\/?product=festi-vegetarien\"]}]},{\"@type\":\"ImageObject\",\"inLanguage\":\"fr-FR\",\"@id\":\"https:\/\/honfest.preprod-kalelia.fr\/?product=festi-vegetarien#primaryimage\",\"url\":\"https:\/\/honfest.preprod-kalelia.fr\/wp-content\/uploads\/2014\/10\/10-thickbox_default-Festicub-a-composer-vous-meme.jpg\",\"contentUrl\":\"https:\/\/honfest.preprod-kalelia.fr\/wp-content\/uploads\/2014\/10\/10-thickbox_default-Festicub-a-composer-vous-meme.jpg\",\"width\":800,\"height\":800,\"caption\":\"Festi'cub \u00e0 composer vous m\u00eame\"},{\"@type\":\"BreadcrumbList\",\"@id\":\"https:\/\/honfest.preprod-kalelia.fr\/?product=festi-vegetarien#breadcrumb\",\"itemListElement\":[{\"@type\":\"ListItem\",\"position\":1,\"name\":\"Accueil\",\"item\":\"https:\/\/honfest.preprod-kalelia.fr\/\"},{\"@type\":\"ListItem\",\"position\":2,\"name\":\"Festi&rsquo; V\u00e9g\u00e9tarien\"}]},{\"@type\":\"WebSite\",\"@id\":\"https:\/\/honfest.preprod-kalelia.fr\/#website\",\"url\":\"https:\/\/honfest.preprod-kalelia.fr\/\",\"name\":\"Honor\u00e9 Festif\",\"description\":\"\",\"publisher\":{\"@id\":\"https:\/\/honfest.preprod-kalelia.fr\/#organization\"},\"potentialAction\":[{\"@type\":\"SearchAction\",\"target\":{\"@type\":\"EntryPoint\",\"urlTemplate\":\"https:\/\/honfest.preprod-kalelia.fr\/?s={search_term_string}\"},\"query-input\":{\"@type\":\"PropertyValueSpecification\",\"valueRequired\":true,\"valueName\":\"search_term_string\"}}],\"inLanguage\":\"fr-FR\"},{\"@type\":\"Organization\",\"@id\":\"https:\/\/honfest.preprod-kalelia.fr\/#organization\",\"name\":\"Honor\u00e9 Festif\",\"url\":\"https:\/\/honfest.preprod-kalelia.fr\/\",\"logo\":{\"@type\":\"ImageObject\",\"inLanguage\":\"fr-FR\",\"@id\":\"https:\/\/honfest.preprod-kalelia.fr\/#\/schema\/logo\/image\/\",\"url\":\"https:\/\/honfest.preprod-kalelia.fr\/wp-content\/uploads\/2020\/10\/logo-honore-festif.png\",\"contentUrl\":\"https:\/\/honfest.preprod-kalelia.fr\/wp-content\/uploads\/2020\/10\/logo-honore-festif.png\",\"width\":198,\"height\":118,\"caption\":\"Honor\u00e9 Festif\"},\"image\":{\"@id\":\"https:\/\/honfest.preprod-kalelia.fr\/#\/schema\/logo\/image\/\"}}]}<\/script>\n<!-- \/ Yoast SEO plugin. -->","yoast_head_json":{"title":"Plateaux Repas V\u00e9g\u00e9tarien - Livraison Entreprise Nantes (44) | Honor\u00e9 festif","description":"Le Festi\u2019 V\u00e9g\u00e9tarien est compos\u00e9 d\u2019une entr\u00e9e, d\u2019un plat et d\u2019un dessert. Pour d\u00e9guster ce coffret repas, nous y joignons un kit couverts, un verre \u00e0 pied, un rince-doigts, et un petit pain d\u2019Honor\u00e9.","robots":{"index":"index","follow":"follow","max-snippet":"max-snippet:-1","max-image-preview":"max-image-preview:large","max-video-preview":"max-video-preview:-1"},"canonical":"https:\/\/honfest.preprod-kalelia.fr\/?product=festi-vegetarien","og_locale":"fr_FR","og_type":"article","og_title":"Plateaux Repas V\u00e9g\u00e9tarien - Livraison Entreprise Nantes (44) | Honor\u00e9 festif","og_description":"Le Festi\u2019 V\u00e9g\u00e9tarien est compos\u00e9 d\u2019une entr\u00e9e, d\u2019un plat et d\u2019un dessert. Pour d\u00e9guster ce coffret repas, nous y joignons un kit couverts, un verre \u00e0 pied, un rince-doigts, et un petit pain d\u2019Honor\u00e9.","og_url":"https:\/\/honfest.preprod-kalelia.fr\/?product=festi-vegetarien","og_site_name":"Honor\u00e9 Festif","article_modified_time":"2025-08-18T16:54:52+00:00","og_image":[{"width":800,"height":800,"url":"https:\/\/honfest.preprod-kalelia.fr\/wp-content\/uploads\/2014\/10\/10-thickbox_default-Festicub-a-composer-vous-meme.jpg","type":"image\/jpeg"}],"twitter_card":"summary_large_image","twitter_misc":{"Dur\u00e9e de lecture estim\u00e9e":"1 minute"},"schema":{"@context":"https:\/\/schema.org","@graph":[{"@type":"WebPage","@id":"https:\/\/honfest.preprod-kalelia.fr\/?product=festi-vegetarien","url":"https:\/\/honfest.preprod-kalelia.fr\/?product=festi-vegetarien","name":"Plateaux Repas V\u00e9g\u00e9tarien - Livraison Entreprise Nantes (44) | Honor\u00e9 festif","isPartOf":{"@id":"https:\/\/honfest.preprod-kalelia.fr\/#website"},"primaryImageOfPage":{"@id":"https:\/\/honfest.preprod-kalelia.fr\/?product=festi-vegetarien#primaryimage"},"image":{"@id":"https:\/\/honfest.preprod-kalelia.fr\/?product=festi-vegetarien#primaryimage"},"thumbnailUrl":"https:\/\/honfest.preprod-kalelia.fr\/wp-content\/uploads\/2014\/10\/10-thickbox_default-Festicub-a-composer-vous-meme.jpg","datePublished":"2016-04-20T09:06:50+00:00","dateModified":"2025-08-18T16:54:52+00:00","description":"Le Festi\u2019 V\u00e9g\u00e9tarien est compos\u00e9 d\u2019une entr\u00e9e, d\u2019un plat et d\u2019un dessert. Pour d\u00e9guster ce coffret repas, nous y joignons un kit couverts, un verre \u00e0 pied, un rince-doigts, et un petit pain d\u2019Honor\u00e9.","breadcrumb":{"@id":"https:\/\/honfest.preprod-kalelia.fr\/?product=festi-vegetarien#breadcrumb"},"inLanguage":"fr-FR","potentialAction":[{"@type":"ReadAction","target":["https:\/\/honfest.preprod-kalelia.fr\/?product=festi-vegetarien"]}]},{"@type":"ImageObject","inLanguage":"fr-FR","@id":"https:\/\/honfest.preprod-kalelia.fr\/?product=festi-vegetarien#primaryimage","url":"https:\/\/honfest.preprod-kalelia.fr\/wp-content\/uploads\/2014\/10\/10-thickbox_default-Festicub-a-composer-vous-meme.jpg","contentUrl":"https:\/\/honfest.preprod-kalelia.fr\/wp-content\/uploads\/2014\/10\/10-thickbox_default-Festicub-a-composer-vous-meme.jpg","width":800,"height":800,"caption":"Festi'cub \u00e0 composer vous m\u00eame"},{"@type":"BreadcrumbList","@id":"https:\/\/honfest.preprod-kalelia.fr\/?product=festi-vegetarien#breadcrumb","itemListElement":[{"@type":"ListItem","position":1,"name":"Accueil","item":"https:\/\/honfest.preprod-kalelia.fr\/"},{"@type":"ListItem","position":2,"name":"Festi&rsquo; V\u00e9g\u00e9tarien"}]},{"@type":"WebSite","@id":"https:\/\/honfest.preprod-kalelia.fr\/#website","url":"https:\/\/honfest.preprod-kalelia.fr\/","name":"Honor\u00e9 Festif","description":"","publisher":{"@id":"https:\/\/honfest.preprod-kalelia.fr\/#organization"},"potentialAction":[{"@type":"SearchAction","target":{"@type":"EntryPoint","urlTemplate":"https:\/\/honfest.preprod-kalelia.fr\/?s={search_term_string}"},"query-input":{"@type":"PropertyValueSpecification","valueRequired":true,"valueName":"search_term_string"}}],"inLanguage":"fr-FR"},{"@type":"Organization","@id":"https:\/\/honfest.preprod-kalelia.fr\/#organization","name":"Honor\u00e9 Festif","url":"https:\/\/honfest.preprod-kalelia.fr\/","logo":{"@type":"ImageObject","inLanguage":"fr-FR","@id":"https:\/\/honfest.preprod-kalelia.fr\/#\/schema\/logo\/image\/","url":"https:\/\/honfest.preprod-kalelia.fr\/wp-content\/uploads\/2020\/10\/logo-honore-festif.png","contentUrl":"https:\/\/honfest.preprod-kalelia.fr\/wp-content\/uploads\/2020\/10\/logo-honore-festif.png","width":198,"height":118,"caption":"Honor\u00e9 Festif"},"image":{"@id":"https:\/\/honfest.preprod-kalelia.fr\/#\/schema\/logo\/image\/"}}]}},"_links":{"self":[{"href":"https:\/\/honfest.preprod-kalelia.fr\/index.php?rest_route=\/wp\/v2\/product\/1157","targetHints":{"allow":["GET"]}}],"collection":[{"href":"https:\/\/honfest.preprod-kalelia.fr\/index.php?rest_route=\/wp\/v2\/product"}],"about":[{"href":"https:\/\/honfest.preprod-kalelia.fr\/index.php?rest_route=\/wp\/v2\/types\/product"}],"wp:featuredmedia":[{"embeddable":true,"href":"https:\/\/honfest.preprod-kalelia.fr\/index.php?rest_route=\/wp\/v2\/media\/228"}],"wp:attachment":[{"href":"https:\/\/honfest.preprod-kalelia.fr\/index.php?rest_route=%2Fwp%2Fv2%2Fmedia&parent=1157"}],"wp:term":[{"taxonomy":"product_cat","embeddable":true,"href":"https:\/\/honfest.preprod-kalelia.fr\/index.php?rest_route=%2Fwp%2Fv2%2Fproduct_cat&post=1157"},{"taxonomy":"product_tag","embeddable":true,"href":"https:\/\/honfest.preprod-kalelia.fr\/index.php?rest_route=%2Fwp%2Fv2%2Fproduct_tag&post=1157"}],"curies":[{"name":"wp","href":"https:\/\/api.w.org\/{rel}","templated":true}]}}