{"id":1180,"date":"2016-05-20T10:11:36","date_gmt":"2016-05-20T08:11:36","guid":{"rendered":"http:\/\/honorefestif.1-ter-net.net\/?product=pot-de-vinaigrette-au-xeres-150g"},"modified":"2025-04-25T08:21:02","modified_gmt":"2025-04-25T06:21:02","slug":"pot-de-vinaigrette-au-xeres-150g","status":"publish","type":"product","link":"https:\/\/honfest.preprod-kalelia.fr\/?product=pot-de-vinaigrette-au-xeres-150g","title":{"rendered":"Vinaigrette \u00e0 l&rsquo;huile d&rsquo;olive et au vin rouge &#8211; Pot de 150g"},"content":{"rendered":"<p>Pot de vinaigrette au X\u00e8r\u00e8s &#8211; 150g<\/p>\n<p><sub> <\/sub><\/p><\/p>\n","protected":false},"excerpt":{"rendered":"<p>Vinaigrette \u00e0 l&rsquo;huile d&rsquo;olive et au vin rouge &#8211; Pot de 150g<\/p>\n<p>&nbsp;<\/p>\n","protected":false},"featured_media":11774,"template":"","meta":[],"product_cat":[59],"product_tag":[366,367],"class_list":{"0":"post-1180","1":"product","2":"type-product","3":"status-publish","4":"has-post-thumbnail","6":"type-prest-produit-buffet-copieux-2h-assis","7":"type-prest-produit-buffet-leger-1h-assis","8":"saveur-produit-sale-froid","9":"product_cat-buffet-a-composer","10":"product_tag-buffet","11":"product_tag-vinaigrette","13":"first","14":"instock","15":"taxable","16":"shipping-taxable","17":"purchasable","18":"product-type-simple"},"yoast_head":"<!-- This site is optimized with the Yoast SEO plugin v25.9 - https:\/\/yoast.com\/wordpress\/plugins\/seo\/ -->\n<title>Vinaigrette \u00e0 l&#039;huile d&#039;olive et au vin rouge - Pot de 150g | Honor\u00e9 Festif<\/title>\n<meta name=\"description\" content=\"vente Vinaigrette \u00e0 l&#039;huile d&#039;olive et au vin rouge - Pot de 150g particulier entreprise \u00e0 Nantes et Loire Atlantique\" \/>\n<meta name=\"robots\" content=\"index, follow, max-snippet:-1, max-image-preview:large, max-video-preview:-1\" \/>\n<link rel=\"canonical\" href=\"https:\/\/honfest.preprod-kalelia.fr\/?product=pot-de-vinaigrette-au-xeres-150g\" \/>\n<meta property=\"og:locale\" content=\"fr_FR\" \/>\n<meta property=\"og:type\" content=\"article\" \/>\n<meta property=\"og:title\" content=\"Vinaigrette \u00e0 l&#039;huile d&#039;olive et au vin rouge - Pot de 150g | Honor\u00e9 Festif\" \/>\n<meta property=\"og:description\" content=\"vente Vinaigrette \u00e0 l&#039;huile d&#039;olive et au vin rouge - Pot de 150g particulier entreprise \u00e0 Nantes et Loire Atlantique\" \/>\n<meta property=\"og:url\" content=\"https:\/\/honfest.preprod-kalelia.fr\/?product=pot-de-vinaigrette-au-xeres-150g\" \/>\n<meta property=\"og:site_name\" content=\"Honor\u00e9 Festif\" \/>\n<meta property=\"article:modified_time\" content=\"2025-04-25T06:21:02+00:00\" \/>\n<meta property=\"og:image\" content=\"https:\/\/honfest.preprod-kalelia.fr\/wp-content\/uploads\/2016\/05\/Sauce-vinaigrette.jpg\" \/>\n\t<meta property=\"og:image:width\" content=\"1500\" \/>\n\t<meta property=\"og:image:height\" content=\"1125\" \/>\n\t<meta property=\"og:image:type\" content=\"image\/jpeg\" \/>\n<meta name=\"twitter:card\" content=\"summary_large_image\" \/>\n<meta name=\"twitter:label1\" content=\"Dur\u00e9e de lecture estim\u00e9e\" \/>\n\t<meta name=\"twitter:data1\" content=\"1 minute\" \/>\n<script type=\"application\/ld+json\" class=\"yoast-schema-graph\">{\"@context\":\"https:\/\/schema.org\",\"@graph\":[{\"@type\":\"WebPage\",\"@id\":\"https:\/\/honfest.preprod-kalelia.fr\/?product=pot-de-vinaigrette-au-xeres-150g\",\"url\":\"https:\/\/honfest.preprod-kalelia.fr\/?product=pot-de-vinaigrette-au-xeres-150g\",\"name\":\"Vinaigrette \u00e0 l'huile d'olive et au vin rouge - Pot de 150g | Honor\u00e9 Festif\",\"isPartOf\":{\"@id\":\"https:\/\/honfest.preprod-kalelia.fr\/#website\"},\"primaryImageOfPage\":{\"@id\":\"https:\/\/honfest.preprod-kalelia.fr\/?product=pot-de-vinaigrette-au-xeres-150g#primaryimage\"},\"image\":{\"@id\":\"https:\/\/honfest.preprod-kalelia.fr\/?product=pot-de-vinaigrette-au-xeres-150g#primaryimage\"},\"thumbnailUrl\":\"https:\/\/honfest.preprod-kalelia.fr\/wp-content\/uploads\/2016\/05\/Sauce-vinaigrette.jpg\",\"datePublished\":\"2016-05-20T08:11:36+00:00\",\"dateModified\":\"2025-04-25T06:21:02+00:00\",\"description\":\"vente Vinaigrette \u00e0 l'huile d'olive et au vin rouge - Pot de 150g particulier entreprise \u00e0 Nantes et Loire Atlantique\",\"breadcrumb\":{\"@id\":\"https:\/\/honfest.preprod-kalelia.fr\/?product=pot-de-vinaigrette-au-xeres-150g#breadcrumb\"},\"inLanguage\":\"fr-FR\",\"potentialAction\":[{\"@type\":\"ReadAction\",\"target\":[\"https:\/\/honfest.preprod-kalelia.fr\/?product=pot-de-vinaigrette-au-xeres-150g\"]}]},{\"@type\":\"ImageObject\",\"inLanguage\":\"fr-FR\",\"@id\":\"https:\/\/honfest.preprod-kalelia.fr\/?product=pot-de-vinaigrette-au-xeres-150g#primaryimage\",\"url\":\"https:\/\/honfest.preprod-kalelia.fr\/wp-content\/uploads\/2016\/05\/Sauce-vinaigrette.jpg\",\"contentUrl\":\"https:\/\/honfest.preprod-kalelia.fr\/wp-content\/uploads\/2016\/05\/Sauce-vinaigrette.jpg\",\"width\":1500,\"height\":1125},{\"@type\":\"BreadcrumbList\",\"@id\":\"https:\/\/honfest.preprod-kalelia.fr\/?product=pot-de-vinaigrette-au-xeres-150g#breadcrumb\",\"itemListElement\":[{\"@type\":\"ListItem\",\"position\":1,\"name\":\"Accueil\",\"item\":\"https:\/\/honfest.preprod-kalelia.fr\/\"},{\"@type\":\"ListItem\",\"position\":2,\"name\":\"Vinaigrette \u00e0 l&rsquo;huile d&rsquo;olive et au vin rouge &#8211; Pot de 150g\"}]},{\"@type\":\"WebSite\",\"@id\":\"https:\/\/honfest.preprod-kalelia.fr\/#website\",\"url\":\"https:\/\/honfest.preprod-kalelia.fr\/\",\"name\":\"Honor\u00e9 Festif\",\"description\":\"\",\"publisher\":{\"@id\":\"https:\/\/honfest.preprod-kalelia.fr\/#organization\"},\"potentialAction\":[{\"@type\":\"SearchAction\",\"target\":{\"@type\":\"EntryPoint\",\"urlTemplate\":\"https:\/\/honfest.preprod-kalelia.fr\/?s={search_term_string}\"},\"query-input\":{\"@type\":\"PropertyValueSpecification\",\"valueRequired\":true,\"valueName\":\"search_term_string\"}}],\"inLanguage\":\"fr-FR\"},{\"@type\":\"Organization\",\"@id\":\"https:\/\/honfest.preprod-kalelia.fr\/#organization\",\"name\":\"Honor\u00e9 Festif\",\"url\":\"https:\/\/honfest.preprod-kalelia.fr\/\",\"logo\":{\"@type\":\"ImageObject\",\"inLanguage\":\"fr-FR\",\"@id\":\"https:\/\/honfest.preprod-kalelia.fr\/#\/schema\/logo\/image\/\",\"url\":\"https:\/\/honfest.preprod-kalelia.fr\/wp-content\/uploads\/2020\/10\/logo-honore-festif.png\",\"contentUrl\":\"https:\/\/honfest.preprod-kalelia.fr\/wp-content\/uploads\/2020\/10\/logo-honore-festif.png\",\"width\":198,\"height\":118,\"caption\":\"Honor\u00e9 Festif\"},\"image\":{\"@id\":\"https:\/\/honfest.preprod-kalelia.fr\/#\/schema\/logo\/image\/\"}}]}<\/script>\n<!-- \/ Yoast SEO plugin. -->","yoast_head_json":{"title":"Vinaigrette \u00e0 l'huile d'olive et au vin rouge - Pot de 150g | Honor\u00e9 Festif","description":"vente Vinaigrette \u00e0 l'huile d'olive et au vin rouge - Pot de 150g particulier entreprise \u00e0 Nantes et Loire Atlantique","robots":{"index":"index","follow":"follow","max-snippet":"max-snippet:-1","max-image-preview":"max-image-preview:large","max-video-preview":"max-video-preview:-1"},"canonical":"https:\/\/honfest.preprod-kalelia.fr\/?product=pot-de-vinaigrette-au-xeres-150g","og_locale":"fr_FR","og_type":"article","og_title":"Vinaigrette \u00e0 l'huile d'olive et au vin rouge - Pot de 150g | Honor\u00e9 Festif","og_description":"vente Vinaigrette \u00e0 l'huile d'olive et au vin rouge - Pot de 150g particulier entreprise \u00e0 Nantes et Loire Atlantique","og_url":"https:\/\/honfest.preprod-kalelia.fr\/?product=pot-de-vinaigrette-au-xeres-150g","og_site_name":"Honor\u00e9 Festif","article_modified_time":"2025-04-25T06:21:02+00:00","og_image":[{"width":1500,"height":1125,"url":"https:\/\/honfest.preprod-kalelia.fr\/wp-content\/uploads\/2016\/05\/Sauce-vinaigrette.jpg","type":"image\/jpeg"}],"twitter_card":"summary_large_image","twitter_misc":{"Dur\u00e9e de lecture estim\u00e9e":"1 minute"},"schema":{"@context":"https:\/\/schema.org","@graph":[{"@type":"WebPage","@id":"https:\/\/honfest.preprod-kalelia.fr\/?product=pot-de-vinaigrette-au-xeres-150g","url":"https:\/\/honfest.preprod-kalelia.fr\/?product=pot-de-vinaigrette-au-xeres-150g","name":"Vinaigrette \u00e0 l'huile d'olive et au vin rouge - Pot de 150g | Honor\u00e9 Festif","isPartOf":{"@id":"https:\/\/honfest.preprod-kalelia.fr\/#website"},"primaryImageOfPage":{"@id":"https:\/\/honfest.preprod-kalelia.fr\/?product=pot-de-vinaigrette-au-xeres-150g#primaryimage"},"image":{"@id":"https:\/\/honfest.preprod-kalelia.fr\/?product=pot-de-vinaigrette-au-xeres-150g#primaryimage"},"thumbnailUrl":"https:\/\/honfest.preprod-kalelia.fr\/wp-content\/uploads\/2016\/05\/Sauce-vinaigrette.jpg","datePublished":"2016-05-20T08:11:36+00:00","dateModified":"2025-04-25T06:21:02+00:00","description":"vente Vinaigrette \u00e0 l'huile d'olive et au vin rouge - Pot de 150g particulier entreprise \u00e0 Nantes et Loire Atlantique","breadcrumb":{"@id":"https:\/\/honfest.preprod-kalelia.fr\/?product=pot-de-vinaigrette-au-xeres-150g#breadcrumb"},"inLanguage":"fr-FR","potentialAction":[{"@type":"ReadAction","target":["https:\/\/honfest.preprod-kalelia.fr\/?product=pot-de-vinaigrette-au-xeres-150g"]}]},{"@type":"ImageObject","inLanguage":"fr-FR","@id":"https:\/\/honfest.preprod-kalelia.fr\/?product=pot-de-vinaigrette-au-xeres-150g#primaryimage","url":"https:\/\/honfest.preprod-kalelia.fr\/wp-content\/uploads\/2016\/05\/Sauce-vinaigrette.jpg","contentUrl":"https:\/\/honfest.preprod-kalelia.fr\/wp-content\/uploads\/2016\/05\/Sauce-vinaigrette.jpg","width":1500,"height":1125},{"@type":"BreadcrumbList","@id":"https:\/\/honfest.preprod-kalelia.fr\/?product=pot-de-vinaigrette-au-xeres-150g#breadcrumb","itemListElement":[{"@type":"ListItem","position":1,"name":"Accueil","item":"https:\/\/honfest.preprod-kalelia.fr\/"},{"@type":"ListItem","position":2,"name":"Vinaigrette \u00e0 l&rsquo;huile d&rsquo;olive et au vin rouge &#8211; Pot de 150g"}]},{"@type":"WebSite","@id":"https:\/\/honfest.preprod-kalelia.fr\/#website","url":"https:\/\/honfest.preprod-kalelia.fr\/","name":"Honor\u00e9 Festif","description":"","publisher":{"@id":"https:\/\/honfest.preprod-kalelia.fr\/#organization"},"potentialAction":[{"@type":"SearchAction","target":{"@type":"EntryPoint","urlTemplate":"https:\/\/honfest.preprod-kalelia.fr\/?s={search_term_string}"},"query-input":{"@type":"PropertyValueSpecification","valueRequired":true,"valueName":"search_term_string"}}],"inLanguage":"fr-FR"},{"@type":"Organization","@id":"https:\/\/honfest.preprod-kalelia.fr\/#organization","name":"Honor\u00e9 Festif","url":"https:\/\/honfest.preprod-kalelia.fr\/","logo":{"@type":"ImageObject","inLanguage":"fr-FR","@id":"https:\/\/honfest.preprod-kalelia.fr\/#\/schema\/logo\/image\/","url":"https:\/\/honfest.preprod-kalelia.fr\/wp-content\/uploads\/2020\/10\/logo-honore-festif.png","contentUrl":"https:\/\/honfest.preprod-kalelia.fr\/wp-content\/uploads\/2020\/10\/logo-honore-festif.png","width":198,"height":118,"caption":"Honor\u00e9 Festif"},"image":{"@id":"https:\/\/honfest.preprod-kalelia.fr\/#\/schema\/logo\/image\/"}}]}},"_links":{"self":[{"href":"https:\/\/honfest.preprod-kalelia.fr\/index.php?rest_route=\/wp\/v2\/product\/1180","targetHints":{"allow":["GET"]}}],"collection":[{"href":"https:\/\/honfest.preprod-kalelia.fr\/index.php?rest_route=\/wp\/v2\/product"}],"about":[{"href":"https:\/\/honfest.preprod-kalelia.fr\/index.php?rest_route=\/wp\/v2\/types\/product"}],"wp:featuredmedia":[{"embeddable":true,"href":"https:\/\/honfest.preprod-kalelia.fr\/index.php?rest_route=\/wp\/v2\/media\/11774"}],"wp:attachment":[{"href":"https:\/\/honfest.preprod-kalelia.fr\/index.php?rest_route=%2Fwp%2Fv2%2Fmedia&parent=1180"}],"wp:term":[{"taxonomy":"product_cat","embeddable":true,"href":"https:\/\/honfest.preprod-kalelia.fr\/index.php?rest_route=%2Fwp%2Fv2%2Fproduct_cat&post=1180"},{"taxonomy":"product_tag","embeddable":true,"href":"https:\/\/honfest.preprod-kalelia.fr\/index.php?rest_route=%2Fwp%2Fv2%2Fproduct_tag&post=1180"}],"curies":[{"name":"wp","href":"https:\/\/api.w.org\/{rel}","templated":true}]}}