{"id":1321,"date":"2016-05-25T13:56:50","date_gmt":"2016-05-25T11:56:50","guid":{"rendered":"http:\/\/honorefestif.1-ter-net.net\/?product=buffet-froid-sur-le-pouce-12-pieces"},"modified":"2025-01-07T14:22:23","modified_gmt":"2025-01-07T13:22:23","slug":"buffet-froid-sur-le-pouce-12-pieces","status":"publish","type":"product","link":"https:\/\/honfest.preprod-kalelia.fr\/?product=buffet-froid-sur-le-pouce-12-pieces","title":{"rendered":"Buffet froid \u00ab\u00a0sur le pouce\u00a0\u00bb"},"content":{"rendered":"<p style=\"text-align: center\"><em>Le \u00a0buffet sur le pouce 12 pi\u00e8ces convient pour un repas de 45 min \u00e0 1h00<\/em><\/p>\n<p style=\"text-align: center\"><em><strong>Ce buffet comprend <\/strong><\/em><span style=\"text-decoration: underline\"><strong><span style=\"color: #2b6d33;text-decoration: underline\">la nourriture uniquement<\/span><\/strong><\/span><em><strong>, dress\u00e9e sur supports jetables de qualit\u00e9<\/strong><\/em><\/p>\n<p style=\"text-align: center\">\n<p style=\"text-align: left\"><span style=\"text-decoration: underline\"><strong><span>Buffet Sal\u00e9<\/span><\/strong><\/span><\/p>\n<p style=\"text-align: center\">Timbalines de salades (2 pi\u00e8ces par personne)<\/p>\n<p style=\"text-align: center\">Mini\u00a0sandwiches (2 pi\u00e8ces par personne)<\/p>\n<p style=\"text-align: center\">Mini focaccia\u00a0 (2 pi\u00e8ces par personne)<\/p>\n<p style=\"text-align: center\">Tartines \u00ab\u00a0Charcuteries fines\u00a0\u00bb (2 pi\u00e8ces par personne)<\/p>\n<p style=\"text-align: left\"><span style=\"text-decoration: underline\"><strong>Le Fromage<\/strong><\/span><\/p>\n<p style=\"text-align: center\">Plateau de fromages pasteuris\u00e9s d\u00e9coup\u00e9s (1 pi\u00e8ce ou 25g par personne)<\/p>\n<p style=\"text-align: center\">pain compris<\/p>\n<p style=\"text-align: left\"><strong><span style=\"text-decoration: underline\">Buffet Sucr\u00e9<\/span><\/strong><\/p>\n<p style=\"text-align: center\">Cakes \u00ab\u00a0Maison\u00a0\u00bb d\u00e9coup\u00e9s (1 pi\u00e8ce par personne)<\/p>\n<p style=\"text-align: center\">Festi&rsquo;choux (1 pi\u00e8ce par personne)<\/p>\n<p style=\"text-align: center\">Corbeille de fruits de saison (100g par personne)<\/p>\n<p><img loading=\"lazy\" decoding=\"async\" class=\" size-full wp-image-1320\" style=\"margin-right: auto;margin-left: auto\" alt=\"\" src=\"https:\/\/honfest.preprod-kalelia.fr\/wp-content\/uploads\/2016\/05\/Delai-48h.jpg\" width=\"87\" height=\"65\" \/><\/p><\/p>\n","protected":false},"excerpt":{"rendered":"<p style=\"text-align: center;\"><em>Le buffet sur le pouce 12 pi\u00e8ces convient pour un repas de 45 min \u00e0 1h00<\/em><\/p>\n<p style=\"text-align: center;\"><em><strong>Ce buffet comprend <\/strong><\/em><span style=\"text-decoration: underline;\"><strong><span style=\"text-decoration: underline;\">la nourriture uniquement<\/span><\/strong><\/span><em><strong>, dress\u00e9e sur supports jetables de qualit\u00e9<\/strong><\/em><\/p>\n<p style=\"text-align: left;\"><span style=\"text-decoration: underline;\"><strong>Buffet Sal\u00e9<br \/>\n<\/strong><\/span><em>environ 8 pi\u00e8ces par pers.<\/em><\/p>\n<p style=\"text-align: center;\">Timbalines de salades compos\u00e9es<\/p>\n<p style=\"text-align: center;\">Mini sandwiches vari\u00e9s<\/p>\n<p style=\"text-align: center;\">Mini Pita V\u00e9g\u00e9tariennes<\/p>\n<p style=\"text-align: center;\">Tartines de charcuteries italiennes<\/p>\n<p style=\"text-align: left;\"><span style=\"text-decoration: underline;\"><strong>Le Fromage et le Pain<br \/>\n<\/strong><\/span><em>environ 50g par pers.<\/em><span style=\"text-decoration: underline;\"><strong><br \/>\n<\/strong><\/span><\/p>\n<p style=\"text-align: center;\">Plateau de fromages affin\u00e9s d\u00e9coup\u00e9s<\/p>\n<p style=\"text-align: center;\">Pain compris<\/p>\n<p style=\"text-align: left;\"><strong><span style=\"text-decoration: underline;\">Buffet Sucr\u00e9<br \/>\n<\/span><\/strong><em>environ 3 pi\u00e8ces par pers.<\/em><strong><span style=\"text-decoration: underline;\"><br \/>\n<\/span><\/strong><\/p>\n<p style=\"text-align: center;\">Assortiement de cookies sucr\u00e9s<\/p>\n<p style=\"text-align: center;\">Mini Fours moelleux<\/p>\n<p style=\"text-align: center;\">Brochettes de fruits frais de saison<\/p>\n<p>&nbsp;<\/p>\n<p><em>*Gammes susceptibles d&rsquo;\u00eatre modifi\u00e9es en cas de rupture<\/em><\/p>\n","protected":false},"featured_media":6737,"template":"","meta":[],"product_cat":[52],"product_tag":[330,366,397,396,329,328],"class_list":{"0":"post-1321","1":"product","2":"type-product","3":"status-publish","4":"has-post-thumbnail","6":"type-evt-produit-cocktail-dentreprise","7":"type-evt-produit-dejeuner-dentreprise","8":"type-evt-produit-evenements-prives","9":"type-evt-produit-seminaire-congres","10":"type-prest-produit-buffet-leger-1h-assis","11":"saveur-produit-un-peu-de-tout","12":"product_cat-buffet-du-chef","13":"product_tag-330","14":"product_tag-buffet","15":"product_tag-buffet-sur-le-pouce","16":"product_tag-formule-sur-le-pouce","17":"product_tag-livraison","18":"product_tag-traiteur","20":"first","21":"instock","22":"taxable","23":"shipping-taxable","24":"purchasable","25":"product-type-simple"},"yoast_head":"<!-- This site is optimized with the Yoast SEO plugin v25.9 - https:\/\/yoast.com\/wordpress\/plugins\/seo\/ -->\n<title>Buffet froid &quot;sur le pouce&quot; | Honor\u00e9 Festif<\/title>\n<meta name=\"description\" content=\"vente Buffet froid &quot;sur le pouce&quot; particulier entreprise \u00e0 Nantes et Loire Atlantique\" \/>\n<meta name=\"robots\" content=\"index, follow, max-snippet:-1, max-image-preview:large, max-video-preview:-1\" \/>\n<link rel=\"canonical\" href=\"https:\/\/honfest.preprod-kalelia.fr\/?product=buffet-froid-sur-le-pouce-12-pieces\" \/>\n<meta property=\"og:locale\" content=\"fr_FR\" \/>\n<meta property=\"og:type\" content=\"article\" \/>\n<meta property=\"og:title\" content=\"Buffet froid &quot;sur le pouce&quot; | Honor\u00e9 Festif\" \/>\n<meta property=\"og:description\" content=\"vente Buffet froid &quot;sur le pouce&quot; particulier entreprise \u00e0 Nantes et Loire Atlantique\" \/>\n<meta property=\"og:url\" content=\"https:\/\/honfest.preprod-kalelia.fr\/?product=buffet-froid-sur-le-pouce-12-pieces\" \/>\n<meta property=\"og:site_name\" content=\"Honor\u00e9 Festif\" \/>\n<meta property=\"article:modified_time\" content=\"2025-01-07T13:22:23+00:00\" \/>\n<meta property=\"og:image\" content=\"https:\/\/honfest.preprod-kalelia.fr\/wp-content\/uploads\/2016\/05\/catering-2778755_1920.jpg\" \/>\n\t<meta property=\"og:image:width\" content=\"965\" \/>\n\t<meta property=\"og:image:height\" content=\"474\" \/>\n\t<meta property=\"og:image:type\" content=\"image\/jpeg\" \/>\n<meta name=\"twitter:card\" content=\"summary_large_image\" \/>\n<meta name=\"twitter:label1\" content=\"Dur\u00e9e de lecture estim\u00e9e\" \/>\n\t<meta name=\"twitter:data1\" content=\"1 minute\" \/>\n<script type=\"application\/ld+json\" class=\"yoast-schema-graph\">{\"@context\":\"https:\/\/schema.org\",\"@graph\":[{\"@type\":\"WebPage\",\"@id\":\"https:\/\/honfest.preprod-kalelia.fr\/?product=buffet-froid-sur-le-pouce-12-pieces\",\"url\":\"https:\/\/honfest.preprod-kalelia.fr\/?product=buffet-froid-sur-le-pouce-12-pieces\",\"name\":\"Buffet froid \\\"sur le pouce\\\" | Honor\u00e9 Festif\",\"isPartOf\":{\"@id\":\"https:\/\/honfest.preprod-kalelia.fr\/#website\"},\"primaryImageOfPage\":{\"@id\":\"https:\/\/honfest.preprod-kalelia.fr\/?product=buffet-froid-sur-le-pouce-12-pieces#primaryimage\"},\"image\":{\"@id\":\"https:\/\/honfest.preprod-kalelia.fr\/?product=buffet-froid-sur-le-pouce-12-pieces#primaryimage\"},\"thumbnailUrl\":\"https:\/\/honfest.preprod-kalelia.fr\/wp-content\/uploads\/2016\/05\/catering-2778755_1920.jpg\",\"datePublished\":\"2016-05-25T11:56:50+00:00\",\"dateModified\":\"2025-01-07T13:22:23+00:00\",\"description\":\"vente Buffet froid \\\"sur le pouce\\\" particulier entreprise \u00e0 Nantes et Loire Atlantique\",\"breadcrumb\":{\"@id\":\"https:\/\/honfest.preprod-kalelia.fr\/?product=buffet-froid-sur-le-pouce-12-pieces#breadcrumb\"},\"inLanguage\":\"fr-FR\",\"potentialAction\":[{\"@type\":\"ReadAction\",\"target\":[\"https:\/\/honfest.preprod-kalelia.fr\/?product=buffet-froid-sur-le-pouce-12-pieces\"]}]},{\"@type\":\"ImageObject\",\"inLanguage\":\"fr-FR\",\"@id\":\"https:\/\/honfest.preprod-kalelia.fr\/?product=buffet-froid-sur-le-pouce-12-pieces#primaryimage\",\"url\":\"https:\/\/honfest.preprod-kalelia.fr\/wp-content\/uploads\/2016\/05\/catering-2778755_1920.jpg\",\"contentUrl\":\"https:\/\/honfest.preprod-kalelia.fr\/wp-content\/uploads\/2016\/05\/catering-2778755_1920.jpg\",\"width\":965,\"height\":474},{\"@type\":\"BreadcrumbList\",\"@id\":\"https:\/\/honfest.preprod-kalelia.fr\/?product=buffet-froid-sur-le-pouce-12-pieces#breadcrumb\",\"itemListElement\":[{\"@type\":\"ListItem\",\"position\":1,\"name\":\"Accueil\",\"item\":\"https:\/\/honfest.preprod-kalelia.fr\/\"},{\"@type\":\"ListItem\",\"position\":2,\"name\":\"Buffet froid \u00ab\u00a0sur le pouce\u00a0\u00bb\"}]},{\"@type\":\"WebSite\",\"@id\":\"https:\/\/honfest.preprod-kalelia.fr\/#website\",\"url\":\"https:\/\/honfest.preprod-kalelia.fr\/\",\"name\":\"Honor\u00e9 Festif\",\"description\":\"\",\"publisher\":{\"@id\":\"https:\/\/honfest.preprod-kalelia.fr\/#organization\"},\"potentialAction\":[{\"@type\":\"SearchAction\",\"target\":{\"@type\":\"EntryPoint\",\"urlTemplate\":\"https:\/\/honfest.preprod-kalelia.fr\/?s={search_term_string}\"},\"query-input\":{\"@type\":\"PropertyValueSpecification\",\"valueRequired\":true,\"valueName\":\"search_term_string\"}}],\"inLanguage\":\"fr-FR\"},{\"@type\":\"Organization\",\"@id\":\"https:\/\/honfest.preprod-kalelia.fr\/#organization\",\"name\":\"Honor\u00e9 Festif\",\"url\":\"https:\/\/honfest.preprod-kalelia.fr\/\",\"logo\":{\"@type\":\"ImageObject\",\"inLanguage\":\"fr-FR\",\"@id\":\"https:\/\/honfest.preprod-kalelia.fr\/#\/schema\/logo\/image\/\",\"url\":\"https:\/\/honfest.preprod-kalelia.fr\/wp-content\/uploads\/2020\/10\/logo-honore-festif.png\",\"contentUrl\":\"https:\/\/honfest.preprod-kalelia.fr\/wp-content\/uploads\/2020\/10\/logo-honore-festif.png\",\"width\":198,\"height\":118,\"caption\":\"Honor\u00e9 Festif\"},\"image\":{\"@id\":\"https:\/\/honfest.preprod-kalelia.fr\/#\/schema\/logo\/image\/\"}}]}<\/script>\n<!-- \/ Yoast SEO plugin. -->","yoast_head_json":{"title":"Buffet froid \"sur le pouce\" | Honor\u00e9 Festif","description":"vente Buffet froid \"sur le pouce\" particulier entreprise \u00e0 Nantes et Loire Atlantique","robots":{"index":"index","follow":"follow","max-snippet":"max-snippet:-1","max-image-preview":"max-image-preview:large","max-video-preview":"max-video-preview:-1"},"canonical":"https:\/\/honfest.preprod-kalelia.fr\/?product=buffet-froid-sur-le-pouce-12-pieces","og_locale":"fr_FR","og_type":"article","og_title":"Buffet froid \"sur le pouce\" | Honor\u00e9 Festif","og_description":"vente Buffet froid \"sur le pouce\" particulier entreprise \u00e0 Nantes et Loire Atlantique","og_url":"https:\/\/honfest.preprod-kalelia.fr\/?product=buffet-froid-sur-le-pouce-12-pieces","og_site_name":"Honor\u00e9 Festif","article_modified_time":"2025-01-07T13:22:23+00:00","og_image":[{"width":965,"height":474,"url":"https:\/\/honfest.preprod-kalelia.fr\/wp-content\/uploads\/2016\/05\/catering-2778755_1920.jpg","type":"image\/jpeg"}],"twitter_card":"summary_large_image","twitter_misc":{"Dur\u00e9e de lecture estim\u00e9e":"1 minute"},"schema":{"@context":"https:\/\/schema.org","@graph":[{"@type":"WebPage","@id":"https:\/\/honfest.preprod-kalelia.fr\/?product=buffet-froid-sur-le-pouce-12-pieces","url":"https:\/\/honfest.preprod-kalelia.fr\/?product=buffet-froid-sur-le-pouce-12-pieces","name":"Buffet froid \"sur le pouce\" | Honor\u00e9 Festif","isPartOf":{"@id":"https:\/\/honfest.preprod-kalelia.fr\/#website"},"primaryImageOfPage":{"@id":"https:\/\/honfest.preprod-kalelia.fr\/?product=buffet-froid-sur-le-pouce-12-pieces#primaryimage"},"image":{"@id":"https:\/\/honfest.preprod-kalelia.fr\/?product=buffet-froid-sur-le-pouce-12-pieces#primaryimage"},"thumbnailUrl":"https:\/\/honfest.preprod-kalelia.fr\/wp-content\/uploads\/2016\/05\/catering-2778755_1920.jpg","datePublished":"2016-05-25T11:56:50+00:00","dateModified":"2025-01-07T13:22:23+00:00","description":"vente Buffet froid \"sur le pouce\" particulier entreprise \u00e0 Nantes et Loire Atlantique","breadcrumb":{"@id":"https:\/\/honfest.preprod-kalelia.fr\/?product=buffet-froid-sur-le-pouce-12-pieces#breadcrumb"},"inLanguage":"fr-FR","potentialAction":[{"@type":"ReadAction","target":["https:\/\/honfest.preprod-kalelia.fr\/?product=buffet-froid-sur-le-pouce-12-pieces"]}]},{"@type":"ImageObject","inLanguage":"fr-FR","@id":"https:\/\/honfest.preprod-kalelia.fr\/?product=buffet-froid-sur-le-pouce-12-pieces#primaryimage","url":"https:\/\/honfest.preprod-kalelia.fr\/wp-content\/uploads\/2016\/05\/catering-2778755_1920.jpg","contentUrl":"https:\/\/honfest.preprod-kalelia.fr\/wp-content\/uploads\/2016\/05\/catering-2778755_1920.jpg","width":965,"height":474},{"@type":"BreadcrumbList","@id":"https:\/\/honfest.preprod-kalelia.fr\/?product=buffet-froid-sur-le-pouce-12-pieces#breadcrumb","itemListElement":[{"@type":"ListItem","position":1,"name":"Accueil","item":"https:\/\/honfest.preprod-kalelia.fr\/"},{"@type":"ListItem","position":2,"name":"Buffet froid \u00ab\u00a0sur le pouce\u00a0\u00bb"}]},{"@type":"WebSite","@id":"https:\/\/honfest.preprod-kalelia.fr\/#website","url":"https:\/\/honfest.preprod-kalelia.fr\/","name":"Honor\u00e9 Festif","description":"","publisher":{"@id":"https:\/\/honfest.preprod-kalelia.fr\/#organization"},"potentialAction":[{"@type":"SearchAction","target":{"@type":"EntryPoint","urlTemplate":"https:\/\/honfest.preprod-kalelia.fr\/?s={search_term_string}"},"query-input":{"@type":"PropertyValueSpecification","valueRequired":true,"valueName":"search_term_string"}}],"inLanguage":"fr-FR"},{"@type":"Organization","@id":"https:\/\/honfest.preprod-kalelia.fr\/#organization","name":"Honor\u00e9 Festif","url":"https:\/\/honfest.preprod-kalelia.fr\/","logo":{"@type":"ImageObject","inLanguage":"fr-FR","@id":"https:\/\/honfest.preprod-kalelia.fr\/#\/schema\/logo\/image\/","url":"https:\/\/honfest.preprod-kalelia.fr\/wp-content\/uploads\/2020\/10\/logo-honore-festif.png","contentUrl":"https:\/\/honfest.preprod-kalelia.fr\/wp-content\/uploads\/2020\/10\/logo-honore-festif.png","width":198,"height":118,"caption":"Honor\u00e9 Festif"},"image":{"@id":"https:\/\/honfest.preprod-kalelia.fr\/#\/schema\/logo\/image\/"}}]}},"_links":{"self":[{"href":"https:\/\/honfest.preprod-kalelia.fr\/index.php?rest_route=\/wp\/v2\/product\/1321","targetHints":{"allow":["GET"]}}],"collection":[{"href":"https:\/\/honfest.preprod-kalelia.fr\/index.php?rest_route=\/wp\/v2\/product"}],"about":[{"href":"https:\/\/honfest.preprod-kalelia.fr\/index.php?rest_route=\/wp\/v2\/types\/product"}],"wp:featuredmedia":[{"embeddable":true,"href":"https:\/\/honfest.preprod-kalelia.fr\/index.php?rest_route=\/wp\/v2\/media\/6737"}],"wp:attachment":[{"href":"https:\/\/honfest.preprod-kalelia.fr\/index.php?rest_route=%2Fwp%2Fv2%2Fmedia&parent=1321"}],"wp:term":[{"taxonomy":"product_cat","embeddable":true,"href":"https:\/\/honfest.preprod-kalelia.fr\/index.php?rest_route=%2Fwp%2Fv2%2Fproduct_cat&post=1321"},{"taxonomy":"product_tag","embeddable":true,"href":"https:\/\/honfest.preprod-kalelia.fr\/index.php?rest_route=%2Fwp%2Fv2%2Fproduct_tag&post=1321"}],"curies":[{"name":"wp","href":"https:\/\/api.w.org\/{rel}","templated":true}]}}