{"id":1662,"date":"2019-09-20T14:04:23","date_gmt":"2019-09-20T12:04:23","guid":{"rendered":"http:\/\/honorefestif.1-ter-net.net\/?product=plateau-de-brochettes-de-fruits-de-saison-20-pieces"},"modified":"2025-08-11T15:47:08","modified_gmt":"2025-08-11T13:47:08","slug":"coffret-de-fruits-de-saison-decoupes-500g","status":"publish","type":"product","link":"https:\/\/honfest.preprod-kalelia.fr\/?product=coffret-de-fruits-de-saison-decoupes-500g","title":{"rendered":"Coffret de fruits de Saison d\u00e9coup\u00e9s 500g"},"content":{"rendered":"<p>Plateau de mini brochettes de 3 morceaux de fruits de Saison (Fraise, Ananas, Kiwi) &#8211; 20 pi\u00e8ces\u00a0<\/p>\n<p style=\"text-align: center\"><a href=\"https:\/\/honfest.preprod-kalelia.fr\/wp-content\/uploads\/2019\/09\/Conditions-Generales-de-ventes-site-Internet.pdf\" target=\"_blank\" rel=\"noopener noreferrer\"><img loading=\"lazy\" decoding=\"async\" class=\" size-full wp-image-1661\" width=\"74\" height=\"55\" alt=\"\" src=\"https:\/\/honfest.preprod-kalelia.fr\/wp-content\/uploads\/2019\/09\/Delai-48h.jpg\" \/><\/a><\/p>\n<p><sub><span>Ce produit peut\u00a0contenir les allerg\u00e8nes suivants :\u00a0<\/span>Aucun<\/sub><\/p>\n","protected":false},"excerpt":{"rendered":"<p>En fonction de saisons, les fruits peuvent \u00eatre les suivants : fraise, framboise, ananas, kiwi, mangue, raisin<\/p>\n","protected":false},"featured_media":22015,"template":"","meta":[],"product_cat":[46,64,50,62],"product_tag":[384,267,354],"class_list":{"0":"post-1662","1":"product","2":"type-product","3":"status-publish","4":"has-post-thumbnail","6":"type-prest-produit-buffet-leger-1h-assis","7":"type-prest-produit-cocktail-dejeunatoire-2h-debout","8":"type-prest-produit-pause-a-theme-1h-debout","9":"type-prest-produit-pause-gourmande-30-min-debout","10":"saveur-produit-sucre","11":"product_cat-cocktail","12":"product_cat-cocktail-a-composer","13":"product_cat-pause-cafe","14":"product_cat-pauses-a-composer","15":"product_tag-brochettes","16":"product_tag-fours-frais","17":"product_tag-fruits","19":"first","20":"instock","21":"taxable","22":"shipping-taxable","23":"purchasable","24":"product-type-simple"},"yoast_head":"<!-- This site is optimized with the Yoast SEO plugin v25.9 - https:\/\/yoast.com\/wordpress\/plugins\/seo\/ -->\n<title>Coffret de fruits de Saison d\u00e9coup\u00e9s 500g | Honor\u00e9 Festif<\/title>\n<meta name=\"description\" content=\"vente Coffret de fruits de Saison d\u00e9coup\u00e9s 500g particulier entreprise \u00e0 Nantes et Loire Atlantique\" \/>\n<meta name=\"robots\" content=\"index, follow, max-snippet:-1, max-image-preview:large, max-video-preview:-1\" \/>\n<link rel=\"canonical\" href=\"https:\/\/honfest.preprod-kalelia.fr\/?product=coffret-de-fruits-de-saison-decoupes-500g\" \/>\n<meta property=\"og:locale\" content=\"fr_FR\" \/>\n<meta property=\"og:type\" content=\"article\" \/>\n<meta property=\"og:title\" content=\"Coffret de fruits de Saison d\u00e9coup\u00e9s 500g | Honor\u00e9 Festif\" \/>\n<meta property=\"og:description\" content=\"vente Coffret de fruits de Saison d\u00e9coup\u00e9s 500g particulier entreprise \u00e0 Nantes et Loire Atlantique\" \/>\n<meta property=\"og:url\" content=\"https:\/\/honfest.preprod-kalelia.fr\/?product=coffret-de-fruits-de-saison-decoupes-500g\" \/>\n<meta property=\"og:site_name\" content=\"Honor\u00e9 Festif\" \/>\n<meta property=\"article:modified_time\" content=\"2025-08-11T13:47:08+00:00\" \/>\n<meta property=\"og:image\" content=\"https:\/\/honfest.preprod-kalelia.fr\/wp-content\/uploads\/2019\/09\/Cocktail-de-fruits-frais-1024x1024.png\" \/>\n\t<meta property=\"og:image:width\" content=\"1024\" \/>\n\t<meta property=\"og:image:height\" content=\"1024\" \/>\n\t<meta property=\"og:image:type\" content=\"image\/png\" \/>\n<meta name=\"twitter:card\" content=\"summary_large_image\" \/>\n<meta name=\"twitter:label1\" content=\"Dur\u00e9e de lecture estim\u00e9e\" \/>\n\t<meta name=\"twitter:data1\" content=\"1 minute\" \/>\n<script type=\"application\/ld+json\" class=\"yoast-schema-graph\">{\"@context\":\"https:\/\/schema.org\",\"@graph\":[{\"@type\":\"WebPage\",\"@id\":\"https:\/\/honfest.preprod-kalelia.fr\/?product=coffret-de-fruits-de-saison-decoupes-500g\",\"url\":\"https:\/\/honfest.preprod-kalelia.fr\/?product=coffret-de-fruits-de-saison-decoupes-500g\",\"name\":\"Coffret de fruits de Saison d\u00e9coup\u00e9s 500g | Honor\u00e9 Festif\",\"isPartOf\":{\"@id\":\"https:\/\/honfest.preprod-kalelia.fr\/#website\"},\"primaryImageOfPage\":{\"@id\":\"https:\/\/honfest.preprod-kalelia.fr\/?product=coffret-de-fruits-de-saison-decoupes-500g#primaryimage\"},\"image\":{\"@id\":\"https:\/\/honfest.preprod-kalelia.fr\/?product=coffret-de-fruits-de-saison-decoupes-500g#primaryimage\"},\"thumbnailUrl\":\"https:\/\/honfest.preprod-kalelia.fr\/wp-content\/uploads\/2019\/09\/Cocktail-de-fruits-frais.png\",\"datePublished\":\"2019-09-20T12:04:23+00:00\",\"dateModified\":\"2025-08-11T13:47:08+00:00\",\"description\":\"vente Coffret de fruits de Saison d\u00e9coup\u00e9s 500g particulier entreprise \u00e0 Nantes et Loire Atlantique\",\"breadcrumb\":{\"@id\":\"https:\/\/honfest.preprod-kalelia.fr\/?product=coffret-de-fruits-de-saison-decoupes-500g#breadcrumb\"},\"inLanguage\":\"fr-FR\",\"potentialAction\":[{\"@type\":\"ReadAction\",\"target\":[\"https:\/\/honfest.preprod-kalelia.fr\/?product=coffret-de-fruits-de-saison-decoupes-500g\"]}]},{\"@type\":\"ImageObject\",\"inLanguage\":\"fr-FR\",\"@id\":\"https:\/\/honfest.preprod-kalelia.fr\/?product=coffret-de-fruits-de-saison-decoupes-500g#primaryimage\",\"url\":\"https:\/\/honfest.preprod-kalelia.fr\/wp-content\/uploads\/2019\/09\/Cocktail-de-fruits-frais.png\",\"contentUrl\":\"https:\/\/honfest.preprod-kalelia.fr\/wp-content\/uploads\/2019\/09\/Cocktail-de-fruits-frais.png\",\"width\":2558,\"height\":2558},{\"@type\":\"BreadcrumbList\",\"@id\":\"https:\/\/honfest.preprod-kalelia.fr\/?product=coffret-de-fruits-de-saison-decoupes-500g#breadcrumb\",\"itemListElement\":[{\"@type\":\"ListItem\",\"position\":1,\"name\":\"Accueil\",\"item\":\"https:\/\/honfest.preprod-kalelia.fr\/\"},{\"@type\":\"ListItem\",\"position\":2,\"name\":\"Coffret de fruits de Saison d\u00e9coup\u00e9s 500g\"}]},{\"@type\":\"WebSite\",\"@id\":\"https:\/\/honfest.preprod-kalelia.fr\/#website\",\"url\":\"https:\/\/honfest.preprod-kalelia.fr\/\",\"name\":\"Honor\u00e9 Festif\",\"description\":\"\",\"publisher\":{\"@id\":\"https:\/\/honfest.preprod-kalelia.fr\/#organization\"},\"potentialAction\":[{\"@type\":\"SearchAction\",\"target\":{\"@type\":\"EntryPoint\",\"urlTemplate\":\"https:\/\/honfest.preprod-kalelia.fr\/?s={search_term_string}\"},\"query-input\":{\"@type\":\"PropertyValueSpecification\",\"valueRequired\":true,\"valueName\":\"search_term_string\"}}],\"inLanguage\":\"fr-FR\"},{\"@type\":\"Organization\",\"@id\":\"https:\/\/honfest.preprod-kalelia.fr\/#organization\",\"name\":\"Honor\u00e9 Festif\",\"url\":\"https:\/\/honfest.preprod-kalelia.fr\/\",\"logo\":{\"@type\":\"ImageObject\",\"inLanguage\":\"fr-FR\",\"@id\":\"https:\/\/honfest.preprod-kalelia.fr\/#\/schema\/logo\/image\/\",\"url\":\"https:\/\/honfest.preprod-kalelia.fr\/wp-content\/uploads\/2020\/10\/logo-honore-festif.png\",\"contentUrl\":\"https:\/\/honfest.preprod-kalelia.fr\/wp-content\/uploads\/2020\/10\/logo-honore-festif.png\",\"width\":198,\"height\":118,\"caption\":\"Honor\u00e9 Festif\"},\"image\":{\"@id\":\"https:\/\/honfest.preprod-kalelia.fr\/#\/schema\/logo\/image\/\"}}]}<\/script>\n<!-- \/ Yoast SEO plugin. -->","yoast_head_json":{"title":"Coffret de fruits de Saison d\u00e9coup\u00e9s 500g | Honor\u00e9 Festif","description":"vente Coffret de fruits de Saison d\u00e9coup\u00e9s 500g particulier entreprise \u00e0 Nantes et Loire Atlantique","robots":{"index":"index","follow":"follow","max-snippet":"max-snippet:-1","max-image-preview":"max-image-preview:large","max-video-preview":"max-video-preview:-1"},"canonical":"https:\/\/honfest.preprod-kalelia.fr\/?product=coffret-de-fruits-de-saison-decoupes-500g","og_locale":"fr_FR","og_type":"article","og_title":"Coffret de fruits de Saison d\u00e9coup\u00e9s 500g | Honor\u00e9 Festif","og_description":"vente Coffret de fruits de Saison d\u00e9coup\u00e9s 500g particulier entreprise \u00e0 Nantes et Loire Atlantique","og_url":"https:\/\/honfest.preprod-kalelia.fr\/?product=coffret-de-fruits-de-saison-decoupes-500g","og_site_name":"Honor\u00e9 Festif","article_modified_time":"2025-08-11T13:47:08+00:00","og_image":[{"width":1024,"height":1024,"url":"https:\/\/honfest.preprod-kalelia.fr\/wp-content\/uploads\/2019\/09\/Cocktail-de-fruits-frais-1024x1024.png","type":"image\/png"}],"twitter_card":"summary_large_image","twitter_misc":{"Dur\u00e9e de lecture estim\u00e9e":"1 minute"},"schema":{"@context":"https:\/\/schema.org","@graph":[{"@type":"WebPage","@id":"https:\/\/honfest.preprod-kalelia.fr\/?product=coffret-de-fruits-de-saison-decoupes-500g","url":"https:\/\/honfest.preprod-kalelia.fr\/?product=coffret-de-fruits-de-saison-decoupes-500g","name":"Coffret de fruits de Saison d\u00e9coup\u00e9s 500g | Honor\u00e9 Festif","isPartOf":{"@id":"https:\/\/honfest.preprod-kalelia.fr\/#website"},"primaryImageOfPage":{"@id":"https:\/\/honfest.preprod-kalelia.fr\/?product=coffret-de-fruits-de-saison-decoupes-500g#primaryimage"},"image":{"@id":"https:\/\/honfest.preprod-kalelia.fr\/?product=coffret-de-fruits-de-saison-decoupes-500g#primaryimage"},"thumbnailUrl":"https:\/\/honfest.preprod-kalelia.fr\/wp-content\/uploads\/2019\/09\/Cocktail-de-fruits-frais.png","datePublished":"2019-09-20T12:04:23+00:00","dateModified":"2025-08-11T13:47:08+00:00","description":"vente Coffret de fruits de Saison d\u00e9coup\u00e9s 500g particulier entreprise \u00e0 Nantes et Loire Atlantique","breadcrumb":{"@id":"https:\/\/honfest.preprod-kalelia.fr\/?product=coffret-de-fruits-de-saison-decoupes-500g#breadcrumb"},"inLanguage":"fr-FR","potentialAction":[{"@type":"ReadAction","target":["https:\/\/honfest.preprod-kalelia.fr\/?product=coffret-de-fruits-de-saison-decoupes-500g"]}]},{"@type":"ImageObject","inLanguage":"fr-FR","@id":"https:\/\/honfest.preprod-kalelia.fr\/?product=coffret-de-fruits-de-saison-decoupes-500g#primaryimage","url":"https:\/\/honfest.preprod-kalelia.fr\/wp-content\/uploads\/2019\/09\/Cocktail-de-fruits-frais.png","contentUrl":"https:\/\/honfest.preprod-kalelia.fr\/wp-content\/uploads\/2019\/09\/Cocktail-de-fruits-frais.png","width":2558,"height":2558},{"@type":"BreadcrumbList","@id":"https:\/\/honfest.preprod-kalelia.fr\/?product=coffret-de-fruits-de-saison-decoupes-500g#breadcrumb","itemListElement":[{"@type":"ListItem","position":1,"name":"Accueil","item":"https:\/\/honfest.preprod-kalelia.fr\/"},{"@type":"ListItem","position":2,"name":"Coffret de fruits de Saison d\u00e9coup\u00e9s 500g"}]},{"@type":"WebSite","@id":"https:\/\/honfest.preprod-kalelia.fr\/#website","url":"https:\/\/honfest.preprod-kalelia.fr\/","name":"Honor\u00e9 Festif","description":"","publisher":{"@id":"https:\/\/honfest.preprod-kalelia.fr\/#organization"},"potentialAction":[{"@type":"SearchAction","target":{"@type":"EntryPoint","urlTemplate":"https:\/\/honfest.preprod-kalelia.fr\/?s={search_term_string}"},"query-input":{"@type":"PropertyValueSpecification","valueRequired":true,"valueName":"search_term_string"}}],"inLanguage":"fr-FR"},{"@type":"Organization","@id":"https:\/\/honfest.preprod-kalelia.fr\/#organization","name":"Honor\u00e9 Festif","url":"https:\/\/honfest.preprod-kalelia.fr\/","logo":{"@type":"ImageObject","inLanguage":"fr-FR","@id":"https:\/\/honfest.preprod-kalelia.fr\/#\/schema\/logo\/image\/","url":"https:\/\/honfest.preprod-kalelia.fr\/wp-content\/uploads\/2020\/10\/logo-honore-festif.png","contentUrl":"https:\/\/honfest.preprod-kalelia.fr\/wp-content\/uploads\/2020\/10\/logo-honore-festif.png","width":198,"height":118,"caption":"Honor\u00e9 Festif"},"image":{"@id":"https:\/\/honfest.preprod-kalelia.fr\/#\/schema\/logo\/image\/"}}]}},"_links":{"self":[{"href":"https:\/\/honfest.preprod-kalelia.fr\/index.php?rest_route=\/wp\/v2\/product\/1662","targetHints":{"allow":["GET"]}}],"collection":[{"href":"https:\/\/honfest.preprod-kalelia.fr\/index.php?rest_route=\/wp\/v2\/product"}],"about":[{"href":"https:\/\/honfest.preprod-kalelia.fr\/index.php?rest_route=\/wp\/v2\/types\/product"}],"wp:featuredmedia":[{"embeddable":true,"href":"https:\/\/honfest.preprod-kalelia.fr\/index.php?rest_route=\/wp\/v2\/media\/22015"}],"wp:attachment":[{"href":"https:\/\/honfest.preprod-kalelia.fr\/index.php?rest_route=%2Fwp%2Fv2%2Fmedia&parent=1662"}],"wp:term":[{"taxonomy":"product_cat","embeddable":true,"href":"https:\/\/honfest.preprod-kalelia.fr\/index.php?rest_route=%2Fwp%2Fv2%2Fproduct_cat&post=1662"},{"taxonomy":"product_tag","embeddable":true,"href":"https:\/\/honfest.preprod-kalelia.fr\/index.php?rest_route=%2Fwp%2Fv2%2Fproduct_tag&post=1662"}],"curies":[{"name":"wp","href":"https:\/\/api.w.org\/{rel}","templated":true}]}}