{"id":18095,"date":"2024-10-23T11:12:02","date_gmt":"2024-10-23T09:12:02","guid":{"rendered":"https:\/\/www.honore-festif.com\/?post_type=product&#038;p=18095"},"modified":"2025-06-12T10:46:48","modified_gmt":"2025-06-12T08:46:48","slug":"entremet-flan-patissier-a-la-vanille","status":"publish","type":"product","link":"https:\/\/honfest.preprod-kalelia.fr\/?product=entremet-flan-patissier-a-la-vanille","title":{"rendered":"Flan p\u00e2tissier \u00e0 la vanille"},"content":{"rendered":"","protected":false},"excerpt":{"rendered":"<p>Flan p\u00e2tissier \u00e0 la vanille (p\u00e2te sucr\u00e9e, cr\u00e8me p\u00e2tissi\u00e8re) &#8211; 8 parts<\/p>\n","protected":false},"featured_media":20555,"template":"","meta":[],"product_cat":[59],"product_tag":[366,385,387,388],"class_list":{"0":"post-18095","1":"product","2":"type-product","3":"status-publish","4":"has-post-thumbnail","6":"type-evt-produit-dejeuner-dentreprise","7":"type-evt-produit-seminaire-congres","8":"type-prest-produit-buffet-copieux-2h-assis","9":"type-prest-produit-buffet-leger-1h-assis","10":"saveur-produit-sucre","11":"saveur-produit-tendance-vegetarien-vegan-sans-gluten","12":"product_cat-buffet-a-composer","13":"product_tag-buffet","14":"product_tag-dessert","15":"product_tag-patisserie","16":"product_tag-tarte","18":"first","19":"instock","20":"taxable","21":"shipping-taxable","22":"purchasable","23":"product-type-simple"},"yoast_head":"<!-- This site is optimized with the Yoast SEO plugin v25.9 - https:\/\/yoast.com\/wordpress\/plugins\/seo\/ -->\n<title>Flan p\u00e2tissier \u00e0 la vanille | Honor\u00e9 Festif<\/title>\n<meta name=\"description\" content=\"vente Flan p\u00e2tissier \u00e0 la vanille particulier entreprise \u00e0 Nantes et Loire Atlantique\" \/>\n<meta name=\"robots\" content=\"index, follow, max-snippet:-1, max-image-preview:large, max-video-preview:-1\" \/>\n<link rel=\"canonical\" href=\"https:\/\/honfest.preprod-kalelia.fr\/?product=entremet-flan-patissier-a-la-vanille\" \/>\n<meta property=\"og:locale\" content=\"fr_FR\" \/>\n<meta property=\"og:type\" content=\"article\" \/>\n<meta property=\"og:title\" content=\"Flan p\u00e2tissier \u00e0 la vanille | Honor\u00e9 Festif\" \/>\n<meta property=\"og:description\" content=\"vente Flan p\u00e2tissier \u00e0 la vanille particulier entreprise \u00e0 Nantes et Loire Atlantique\" \/>\n<meta property=\"og:url\" content=\"https:\/\/honfest.preprod-kalelia.fr\/?product=entremet-flan-patissier-a-la-vanille\" \/>\n<meta property=\"og:site_name\" content=\"Honor\u00e9 Festif\" \/>\n<meta property=\"article:modified_time\" content=\"2025-06-12T08:46:48+00:00\" \/>\n<meta property=\"og:image\" content=\"https:\/\/honfest.preprod-kalelia.fr\/wp-content\/uploads\/2024\/10\/Flan-a-la-vanille.png\" \/>\n\t<meta property=\"og:image:width\" content=\"2000\" \/>\n\t<meta property=\"og:image:height\" content=\"2000\" \/>\n\t<meta property=\"og:image:type\" content=\"image\/png\" \/>\n<meta name=\"twitter:card\" content=\"summary_large_image\" \/>\n<meta name=\"twitter:label1\" content=\"Dur\u00e9e de lecture estim\u00e9e\" \/>\n\t<meta name=\"twitter:data1\" content=\"1 minute\" \/>\n<script type=\"application\/ld+json\" class=\"yoast-schema-graph\">{\"@context\":\"https:\/\/schema.org\",\"@graph\":[{\"@type\":\"WebPage\",\"@id\":\"https:\/\/honfest.preprod-kalelia.fr\/?product=entremet-flan-patissier-a-la-vanille\",\"url\":\"https:\/\/honfest.preprod-kalelia.fr\/?product=entremet-flan-patissier-a-la-vanille\",\"name\":\"Flan p\u00e2tissier \u00e0 la vanille | Honor\u00e9 Festif\",\"isPartOf\":{\"@id\":\"https:\/\/honfest.preprod-kalelia.fr\/#website\"},\"primaryImageOfPage\":{\"@id\":\"https:\/\/honfest.preprod-kalelia.fr\/?product=entremet-flan-patissier-a-la-vanille#primaryimage\"},\"image\":{\"@id\":\"https:\/\/honfest.preprod-kalelia.fr\/?product=entremet-flan-patissier-a-la-vanille#primaryimage\"},\"thumbnailUrl\":\"https:\/\/honfest.preprod-kalelia.fr\/wp-content\/uploads\/2024\/10\/Flan-a-la-vanille.png\",\"datePublished\":\"2024-10-23T09:12:02+00:00\",\"dateModified\":\"2025-06-12T08:46:48+00:00\",\"description\":\"vente Flan p\u00e2tissier \u00e0 la vanille particulier entreprise \u00e0 Nantes et Loire Atlantique\",\"breadcrumb\":{\"@id\":\"https:\/\/honfest.preprod-kalelia.fr\/?product=entremet-flan-patissier-a-la-vanille#breadcrumb\"},\"inLanguage\":\"fr-FR\",\"potentialAction\":[{\"@type\":\"ReadAction\",\"target\":[\"https:\/\/honfest.preprod-kalelia.fr\/?product=entremet-flan-patissier-a-la-vanille\"]}]},{\"@type\":\"ImageObject\",\"inLanguage\":\"fr-FR\",\"@id\":\"https:\/\/honfest.preprod-kalelia.fr\/?product=entremet-flan-patissier-a-la-vanille#primaryimage\",\"url\":\"https:\/\/honfest.preprod-kalelia.fr\/wp-content\/uploads\/2024\/10\/Flan-a-la-vanille.png\",\"contentUrl\":\"https:\/\/honfest.preprod-kalelia.fr\/wp-content\/uploads\/2024\/10\/Flan-a-la-vanille.png\",\"width\":2000,\"height\":2000},{\"@type\":\"BreadcrumbList\",\"@id\":\"https:\/\/honfest.preprod-kalelia.fr\/?product=entremet-flan-patissier-a-la-vanille#breadcrumb\",\"itemListElement\":[{\"@type\":\"ListItem\",\"position\":1,\"name\":\"Accueil\",\"item\":\"https:\/\/honfest.preprod-kalelia.fr\/\"},{\"@type\":\"ListItem\",\"position\":2,\"name\":\"Flan p\u00e2tissier \u00e0 la vanille\"}]},{\"@type\":\"WebSite\",\"@id\":\"https:\/\/honfest.preprod-kalelia.fr\/#website\",\"url\":\"https:\/\/honfest.preprod-kalelia.fr\/\",\"name\":\"Honor\u00e9 Festif\",\"description\":\"\",\"publisher\":{\"@id\":\"https:\/\/honfest.preprod-kalelia.fr\/#organization\"},\"potentialAction\":[{\"@type\":\"SearchAction\",\"target\":{\"@type\":\"EntryPoint\",\"urlTemplate\":\"https:\/\/honfest.preprod-kalelia.fr\/?s={search_term_string}\"},\"query-input\":{\"@type\":\"PropertyValueSpecification\",\"valueRequired\":true,\"valueName\":\"search_term_string\"}}],\"inLanguage\":\"fr-FR\"},{\"@type\":\"Organization\",\"@id\":\"https:\/\/honfest.preprod-kalelia.fr\/#organization\",\"name\":\"Honor\u00e9 Festif\",\"url\":\"https:\/\/honfest.preprod-kalelia.fr\/\",\"logo\":{\"@type\":\"ImageObject\",\"inLanguage\":\"fr-FR\",\"@id\":\"https:\/\/honfest.preprod-kalelia.fr\/#\/schema\/logo\/image\/\",\"url\":\"https:\/\/honfest.preprod-kalelia.fr\/wp-content\/uploads\/2020\/10\/logo-honore-festif.png\",\"contentUrl\":\"https:\/\/honfest.preprod-kalelia.fr\/wp-content\/uploads\/2020\/10\/logo-honore-festif.png\",\"width\":198,\"height\":118,\"caption\":\"Honor\u00e9 Festif\"},\"image\":{\"@id\":\"https:\/\/honfest.preprod-kalelia.fr\/#\/schema\/logo\/image\/\"}}]}<\/script>\n<!-- \/ Yoast SEO plugin. -->","yoast_head_json":{"title":"Flan p\u00e2tissier \u00e0 la vanille | Honor\u00e9 Festif","description":"vente Flan p\u00e2tissier \u00e0 la vanille particulier entreprise \u00e0 Nantes et Loire Atlantique","robots":{"index":"index","follow":"follow","max-snippet":"max-snippet:-1","max-image-preview":"max-image-preview:large","max-video-preview":"max-video-preview:-1"},"canonical":"https:\/\/honfest.preprod-kalelia.fr\/?product=entremet-flan-patissier-a-la-vanille","og_locale":"fr_FR","og_type":"article","og_title":"Flan p\u00e2tissier \u00e0 la vanille | Honor\u00e9 Festif","og_description":"vente Flan p\u00e2tissier \u00e0 la vanille particulier entreprise \u00e0 Nantes et Loire Atlantique","og_url":"https:\/\/honfest.preprod-kalelia.fr\/?product=entremet-flan-patissier-a-la-vanille","og_site_name":"Honor\u00e9 Festif","article_modified_time":"2025-06-12T08:46:48+00:00","og_image":[{"width":2000,"height":2000,"url":"https:\/\/honfest.preprod-kalelia.fr\/wp-content\/uploads\/2024\/10\/Flan-a-la-vanille.png","type":"image\/png"}],"twitter_card":"summary_large_image","twitter_misc":{"Dur\u00e9e de lecture estim\u00e9e":"1 minute"},"schema":{"@context":"https:\/\/schema.org","@graph":[{"@type":"WebPage","@id":"https:\/\/honfest.preprod-kalelia.fr\/?product=entremet-flan-patissier-a-la-vanille","url":"https:\/\/honfest.preprod-kalelia.fr\/?product=entremet-flan-patissier-a-la-vanille","name":"Flan p\u00e2tissier \u00e0 la vanille | Honor\u00e9 Festif","isPartOf":{"@id":"https:\/\/honfest.preprod-kalelia.fr\/#website"},"primaryImageOfPage":{"@id":"https:\/\/honfest.preprod-kalelia.fr\/?product=entremet-flan-patissier-a-la-vanille#primaryimage"},"image":{"@id":"https:\/\/honfest.preprod-kalelia.fr\/?product=entremet-flan-patissier-a-la-vanille#primaryimage"},"thumbnailUrl":"https:\/\/honfest.preprod-kalelia.fr\/wp-content\/uploads\/2024\/10\/Flan-a-la-vanille.png","datePublished":"2024-10-23T09:12:02+00:00","dateModified":"2025-06-12T08:46:48+00:00","description":"vente Flan p\u00e2tissier \u00e0 la vanille particulier entreprise \u00e0 Nantes et Loire Atlantique","breadcrumb":{"@id":"https:\/\/honfest.preprod-kalelia.fr\/?product=entremet-flan-patissier-a-la-vanille#breadcrumb"},"inLanguage":"fr-FR","potentialAction":[{"@type":"ReadAction","target":["https:\/\/honfest.preprod-kalelia.fr\/?product=entremet-flan-patissier-a-la-vanille"]}]},{"@type":"ImageObject","inLanguage":"fr-FR","@id":"https:\/\/honfest.preprod-kalelia.fr\/?product=entremet-flan-patissier-a-la-vanille#primaryimage","url":"https:\/\/honfest.preprod-kalelia.fr\/wp-content\/uploads\/2024\/10\/Flan-a-la-vanille.png","contentUrl":"https:\/\/honfest.preprod-kalelia.fr\/wp-content\/uploads\/2024\/10\/Flan-a-la-vanille.png","width":2000,"height":2000},{"@type":"BreadcrumbList","@id":"https:\/\/honfest.preprod-kalelia.fr\/?product=entremet-flan-patissier-a-la-vanille#breadcrumb","itemListElement":[{"@type":"ListItem","position":1,"name":"Accueil","item":"https:\/\/honfest.preprod-kalelia.fr\/"},{"@type":"ListItem","position":2,"name":"Flan p\u00e2tissier \u00e0 la vanille"}]},{"@type":"WebSite","@id":"https:\/\/honfest.preprod-kalelia.fr\/#website","url":"https:\/\/honfest.preprod-kalelia.fr\/","name":"Honor\u00e9 Festif","description":"","publisher":{"@id":"https:\/\/honfest.preprod-kalelia.fr\/#organization"},"potentialAction":[{"@type":"SearchAction","target":{"@type":"EntryPoint","urlTemplate":"https:\/\/honfest.preprod-kalelia.fr\/?s={search_term_string}"},"query-input":{"@type":"PropertyValueSpecification","valueRequired":true,"valueName":"search_term_string"}}],"inLanguage":"fr-FR"},{"@type":"Organization","@id":"https:\/\/honfest.preprod-kalelia.fr\/#organization","name":"Honor\u00e9 Festif","url":"https:\/\/honfest.preprod-kalelia.fr\/","logo":{"@type":"ImageObject","inLanguage":"fr-FR","@id":"https:\/\/honfest.preprod-kalelia.fr\/#\/schema\/logo\/image\/","url":"https:\/\/honfest.preprod-kalelia.fr\/wp-content\/uploads\/2020\/10\/logo-honore-festif.png","contentUrl":"https:\/\/honfest.preprod-kalelia.fr\/wp-content\/uploads\/2020\/10\/logo-honore-festif.png","width":198,"height":118,"caption":"Honor\u00e9 Festif"},"image":{"@id":"https:\/\/honfest.preprod-kalelia.fr\/#\/schema\/logo\/image\/"}}]}},"_links":{"self":[{"href":"https:\/\/honfest.preprod-kalelia.fr\/index.php?rest_route=\/wp\/v2\/product\/18095","targetHints":{"allow":["GET"]}}],"collection":[{"href":"https:\/\/honfest.preprod-kalelia.fr\/index.php?rest_route=\/wp\/v2\/product"}],"about":[{"href":"https:\/\/honfest.preprod-kalelia.fr\/index.php?rest_route=\/wp\/v2\/types\/product"}],"wp:featuredmedia":[{"embeddable":true,"href":"https:\/\/honfest.preprod-kalelia.fr\/index.php?rest_route=\/wp\/v2\/media\/20555"}],"wp:attachment":[{"href":"https:\/\/honfest.preprod-kalelia.fr\/index.php?rest_route=%2Fwp%2Fv2%2Fmedia&parent=18095"}],"wp:term":[{"taxonomy":"product_cat","embeddable":true,"href":"https:\/\/honfest.preprod-kalelia.fr\/index.php?rest_route=%2Fwp%2Fv2%2Fproduct_cat&post=18095"},{"taxonomy":"product_tag","embeddable":true,"href":"https:\/\/honfest.preprod-kalelia.fr\/index.php?rest_route=%2Fwp%2Fv2%2Fproduct_tag&post=18095"}],"curies":[{"name":"wp","href":"https:\/\/api.w.org\/{rel}","templated":true}]}}