{"id":18439,"date":"2024-11-20T13:23:07","date_gmt":"2024-11-20T12:23:07","guid":{"rendered":"https:\/\/www.honore-festif.com\/?post_type=product&#038;p=18439"},"modified":"2025-06-04T12:07:33","modified_gmt":"2025-06-04T10:07:33","slug":"plateau-de-trilogie-de-canard-maison-250g","status":"publish","type":"product","link":"https:\/\/honfest.preprod-kalelia.fr\/?product=plateau-de-trilogie-de-canard-maison-250g","title":{"rendered":"Plateau de trilogie de canard \u00ab\u00a0Maison\u00a0\u00bb 250g"},"content":{"rendered":"","protected":false},"excerpt":{"rendered":"<p>Plateau de trilogie de canard \u00ab\u00a0Maison\u00a0\u00bb (Rillette de canard aux c\u00e8pes, Magret de canard fum\u00e9 au bois de h\u00eatre, Foie gras de canard mi-cuit) &#8211; 250g &#8211; environ 10 parts<br \/>\n(inclus 2 fourchettes et 5 couteaux)<\/p>\n","protected":false},"featured_media":18440,"template":"","meta":[],"product_cat":[59],"product_tag":[366,424,251,588],"class_list":{"0":"post-18439","1":"product","2":"type-product","3":"status-publish","4":"has-post-thumbnail","6":"type-evt-produit-anniversaire","7":"type-evt-produit-cocktail-dentreprise","8":"type-evt-produit-dejeuner-dentreprise","9":"type-evt-produit-seminaire-congres","10":"type-prest-produit-buffet-copieux-2h-assis","11":"type-prest-produit-buffet-leger-1h-assis","12":"type-prest-produit-cocktail-dinatoire-3h-debout","13":"type-prest-produit-repas-assis-a-lassiette","14":"saveur-produit-sale-froid","15":"product_cat-buffet-a-composer","16":"product_tag-buffet","17":"product_tag-canard","18":"product_tag-foie-gras-de-canard","19":"product_tag-rillette-de-canard","21":"first","22":"instock","23":"taxable","24":"shipping-taxable","25":"purchasable","26":"product-type-simple"},"yoast_head":"<!-- This site is optimized with the Yoast SEO plugin v25.9 - https:\/\/yoast.com\/wordpress\/plugins\/seo\/ -->\n<title>Plateau de trilogie de canard &quot;Maison&quot; 250g | Honor\u00e9 Festif<\/title>\n<meta name=\"description\" content=\"vente Plateau de trilogie de canard &quot;Maison&quot; 250g particulier entreprise \u00e0 Nantes et Loire Atlantique\" \/>\n<meta name=\"robots\" content=\"index, follow, max-snippet:-1, max-image-preview:large, max-video-preview:-1\" \/>\n<link rel=\"canonical\" href=\"https:\/\/honfest.preprod-kalelia.fr\/?product=plateau-de-trilogie-de-canard-maison-250g\" \/>\n<meta property=\"og:locale\" content=\"fr_FR\" \/>\n<meta property=\"og:type\" content=\"article\" \/>\n<meta property=\"og:title\" content=\"Plateau de trilogie de canard &quot;Maison&quot; 250g | Honor\u00e9 Festif\" \/>\n<meta property=\"og:description\" content=\"vente Plateau de trilogie de canard &quot;Maison&quot; 250g particulier entreprise \u00e0 Nantes et Loire Atlantique\" \/>\n<meta property=\"og:url\" content=\"https:\/\/honfest.preprod-kalelia.fr\/?product=plateau-de-trilogie-de-canard-maison-250g\" \/>\n<meta property=\"og:site_name\" content=\"Honor\u00e9 Festif\" \/>\n<meta property=\"article:modified_time\" content=\"2025-06-04T10:07:33+00:00\" \/>\n<meta property=\"og:image\" content=\"https:\/\/honfest.preprod-kalelia.fr\/wp-content\/uploads\/2024\/11\/Plateau-de-trilogie-de-canard-Maison-1024x1024.png\" \/>\n\t<meta property=\"og:image:width\" content=\"1024\" \/>\n\t<meta property=\"og:image:height\" content=\"1024\" \/>\n\t<meta property=\"og:image:type\" content=\"image\/png\" \/>\n<meta name=\"twitter:card\" content=\"summary_large_image\" \/>\n<meta name=\"twitter:label1\" content=\"Dur\u00e9e de lecture estim\u00e9e\" \/>\n\t<meta name=\"twitter:data1\" content=\"1 minute\" \/>\n<script type=\"application\/ld+json\" class=\"yoast-schema-graph\">{\"@context\":\"https:\/\/schema.org\",\"@graph\":[{\"@type\":\"WebPage\",\"@id\":\"https:\/\/honfest.preprod-kalelia.fr\/?product=plateau-de-trilogie-de-canard-maison-250g\",\"url\":\"https:\/\/honfest.preprod-kalelia.fr\/?product=plateau-de-trilogie-de-canard-maison-250g\",\"name\":\"Plateau de trilogie de canard \\\"Maison\\\" 250g | Honor\u00e9 Festif\",\"isPartOf\":{\"@id\":\"https:\/\/honfest.preprod-kalelia.fr\/#website\"},\"primaryImageOfPage\":{\"@id\":\"https:\/\/honfest.preprod-kalelia.fr\/?product=plateau-de-trilogie-de-canard-maison-250g#primaryimage\"},\"image\":{\"@id\":\"https:\/\/honfest.preprod-kalelia.fr\/?product=plateau-de-trilogie-de-canard-maison-250g#primaryimage\"},\"thumbnailUrl\":\"https:\/\/honfest.preprod-kalelia.fr\/wp-content\/uploads\/2024\/11\/Plateau-de-trilogie-de-canard-Maison.png\",\"datePublished\":\"2024-11-20T12:23:07+00:00\",\"dateModified\":\"2025-06-04T10:07:33+00:00\",\"description\":\"vente Plateau de trilogie de canard \\\"Maison\\\" 250g particulier entreprise \u00e0 Nantes et Loire Atlantique\",\"breadcrumb\":{\"@id\":\"https:\/\/honfest.preprod-kalelia.fr\/?product=plateau-de-trilogie-de-canard-maison-250g#breadcrumb\"},\"inLanguage\":\"fr-FR\",\"potentialAction\":[{\"@type\":\"ReadAction\",\"target\":[\"https:\/\/honfest.preprod-kalelia.fr\/?product=plateau-de-trilogie-de-canard-maison-250g\"]}]},{\"@type\":\"ImageObject\",\"inLanguage\":\"fr-FR\",\"@id\":\"https:\/\/honfest.preprod-kalelia.fr\/?product=plateau-de-trilogie-de-canard-maison-250g#primaryimage\",\"url\":\"https:\/\/honfest.preprod-kalelia.fr\/wp-content\/uploads\/2024\/11\/Plateau-de-trilogie-de-canard-Maison.png\",\"contentUrl\":\"https:\/\/honfest.preprod-kalelia.fr\/wp-content\/uploads\/2024\/11\/Plateau-de-trilogie-de-canard-Maison.png\",\"width\":3800,\"height\":3800},{\"@type\":\"BreadcrumbList\",\"@id\":\"https:\/\/honfest.preprod-kalelia.fr\/?product=plateau-de-trilogie-de-canard-maison-250g#breadcrumb\",\"itemListElement\":[{\"@type\":\"ListItem\",\"position\":1,\"name\":\"Accueil\",\"item\":\"https:\/\/honfest.preprod-kalelia.fr\/\"},{\"@type\":\"ListItem\",\"position\":2,\"name\":\"Plateau de trilogie de canard \u00ab\u00a0Maison\u00a0\u00bb 250g\"}]},{\"@type\":\"WebSite\",\"@id\":\"https:\/\/honfest.preprod-kalelia.fr\/#website\",\"url\":\"https:\/\/honfest.preprod-kalelia.fr\/\",\"name\":\"Honor\u00e9 Festif\",\"description\":\"\",\"publisher\":{\"@id\":\"https:\/\/honfest.preprod-kalelia.fr\/#organization\"},\"potentialAction\":[{\"@type\":\"SearchAction\",\"target\":{\"@type\":\"EntryPoint\",\"urlTemplate\":\"https:\/\/honfest.preprod-kalelia.fr\/?s={search_term_string}\"},\"query-input\":{\"@type\":\"PropertyValueSpecification\",\"valueRequired\":true,\"valueName\":\"search_term_string\"}}],\"inLanguage\":\"fr-FR\"},{\"@type\":\"Organization\",\"@id\":\"https:\/\/honfest.preprod-kalelia.fr\/#organization\",\"name\":\"Honor\u00e9 Festif\",\"url\":\"https:\/\/honfest.preprod-kalelia.fr\/\",\"logo\":{\"@type\":\"ImageObject\",\"inLanguage\":\"fr-FR\",\"@id\":\"https:\/\/honfest.preprod-kalelia.fr\/#\/schema\/logo\/image\/\",\"url\":\"https:\/\/honfest.preprod-kalelia.fr\/wp-content\/uploads\/2020\/10\/logo-honore-festif.png\",\"contentUrl\":\"https:\/\/honfest.preprod-kalelia.fr\/wp-content\/uploads\/2020\/10\/logo-honore-festif.png\",\"width\":198,\"height\":118,\"caption\":\"Honor\u00e9 Festif\"},\"image\":{\"@id\":\"https:\/\/honfest.preprod-kalelia.fr\/#\/schema\/logo\/image\/\"}}]}<\/script>\n<!-- \/ Yoast SEO plugin. -->","yoast_head_json":{"title":"Plateau de trilogie de canard \"Maison\" 250g | Honor\u00e9 Festif","description":"vente Plateau de trilogie de canard \"Maison\" 250g particulier entreprise \u00e0 Nantes et Loire Atlantique","robots":{"index":"index","follow":"follow","max-snippet":"max-snippet:-1","max-image-preview":"max-image-preview:large","max-video-preview":"max-video-preview:-1"},"canonical":"https:\/\/honfest.preprod-kalelia.fr\/?product=plateau-de-trilogie-de-canard-maison-250g","og_locale":"fr_FR","og_type":"article","og_title":"Plateau de trilogie de canard \"Maison\" 250g | Honor\u00e9 Festif","og_description":"vente Plateau de trilogie de canard \"Maison\" 250g particulier entreprise \u00e0 Nantes et Loire Atlantique","og_url":"https:\/\/honfest.preprod-kalelia.fr\/?product=plateau-de-trilogie-de-canard-maison-250g","og_site_name":"Honor\u00e9 Festif","article_modified_time":"2025-06-04T10:07:33+00:00","og_image":[{"width":1024,"height":1024,"url":"https:\/\/honfest.preprod-kalelia.fr\/wp-content\/uploads\/2024\/11\/Plateau-de-trilogie-de-canard-Maison-1024x1024.png","type":"image\/png"}],"twitter_card":"summary_large_image","twitter_misc":{"Dur\u00e9e de lecture estim\u00e9e":"1 minute"},"schema":{"@context":"https:\/\/schema.org","@graph":[{"@type":"WebPage","@id":"https:\/\/honfest.preprod-kalelia.fr\/?product=plateau-de-trilogie-de-canard-maison-250g","url":"https:\/\/honfest.preprod-kalelia.fr\/?product=plateau-de-trilogie-de-canard-maison-250g","name":"Plateau de trilogie de canard \"Maison\" 250g | Honor\u00e9 Festif","isPartOf":{"@id":"https:\/\/honfest.preprod-kalelia.fr\/#website"},"primaryImageOfPage":{"@id":"https:\/\/honfest.preprod-kalelia.fr\/?product=plateau-de-trilogie-de-canard-maison-250g#primaryimage"},"image":{"@id":"https:\/\/honfest.preprod-kalelia.fr\/?product=plateau-de-trilogie-de-canard-maison-250g#primaryimage"},"thumbnailUrl":"https:\/\/honfest.preprod-kalelia.fr\/wp-content\/uploads\/2024\/11\/Plateau-de-trilogie-de-canard-Maison.png","datePublished":"2024-11-20T12:23:07+00:00","dateModified":"2025-06-04T10:07:33+00:00","description":"vente Plateau de trilogie de canard \"Maison\" 250g particulier entreprise \u00e0 Nantes et Loire Atlantique","breadcrumb":{"@id":"https:\/\/honfest.preprod-kalelia.fr\/?product=plateau-de-trilogie-de-canard-maison-250g#breadcrumb"},"inLanguage":"fr-FR","potentialAction":[{"@type":"ReadAction","target":["https:\/\/honfest.preprod-kalelia.fr\/?product=plateau-de-trilogie-de-canard-maison-250g"]}]},{"@type":"ImageObject","inLanguage":"fr-FR","@id":"https:\/\/honfest.preprod-kalelia.fr\/?product=plateau-de-trilogie-de-canard-maison-250g#primaryimage","url":"https:\/\/honfest.preprod-kalelia.fr\/wp-content\/uploads\/2024\/11\/Plateau-de-trilogie-de-canard-Maison.png","contentUrl":"https:\/\/honfest.preprod-kalelia.fr\/wp-content\/uploads\/2024\/11\/Plateau-de-trilogie-de-canard-Maison.png","width":3800,"height":3800},{"@type":"BreadcrumbList","@id":"https:\/\/honfest.preprod-kalelia.fr\/?product=plateau-de-trilogie-de-canard-maison-250g#breadcrumb","itemListElement":[{"@type":"ListItem","position":1,"name":"Accueil","item":"https:\/\/honfest.preprod-kalelia.fr\/"},{"@type":"ListItem","position":2,"name":"Plateau de trilogie de canard \u00ab\u00a0Maison\u00a0\u00bb 250g"}]},{"@type":"WebSite","@id":"https:\/\/honfest.preprod-kalelia.fr\/#website","url":"https:\/\/honfest.preprod-kalelia.fr\/","name":"Honor\u00e9 Festif","description":"","publisher":{"@id":"https:\/\/honfest.preprod-kalelia.fr\/#organization"},"potentialAction":[{"@type":"SearchAction","target":{"@type":"EntryPoint","urlTemplate":"https:\/\/honfest.preprod-kalelia.fr\/?s={search_term_string}"},"query-input":{"@type":"PropertyValueSpecification","valueRequired":true,"valueName":"search_term_string"}}],"inLanguage":"fr-FR"},{"@type":"Organization","@id":"https:\/\/honfest.preprod-kalelia.fr\/#organization","name":"Honor\u00e9 Festif","url":"https:\/\/honfest.preprod-kalelia.fr\/","logo":{"@type":"ImageObject","inLanguage":"fr-FR","@id":"https:\/\/honfest.preprod-kalelia.fr\/#\/schema\/logo\/image\/","url":"https:\/\/honfest.preprod-kalelia.fr\/wp-content\/uploads\/2020\/10\/logo-honore-festif.png","contentUrl":"https:\/\/honfest.preprod-kalelia.fr\/wp-content\/uploads\/2020\/10\/logo-honore-festif.png","width":198,"height":118,"caption":"Honor\u00e9 Festif"},"image":{"@id":"https:\/\/honfest.preprod-kalelia.fr\/#\/schema\/logo\/image\/"}}]}},"_links":{"self":[{"href":"https:\/\/honfest.preprod-kalelia.fr\/index.php?rest_route=\/wp\/v2\/product\/18439","targetHints":{"allow":["GET"]}}],"collection":[{"href":"https:\/\/honfest.preprod-kalelia.fr\/index.php?rest_route=\/wp\/v2\/product"}],"about":[{"href":"https:\/\/honfest.preprod-kalelia.fr\/index.php?rest_route=\/wp\/v2\/types\/product"}],"wp:featuredmedia":[{"embeddable":true,"href":"https:\/\/honfest.preprod-kalelia.fr\/index.php?rest_route=\/wp\/v2\/media\/18440"}],"wp:attachment":[{"href":"https:\/\/honfest.preprod-kalelia.fr\/index.php?rest_route=%2Fwp%2Fv2%2Fmedia&parent=18439"}],"wp:term":[{"taxonomy":"product_cat","embeddable":true,"href":"https:\/\/honfest.preprod-kalelia.fr\/index.php?rest_route=%2Fwp%2Fv2%2Fproduct_cat&post=18439"},{"taxonomy":"product_tag","embeddable":true,"href":"https:\/\/honfest.preprod-kalelia.fr\/index.php?rest_route=%2Fwp%2Fv2%2Fproduct_tag&post=18439"}],"curies":[{"name":"wp","href":"https:\/\/api.w.org\/{rel}","templated":true}]}}