{"id":19885,"date":"2025-03-05T10:57:59","date_gmt":"2025-03-05T09:57:59","guid":{"rendered":"https:\/\/www.honore-festif.com\/?post_type=product&#038;p=19885"},"modified":"2025-06-04T11:12:33","modified_gmt":"2025-06-04T09:12:33","slug":"plateau-de-club-pain-de-mie","status":"publish","type":"product","link":"https:\/\/honfest.preprod-kalelia.fr\/?product=plateau-de-club-pain-de-mie","title":{"rendered":"Plateau de club pain de mie"},"content":{"rendered":"","protected":false},"excerpt":{"rendered":"<p><strong>V\u00e9g\u00e9tarien :<\/strong> Cr\u00e8me de Pesto \/ Tomates confites \/ Bouquet de roquette \/ Copeaux de parmesan<\/p>\n<p><strong>Poisson :<\/strong> Rillette de Thon au Wasabi \/ Radis noir \/ Pousse de Moutarde rouge<\/p>\n<p><strong>Viande :<\/strong> Filet de poulet r\u00f4ti aux \u00e9pices Cajun \/ Cr\u00e8me de cacahu\u00e8tes torr\u00e9fi\u00e9es \/ Spianata Picante \/ M\u00e2che Nantaise<\/p>\n","protected":false},"featured_media":19889,"template":"","meta":[],"product_cat":[46,64],"product_tag":[247,248,249],"class_list":{"0":"post-19885","1":"product","2":"type-product","3":"status-publish","4":"has-post-thumbnail","6":"type-evt-produit-cocktail-dentreprise","7":"type-evt-produit-dejeuner-dentreprise","8":"type-prest-produit-buffet-copieux-2h-assis","9":"type-prest-produit-cocktail-dejeunatoire-2h-debout","10":"saveur-produit-sale-froid","11":"saveur-produit-un-peu-de-tout","12":"product_cat-cocktail","13":"product_cat-cocktail-a-composer","14":"product_tag-sandwich","15":"product_tag-tortilla","16":"product_tag-wrap","18":"first","19":"instock","20":"taxable","21":"shipping-taxable","22":"purchasable","23":"product-type-simple"},"yoast_head":"<!-- This site is optimized with the Yoast SEO plugin v25.9 - https:\/\/yoast.com\/wordpress\/plugins\/seo\/ -->\n<title>Plateau de club pain de mie | Honor\u00e9 Festif<\/title>\n<meta name=\"description\" content=\"vente Plateau de club pain de mie particulier entreprise \u00e0 Nantes et Loire Atlantique\" \/>\n<meta name=\"robots\" content=\"index, follow, max-snippet:-1, max-image-preview:large, max-video-preview:-1\" \/>\n<link rel=\"canonical\" href=\"https:\/\/honfest.preprod-kalelia.fr\/?product=plateau-de-club-pain-de-mie\" \/>\n<meta property=\"og:locale\" content=\"fr_FR\" \/>\n<meta property=\"og:type\" content=\"article\" \/>\n<meta property=\"og:title\" content=\"Plateau de club pain de mie | Honor\u00e9 Festif\" \/>\n<meta property=\"og:description\" content=\"vente Plateau de club pain de mie particulier entreprise \u00e0 Nantes et Loire Atlantique\" \/>\n<meta property=\"og:url\" content=\"https:\/\/honfest.preprod-kalelia.fr\/?product=plateau-de-club-pain-de-mie\" \/>\n<meta property=\"og:site_name\" content=\"Honor\u00e9 Festif\" \/>\n<meta property=\"article:modified_time\" content=\"2025-06-04T09:12:33+00:00\" \/>\n<meta property=\"og:image\" content=\"https:\/\/honfest.preprod-kalelia.fr\/wp-content\/uploads\/2025\/03\/Plateau-de-pain-de-mie-15-pieces-1024x1024.png\" \/>\n\t<meta property=\"og:image:width\" content=\"1024\" \/>\n\t<meta property=\"og:image:height\" content=\"1024\" \/>\n\t<meta property=\"og:image:type\" content=\"image\/png\" \/>\n<meta name=\"twitter:card\" content=\"summary_large_image\" \/>\n<meta name=\"twitter:label1\" content=\"Dur\u00e9e de lecture estim\u00e9e\" \/>\n\t<meta name=\"twitter:data1\" content=\"1 minute\" \/>\n<script type=\"application\/ld+json\" class=\"yoast-schema-graph\">{\"@context\":\"https:\/\/schema.org\",\"@graph\":[{\"@type\":\"WebPage\",\"@id\":\"https:\/\/honfest.preprod-kalelia.fr\/?product=plateau-de-club-pain-de-mie\",\"url\":\"https:\/\/honfest.preprod-kalelia.fr\/?product=plateau-de-club-pain-de-mie\",\"name\":\"Plateau de club pain de mie | Honor\u00e9 Festif\",\"isPartOf\":{\"@id\":\"https:\/\/honfest.preprod-kalelia.fr\/#website\"},\"primaryImageOfPage\":{\"@id\":\"https:\/\/honfest.preprod-kalelia.fr\/?product=plateau-de-club-pain-de-mie#primaryimage\"},\"image\":{\"@id\":\"https:\/\/honfest.preprod-kalelia.fr\/?product=plateau-de-club-pain-de-mie#primaryimage\"},\"thumbnailUrl\":\"https:\/\/honfest.preprod-kalelia.fr\/wp-content\/uploads\/2025\/03\/Plateau-de-pain-de-mie-15-pieces.png\",\"datePublished\":\"2025-03-05T09:57:59+00:00\",\"dateModified\":\"2025-06-04T09:12:33+00:00\",\"description\":\"vente Plateau de club pain de mie particulier entreprise \u00e0 Nantes et Loire Atlantique\",\"breadcrumb\":{\"@id\":\"https:\/\/honfest.preprod-kalelia.fr\/?product=plateau-de-club-pain-de-mie#breadcrumb\"},\"inLanguage\":\"fr-FR\",\"potentialAction\":[{\"@type\":\"ReadAction\",\"target\":[\"https:\/\/honfest.preprod-kalelia.fr\/?product=plateau-de-club-pain-de-mie\"]}]},{\"@type\":\"ImageObject\",\"inLanguage\":\"fr-FR\",\"@id\":\"https:\/\/honfest.preprod-kalelia.fr\/?product=plateau-de-club-pain-de-mie#primaryimage\",\"url\":\"https:\/\/honfest.preprod-kalelia.fr\/wp-content\/uploads\/2025\/03\/Plateau-de-pain-de-mie-15-pieces.png\",\"contentUrl\":\"https:\/\/honfest.preprod-kalelia.fr\/wp-content\/uploads\/2025\/03\/Plateau-de-pain-de-mie-15-pieces.png\",\"width\":3608,\"height\":3608},{\"@type\":\"BreadcrumbList\",\"@id\":\"https:\/\/honfest.preprod-kalelia.fr\/?product=plateau-de-club-pain-de-mie#breadcrumb\",\"itemListElement\":[{\"@type\":\"ListItem\",\"position\":1,\"name\":\"Accueil\",\"item\":\"https:\/\/honfest.preprod-kalelia.fr\/\"},{\"@type\":\"ListItem\",\"position\":2,\"name\":\"Plateau de club pain de mie\"}]},{\"@type\":\"WebSite\",\"@id\":\"https:\/\/honfest.preprod-kalelia.fr\/#website\",\"url\":\"https:\/\/honfest.preprod-kalelia.fr\/\",\"name\":\"Honor\u00e9 Festif\",\"description\":\"\",\"publisher\":{\"@id\":\"https:\/\/honfest.preprod-kalelia.fr\/#organization\"},\"potentialAction\":[{\"@type\":\"SearchAction\",\"target\":{\"@type\":\"EntryPoint\",\"urlTemplate\":\"https:\/\/honfest.preprod-kalelia.fr\/?s={search_term_string}\"},\"query-input\":{\"@type\":\"PropertyValueSpecification\",\"valueRequired\":true,\"valueName\":\"search_term_string\"}}],\"inLanguage\":\"fr-FR\"},{\"@type\":\"Organization\",\"@id\":\"https:\/\/honfest.preprod-kalelia.fr\/#organization\",\"name\":\"Honor\u00e9 Festif\",\"url\":\"https:\/\/honfest.preprod-kalelia.fr\/\",\"logo\":{\"@type\":\"ImageObject\",\"inLanguage\":\"fr-FR\",\"@id\":\"https:\/\/honfest.preprod-kalelia.fr\/#\/schema\/logo\/image\/\",\"url\":\"https:\/\/honfest.preprod-kalelia.fr\/wp-content\/uploads\/2020\/10\/logo-honore-festif.png\",\"contentUrl\":\"https:\/\/honfest.preprod-kalelia.fr\/wp-content\/uploads\/2020\/10\/logo-honore-festif.png\",\"width\":198,\"height\":118,\"caption\":\"Honor\u00e9 Festif\"},\"image\":{\"@id\":\"https:\/\/honfest.preprod-kalelia.fr\/#\/schema\/logo\/image\/\"}}]}<\/script>\n<!-- \/ Yoast SEO plugin. -->","yoast_head_json":{"title":"Plateau de club pain de mie | Honor\u00e9 Festif","description":"vente Plateau de club pain de mie particulier entreprise \u00e0 Nantes et Loire Atlantique","robots":{"index":"index","follow":"follow","max-snippet":"max-snippet:-1","max-image-preview":"max-image-preview:large","max-video-preview":"max-video-preview:-1"},"canonical":"https:\/\/honfest.preprod-kalelia.fr\/?product=plateau-de-club-pain-de-mie","og_locale":"fr_FR","og_type":"article","og_title":"Plateau de club pain de mie | Honor\u00e9 Festif","og_description":"vente Plateau de club pain de mie particulier entreprise \u00e0 Nantes et Loire Atlantique","og_url":"https:\/\/honfest.preprod-kalelia.fr\/?product=plateau-de-club-pain-de-mie","og_site_name":"Honor\u00e9 Festif","article_modified_time":"2025-06-04T09:12:33+00:00","og_image":[{"width":1024,"height":1024,"url":"https:\/\/honfest.preprod-kalelia.fr\/wp-content\/uploads\/2025\/03\/Plateau-de-pain-de-mie-15-pieces-1024x1024.png","type":"image\/png"}],"twitter_card":"summary_large_image","twitter_misc":{"Dur\u00e9e de lecture estim\u00e9e":"1 minute"},"schema":{"@context":"https:\/\/schema.org","@graph":[{"@type":"WebPage","@id":"https:\/\/honfest.preprod-kalelia.fr\/?product=plateau-de-club-pain-de-mie","url":"https:\/\/honfest.preprod-kalelia.fr\/?product=plateau-de-club-pain-de-mie","name":"Plateau de club pain de mie | Honor\u00e9 Festif","isPartOf":{"@id":"https:\/\/honfest.preprod-kalelia.fr\/#website"},"primaryImageOfPage":{"@id":"https:\/\/honfest.preprod-kalelia.fr\/?product=plateau-de-club-pain-de-mie#primaryimage"},"image":{"@id":"https:\/\/honfest.preprod-kalelia.fr\/?product=plateau-de-club-pain-de-mie#primaryimage"},"thumbnailUrl":"https:\/\/honfest.preprod-kalelia.fr\/wp-content\/uploads\/2025\/03\/Plateau-de-pain-de-mie-15-pieces.png","datePublished":"2025-03-05T09:57:59+00:00","dateModified":"2025-06-04T09:12:33+00:00","description":"vente Plateau de club pain de mie particulier entreprise \u00e0 Nantes et Loire Atlantique","breadcrumb":{"@id":"https:\/\/honfest.preprod-kalelia.fr\/?product=plateau-de-club-pain-de-mie#breadcrumb"},"inLanguage":"fr-FR","potentialAction":[{"@type":"ReadAction","target":["https:\/\/honfest.preprod-kalelia.fr\/?product=plateau-de-club-pain-de-mie"]}]},{"@type":"ImageObject","inLanguage":"fr-FR","@id":"https:\/\/honfest.preprod-kalelia.fr\/?product=plateau-de-club-pain-de-mie#primaryimage","url":"https:\/\/honfest.preprod-kalelia.fr\/wp-content\/uploads\/2025\/03\/Plateau-de-pain-de-mie-15-pieces.png","contentUrl":"https:\/\/honfest.preprod-kalelia.fr\/wp-content\/uploads\/2025\/03\/Plateau-de-pain-de-mie-15-pieces.png","width":3608,"height":3608},{"@type":"BreadcrumbList","@id":"https:\/\/honfest.preprod-kalelia.fr\/?product=plateau-de-club-pain-de-mie#breadcrumb","itemListElement":[{"@type":"ListItem","position":1,"name":"Accueil","item":"https:\/\/honfest.preprod-kalelia.fr\/"},{"@type":"ListItem","position":2,"name":"Plateau de club pain de mie"}]},{"@type":"WebSite","@id":"https:\/\/honfest.preprod-kalelia.fr\/#website","url":"https:\/\/honfest.preprod-kalelia.fr\/","name":"Honor\u00e9 Festif","description":"","publisher":{"@id":"https:\/\/honfest.preprod-kalelia.fr\/#organization"},"potentialAction":[{"@type":"SearchAction","target":{"@type":"EntryPoint","urlTemplate":"https:\/\/honfest.preprod-kalelia.fr\/?s={search_term_string}"},"query-input":{"@type":"PropertyValueSpecification","valueRequired":true,"valueName":"search_term_string"}}],"inLanguage":"fr-FR"},{"@type":"Organization","@id":"https:\/\/honfest.preprod-kalelia.fr\/#organization","name":"Honor\u00e9 Festif","url":"https:\/\/honfest.preprod-kalelia.fr\/","logo":{"@type":"ImageObject","inLanguage":"fr-FR","@id":"https:\/\/honfest.preprod-kalelia.fr\/#\/schema\/logo\/image\/","url":"https:\/\/honfest.preprod-kalelia.fr\/wp-content\/uploads\/2020\/10\/logo-honore-festif.png","contentUrl":"https:\/\/honfest.preprod-kalelia.fr\/wp-content\/uploads\/2020\/10\/logo-honore-festif.png","width":198,"height":118,"caption":"Honor\u00e9 Festif"},"image":{"@id":"https:\/\/honfest.preprod-kalelia.fr\/#\/schema\/logo\/image\/"}}]}},"_links":{"self":[{"href":"https:\/\/honfest.preprod-kalelia.fr\/index.php?rest_route=\/wp\/v2\/product\/19885","targetHints":{"allow":["GET"]}}],"collection":[{"href":"https:\/\/honfest.preprod-kalelia.fr\/index.php?rest_route=\/wp\/v2\/product"}],"about":[{"href":"https:\/\/honfest.preprod-kalelia.fr\/index.php?rest_route=\/wp\/v2\/types\/product"}],"wp:featuredmedia":[{"embeddable":true,"href":"https:\/\/honfest.preprod-kalelia.fr\/index.php?rest_route=\/wp\/v2\/media\/19889"}],"wp:attachment":[{"href":"https:\/\/honfest.preprod-kalelia.fr\/index.php?rest_route=%2Fwp%2Fv2%2Fmedia&parent=19885"}],"wp:term":[{"taxonomy":"product_cat","embeddable":true,"href":"https:\/\/honfest.preprod-kalelia.fr\/index.php?rest_route=%2Fwp%2Fv2%2Fproduct_cat&post=19885"},{"taxonomy":"product_tag","embeddable":true,"href":"https:\/\/honfest.preprod-kalelia.fr\/index.php?rest_route=%2Fwp%2Fv2%2Fproduct_tag&post=19885"}],"curies":[{"name":"wp","href":"https:\/\/api.w.org\/{rel}","templated":true}]}}