{"id":19902,"date":"2025-03-06T10:37:57","date_gmt":"2025-03-06T09:37:57","guid":{"rendered":"https:\/\/www.honore-festif.com\/?post_type=product&#038;p=19902"},"modified":"2025-06-04T11:34:46","modified_gmt":"2025-06-04T09:34:46","slug":"coffret-de-gourmandises-chocolatees","status":"publish","type":"product","link":"https:\/\/honfest.preprod-kalelia.fr\/?product=coffret-de-gourmandises-chocolatees","title":{"rendered":"Coffret de gourmandises chocolat\u00e9es"},"content":{"rendered":"","protected":false},"excerpt":{"rendered":"<p>Rose des sables chocolat au lait<\/p>\n<p>Carr\u00e9 chocolat noir pistache cannelle<\/p>\n<p>Mendiant chocolat au lait<\/p>\n<p>Palet chocolat noir intense<\/p>\n","protected":false},"featured_media":19903,"template":"","meta":[],"product_cat":[570,46,64,50,62],"product_tag":[398,267,594],"class_list":{"0":"post-19902","1":"product","2":"type-product","3":"status-publish","4":"has-post-thumbnail","6":"type-evt-produit-cocktail-dentreprise","7":"type-evt-produit-dejeuner-dentreprise","8":"type-evt-produit-petit-dejeuner-dentreprise-2","9":"type-evt-produit-seminaire-congres","10":"type-prest-produit-cocktail-dejeunatoire-2h-debout","11":"type-prest-produit-pause-a-theme-1h-debout","12":"type-prest-produit-pause-gourmande-30-min-debout","13":"saveur-produit-sucre","14":"product_cat-produits-de-saison","15":"product_cat-cocktail","16":"product_cat-cocktail-a-composer","17":"product_cat-pause-cafe","18":"product_cat-pauses-a-composer","19":"product_tag-chocolat","20":"product_tag-fours-frais","21":"product_tag-gourmandises","23":"first","24":"instock","25":"taxable","26":"shipping-taxable","27":"purchasable","28":"product-type-simple"},"yoast_head":"<!-- This site is optimized with the Yoast SEO plugin v25.9 - https:\/\/yoast.com\/wordpress\/plugins\/seo\/ -->\n<title>Coffret de gourmandises chocolat\u00e9es | Honor\u00e9 Festif<\/title>\n<meta name=\"description\" content=\"vente Coffret de gourmandises chocolat\u00e9es particulier entreprise \u00e0 Nantes et Loire Atlantique\" \/>\n<meta name=\"robots\" content=\"index, follow, max-snippet:-1, max-image-preview:large, max-video-preview:-1\" \/>\n<link rel=\"canonical\" href=\"https:\/\/honfest.preprod-kalelia.fr\/?product=coffret-de-gourmandises-chocolatees\" \/>\n<meta property=\"og:locale\" content=\"fr_FR\" \/>\n<meta property=\"og:type\" content=\"article\" \/>\n<meta property=\"og:title\" content=\"Coffret de gourmandises chocolat\u00e9es | Honor\u00e9 Festif\" \/>\n<meta property=\"og:description\" content=\"vente Coffret de gourmandises chocolat\u00e9es particulier entreprise \u00e0 Nantes et Loire Atlantique\" \/>\n<meta property=\"og:url\" content=\"https:\/\/honfest.preprod-kalelia.fr\/?product=coffret-de-gourmandises-chocolatees\" \/>\n<meta property=\"og:site_name\" content=\"Honor\u00e9 Festif\" \/>\n<meta property=\"article:modified_time\" content=\"2025-06-04T09:34:46+00:00\" \/>\n<meta property=\"og:image\" content=\"https:\/\/honfest.preprod-kalelia.fr\/wp-content\/uploads\/2025\/03\/Coffret-de-gourmandises-chocolatees-16-pieces-1024x1024.png\" \/>\n\t<meta property=\"og:image:width\" content=\"1024\" \/>\n\t<meta property=\"og:image:height\" content=\"1024\" \/>\n\t<meta property=\"og:image:type\" content=\"image\/png\" \/>\n<meta name=\"twitter:card\" content=\"summary_large_image\" \/>\n<meta name=\"twitter:label1\" content=\"Dur\u00e9e de lecture estim\u00e9e\" \/>\n\t<meta name=\"twitter:data1\" content=\"1 minute\" \/>\n<script type=\"application\/ld+json\" class=\"yoast-schema-graph\">{\"@context\":\"https:\/\/schema.org\",\"@graph\":[{\"@type\":\"WebPage\",\"@id\":\"https:\/\/honfest.preprod-kalelia.fr\/?product=coffret-de-gourmandises-chocolatees\",\"url\":\"https:\/\/honfest.preprod-kalelia.fr\/?product=coffret-de-gourmandises-chocolatees\",\"name\":\"Coffret de gourmandises chocolat\u00e9es | Honor\u00e9 Festif\",\"isPartOf\":{\"@id\":\"https:\/\/honfest.preprod-kalelia.fr\/#website\"},\"primaryImageOfPage\":{\"@id\":\"https:\/\/honfest.preprod-kalelia.fr\/?product=coffret-de-gourmandises-chocolatees#primaryimage\"},\"image\":{\"@id\":\"https:\/\/honfest.preprod-kalelia.fr\/?product=coffret-de-gourmandises-chocolatees#primaryimage\"},\"thumbnailUrl\":\"https:\/\/honfest.preprod-kalelia.fr\/wp-content\/uploads\/2025\/03\/Coffret-de-gourmandises-chocolatees-16-pieces.png\",\"datePublished\":\"2025-03-06T09:37:57+00:00\",\"dateModified\":\"2025-06-04T09:34:46+00:00\",\"description\":\"vente Coffret de gourmandises chocolat\u00e9es particulier entreprise \u00e0 Nantes et Loire Atlantique\",\"breadcrumb\":{\"@id\":\"https:\/\/honfest.preprod-kalelia.fr\/?product=coffret-de-gourmandises-chocolatees#breadcrumb\"},\"inLanguage\":\"fr-FR\",\"potentialAction\":[{\"@type\":\"ReadAction\",\"target\":[\"https:\/\/honfest.preprod-kalelia.fr\/?product=coffret-de-gourmandises-chocolatees\"]}]},{\"@type\":\"ImageObject\",\"inLanguage\":\"fr-FR\",\"@id\":\"https:\/\/honfest.preprod-kalelia.fr\/?product=coffret-de-gourmandises-chocolatees#primaryimage\",\"url\":\"https:\/\/honfest.preprod-kalelia.fr\/wp-content\/uploads\/2025\/03\/Coffret-de-gourmandises-chocolatees-16-pieces.png\",\"contentUrl\":\"https:\/\/honfest.preprod-kalelia.fr\/wp-content\/uploads\/2025\/03\/Coffret-de-gourmandises-chocolatees-16-pieces.png\",\"width\":3583,\"height\":3583},{\"@type\":\"BreadcrumbList\",\"@id\":\"https:\/\/honfest.preprod-kalelia.fr\/?product=coffret-de-gourmandises-chocolatees#breadcrumb\",\"itemListElement\":[{\"@type\":\"ListItem\",\"position\":1,\"name\":\"Accueil\",\"item\":\"https:\/\/honfest.preprod-kalelia.fr\/\"},{\"@type\":\"ListItem\",\"position\":2,\"name\":\"Coffret de gourmandises chocolat\u00e9es\"}]},{\"@type\":\"WebSite\",\"@id\":\"https:\/\/honfest.preprod-kalelia.fr\/#website\",\"url\":\"https:\/\/honfest.preprod-kalelia.fr\/\",\"name\":\"Honor\u00e9 Festif\",\"description\":\"\",\"publisher\":{\"@id\":\"https:\/\/honfest.preprod-kalelia.fr\/#organization\"},\"potentialAction\":[{\"@type\":\"SearchAction\",\"target\":{\"@type\":\"EntryPoint\",\"urlTemplate\":\"https:\/\/honfest.preprod-kalelia.fr\/?s={search_term_string}\"},\"query-input\":{\"@type\":\"PropertyValueSpecification\",\"valueRequired\":true,\"valueName\":\"search_term_string\"}}],\"inLanguage\":\"fr-FR\"},{\"@type\":\"Organization\",\"@id\":\"https:\/\/honfest.preprod-kalelia.fr\/#organization\",\"name\":\"Honor\u00e9 Festif\",\"url\":\"https:\/\/honfest.preprod-kalelia.fr\/\",\"logo\":{\"@type\":\"ImageObject\",\"inLanguage\":\"fr-FR\",\"@id\":\"https:\/\/honfest.preprod-kalelia.fr\/#\/schema\/logo\/image\/\",\"url\":\"https:\/\/honfest.preprod-kalelia.fr\/wp-content\/uploads\/2020\/10\/logo-honore-festif.png\",\"contentUrl\":\"https:\/\/honfest.preprod-kalelia.fr\/wp-content\/uploads\/2020\/10\/logo-honore-festif.png\",\"width\":198,\"height\":118,\"caption\":\"Honor\u00e9 Festif\"},\"image\":{\"@id\":\"https:\/\/honfest.preprod-kalelia.fr\/#\/schema\/logo\/image\/\"}}]}<\/script>\n<!-- \/ Yoast SEO plugin. -->","yoast_head_json":{"title":"Coffret de gourmandises chocolat\u00e9es | Honor\u00e9 Festif","description":"vente Coffret de gourmandises chocolat\u00e9es particulier entreprise \u00e0 Nantes et Loire Atlantique","robots":{"index":"index","follow":"follow","max-snippet":"max-snippet:-1","max-image-preview":"max-image-preview:large","max-video-preview":"max-video-preview:-1"},"canonical":"https:\/\/honfest.preprod-kalelia.fr\/?product=coffret-de-gourmandises-chocolatees","og_locale":"fr_FR","og_type":"article","og_title":"Coffret de gourmandises chocolat\u00e9es | Honor\u00e9 Festif","og_description":"vente Coffret de gourmandises chocolat\u00e9es particulier entreprise \u00e0 Nantes et Loire Atlantique","og_url":"https:\/\/honfest.preprod-kalelia.fr\/?product=coffret-de-gourmandises-chocolatees","og_site_name":"Honor\u00e9 Festif","article_modified_time":"2025-06-04T09:34:46+00:00","og_image":[{"width":1024,"height":1024,"url":"https:\/\/honfest.preprod-kalelia.fr\/wp-content\/uploads\/2025\/03\/Coffret-de-gourmandises-chocolatees-16-pieces-1024x1024.png","type":"image\/png"}],"twitter_card":"summary_large_image","twitter_misc":{"Dur\u00e9e de lecture estim\u00e9e":"1 minute"},"schema":{"@context":"https:\/\/schema.org","@graph":[{"@type":"WebPage","@id":"https:\/\/honfest.preprod-kalelia.fr\/?product=coffret-de-gourmandises-chocolatees","url":"https:\/\/honfest.preprod-kalelia.fr\/?product=coffret-de-gourmandises-chocolatees","name":"Coffret de gourmandises chocolat\u00e9es | Honor\u00e9 Festif","isPartOf":{"@id":"https:\/\/honfest.preprod-kalelia.fr\/#website"},"primaryImageOfPage":{"@id":"https:\/\/honfest.preprod-kalelia.fr\/?product=coffret-de-gourmandises-chocolatees#primaryimage"},"image":{"@id":"https:\/\/honfest.preprod-kalelia.fr\/?product=coffret-de-gourmandises-chocolatees#primaryimage"},"thumbnailUrl":"https:\/\/honfest.preprod-kalelia.fr\/wp-content\/uploads\/2025\/03\/Coffret-de-gourmandises-chocolatees-16-pieces.png","datePublished":"2025-03-06T09:37:57+00:00","dateModified":"2025-06-04T09:34:46+00:00","description":"vente Coffret de gourmandises chocolat\u00e9es particulier entreprise \u00e0 Nantes et Loire Atlantique","breadcrumb":{"@id":"https:\/\/honfest.preprod-kalelia.fr\/?product=coffret-de-gourmandises-chocolatees#breadcrumb"},"inLanguage":"fr-FR","potentialAction":[{"@type":"ReadAction","target":["https:\/\/honfest.preprod-kalelia.fr\/?product=coffret-de-gourmandises-chocolatees"]}]},{"@type":"ImageObject","inLanguage":"fr-FR","@id":"https:\/\/honfest.preprod-kalelia.fr\/?product=coffret-de-gourmandises-chocolatees#primaryimage","url":"https:\/\/honfest.preprod-kalelia.fr\/wp-content\/uploads\/2025\/03\/Coffret-de-gourmandises-chocolatees-16-pieces.png","contentUrl":"https:\/\/honfest.preprod-kalelia.fr\/wp-content\/uploads\/2025\/03\/Coffret-de-gourmandises-chocolatees-16-pieces.png","width":3583,"height":3583},{"@type":"BreadcrumbList","@id":"https:\/\/honfest.preprod-kalelia.fr\/?product=coffret-de-gourmandises-chocolatees#breadcrumb","itemListElement":[{"@type":"ListItem","position":1,"name":"Accueil","item":"https:\/\/honfest.preprod-kalelia.fr\/"},{"@type":"ListItem","position":2,"name":"Coffret de gourmandises chocolat\u00e9es"}]},{"@type":"WebSite","@id":"https:\/\/honfest.preprod-kalelia.fr\/#website","url":"https:\/\/honfest.preprod-kalelia.fr\/","name":"Honor\u00e9 Festif","description":"","publisher":{"@id":"https:\/\/honfest.preprod-kalelia.fr\/#organization"},"potentialAction":[{"@type":"SearchAction","target":{"@type":"EntryPoint","urlTemplate":"https:\/\/honfest.preprod-kalelia.fr\/?s={search_term_string}"},"query-input":{"@type":"PropertyValueSpecification","valueRequired":true,"valueName":"search_term_string"}}],"inLanguage":"fr-FR"},{"@type":"Organization","@id":"https:\/\/honfest.preprod-kalelia.fr\/#organization","name":"Honor\u00e9 Festif","url":"https:\/\/honfest.preprod-kalelia.fr\/","logo":{"@type":"ImageObject","inLanguage":"fr-FR","@id":"https:\/\/honfest.preprod-kalelia.fr\/#\/schema\/logo\/image\/","url":"https:\/\/honfest.preprod-kalelia.fr\/wp-content\/uploads\/2020\/10\/logo-honore-festif.png","contentUrl":"https:\/\/honfest.preprod-kalelia.fr\/wp-content\/uploads\/2020\/10\/logo-honore-festif.png","width":198,"height":118,"caption":"Honor\u00e9 Festif"},"image":{"@id":"https:\/\/honfest.preprod-kalelia.fr\/#\/schema\/logo\/image\/"}}]}},"_links":{"self":[{"href":"https:\/\/honfest.preprod-kalelia.fr\/index.php?rest_route=\/wp\/v2\/product\/19902","targetHints":{"allow":["GET"]}}],"collection":[{"href":"https:\/\/honfest.preprod-kalelia.fr\/index.php?rest_route=\/wp\/v2\/product"}],"about":[{"href":"https:\/\/honfest.preprod-kalelia.fr\/index.php?rest_route=\/wp\/v2\/types\/product"}],"wp:featuredmedia":[{"embeddable":true,"href":"https:\/\/honfest.preprod-kalelia.fr\/index.php?rest_route=\/wp\/v2\/media\/19903"}],"wp:attachment":[{"href":"https:\/\/honfest.preprod-kalelia.fr\/index.php?rest_route=%2Fwp%2Fv2%2Fmedia&parent=19902"}],"wp:term":[{"taxonomy":"product_cat","embeddable":true,"href":"https:\/\/honfest.preprod-kalelia.fr\/index.php?rest_route=%2Fwp%2Fv2%2Fproduct_cat&post=19902"},{"taxonomy":"product_tag","embeddable":true,"href":"https:\/\/honfest.preprod-kalelia.fr\/index.php?rest_route=%2Fwp%2Fv2%2Fproduct_tag&post=19902"}],"curies":[{"name":"wp","href":"https:\/\/api.w.org\/{rel}","templated":true}]}}