{"id":20801,"date":"2025-04-30T15:33:20","date_gmt":"2025-04-30T13:33:20","guid":{"rendered":"https:\/\/www.honore-festif.com\/?post_type=product&#038;p=20801"},"modified":"2025-04-30T15:34:21","modified_gmt":"2025-04-30T13:34:21","slug":"kombucha-the-fermente-framboise-75cl","status":"publish","type":"product","link":"https:\/\/honfest.preprod-kalelia.fr\/?product=kombucha-the-fermente-framboise-75cl","title":{"rendered":"Kombucha &#8211; Th\u00e9 ferment\u00e9 framboise &#8211; 75cl"},"content":{"rendered":"<p>Bouteille de 75 cl<\/p>\n","protected":false},"excerpt":{"rendered":"<p>Bouteille de 75 cl<\/p>\n","protected":false},"featured_media":1143,"template":"","meta":[],"product_cat":[70],"product_tag":[350,606],"class_list":{"0":"post-20801","1":"product","2":"type-product","3":"status-publish","4":"has-post-thumbnail","6":"product_cat-carte-des-boissons-cocktail","7":"product_tag-sans-alcool","8":"product_tag-the-fermente","10":"first","11":"instock","12":"taxable","13":"shipping-taxable","14":"purchasable","15":"product-type-simple"},"yoast_head":"<!-- This site is optimized with the Yoast SEO plugin v25.9 - https:\/\/yoast.com\/wordpress\/plugins\/seo\/ -->\n<title>Kombucha - Th\u00e9 ferment\u00e9 framboise - 75cl | Honor\u00e9 Festif<\/title>\n<meta name=\"description\" content=\"vente Kombucha - Th\u00e9 ferment\u00e9 framboise - 75cl particulier entreprise \u00e0 Nantes et Loire Atlantique\" \/>\n<meta name=\"robots\" content=\"index, follow, max-snippet:-1, max-image-preview:large, max-video-preview:-1\" \/>\n<link rel=\"canonical\" href=\"https:\/\/honfest.preprod-kalelia.fr\/?product=kombucha-the-fermente-framboise-75cl\" \/>\n<meta property=\"og:locale\" content=\"fr_FR\" \/>\n<meta property=\"og:type\" content=\"article\" \/>\n<meta property=\"og:title\" content=\"Kombucha - Th\u00e9 ferment\u00e9 framboise - 75cl | Honor\u00e9 Festif\" \/>\n<meta property=\"og:description\" content=\"vente Kombucha - Th\u00e9 ferment\u00e9 framboise - 75cl particulier entreprise \u00e0 Nantes et Loire Atlantique\" \/>\n<meta property=\"og:url\" content=\"https:\/\/honfest.preprod-kalelia.fr\/?product=kombucha-the-fermente-framboise-75cl\" \/>\n<meta property=\"og:site_name\" content=\"Honor\u00e9 Festif\" \/>\n<meta property=\"article:modified_time\" content=\"2025-04-30T13:34:21+00:00\" \/>\n<meta property=\"og:image\" content=\"https:\/\/honfest.preprod-kalelia.fr\/wp-content\/uploads\/2015\/11\/1358-thickbox_default-Jus-petillant-Pomme-Raisin-75-cl.jpg\" \/>\n\t<meta property=\"og:image:width\" content=\"800\" \/>\n\t<meta property=\"og:image:height\" content=\"800\" \/>\n\t<meta property=\"og:image:type\" content=\"image\/jpeg\" \/>\n<meta name=\"twitter:card\" content=\"summary_large_image\" \/>\n<meta name=\"twitter:label1\" content=\"Dur\u00e9e de lecture estim\u00e9e\" \/>\n\t<meta name=\"twitter:data1\" content=\"1 minute\" \/>\n<script type=\"application\/ld+json\" class=\"yoast-schema-graph\">{\"@context\":\"https:\/\/schema.org\",\"@graph\":[{\"@type\":\"WebPage\",\"@id\":\"https:\/\/honfest.preprod-kalelia.fr\/?product=kombucha-the-fermente-framboise-75cl\",\"url\":\"https:\/\/honfest.preprod-kalelia.fr\/?product=kombucha-the-fermente-framboise-75cl\",\"name\":\"Kombucha - Th\u00e9 ferment\u00e9 framboise - 75cl | Honor\u00e9 Festif\",\"isPartOf\":{\"@id\":\"https:\/\/honfest.preprod-kalelia.fr\/#website\"},\"primaryImageOfPage\":{\"@id\":\"https:\/\/honfest.preprod-kalelia.fr\/?product=kombucha-the-fermente-framboise-75cl#primaryimage\"},\"image\":{\"@id\":\"https:\/\/honfest.preprod-kalelia.fr\/?product=kombucha-the-fermente-framboise-75cl#primaryimage\"},\"thumbnailUrl\":\"https:\/\/honfest.preprod-kalelia.fr\/wp-content\/uploads\/2015\/11\/1358-thickbox_default-Jus-petillant-Pomme-Raisin-75-cl.jpg\",\"datePublished\":\"2025-04-30T13:33:20+00:00\",\"dateModified\":\"2025-04-30T13:34:21+00:00\",\"description\":\"vente Kombucha - Th\u00e9 ferment\u00e9 framboise - 75cl particulier entreprise \u00e0 Nantes et Loire Atlantique\",\"breadcrumb\":{\"@id\":\"https:\/\/honfest.preprod-kalelia.fr\/?product=kombucha-the-fermente-framboise-75cl#breadcrumb\"},\"inLanguage\":\"fr-FR\",\"potentialAction\":[{\"@type\":\"ReadAction\",\"target\":[\"https:\/\/honfest.preprod-kalelia.fr\/?product=kombucha-the-fermente-framboise-75cl\"]}]},{\"@type\":\"ImageObject\",\"inLanguage\":\"fr-FR\",\"@id\":\"https:\/\/honfest.preprod-kalelia.fr\/?product=kombucha-the-fermente-framboise-75cl#primaryimage\",\"url\":\"https:\/\/honfest.preprod-kalelia.fr\/wp-content\/uploads\/2015\/11\/1358-thickbox_default-Jus-petillant-Pomme-Raisin-75-cl.jpg\",\"contentUrl\":\"https:\/\/honfest.preprod-kalelia.fr\/wp-content\/uploads\/2015\/11\/1358-thickbox_default-Jus-petillant-Pomme-Raisin-75-cl.jpg\",\"width\":800,\"height\":800,\"caption\":\"Jus p\u00e9tillant Pomme-Raisin 75 cl\"},{\"@type\":\"BreadcrumbList\",\"@id\":\"https:\/\/honfest.preprod-kalelia.fr\/?product=kombucha-the-fermente-framboise-75cl#breadcrumb\",\"itemListElement\":[{\"@type\":\"ListItem\",\"position\":1,\"name\":\"Accueil\",\"item\":\"https:\/\/honfest.preprod-kalelia.fr\/\"},{\"@type\":\"ListItem\",\"position\":2,\"name\":\"Kombucha &#8211; Th\u00e9 ferment\u00e9 framboise &#8211; 75cl\"}]},{\"@type\":\"WebSite\",\"@id\":\"https:\/\/honfest.preprod-kalelia.fr\/#website\",\"url\":\"https:\/\/honfest.preprod-kalelia.fr\/\",\"name\":\"Honor\u00e9 Festif\",\"description\":\"\",\"publisher\":{\"@id\":\"https:\/\/honfest.preprod-kalelia.fr\/#organization\"},\"potentialAction\":[{\"@type\":\"SearchAction\",\"target\":{\"@type\":\"EntryPoint\",\"urlTemplate\":\"https:\/\/honfest.preprod-kalelia.fr\/?s={search_term_string}\"},\"query-input\":{\"@type\":\"PropertyValueSpecification\",\"valueRequired\":true,\"valueName\":\"search_term_string\"}}],\"inLanguage\":\"fr-FR\"},{\"@type\":\"Organization\",\"@id\":\"https:\/\/honfest.preprod-kalelia.fr\/#organization\",\"name\":\"Honor\u00e9 Festif\",\"url\":\"https:\/\/honfest.preprod-kalelia.fr\/\",\"logo\":{\"@type\":\"ImageObject\",\"inLanguage\":\"fr-FR\",\"@id\":\"https:\/\/honfest.preprod-kalelia.fr\/#\/schema\/logo\/image\/\",\"url\":\"https:\/\/honfest.preprod-kalelia.fr\/wp-content\/uploads\/2020\/10\/logo-honore-festif.png\",\"contentUrl\":\"https:\/\/honfest.preprod-kalelia.fr\/wp-content\/uploads\/2020\/10\/logo-honore-festif.png\",\"width\":198,\"height\":118,\"caption\":\"Honor\u00e9 Festif\"},\"image\":{\"@id\":\"https:\/\/honfest.preprod-kalelia.fr\/#\/schema\/logo\/image\/\"}}]}<\/script>\n<!-- \/ Yoast SEO plugin. -->","yoast_head_json":{"title":"Kombucha - Th\u00e9 ferment\u00e9 framboise - 75cl | Honor\u00e9 Festif","description":"vente Kombucha - Th\u00e9 ferment\u00e9 framboise - 75cl particulier entreprise \u00e0 Nantes et Loire Atlantique","robots":{"index":"index","follow":"follow","max-snippet":"max-snippet:-1","max-image-preview":"max-image-preview:large","max-video-preview":"max-video-preview:-1"},"canonical":"https:\/\/honfest.preprod-kalelia.fr\/?product=kombucha-the-fermente-framboise-75cl","og_locale":"fr_FR","og_type":"article","og_title":"Kombucha - Th\u00e9 ferment\u00e9 framboise - 75cl | Honor\u00e9 Festif","og_description":"vente Kombucha - Th\u00e9 ferment\u00e9 framboise - 75cl particulier entreprise \u00e0 Nantes et Loire Atlantique","og_url":"https:\/\/honfest.preprod-kalelia.fr\/?product=kombucha-the-fermente-framboise-75cl","og_site_name":"Honor\u00e9 Festif","article_modified_time":"2025-04-30T13:34:21+00:00","og_image":[{"width":800,"height":800,"url":"https:\/\/honfest.preprod-kalelia.fr\/wp-content\/uploads\/2015\/11\/1358-thickbox_default-Jus-petillant-Pomme-Raisin-75-cl.jpg","type":"image\/jpeg"}],"twitter_card":"summary_large_image","twitter_misc":{"Dur\u00e9e de lecture estim\u00e9e":"1 minute"},"schema":{"@context":"https:\/\/schema.org","@graph":[{"@type":"WebPage","@id":"https:\/\/honfest.preprod-kalelia.fr\/?product=kombucha-the-fermente-framboise-75cl","url":"https:\/\/honfest.preprod-kalelia.fr\/?product=kombucha-the-fermente-framboise-75cl","name":"Kombucha - Th\u00e9 ferment\u00e9 framboise - 75cl | Honor\u00e9 Festif","isPartOf":{"@id":"https:\/\/honfest.preprod-kalelia.fr\/#website"},"primaryImageOfPage":{"@id":"https:\/\/honfest.preprod-kalelia.fr\/?product=kombucha-the-fermente-framboise-75cl#primaryimage"},"image":{"@id":"https:\/\/honfest.preprod-kalelia.fr\/?product=kombucha-the-fermente-framboise-75cl#primaryimage"},"thumbnailUrl":"https:\/\/honfest.preprod-kalelia.fr\/wp-content\/uploads\/2015\/11\/1358-thickbox_default-Jus-petillant-Pomme-Raisin-75-cl.jpg","datePublished":"2025-04-30T13:33:20+00:00","dateModified":"2025-04-30T13:34:21+00:00","description":"vente Kombucha - Th\u00e9 ferment\u00e9 framboise - 75cl particulier entreprise \u00e0 Nantes et Loire Atlantique","breadcrumb":{"@id":"https:\/\/honfest.preprod-kalelia.fr\/?product=kombucha-the-fermente-framboise-75cl#breadcrumb"},"inLanguage":"fr-FR","potentialAction":[{"@type":"ReadAction","target":["https:\/\/honfest.preprod-kalelia.fr\/?product=kombucha-the-fermente-framboise-75cl"]}]},{"@type":"ImageObject","inLanguage":"fr-FR","@id":"https:\/\/honfest.preprod-kalelia.fr\/?product=kombucha-the-fermente-framboise-75cl#primaryimage","url":"https:\/\/honfest.preprod-kalelia.fr\/wp-content\/uploads\/2015\/11\/1358-thickbox_default-Jus-petillant-Pomme-Raisin-75-cl.jpg","contentUrl":"https:\/\/honfest.preprod-kalelia.fr\/wp-content\/uploads\/2015\/11\/1358-thickbox_default-Jus-petillant-Pomme-Raisin-75-cl.jpg","width":800,"height":800,"caption":"Jus p\u00e9tillant Pomme-Raisin 75 cl"},{"@type":"BreadcrumbList","@id":"https:\/\/honfest.preprod-kalelia.fr\/?product=kombucha-the-fermente-framboise-75cl#breadcrumb","itemListElement":[{"@type":"ListItem","position":1,"name":"Accueil","item":"https:\/\/honfest.preprod-kalelia.fr\/"},{"@type":"ListItem","position":2,"name":"Kombucha &#8211; Th\u00e9 ferment\u00e9 framboise &#8211; 75cl"}]},{"@type":"WebSite","@id":"https:\/\/honfest.preprod-kalelia.fr\/#website","url":"https:\/\/honfest.preprod-kalelia.fr\/","name":"Honor\u00e9 Festif","description":"","publisher":{"@id":"https:\/\/honfest.preprod-kalelia.fr\/#organization"},"potentialAction":[{"@type":"SearchAction","target":{"@type":"EntryPoint","urlTemplate":"https:\/\/honfest.preprod-kalelia.fr\/?s={search_term_string}"},"query-input":{"@type":"PropertyValueSpecification","valueRequired":true,"valueName":"search_term_string"}}],"inLanguage":"fr-FR"},{"@type":"Organization","@id":"https:\/\/honfest.preprod-kalelia.fr\/#organization","name":"Honor\u00e9 Festif","url":"https:\/\/honfest.preprod-kalelia.fr\/","logo":{"@type":"ImageObject","inLanguage":"fr-FR","@id":"https:\/\/honfest.preprod-kalelia.fr\/#\/schema\/logo\/image\/","url":"https:\/\/honfest.preprod-kalelia.fr\/wp-content\/uploads\/2020\/10\/logo-honore-festif.png","contentUrl":"https:\/\/honfest.preprod-kalelia.fr\/wp-content\/uploads\/2020\/10\/logo-honore-festif.png","width":198,"height":118,"caption":"Honor\u00e9 Festif"},"image":{"@id":"https:\/\/honfest.preprod-kalelia.fr\/#\/schema\/logo\/image\/"}}]}},"_links":{"self":[{"href":"https:\/\/honfest.preprod-kalelia.fr\/index.php?rest_route=\/wp\/v2\/product\/20801","targetHints":{"allow":["GET"]}}],"collection":[{"href":"https:\/\/honfest.preprod-kalelia.fr\/index.php?rest_route=\/wp\/v2\/product"}],"about":[{"href":"https:\/\/honfest.preprod-kalelia.fr\/index.php?rest_route=\/wp\/v2\/types\/product"}],"wp:featuredmedia":[{"embeddable":true,"href":"https:\/\/honfest.preprod-kalelia.fr\/index.php?rest_route=\/wp\/v2\/media\/1143"}],"wp:attachment":[{"href":"https:\/\/honfest.preprod-kalelia.fr\/index.php?rest_route=%2Fwp%2Fv2%2Fmedia&parent=20801"}],"wp:term":[{"taxonomy":"product_cat","embeddable":true,"href":"https:\/\/honfest.preprod-kalelia.fr\/index.php?rest_route=%2Fwp%2Fv2%2Fproduct_cat&post=20801"},{"taxonomy":"product_tag","embeddable":true,"href":"https:\/\/honfest.preprod-kalelia.fr\/index.php?rest_route=%2Fwp%2Fv2%2Fproduct_tag&post=20801"}],"curies":[{"name":"wp","href":"https:\/\/api.w.org\/{rel}","templated":true}]}}