{"id":20804,"date":"2025-04-30T15:46:37","date_gmt":"2025-04-30T13:46:37","guid":{"rendered":"https:\/\/www.honore-festif.com\/?post_type=product&#038;p=20804"},"modified":"2025-06-04T11:56:31","modified_gmt":"2025-06-04T09:56:31","slug":"salade-carottes-rapees-1-kg-vegetarienne","status":"publish","type":"product","link":"https:\/\/honfest.preprod-kalelia.fr\/?product=salade-carottes-rapees-1-kg-vegetarienne","title":{"rendered":"Salade Carottes r\u00e2p\u00e9es &#8211; 1 kg &#8211; V\u00e9g\u00e9tarienne"},"content":{"rendered":"","protected":false},"excerpt":{"rendered":"<p>Carottes r\u00e2p\u00e9es au jus d\u2019orange et vinaigre riz<\/p>\n","protected":false},"featured_media":6621,"template":"","meta":[],"product_cat":[59],"product_tag":[366,377,375],"class_list":{"0":"post-20804","1":"product","2":"type-product","3":"status-publish","4":"has-post-thumbnail","6":"product_cat-buffet-a-composer","7":"product_tag-buffet","8":"product_tag-crudites","9":"product_tag-salade","11":"first","12":"instock","13":"taxable","14":"shipping-taxable","15":"purchasable","16":"product-type-simple"},"yoast_head":"<!-- This site is optimized with the Yoast SEO plugin v25.9 - https:\/\/yoast.com\/wordpress\/plugins\/seo\/ -->\n<title>Salade Carottes r\u00e2p\u00e9es - 1 kg - V\u00e9g\u00e9tarienne | Honor\u00e9 Festif<\/title>\n<meta name=\"description\" content=\"vente Salade Carottes r\u00e2p\u00e9es - 1 kg - V\u00e9g\u00e9tarienne particulier entreprise \u00e0 Nantes et Loire Atlantique\" \/>\n<meta name=\"robots\" content=\"index, follow, max-snippet:-1, max-image-preview:large, max-video-preview:-1\" \/>\n<link rel=\"canonical\" href=\"https:\/\/honfest.preprod-kalelia.fr\/?product=salade-carottes-rapees-1-kg-vegetarienne\" \/>\n<meta property=\"og:locale\" content=\"fr_FR\" \/>\n<meta property=\"og:type\" content=\"article\" \/>\n<meta property=\"og:title\" content=\"Salade Carottes r\u00e2p\u00e9es - 1 kg - V\u00e9g\u00e9tarienne | Honor\u00e9 Festif\" \/>\n<meta property=\"og:description\" content=\"vente Salade Carottes r\u00e2p\u00e9es - 1 kg - V\u00e9g\u00e9tarienne particulier entreprise \u00e0 Nantes et Loire Atlantique\" \/>\n<meta property=\"og:url\" content=\"https:\/\/honfest.preprod-kalelia.fr\/?product=salade-carottes-rapees-1-kg-vegetarienne\" \/>\n<meta property=\"og:site_name\" content=\"Honor\u00e9 Festif\" \/>\n<meta property=\"article:modified_time\" content=\"2025-06-04T09:56:31+00:00\" \/>\n<meta property=\"og:image\" content=\"https:\/\/honfest.preprod-kalelia.fr\/wp-content\/uploads\/2020\/09\/Carotte-\u00e0-lorange.jpg\" \/>\n\t<meta property=\"og:image:width\" content=\"768\" \/>\n\t<meta property=\"og:image:height\" content=\"768\" \/>\n\t<meta property=\"og:image:type\" content=\"image\/jpeg\" \/>\n<meta name=\"twitter:card\" content=\"summary_large_image\" \/>\n<meta name=\"twitter:label1\" content=\"Dur\u00e9e de lecture estim\u00e9e\" \/>\n\t<meta name=\"twitter:data1\" content=\"1 minute\" \/>\n<script type=\"application\/ld+json\" class=\"yoast-schema-graph\">{\"@context\":\"https:\/\/schema.org\",\"@graph\":[{\"@type\":\"WebPage\",\"@id\":\"https:\/\/honfest.preprod-kalelia.fr\/?product=salade-carottes-rapees-1-kg-vegetarienne\",\"url\":\"https:\/\/honfest.preprod-kalelia.fr\/?product=salade-carottes-rapees-1-kg-vegetarienne\",\"name\":\"Salade Carottes r\u00e2p\u00e9es - 1 kg - V\u00e9g\u00e9tarienne | Honor\u00e9 Festif\",\"isPartOf\":{\"@id\":\"https:\/\/honfest.preprod-kalelia.fr\/#website\"},\"primaryImageOfPage\":{\"@id\":\"https:\/\/honfest.preprod-kalelia.fr\/?product=salade-carottes-rapees-1-kg-vegetarienne#primaryimage\"},\"image\":{\"@id\":\"https:\/\/honfest.preprod-kalelia.fr\/?product=salade-carottes-rapees-1-kg-vegetarienne#primaryimage\"},\"thumbnailUrl\":\"https:\/\/honfest.preprod-kalelia.fr\/wp-content\/uploads\/2020\/09\/Carotte-\u00e0-lorange.jpg\",\"datePublished\":\"2025-04-30T13:46:37+00:00\",\"dateModified\":\"2025-06-04T09:56:31+00:00\",\"description\":\"vente Salade Carottes r\u00e2p\u00e9es - 1 kg - V\u00e9g\u00e9tarienne particulier entreprise \u00e0 Nantes et Loire Atlantique\",\"breadcrumb\":{\"@id\":\"https:\/\/honfest.preprod-kalelia.fr\/?product=salade-carottes-rapees-1-kg-vegetarienne#breadcrumb\"},\"inLanguage\":\"fr-FR\",\"potentialAction\":[{\"@type\":\"ReadAction\",\"target\":[\"https:\/\/honfest.preprod-kalelia.fr\/?product=salade-carottes-rapees-1-kg-vegetarienne\"]}]},{\"@type\":\"ImageObject\",\"inLanguage\":\"fr-FR\",\"@id\":\"https:\/\/honfest.preprod-kalelia.fr\/?product=salade-carottes-rapees-1-kg-vegetarienne#primaryimage\",\"url\":\"https:\/\/honfest.preprod-kalelia.fr\/wp-content\/uploads\/2020\/09\/Carotte-\u00e0-lorange.jpg\",\"contentUrl\":\"https:\/\/honfest.preprod-kalelia.fr\/wp-content\/uploads\/2020\/09\/Carotte-\u00e0-lorange.jpg\",\"width\":768,\"height\":768},{\"@type\":\"BreadcrumbList\",\"@id\":\"https:\/\/honfest.preprod-kalelia.fr\/?product=salade-carottes-rapees-1-kg-vegetarienne#breadcrumb\",\"itemListElement\":[{\"@type\":\"ListItem\",\"position\":1,\"name\":\"Accueil\",\"item\":\"https:\/\/honfest.preprod-kalelia.fr\/\"},{\"@type\":\"ListItem\",\"position\":2,\"name\":\"Salade Carottes r\u00e2p\u00e9es &#8211; 1 kg &#8211; V\u00e9g\u00e9tarienne\"}]},{\"@type\":\"WebSite\",\"@id\":\"https:\/\/honfest.preprod-kalelia.fr\/#website\",\"url\":\"https:\/\/honfest.preprod-kalelia.fr\/\",\"name\":\"Honor\u00e9 Festif\",\"description\":\"\",\"publisher\":{\"@id\":\"https:\/\/honfest.preprod-kalelia.fr\/#organization\"},\"potentialAction\":[{\"@type\":\"SearchAction\",\"target\":{\"@type\":\"EntryPoint\",\"urlTemplate\":\"https:\/\/honfest.preprod-kalelia.fr\/?s={search_term_string}\"},\"query-input\":{\"@type\":\"PropertyValueSpecification\",\"valueRequired\":true,\"valueName\":\"search_term_string\"}}],\"inLanguage\":\"fr-FR\"},{\"@type\":\"Organization\",\"@id\":\"https:\/\/honfest.preprod-kalelia.fr\/#organization\",\"name\":\"Honor\u00e9 Festif\",\"url\":\"https:\/\/honfest.preprod-kalelia.fr\/\",\"logo\":{\"@type\":\"ImageObject\",\"inLanguage\":\"fr-FR\",\"@id\":\"https:\/\/honfest.preprod-kalelia.fr\/#\/schema\/logo\/image\/\",\"url\":\"https:\/\/honfest.preprod-kalelia.fr\/wp-content\/uploads\/2020\/10\/logo-honore-festif.png\",\"contentUrl\":\"https:\/\/honfest.preprod-kalelia.fr\/wp-content\/uploads\/2020\/10\/logo-honore-festif.png\",\"width\":198,\"height\":118,\"caption\":\"Honor\u00e9 Festif\"},\"image\":{\"@id\":\"https:\/\/honfest.preprod-kalelia.fr\/#\/schema\/logo\/image\/\"}}]}<\/script>\n<!-- \/ Yoast SEO plugin. -->","yoast_head_json":{"title":"Salade Carottes r\u00e2p\u00e9es - 1 kg - V\u00e9g\u00e9tarienne | Honor\u00e9 Festif","description":"vente Salade Carottes r\u00e2p\u00e9es - 1 kg - V\u00e9g\u00e9tarienne particulier entreprise \u00e0 Nantes et Loire Atlantique","robots":{"index":"index","follow":"follow","max-snippet":"max-snippet:-1","max-image-preview":"max-image-preview:large","max-video-preview":"max-video-preview:-1"},"canonical":"https:\/\/honfest.preprod-kalelia.fr\/?product=salade-carottes-rapees-1-kg-vegetarienne","og_locale":"fr_FR","og_type":"article","og_title":"Salade Carottes r\u00e2p\u00e9es - 1 kg - V\u00e9g\u00e9tarienne | Honor\u00e9 Festif","og_description":"vente Salade Carottes r\u00e2p\u00e9es - 1 kg - V\u00e9g\u00e9tarienne particulier entreprise \u00e0 Nantes et Loire Atlantique","og_url":"https:\/\/honfest.preprod-kalelia.fr\/?product=salade-carottes-rapees-1-kg-vegetarienne","og_site_name":"Honor\u00e9 Festif","article_modified_time":"2025-06-04T09:56:31+00:00","og_image":[{"width":768,"height":768,"url":"https:\/\/honfest.preprod-kalelia.fr\/wp-content\/uploads\/2020\/09\/Carotte-\u00e0-lorange.jpg","type":"image\/jpeg"}],"twitter_card":"summary_large_image","twitter_misc":{"Dur\u00e9e de lecture estim\u00e9e":"1 minute"},"schema":{"@context":"https:\/\/schema.org","@graph":[{"@type":"WebPage","@id":"https:\/\/honfest.preprod-kalelia.fr\/?product=salade-carottes-rapees-1-kg-vegetarienne","url":"https:\/\/honfest.preprod-kalelia.fr\/?product=salade-carottes-rapees-1-kg-vegetarienne","name":"Salade Carottes r\u00e2p\u00e9es - 1 kg - V\u00e9g\u00e9tarienne | Honor\u00e9 Festif","isPartOf":{"@id":"https:\/\/honfest.preprod-kalelia.fr\/#website"},"primaryImageOfPage":{"@id":"https:\/\/honfest.preprod-kalelia.fr\/?product=salade-carottes-rapees-1-kg-vegetarienne#primaryimage"},"image":{"@id":"https:\/\/honfest.preprod-kalelia.fr\/?product=salade-carottes-rapees-1-kg-vegetarienne#primaryimage"},"thumbnailUrl":"https:\/\/honfest.preprod-kalelia.fr\/wp-content\/uploads\/2020\/09\/Carotte-\u00e0-lorange.jpg","datePublished":"2025-04-30T13:46:37+00:00","dateModified":"2025-06-04T09:56:31+00:00","description":"vente Salade Carottes r\u00e2p\u00e9es - 1 kg - V\u00e9g\u00e9tarienne particulier entreprise \u00e0 Nantes et Loire Atlantique","breadcrumb":{"@id":"https:\/\/honfest.preprod-kalelia.fr\/?product=salade-carottes-rapees-1-kg-vegetarienne#breadcrumb"},"inLanguage":"fr-FR","potentialAction":[{"@type":"ReadAction","target":["https:\/\/honfest.preprod-kalelia.fr\/?product=salade-carottes-rapees-1-kg-vegetarienne"]}]},{"@type":"ImageObject","inLanguage":"fr-FR","@id":"https:\/\/honfest.preprod-kalelia.fr\/?product=salade-carottes-rapees-1-kg-vegetarienne#primaryimage","url":"https:\/\/honfest.preprod-kalelia.fr\/wp-content\/uploads\/2020\/09\/Carotte-\u00e0-lorange.jpg","contentUrl":"https:\/\/honfest.preprod-kalelia.fr\/wp-content\/uploads\/2020\/09\/Carotte-\u00e0-lorange.jpg","width":768,"height":768},{"@type":"BreadcrumbList","@id":"https:\/\/honfest.preprod-kalelia.fr\/?product=salade-carottes-rapees-1-kg-vegetarienne#breadcrumb","itemListElement":[{"@type":"ListItem","position":1,"name":"Accueil","item":"https:\/\/honfest.preprod-kalelia.fr\/"},{"@type":"ListItem","position":2,"name":"Salade Carottes r\u00e2p\u00e9es &#8211; 1 kg &#8211; V\u00e9g\u00e9tarienne"}]},{"@type":"WebSite","@id":"https:\/\/honfest.preprod-kalelia.fr\/#website","url":"https:\/\/honfest.preprod-kalelia.fr\/","name":"Honor\u00e9 Festif","description":"","publisher":{"@id":"https:\/\/honfest.preprod-kalelia.fr\/#organization"},"potentialAction":[{"@type":"SearchAction","target":{"@type":"EntryPoint","urlTemplate":"https:\/\/honfest.preprod-kalelia.fr\/?s={search_term_string}"},"query-input":{"@type":"PropertyValueSpecification","valueRequired":true,"valueName":"search_term_string"}}],"inLanguage":"fr-FR"},{"@type":"Organization","@id":"https:\/\/honfest.preprod-kalelia.fr\/#organization","name":"Honor\u00e9 Festif","url":"https:\/\/honfest.preprod-kalelia.fr\/","logo":{"@type":"ImageObject","inLanguage":"fr-FR","@id":"https:\/\/honfest.preprod-kalelia.fr\/#\/schema\/logo\/image\/","url":"https:\/\/honfest.preprod-kalelia.fr\/wp-content\/uploads\/2020\/10\/logo-honore-festif.png","contentUrl":"https:\/\/honfest.preprod-kalelia.fr\/wp-content\/uploads\/2020\/10\/logo-honore-festif.png","width":198,"height":118,"caption":"Honor\u00e9 Festif"},"image":{"@id":"https:\/\/honfest.preprod-kalelia.fr\/#\/schema\/logo\/image\/"}}]}},"_links":{"self":[{"href":"https:\/\/honfest.preprod-kalelia.fr\/index.php?rest_route=\/wp\/v2\/product\/20804","targetHints":{"allow":["GET"]}}],"collection":[{"href":"https:\/\/honfest.preprod-kalelia.fr\/index.php?rest_route=\/wp\/v2\/product"}],"about":[{"href":"https:\/\/honfest.preprod-kalelia.fr\/index.php?rest_route=\/wp\/v2\/types\/product"}],"wp:featuredmedia":[{"embeddable":true,"href":"https:\/\/honfest.preprod-kalelia.fr\/index.php?rest_route=\/wp\/v2\/media\/6621"}],"wp:attachment":[{"href":"https:\/\/honfest.preprod-kalelia.fr\/index.php?rest_route=%2Fwp%2Fv2%2Fmedia&parent=20804"}],"wp:term":[{"taxonomy":"product_cat","embeddable":true,"href":"https:\/\/honfest.preprod-kalelia.fr\/index.php?rest_route=%2Fwp%2Fv2%2Fproduct_cat&post=20804"},{"taxonomy":"product_tag","embeddable":true,"href":"https:\/\/honfest.preprod-kalelia.fr\/index.php?rest_route=%2Fwp%2Fv2%2Fproduct_tag&post=20804"}],"curies":[{"name":"wp","href":"https:\/\/api.w.org\/{rel}","templated":true}]}}