{"id":236,"date":"2017-01-31T11:42:01","date_gmt":"2017-01-31T10:42:01","guid":{"rendered":"http:\/\/honorefestif.1-ter-net.net\/?product=festi-cub-a-composer-vous-meme"},"modified":"2025-04-23T11:22:17","modified_gmt":"2025-04-23T09:22:17","slug":"festi-cub-a-composer-vous-meme","status":"publish","type":"product","link":"https:\/\/honfest.preprod-kalelia.fr\/?product=festi-cub-a-composer-vous-meme","title":{"rendered":"Festi&rsquo;Cub \u00e0 composer vous m\u00eame"},"content":{"rendered":"<p style=\"text-align: justify\">Le Festi&rsquo; Cub est compos\u00e9 d\u2019une entr\u00e9e, d\u2019un plat et d\u2019un dessert. Pour d\u00e9guster ce coffret repas, nous y joignons un kit couverts, un verre \u00e0 pied, un rince-doigts, et un petit pain d\u2019Honor\u00e9.<\/p>\n<p style=\"text-align: justify\">Composez votre plateau repas en cliquant sur\u00a0les diff\u00e9rents produits ci-dessous !<\/p>\n<p style=\"text-align: justify\"><strong>Il est conditionn\u00e9 dans un coffret kraft 100% biod\u00e9gradable.<\/strong><\/p>\n<p style=\"text-align: center\"><a href=\"https:\/\/honfest.preprod-kalelia.fr\/wp-content\/uploads\/2014\/10\/Conditions-Generales-de-ventes-site-Internet.pdf\" target=\"_blank\" rel=\"noopener noreferrer\"><strong><img loading=\"lazy\" decoding=\"async\" class=\" size-full wp-image-235\" width=\"104\" height=\"78\" alt=\"48h D\u00e9lai\" src=\"https:\/\/honfest.preprod-kalelia.fr\/wp-content\/uploads\/2014\/10\/Delai-48h-48h-Delai.jpg\" \/><br \/><\/strong><\/a><\/p>\n","protected":false},"excerpt":{"rendered":"<p>Le Festi&rsquo;Cub est compos\u00e9 d\u2019une entr\u00e9e, d\u2019un plat et d\u2019un dessert. Pour d\u00e9guster ce coffret repas, nous y joignons un kit couverts, un gobelet et un petit pain d\u2019Honor\u00e9.<\/p>\n<p style=\"text-align: justify;\">Composez votre plateau repas en cliquant sur\u00a0les diff\u00e9rents produits ci-dessous !<\/p>\n<p style=\"text-align: justify;\"><strong><a href=\"https:\/\/honfest.preprod-kalelia.fr\/wp-content\/uploads\/2021\/06\/Plaquette-Emballage-Plateau-Repas.pdf.pdf\" target=\"_blank\" rel=\"noopener\">L&#8217;emballage de notre plateau repas<\/a> enti\u00e8rement recyclable est fabriqu\u00e9 en France \u00e0 partir de produits recycl\u00e9s.<\/strong><\/p>\n<p><em>Commande minimum de 5 plateaux repas identiques.<\/em><\/p>\n","protected":false},"featured_media":228,"template":"","meta":[],"product_cat":[45,56],"product_tag":[235,234],"class_list":{"0":"post-236","1":"product","2":"type-product","3":"status-publish","4":"has-post-thumbnail","6":"type-evt-produit-dejeuner-dentreprise","7":"type-evt-produit-evenements-prives","8":"type-evt-produit-seminaire-congres","9":"type-prest-produit-plateau-repas-1h-assis","10":"saveur-produit-sale-froid","11":"saveur-produit-sucre","12":"saveur-produit-un-peu-de-tout","13":"product_cat-plateaux-repas","14":"product_cat-festi-cub","15":"product_tag-coffret-repas","16":"product_tag-plateau-repas","17":"pa_a_entreefesticub-patchwork-de-saumon-cabillaud-en-feuille-de-nori-ketchup-de-framboises-betterave-chiogga","18":"pa_a_entreefesticub-tourbillon-de-legumes-provencaux-mozzarella-di-buffala-sable-sesame-pavot","19":"pa_a_entreefesticub-tartare-de-crabe-emulsion-concombre-verveine-saumon-fume","20":"pa_a_entreefesticub-tartelette-de-pois-maraichers-compotee-doignons-nouveaux-condiments-graines-de-moutarde","21":"pa_a_entreefesticub-lavocat-au-thon-creme-davocat-rillette-de-thon-vinaigrette-de-mangue","22":"pa_a_entreefesticub-vol-au-vent-oeuf-brouilles-aux-asperges-meli-melo-dasperges-blanches-et-vertes-sauce-mousseline","23":"pa_b_platfesticub-picanha-de-veau-sauce-chimichuri-sucrine-croquante-houmous-de-poivrons-grilles","24":"pa_b_platfesticub-volaille-rotie-et-halloumi-grille-salade-de-boulgour-aux-poivrons-bouquet-de-mache","25":"pa_b_platfesticub-filet-de-pintade-farci-forestiere-gratin-dandouille-de-guemene-sauce-moutarde-de-meaux","26":"pa_b_platfesticub-rouget-grondin-sauce-bouillabaisse-panisse-aux-graines-de-fenouil-et-fine-ratatouille","27":"pa_b_platfesticub-skrei-roti-au-crumble-de-tomates-mini-penne-au-jus-de-carotte-soubrassada-brunoise-de-carottes","28":"pa_b_platfesticub-dos-de-bar-aux-agrumes-oignons-nouveaux-et-fenouil-roti-jus-de-poisson-corse","29":"pa_c_dessertfesticub-religieuse-revisitee-a-la-framboise-pate-a-chou-ganache-montee-a-la-pistache-compotee-de-framboises","30":"pa_c_dessertfesticub-infiniment-abricots-pate-sucree-financier-amande-abricots-rotis","31":"pa_c_dessertfesticub-profiterole-tout-fraise-biscuit-moelleux-choux-a-la-fraise-agar-fraises-fraises-fraiches","32":"pa_c_dessertfesticub-cake-a-la-banane-cremeux-passion-coulis-de-banane-a-la-vanille-caramel-passion","33":"pa_c_dessertfesticub-saint-cookie-vanille-caramel","34":"pa_c_dessertfesticub-entremet-peche-romarin-biscuit-madeleine-mousse-vanille-compotee-de-peches-au-romarin","36":"first","37":"instock","38":"taxable","39":"shipping-taxable","40":"purchasable","41":"product-type-variable"},"yoast_head":"<!-- This site is optimized with the Yoast SEO plugin v25.9 - https:\/\/yoast.com\/wordpress\/plugins\/seo\/ -->\n<title>Plateaux repas \u00e0 composer pour \u00e9v\u00e9nement professionnel - Nantes | Honor\u00e9 Festif<\/title>\n<meta name=\"description\" content=\"V\u00e9ritable repas de bureau gr\u00e2ce \u00e0 son architecture cubique et innovante, le Festi&#039; Cub est id\u00e9al pour recevoir vos clients, organiser des d\u00e9jeuners de Direction, des r\u00e9unions de travail ou une pause conviviale entre collaborateurs.\" \/>\n<meta name=\"robots\" content=\"index, follow, max-snippet:-1, max-image-preview:large, max-video-preview:-1\" \/>\n<link rel=\"canonical\" href=\"https:\/\/honfest.preprod-kalelia.fr\/?product=festi-cub-a-composer-vous-meme\" \/>\n<meta property=\"og:locale\" content=\"fr_FR\" \/>\n<meta property=\"og:type\" content=\"article\" \/>\n<meta property=\"og:title\" content=\"Plateaux repas \u00e0 composer pour \u00e9v\u00e9nement professionnel - Nantes | Honor\u00e9 Festif\" \/>\n<meta property=\"og:description\" content=\"V\u00e9ritable repas de bureau gr\u00e2ce \u00e0 son architecture cubique et innovante, le Festi&#039; Cub est id\u00e9al pour recevoir vos clients, organiser des d\u00e9jeuners de Direction, des r\u00e9unions de travail ou une pause conviviale entre collaborateurs.\" \/>\n<meta property=\"og:url\" content=\"https:\/\/honfest.preprod-kalelia.fr\/?product=festi-cub-a-composer-vous-meme\" \/>\n<meta property=\"og:site_name\" content=\"Honor\u00e9 Festif\" \/>\n<meta property=\"article:modified_time\" content=\"2025-04-23T09:22:17+00:00\" \/>\n<meta property=\"og:image\" content=\"https:\/\/honfest.preprod-kalelia.fr\/wp-content\/uploads\/2014\/10\/10-thickbox_default-Festicub-a-composer-vous-meme.jpg\" \/>\n\t<meta property=\"og:image:width\" content=\"800\" \/>\n\t<meta property=\"og:image:height\" content=\"800\" \/>\n\t<meta property=\"og:image:type\" content=\"image\/jpeg\" \/>\n<meta name=\"twitter:card\" content=\"summary_large_image\" \/>\n<script type=\"application\/ld+json\" class=\"yoast-schema-graph\">{\"@context\":\"https:\/\/schema.org\",\"@graph\":[{\"@type\":\"WebPage\",\"@id\":\"https:\/\/honfest.preprod-kalelia.fr\/?product=festi-cub-a-composer-vous-meme\",\"url\":\"https:\/\/honfest.preprod-kalelia.fr\/?product=festi-cub-a-composer-vous-meme\",\"name\":\"Plateaux repas \u00e0 composer pour \u00e9v\u00e9nement professionnel - Nantes | Honor\u00e9 Festif\",\"isPartOf\":{\"@id\":\"https:\/\/honfest.preprod-kalelia.fr\/#website\"},\"primaryImageOfPage\":{\"@id\":\"https:\/\/honfest.preprod-kalelia.fr\/?product=festi-cub-a-composer-vous-meme#primaryimage\"},\"image\":{\"@id\":\"https:\/\/honfest.preprod-kalelia.fr\/?product=festi-cub-a-composer-vous-meme#primaryimage\"},\"thumbnailUrl\":\"https:\/\/honfest.preprod-kalelia.fr\/wp-content\/uploads\/2014\/10\/10-thickbox_default-Festicub-a-composer-vous-meme.jpg\",\"datePublished\":\"2017-01-31T10:42:01+00:00\",\"dateModified\":\"2025-04-23T09:22:17+00:00\",\"description\":\"V\u00e9ritable repas de bureau gr\u00e2ce \u00e0 son architecture cubique et innovante, le Festi' Cub est id\u00e9al pour recevoir vos clients, organiser des d\u00e9jeuners de Direction, des r\u00e9unions de travail ou une pause conviviale entre collaborateurs.\",\"breadcrumb\":{\"@id\":\"https:\/\/honfest.preprod-kalelia.fr\/?product=festi-cub-a-composer-vous-meme#breadcrumb\"},\"inLanguage\":\"fr-FR\",\"potentialAction\":[{\"@type\":\"ReadAction\",\"target\":[\"https:\/\/honfest.preprod-kalelia.fr\/?product=festi-cub-a-composer-vous-meme\"]}]},{\"@type\":\"ImageObject\",\"inLanguage\":\"fr-FR\",\"@id\":\"https:\/\/honfest.preprod-kalelia.fr\/?product=festi-cub-a-composer-vous-meme#primaryimage\",\"url\":\"https:\/\/honfest.preprod-kalelia.fr\/wp-content\/uploads\/2014\/10\/10-thickbox_default-Festicub-a-composer-vous-meme.jpg\",\"contentUrl\":\"https:\/\/honfest.preprod-kalelia.fr\/wp-content\/uploads\/2014\/10\/10-thickbox_default-Festicub-a-composer-vous-meme.jpg\",\"width\":800,\"height\":800,\"caption\":\"Festi'cub \u00e0 composer vous m\u00eame\"},{\"@type\":\"BreadcrumbList\",\"@id\":\"https:\/\/honfest.preprod-kalelia.fr\/?product=festi-cub-a-composer-vous-meme#breadcrumb\",\"itemListElement\":[{\"@type\":\"ListItem\",\"position\":1,\"name\":\"Accueil\",\"item\":\"https:\/\/honfest.preprod-kalelia.fr\/\"},{\"@type\":\"ListItem\",\"position\":2,\"name\":\"Festi&#8217;Cub \u00e0 composer vous m\u00eame\"}]},{\"@type\":\"WebSite\",\"@id\":\"https:\/\/honfest.preprod-kalelia.fr\/#website\",\"url\":\"https:\/\/honfest.preprod-kalelia.fr\/\",\"name\":\"Honor\u00e9 Festif\",\"description\":\"\",\"publisher\":{\"@id\":\"https:\/\/honfest.preprod-kalelia.fr\/#organization\"},\"potentialAction\":[{\"@type\":\"SearchAction\",\"target\":{\"@type\":\"EntryPoint\",\"urlTemplate\":\"https:\/\/honfest.preprod-kalelia.fr\/?s={search_term_string}\"},\"query-input\":{\"@type\":\"PropertyValueSpecification\",\"valueRequired\":true,\"valueName\":\"search_term_string\"}}],\"inLanguage\":\"fr-FR\"},{\"@type\":\"Organization\",\"@id\":\"https:\/\/honfest.preprod-kalelia.fr\/#organization\",\"name\":\"Honor\u00e9 Festif\",\"url\":\"https:\/\/honfest.preprod-kalelia.fr\/\",\"logo\":{\"@type\":\"ImageObject\",\"inLanguage\":\"fr-FR\",\"@id\":\"https:\/\/honfest.preprod-kalelia.fr\/#\/schema\/logo\/image\/\",\"url\":\"https:\/\/honfest.preprod-kalelia.fr\/wp-content\/uploads\/2020\/10\/logo-honore-festif.png\",\"contentUrl\":\"https:\/\/honfest.preprod-kalelia.fr\/wp-content\/uploads\/2020\/10\/logo-honore-festif.png\",\"width\":198,\"height\":118,\"caption\":\"Honor\u00e9 Festif\"},\"image\":{\"@id\":\"https:\/\/honfest.preprod-kalelia.fr\/#\/schema\/logo\/image\/\"}}]}<\/script>\n<!-- \/ Yoast SEO plugin. -->","yoast_head_json":{"title":"Plateaux repas \u00e0 composer pour \u00e9v\u00e9nement professionnel - Nantes | Honor\u00e9 Festif","description":"V\u00e9ritable repas de bureau gr\u00e2ce \u00e0 son architecture cubique et innovante, le Festi' Cub est id\u00e9al pour recevoir vos clients, organiser des d\u00e9jeuners de Direction, des r\u00e9unions de travail ou une pause conviviale entre collaborateurs.","robots":{"index":"index","follow":"follow","max-snippet":"max-snippet:-1","max-image-preview":"max-image-preview:large","max-video-preview":"max-video-preview:-1"},"canonical":"https:\/\/honfest.preprod-kalelia.fr\/?product=festi-cub-a-composer-vous-meme","og_locale":"fr_FR","og_type":"article","og_title":"Plateaux repas \u00e0 composer pour \u00e9v\u00e9nement professionnel - Nantes | Honor\u00e9 Festif","og_description":"V\u00e9ritable repas de bureau gr\u00e2ce \u00e0 son architecture cubique et innovante, le Festi' Cub est id\u00e9al pour recevoir vos clients, organiser des d\u00e9jeuners de Direction, des r\u00e9unions de travail ou une pause conviviale entre collaborateurs.","og_url":"https:\/\/honfest.preprod-kalelia.fr\/?product=festi-cub-a-composer-vous-meme","og_site_name":"Honor\u00e9 Festif","article_modified_time":"2025-04-23T09:22:17+00:00","og_image":[{"width":800,"height":800,"url":"https:\/\/honfest.preprod-kalelia.fr\/wp-content\/uploads\/2014\/10\/10-thickbox_default-Festicub-a-composer-vous-meme.jpg","type":"image\/jpeg"}],"twitter_card":"summary_large_image","schema":{"@context":"https:\/\/schema.org","@graph":[{"@type":"WebPage","@id":"https:\/\/honfest.preprod-kalelia.fr\/?product=festi-cub-a-composer-vous-meme","url":"https:\/\/honfest.preprod-kalelia.fr\/?product=festi-cub-a-composer-vous-meme","name":"Plateaux repas \u00e0 composer pour \u00e9v\u00e9nement professionnel - Nantes | Honor\u00e9 Festif","isPartOf":{"@id":"https:\/\/honfest.preprod-kalelia.fr\/#website"},"primaryImageOfPage":{"@id":"https:\/\/honfest.preprod-kalelia.fr\/?product=festi-cub-a-composer-vous-meme#primaryimage"},"image":{"@id":"https:\/\/honfest.preprod-kalelia.fr\/?product=festi-cub-a-composer-vous-meme#primaryimage"},"thumbnailUrl":"https:\/\/honfest.preprod-kalelia.fr\/wp-content\/uploads\/2014\/10\/10-thickbox_default-Festicub-a-composer-vous-meme.jpg","datePublished":"2017-01-31T10:42:01+00:00","dateModified":"2025-04-23T09:22:17+00:00","description":"V\u00e9ritable repas de bureau gr\u00e2ce \u00e0 son architecture cubique et innovante, le Festi' Cub est id\u00e9al pour recevoir vos clients, organiser des d\u00e9jeuners de Direction, des r\u00e9unions de travail ou une pause conviviale entre collaborateurs.","breadcrumb":{"@id":"https:\/\/honfest.preprod-kalelia.fr\/?product=festi-cub-a-composer-vous-meme#breadcrumb"},"inLanguage":"fr-FR","potentialAction":[{"@type":"ReadAction","target":["https:\/\/honfest.preprod-kalelia.fr\/?product=festi-cub-a-composer-vous-meme"]}]},{"@type":"ImageObject","inLanguage":"fr-FR","@id":"https:\/\/honfest.preprod-kalelia.fr\/?product=festi-cub-a-composer-vous-meme#primaryimage","url":"https:\/\/honfest.preprod-kalelia.fr\/wp-content\/uploads\/2014\/10\/10-thickbox_default-Festicub-a-composer-vous-meme.jpg","contentUrl":"https:\/\/honfest.preprod-kalelia.fr\/wp-content\/uploads\/2014\/10\/10-thickbox_default-Festicub-a-composer-vous-meme.jpg","width":800,"height":800,"caption":"Festi'cub \u00e0 composer vous m\u00eame"},{"@type":"BreadcrumbList","@id":"https:\/\/honfest.preprod-kalelia.fr\/?product=festi-cub-a-composer-vous-meme#breadcrumb","itemListElement":[{"@type":"ListItem","position":1,"name":"Accueil","item":"https:\/\/honfest.preprod-kalelia.fr\/"},{"@type":"ListItem","position":2,"name":"Festi&#8217;Cub \u00e0 composer vous m\u00eame"}]},{"@type":"WebSite","@id":"https:\/\/honfest.preprod-kalelia.fr\/#website","url":"https:\/\/honfest.preprod-kalelia.fr\/","name":"Honor\u00e9 Festif","description":"","publisher":{"@id":"https:\/\/honfest.preprod-kalelia.fr\/#organization"},"potentialAction":[{"@type":"SearchAction","target":{"@type":"EntryPoint","urlTemplate":"https:\/\/honfest.preprod-kalelia.fr\/?s={search_term_string}"},"query-input":{"@type":"PropertyValueSpecification","valueRequired":true,"valueName":"search_term_string"}}],"inLanguage":"fr-FR"},{"@type":"Organization","@id":"https:\/\/honfest.preprod-kalelia.fr\/#organization","name":"Honor\u00e9 Festif","url":"https:\/\/honfest.preprod-kalelia.fr\/","logo":{"@type":"ImageObject","inLanguage":"fr-FR","@id":"https:\/\/honfest.preprod-kalelia.fr\/#\/schema\/logo\/image\/","url":"https:\/\/honfest.preprod-kalelia.fr\/wp-content\/uploads\/2020\/10\/logo-honore-festif.png","contentUrl":"https:\/\/honfest.preprod-kalelia.fr\/wp-content\/uploads\/2020\/10\/logo-honore-festif.png","width":198,"height":118,"caption":"Honor\u00e9 Festif"},"image":{"@id":"https:\/\/honfest.preprod-kalelia.fr\/#\/schema\/logo\/image\/"}}]}},"_links":{"self":[{"href":"https:\/\/honfest.preprod-kalelia.fr\/index.php?rest_route=\/wp\/v2\/product\/236","targetHints":{"allow":["GET"]}}],"collection":[{"href":"https:\/\/honfest.preprod-kalelia.fr\/index.php?rest_route=\/wp\/v2\/product"}],"about":[{"href":"https:\/\/honfest.preprod-kalelia.fr\/index.php?rest_route=\/wp\/v2\/types\/product"}],"wp:featuredmedia":[{"embeddable":true,"href":"https:\/\/honfest.preprod-kalelia.fr\/index.php?rest_route=\/wp\/v2\/media\/228"}],"wp:attachment":[{"href":"https:\/\/honfest.preprod-kalelia.fr\/index.php?rest_route=%2Fwp%2Fv2%2Fmedia&parent=236"}],"wp:term":[{"taxonomy":"product_cat","embeddable":true,"href":"https:\/\/honfest.preprod-kalelia.fr\/index.php?rest_route=%2Fwp%2Fv2%2Fproduct_cat&post=236"},{"taxonomy":"product_tag","embeddable":true,"href":"https:\/\/honfest.preprod-kalelia.fr\/index.php?rest_route=%2Fwp%2Fv2%2Fproduct_tag&post=236"}],"curies":[{"name":"wp","href":"https:\/\/api.w.org\/{rel}","templated":true}]}}