{"id":498,"date":"2014-12-04T12:08:41","date_gmt":"2014-12-04T11:08:41","guid":{"rendered":"http:\/\/honorefestif.1-ter-net.net\/?product=plateau-de-mini-sandwiches"},"modified":"2025-06-04T11:11:51","modified_gmt":"2025-06-04T09:11:51","slug":"plateau-de-mini-sandwiches","status":"publish","type":"product","link":"https:\/\/honfest.preprod-kalelia.fr\/?product=plateau-de-mini-sandwiches","title":{"rendered":"Plateau de mini sandwiches"},"content":{"rendered":"<p>Navette nature \u2013 effeuill\u00e9 de cabillaud \u2013 sauce b\u00e9arnaise<\/p>\n<p>Navette aux gra\u00eenes \u2013 Tho\u00efonade \u2013 rouelles d\u2019olives noires<\/p>\n<p>Navette au pavot \u2013poivronnade \u2013 Chorizo Cular<\/p>\n<p>Navette au s\u00e9same grill\u00e9 \u2013 fromage frais aux herbes \u2013 filet de poulet fum\u00e9<\/p>\n<p>Pain de Mie \u2013 Cr\u00e8me de roquefort \u2013 Brisure de Noix \u2013 Miel<\/p>\n<p>Pain Nordique \u2013 Beurre moutarde \u00e0 l\u2019ancienne \u2013 Jambon cuit \u00e0 l\u2019ancienne \u2013 Comt\u00e9 fruit\u00e9<\/p>\n<p><a href=\"https:\/\/honfest.preprod-kalelia.fr\/wp-content\/uploads\/2014\/12\/Conditions-Generales-de-ventes-site-Internet.pdf\" target=\"_blank\" rel=\"noopener noreferrer\"><img loading=\"lazy\" decoding=\"async\" class=\" size-full wp-image-497\" width=\"74\" height=\"55\" style=\"margin-left: auto;margin-right: auto\" alt=\"\" src=\"https:\/\/honfest.preprod-kalelia.fr\/wp-content\/uploads\/2014\/12\/Delai-48h.jpg\" \/><\/a><\/p>\n<p><sub><span style=\"text-decoration: underline\">Ce produit peut\u00a0contenir les allerg\u00e8nes suivants : <\/span><\/sub><sub>Gluten, Crustac\u00e9s, Mollusques, Oeufs, Poissons, Arachides, Soja, Lait, Fruits \u00e0 Coques, C\u00e9leri, Moutarde<\/sub><\/p><\/p>\n","protected":false},"excerpt":{"rendered":"<p>Navette s\u00e9same \/ Cr\u00e8me de moutarde \u00e0 l&rsquo;ancienne \/ Chiffonnade de comt\u00e9 18 mois<\/p>\n<p>Navette pavot \/ Tarama aux \u0153ufs de cabillaud Maison \/ Saumon fum\u00e9<\/p>\n<p>Navette Provence \/ R\u00f4ti de veau aux herbes \/ Tomatade aux tomates confites<\/p>\n<p>Navette nature \u00a0\/ \u0152uf Mimosa \u00e0 la ciboulette<\/p>\n","protected":false},"featured_media":16016,"template":"","meta":[],"product_cat":[46,64],"product_tag":[],"class_list":{"0":"post-498","1":"product","2":"type-product","3":"status-publish","4":"has-post-thumbnail","6":"type-evt-produit-cocktail-dentreprise","7":"type-evt-produit-dejeuner-dentreprise","8":"type-evt-produit-seminaire-congres","9":"type-prest-produit-buffet-leger-1h-assis","10":"type-prest-produit-cocktail-dejeunatoire-2h-debout","11":"saveur-produit-sale-froid","12":"saveur-produit-un-peu-de-tout","13":"product_cat-cocktail","14":"product_cat-cocktail-a-composer","16":"first","17":"instock","18":"taxable","19":"shipping-taxable","20":"purchasable","21":"product-type-simple"},"yoast_head":"<!-- This site is optimized with the Yoast SEO plugin v25.9 - https:\/\/yoast.com\/wordpress\/plugins\/seo\/ -->\n<title>Plateau de mini sandwiches | Honor\u00e9 Festif<\/title>\n<meta name=\"description\" content=\"vente Plateau de mini sandwiches particulier entreprise \u00e0 Nantes et Loire Atlantique\" \/>\n<meta name=\"robots\" content=\"index, follow, max-snippet:-1, max-image-preview:large, max-video-preview:-1\" \/>\n<link rel=\"canonical\" href=\"https:\/\/honfest.preprod-kalelia.fr\/?product=plateau-de-mini-sandwiches\" \/>\n<meta property=\"og:locale\" content=\"fr_FR\" \/>\n<meta property=\"og:type\" content=\"article\" \/>\n<meta property=\"og:title\" content=\"Plateau de mini sandwiches | Honor\u00e9 Festif\" \/>\n<meta property=\"og:description\" content=\"vente Plateau de mini sandwiches particulier entreprise \u00e0 Nantes et Loire Atlantique\" \/>\n<meta property=\"og:url\" content=\"https:\/\/honfest.preprod-kalelia.fr\/?product=plateau-de-mini-sandwiches\" \/>\n<meta property=\"og:site_name\" content=\"Honor\u00e9 Festif\" \/>\n<meta property=\"article:modified_time\" content=\"2025-06-04T09:11:51+00:00\" \/>\n<meta property=\"og:image\" content=\"https:\/\/honfest.preprod-kalelia.fr\/wp-content\/uploads\/2014\/12\/Mini-Sandwiches.png\" \/>\n\t<meta property=\"og:image:width\" content=\"800\" \/>\n\t<meta property=\"og:image:height\" content=\"800\" \/>\n\t<meta property=\"og:image:type\" content=\"image\/png\" \/>\n<meta name=\"twitter:card\" content=\"summary_large_image\" \/>\n<meta name=\"twitter:label1\" content=\"Dur\u00e9e de lecture estim\u00e9e\" \/>\n\t<meta name=\"twitter:data1\" content=\"1 minute\" \/>\n<script type=\"application\/ld+json\" class=\"yoast-schema-graph\">{\"@context\":\"https:\/\/schema.org\",\"@graph\":[{\"@type\":\"WebPage\",\"@id\":\"https:\/\/honfest.preprod-kalelia.fr\/?product=plateau-de-mini-sandwiches\",\"url\":\"https:\/\/honfest.preprod-kalelia.fr\/?product=plateau-de-mini-sandwiches\",\"name\":\"Plateau de mini sandwiches | Honor\u00e9 Festif\",\"isPartOf\":{\"@id\":\"https:\/\/honfest.preprod-kalelia.fr\/#website\"},\"primaryImageOfPage\":{\"@id\":\"https:\/\/honfest.preprod-kalelia.fr\/?product=plateau-de-mini-sandwiches#primaryimage\"},\"image\":{\"@id\":\"https:\/\/honfest.preprod-kalelia.fr\/?product=plateau-de-mini-sandwiches#primaryimage\"},\"thumbnailUrl\":\"https:\/\/honfest.preprod-kalelia.fr\/wp-content\/uploads\/2014\/12\/Mini-Sandwiches.png\",\"datePublished\":\"2014-12-04T11:08:41+00:00\",\"dateModified\":\"2025-06-04T09:11:51+00:00\",\"description\":\"vente Plateau de mini sandwiches particulier entreprise \u00e0 Nantes et Loire Atlantique\",\"breadcrumb\":{\"@id\":\"https:\/\/honfest.preprod-kalelia.fr\/?product=plateau-de-mini-sandwiches#breadcrumb\"},\"inLanguage\":\"fr-FR\",\"potentialAction\":[{\"@type\":\"ReadAction\",\"target\":[\"https:\/\/honfest.preprod-kalelia.fr\/?product=plateau-de-mini-sandwiches\"]}]},{\"@type\":\"ImageObject\",\"inLanguage\":\"fr-FR\",\"@id\":\"https:\/\/honfest.preprod-kalelia.fr\/?product=plateau-de-mini-sandwiches#primaryimage\",\"url\":\"https:\/\/honfest.preprod-kalelia.fr\/wp-content\/uploads\/2014\/12\/Mini-Sandwiches.png\",\"contentUrl\":\"https:\/\/honfest.preprod-kalelia.fr\/wp-content\/uploads\/2014\/12\/Mini-Sandwiches.png\",\"width\":800,\"height\":800},{\"@type\":\"BreadcrumbList\",\"@id\":\"https:\/\/honfest.preprod-kalelia.fr\/?product=plateau-de-mini-sandwiches#breadcrumb\",\"itemListElement\":[{\"@type\":\"ListItem\",\"position\":1,\"name\":\"Accueil\",\"item\":\"https:\/\/honfest.preprod-kalelia.fr\/\"},{\"@type\":\"ListItem\",\"position\":2,\"name\":\"Plateau de mini sandwiches\"}]},{\"@type\":\"WebSite\",\"@id\":\"https:\/\/honfest.preprod-kalelia.fr\/#website\",\"url\":\"https:\/\/honfest.preprod-kalelia.fr\/\",\"name\":\"Honor\u00e9 Festif\",\"description\":\"\",\"publisher\":{\"@id\":\"https:\/\/honfest.preprod-kalelia.fr\/#organization\"},\"potentialAction\":[{\"@type\":\"SearchAction\",\"target\":{\"@type\":\"EntryPoint\",\"urlTemplate\":\"https:\/\/honfest.preprod-kalelia.fr\/?s={search_term_string}\"},\"query-input\":{\"@type\":\"PropertyValueSpecification\",\"valueRequired\":true,\"valueName\":\"search_term_string\"}}],\"inLanguage\":\"fr-FR\"},{\"@type\":\"Organization\",\"@id\":\"https:\/\/honfest.preprod-kalelia.fr\/#organization\",\"name\":\"Honor\u00e9 Festif\",\"url\":\"https:\/\/honfest.preprod-kalelia.fr\/\",\"logo\":{\"@type\":\"ImageObject\",\"inLanguage\":\"fr-FR\",\"@id\":\"https:\/\/honfest.preprod-kalelia.fr\/#\/schema\/logo\/image\/\",\"url\":\"https:\/\/honfest.preprod-kalelia.fr\/wp-content\/uploads\/2020\/10\/logo-honore-festif.png\",\"contentUrl\":\"https:\/\/honfest.preprod-kalelia.fr\/wp-content\/uploads\/2020\/10\/logo-honore-festif.png\",\"width\":198,\"height\":118,\"caption\":\"Honor\u00e9 Festif\"},\"image\":{\"@id\":\"https:\/\/honfest.preprod-kalelia.fr\/#\/schema\/logo\/image\/\"}}]}<\/script>\n<!-- \/ Yoast SEO plugin. -->","yoast_head_json":{"title":"Plateau de mini sandwiches | Honor\u00e9 Festif","description":"vente Plateau de mini sandwiches particulier entreprise \u00e0 Nantes et Loire Atlantique","robots":{"index":"index","follow":"follow","max-snippet":"max-snippet:-1","max-image-preview":"max-image-preview:large","max-video-preview":"max-video-preview:-1"},"canonical":"https:\/\/honfest.preprod-kalelia.fr\/?product=plateau-de-mini-sandwiches","og_locale":"fr_FR","og_type":"article","og_title":"Plateau de mini sandwiches | Honor\u00e9 Festif","og_description":"vente Plateau de mini sandwiches particulier entreprise \u00e0 Nantes et Loire Atlantique","og_url":"https:\/\/honfest.preprod-kalelia.fr\/?product=plateau-de-mini-sandwiches","og_site_name":"Honor\u00e9 Festif","article_modified_time":"2025-06-04T09:11:51+00:00","og_image":[{"width":800,"height":800,"url":"https:\/\/honfest.preprod-kalelia.fr\/wp-content\/uploads\/2014\/12\/Mini-Sandwiches.png","type":"image\/png"}],"twitter_card":"summary_large_image","twitter_misc":{"Dur\u00e9e de lecture estim\u00e9e":"1 minute"},"schema":{"@context":"https:\/\/schema.org","@graph":[{"@type":"WebPage","@id":"https:\/\/honfest.preprod-kalelia.fr\/?product=plateau-de-mini-sandwiches","url":"https:\/\/honfest.preprod-kalelia.fr\/?product=plateau-de-mini-sandwiches","name":"Plateau de mini sandwiches | Honor\u00e9 Festif","isPartOf":{"@id":"https:\/\/honfest.preprod-kalelia.fr\/#website"},"primaryImageOfPage":{"@id":"https:\/\/honfest.preprod-kalelia.fr\/?product=plateau-de-mini-sandwiches#primaryimage"},"image":{"@id":"https:\/\/honfest.preprod-kalelia.fr\/?product=plateau-de-mini-sandwiches#primaryimage"},"thumbnailUrl":"https:\/\/honfest.preprod-kalelia.fr\/wp-content\/uploads\/2014\/12\/Mini-Sandwiches.png","datePublished":"2014-12-04T11:08:41+00:00","dateModified":"2025-06-04T09:11:51+00:00","description":"vente Plateau de mini sandwiches particulier entreprise \u00e0 Nantes et Loire Atlantique","breadcrumb":{"@id":"https:\/\/honfest.preprod-kalelia.fr\/?product=plateau-de-mini-sandwiches#breadcrumb"},"inLanguage":"fr-FR","potentialAction":[{"@type":"ReadAction","target":["https:\/\/honfest.preprod-kalelia.fr\/?product=plateau-de-mini-sandwiches"]}]},{"@type":"ImageObject","inLanguage":"fr-FR","@id":"https:\/\/honfest.preprod-kalelia.fr\/?product=plateau-de-mini-sandwiches#primaryimage","url":"https:\/\/honfest.preprod-kalelia.fr\/wp-content\/uploads\/2014\/12\/Mini-Sandwiches.png","contentUrl":"https:\/\/honfest.preprod-kalelia.fr\/wp-content\/uploads\/2014\/12\/Mini-Sandwiches.png","width":800,"height":800},{"@type":"BreadcrumbList","@id":"https:\/\/honfest.preprod-kalelia.fr\/?product=plateau-de-mini-sandwiches#breadcrumb","itemListElement":[{"@type":"ListItem","position":1,"name":"Accueil","item":"https:\/\/honfest.preprod-kalelia.fr\/"},{"@type":"ListItem","position":2,"name":"Plateau de mini sandwiches"}]},{"@type":"WebSite","@id":"https:\/\/honfest.preprod-kalelia.fr\/#website","url":"https:\/\/honfest.preprod-kalelia.fr\/","name":"Honor\u00e9 Festif","description":"","publisher":{"@id":"https:\/\/honfest.preprod-kalelia.fr\/#organization"},"potentialAction":[{"@type":"SearchAction","target":{"@type":"EntryPoint","urlTemplate":"https:\/\/honfest.preprod-kalelia.fr\/?s={search_term_string}"},"query-input":{"@type":"PropertyValueSpecification","valueRequired":true,"valueName":"search_term_string"}}],"inLanguage":"fr-FR"},{"@type":"Organization","@id":"https:\/\/honfest.preprod-kalelia.fr\/#organization","name":"Honor\u00e9 Festif","url":"https:\/\/honfest.preprod-kalelia.fr\/","logo":{"@type":"ImageObject","inLanguage":"fr-FR","@id":"https:\/\/honfest.preprod-kalelia.fr\/#\/schema\/logo\/image\/","url":"https:\/\/honfest.preprod-kalelia.fr\/wp-content\/uploads\/2020\/10\/logo-honore-festif.png","contentUrl":"https:\/\/honfest.preprod-kalelia.fr\/wp-content\/uploads\/2020\/10\/logo-honore-festif.png","width":198,"height":118,"caption":"Honor\u00e9 Festif"},"image":{"@id":"https:\/\/honfest.preprod-kalelia.fr\/#\/schema\/logo\/image\/"}}]}},"_links":{"self":[{"href":"https:\/\/honfest.preprod-kalelia.fr\/index.php?rest_route=\/wp\/v2\/product\/498","targetHints":{"allow":["GET"]}}],"collection":[{"href":"https:\/\/honfest.preprod-kalelia.fr\/index.php?rest_route=\/wp\/v2\/product"}],"about":[{"href":"https:\/\/honfest.preprod-kalelia.fr\/index.php?rest_route=\/wp\/v2\/types\/product"}],"wp:featuredmedia":[{"embeddable":true,"href":"https:\/\/honfest.preprod-kalelia.fr\/index.php?rest_route=\/wp\/v2\/media\/16016"}],"wp:attachment":[{"href":"https:\/\/honfest.preprod-kalelia.fr\/index.php?rest_route=%2Fwp%2Fv2%2Fmedia&parent=498"}],"wp:term":[{"taxonomy":"product_cat","embeddable":true,"href":"https:\/\/honfest.preprod-kalelia.fr\/index.php?rest_route=%2Fwp%2Fv2%2Fproduct_cat&post=498"},{"taxonomy":"product_tag","embeddable":true,"href":"https:\/\/honfest.preprod-kalelia.fr\/index.php?rest_route=%2Fwp%2Fv2%2Fproduct_tag&post=498"}],"curies":[{"name":"wp","href":"https:\/\/api.w.org\/{rel}","templated":true}]}}