{"id":530,"date":"2014-12-04T12:55:52","date_gmt":"2014-12-04T11:55:52","guid":{"rendered":"http:\/\/honorefestif.1-ter-net.net\/?product=plateau-de-mini-cassolettes-salees"},"modified":"2024-05-15T09:56:44","modified_gmt":"2024-05-15T07:56:44","slug":"plateau-de-cassolettes-salees-hiver-2021","status":"publish","type":"product","link":"https:\/\/honfest.preprod-kalelia.fr\/?product=plateau-de-cassolettes-salees-hiver-2021","title":{"rendered":"Plateau de cassolettes sal\u00e9es"},"content":{"rendered":"<p style=\"text-align: justify\">Bouch\u00e9e de cannelloni, fine farce de volaille aux girolles<\/p>\n<p>Tartare de b\u0153uf mi-cuit, croustille de pain de mie, s\u00e9same noire, sauce samoura\u00ef<\/p>\n<p style=\"text-align: justify\">Pannequet de saumon et chair de crabe \u00e0 la ciboulette, sauce pesto<\/p>\n<p>Mignon de porc fum\u00e9, panna cotta aux c\u00e8pes et son sabl\u00e9 aux amandes<\/p>\n<p><a href=\"https:\/\/honfest.preprod-kalelia.fr\/wp-content\/uploads\/2014\/12\/Conditions-Generales-de-ventes-site-Internet.pdf\" target=\"_blank\" rel=\"noopener noreferrer\"><img loading=\"lazy\" decoding=\"async\" class=\" size-full wp-image-529\" width=\"74\" height=\"55\" style=\"margin-left: auto;margin-right: auto\" alt=\"\" src=\"https:\/\/honfest.preprod-kalelia.fr\/wp-content\/uploads\/2014\/12\/Delai-48h.jpg\" \/><\/a><\/p>\n<p><sub><span style=\"text-decoration: underline\">Ce produit peut\u00a0contenir les allerg\u00e8nes suivants : <\/span><\/sub><sub>Gluten, Crustac\u00e9s, Mollusques, Oeufs, Poissons, Arachides, Soja, Lait, Fruits \u00e0 Coques, C\u00e9leri, Moutarde<\/sub><\/p>\n<\/p>\n<p><\/p><\/p>\n","protected":false},"excerpt":{"rendered":"<p style=\"text-align: justify\">Fra\u00eecheur de l\u00e9gumes en feuille de riz, vinaigrette \u00e0 la pur\u00e9e de mangue<\/p>\n<p>Saumon au sel d\u2019aneth fa\u00e7on Gravlax, spaghetti de courgettes, sauce aigre douce<\/p>\n<p>Bonbon de volaille \u00e0 l&rsquo;estragon, sauce b\u00e9arnaise, brunoise de l\u00e9gumes<\/p>\n<p>Croustille au parmesan, panna cotta \u00e0 la morille, magret de canard fum\u00e9<\/p>\n","protected":false},"featured_media":16024,"template":"","meta":[],"product_cat":[46,64],"product_tag":[254,255,241],"class_list":{"0":"post-530","1":"product","2":"type-product","3":"status-publish","4":"has-post-thumbnail","6":"type-prest-produit-cocktail-dejeunatoire-2h-debout","7":"type-prest-produit-cocktail-dinatoire-3h-debout","8":"saveur-produit-sale-froid","9":"product_cat-cocktail","10":"product_cat-cocktail-a-composer","11":"product_tag-aperitif","12":"product_tag-cassolette","13":"product_tag-cocktail","15":"first","16":"instock","17":"taxable","18":"shipping-taxable","19":"purchasable","20":"product-type-simple"},"yoast_head":"<!-- This site is optimized with the Yoast SEO plugin v25.9 - https:\/\/yoast.com\/wordpress\/plugins\/seo\/ -->\n<title>Plateau de cassolettes sal\u00e9es | Honor\u00e9 Festif<\/title>\n<meta name=\"description\" content=\"vente Plateau de cassolettes sal\u00e9es particulier entreprise \u00e0 Nantes et Loire Atlantique\" \/>\n<meta name=\"robots\" content=\"index, follow, max-snippet:-1, max-image-preview:large, max-video-preview:-1\" \/>\n<link rel=\"canonical\" href=\"https:\/\/honfest.preprod-kalelia.fr\/?product=plateau-de-cassolettes-salees-hiver-2021\" \/>\n<meta property=\"og:locale\" content=\"fr_FR\" \/>\n<meta property=\"og:type\" content=\"article\" \/>\n<meta property=\"og:title\" content=\"Plateau de cassolettes sal\u00e9es | Honor\u00e9 Festif\" \/>\n<meta property=\"og:description\" content=\"vente Plateau de cassolettes sal\u00e9es particulier entreprise \u00e0 Nantes et Loire Atlantique\" \/>\n<meta property=\"og:url\" content=\"https:\/\/honfest.preprod-kalelia.fr\/?product=plateau-de-cassolettes-salees-hiver-2021\" \/>\n<meta property=\"og:site_name\" content=\"Honor\u00e9 Festif\" \/>\n<meta property=\"article:modified_time\" content=\"2024-05-15T07:56:44+00:00\" \/>\n<meta property=\"og:image\" content=\"https:\/\/honfest.preprod-kalelia.fr\/wp-content\/uploads\/2014\/12\/Cassolettes-salees-1.png\" \/>\n\t<meta property=\"og:image:width\" content=\"800\" \/>\n\t<meta property=\"og:image:height\" content=\"800\" \/>\n\t<meta property=\"og:image:type\" content=\"image\/png\" \/>\n<meta name=\"twitter:card\" content=\"summary_large_image\" \/>\n<meta name=\"twitter:label1\" content=\"Dur\u00e9e de lecture estim\u00e9e\" \/>\n\t<meta name=\"twitter:data1\" content=\"1 minute\" \/>\n<script type=\"application\/ld+json\" class=\"yoast-schema-graph\">{\"@context\":\"https:\/\/schema.org\",\"@graph\":[{\"@type\":\"WebPage\",\"@id\":\"https:\/\/honfest.preprod-kalelia.fr\/?product=plateau-de-cassolettes-salees-hiver-2021\",\"url\":\"https:\/\/honfest.preprod-kalelia.fr\/?product=plateau-de-cassolettes-salees-hiver-2021\",\"name\":\"Plateau de cassolettes sal\u00e9es | Honor\u00e9 Festif\",\"isPartOf\":{\"@id\":\"https:\/\/honfest.preprod-kalelia.fr\/#website\"},\"primaryImageOfPage\":{\"@id\":\"https:\/\/honfest.preprod-kalelia.fr\/?product=plateau-de-cassolettes-salees-hiver-2021#primaryimage\"},\"image\":{\"@id\":\"https:\/\/honfest.preprod-kalelia.fr\/?product=plateau-de-cassolettes-salees-hiver-2021#primaryimage\"},\"thumbnailUrl\":\"https:\/\/honfest.preprod-kalelia.fr\/wp-content\/uploads\/2014\/12\/Cassolettes-salees-1.png\",\"datePublished\":\"2014-12-04T11:55:52+00:00\",\"dateModified\":\"2024-05-15T07:56:44+00:00\",\"description\":\"vente Plateau de cassolettes sal\u00e9es particulier entreprise \u00e0 Nantes et Loire Atlantique\",\"breadcrumb\":{\"@id\":\"https:\/\/honfest.preprod-kalelia.fr\/?product=plateau-de-cassolettes-salees-hiver-2021#breadcrumb\"},\"inLanguage\":\"fr-FR\",\"potentialAction\":[{\"@type\":\"ReadAction\",\"target\":[\"https:\/\/honfest.preprod-kalelia.fr\/?product=plateau-de-cassolettes-salees-hiver-2021\"]}]},{\"@type\":\"ImageObject\",\"inLanguage\":\"fr-FR\",\"@id\":\"https:\/\/honfest.preprod-kalelia.fr\/?product=plateau-de-cassolettes-salees-hiver-2021#primaryimage\",\"url\":\"https:\/\/honfest.preprod-kalelia.fr\/wp-content\/uploads\/2014\/12\/Cassolettes-salees-1.png\",\"contentUrl\":\"https:\/\/honfest.preprod-kalelia.fr\/wp-content\/uploads\/2014\/12\/Cassolettes-salees-1.png\",\"width\":800,\"height\":800},{\"@type\":\"BreadcrumbList\",\"@id\":\"https:\/\/honfest.preprod-kalelia.fr\/?product=plateau-de-cassolettes-salees-hiver-2021#breadcrumb\",\"itemListElement\":[{\"@type\":\"ListItem\",\"position\":1,\"name\":\"Accueil\",\"item\":\"https:\/\/honfest.preprod-kalelia.fr\/\"},{\"@type\":\"ListItem\",\"position\":2,\"name\":\"Plateau de cassolettes sal\u00e9es\"}]},{\"@type\":\"WebSite\",\"@id\":\"https:\/\/honfest.preprod-kalelia.fr\/#website\",\"url\":\"https:\/\/honfest.preprod-kalelia.fr\/\",\"name\":\"Honor\u00e9 Festif\",\"description\":\"\",\"publisher\":{\"@id\":\"https:\/\/honfest.preprod-kalelia.fr\/#organization\"},\"potentialAction\":[{\"@type\":\"SearchAction\",\"target\":{\"@type\":\"EntryPoint\",\"urlTemplate\":\"https:\/\/honfest.preprod-kalelia.fr\/?s={search_term_string}\"},\"query-input\":{\"@type\":\"PropertyValueSpecification\",\"valueRequired\":true,\"valueName\":\"search_term_string\"}}],\"inLanguage\":\"fr-FR\"},{\"@type\":\"Organization\",\"@id\":\"https:\/\/honfest.preprod-kalelia.fr\/#organization\",\"name\":\"Honor\u00e9 Festif\",\"url\":\"https:\/\/honfest.preprod-kalelia.fr\/\",\"logo\":{\"@type\":\"ImageObject\",\"inLanguage\":\"fr-FR\",\"@id\":\"https:\/\/honfest.preprod-kalelia.fr\/#\/schema\/logo\/image\/\",\"url\":\"https:\/\/honfest.preprod-kalelia.fr\/wp-content\/uploads\/2020\/10\/logo-honore-festif.png\",\"contentUrl\":\"https:\/\/honfest.preprod-kalelia.fr\/wp-content\/uploads\/2020\/10\/logo-honore-festif.png\",\"width\":198,\"height\":118,\"caption\":\"Honor\u00e9 Festif\"},\"image\":{\"@id\":\"https:\/\/honfest.preprod-kalelia.fr\/#\/schema\/logo\/image\/\"}}]}<\/script>\n<!-- \/ Yoast SEO plugin. -->","yoast_head_json":{"title":"Plateau de cassolettes sal\u00e9es | Honor\u00e9 Festif","description":"vente Plateau de cassolettes sal\u00e9es particulier entreprise \u00e0 Nantes et Loire Atlantique","robots":{"index":"index","follow":"follow","max-snippet":"max-snippet:-1","max-image-preview":"max-image-preview:large","max-video-preview":"max-video-preview:-1"},"canonical":"https:\/\/honfest.preprod-kalelia.fr\/?product=plateau-de-cassolettes-salees-hiver-2021","og_locale":"fr_FR","og_type":"article","og_title":"Plateau de cassolettes sal\u00e9es | Honor\u00e9 Festif","og_description":"vente Plateau de cassolettes sal\u00e9es particulier entreprise \u00e0 Nantes et Loire Atlantique","og_url":"https:\/\/honfest.preprod-kalelia.fr\/?product=plateau-de-cassolettes-salees-hiver-2021","og_site_name":"Honor\u00e9 Festif","article_modified_time":"2024-05-15T07:56:44+00:00","og_image":[{"width":800,"height":800,"url":"https:\/\/honfest.preprod-kalelia.fr\/wp-content\/uploads\/2014\/12\/Cassolettes-salees-1.png","type":"image\/png"}],"twitter_card":"summary_large_image","twitter_misc":{"Dur\u00e9e de lecture estim\u00e9e":"1 minute"},"schema":{"@context":"https:\/\/schema.org","@graph":[{"@type":"WebPage","@id":"https:\/\/honfest.preprod-kalelia.fr\/?product=plateau-de-cassolettes-salees-hiver-2021","url":"https:\/\/honfest.preprod-kalelia.fr\/?product=plateau-de-cassolettes-salees-hiver-2021","name":"Plateau de cassolettes sal\u00e9es | Honor\u00e9 Festif","isPartOf":{"@id":"https:\/\/honfest.preprod-kalelia.fr\/#website"},"primaryImageOfPage":{"@id":"https:\/\/honfest.preprod-kalelia.fr\/?product=plateau-de-cassolettes-salees-hiver-2021#primaryimage"},"image":{"@id":"https:\/\/honfest.preprod-kalelia.fr\/?product=plateau-de-cassolettes-salees-hiver-2021#primaryimage"},"thumbnailUrl":"https:\/\/honfest.preprod-kalelia.fr\/wp-content\/uploads\/2014\/12\/Cassolettes-salees-1.png","datePublished":"2014-12-04T11:55:52+00:00","dateModified":"2024-05-15T07:56:44+00:00","description":"vente Plateau de cassolettes sal\u00e9es particulier entreprise \u00e0 Nantes et Loire Atlantique","breadcrumb":{"@id":"https:\/\/honfest.preprod-kalelia.fr\/?product=plateau-de-cassolettes-salees-hiver-2021#breadcrumb"},"inLanguage":"fr-FR","potentialAction":[{"@type":"ReadAction","target":["https:\/\/honfest.preprod-kalelia.fr\/?product=plateau-de-cassolettes-salees-hiver-2021"]}]},{"@type":"ImageObject","inLanguage":"fr-FR","@id":"https:\/\/honfest.preprod-kalelia.fr\/?product=plateau-de-cassolettes-salees-hiver-2021#primaryimage","url":"https:\/\/honfest.preprod-kalelia.fr\/wp-content\/uploads\/2014\/12\/Cassolettes-salees-1.png","contentUrl":"https:\/\/honfest.preprod-kalelia.fr\/wp-content\/uploads\/2014\/12\/Cassolettes-salees-1.png","width":800,"height":800},{"@type":"BreadcrumbList","@id":"https:\/\/honfest.preprod-kalelia.fr\/?product=plateau-de-cassolettes-salees-hiver-2021#breadcrumb","itemListElement":[{"@type":"ListItem","position":1,"name":"Accueil","item":"https:\/\/honfest.preprod-kalelia.fr\/"},{"@type":"ListItem","position":2,"name":"Plateau de cassolettes sal\u00e9es"}]},{"@type":"WebSite","@id":"https:\/\/honfest.preprod-kalelia.fr\/#website","url":"https:\/\/honfest.preprod-kalelia.fr\/","name":"Honor\u00e9 Festif","description":"","publisher":{"@id":"https:\/\/honfest.preprod-kalelia.fr\/#organization"},"potentialAction":[{"@type":"SearchAction","target":{"@type":"EntryPoint","urlTemplate":"https:\/\/honfest.preprod-kalelia.fr\/?s={search_term_string}"},"query-input":{"@type":"PropertyValueSpecification","valueRequired":true,"valueName":"search_term_string"}}],"inLanguage":"fr-FR"},{"@type":"Organization","@id":"https:\/\/honfest.preprod-kalelia.fr\/#organization","name":"Honor\u00e9 Festif","url":"https:\/\/honfest.preprod-kalelia.fr\/","logo":{"@type":"ImageObject","inLanguage":"fr-FR","@id":"https:\/\/honfest.preprod-kalelia.fr\/#\/schema\/logo\/image\/","url":"https:\/\/honfest.preprod-kalelia.fr\/wp-content\/uploads\/2020\/10\/logo-honore-festif.png","contentUrl":"https:\/\/honfest.preprod-kalelia.fr\/wp-content\/uploads\/2020\/10\/logo-honore-festif.png","width":198,"height":118,"caption":"Honor\u00e9 Festif"},"image":{"@id":"https:\/\/honfest.preprod-kalelia.fr\/#\/schema\/logo\/image\/"}}]}},"_links":{"self":[{"href":"https:\/\/honfest.preprod-kalelia.fr\/index.php?rest_route=\/wp\/v2\/product\/530","targetHints":{"allow":["GET"]}}],"collection":[{"href":"https:\/\/honfest.preprod-kalelia.fr\/index.php?rest_route=\/wp\/v2\/product"}],"about":[{"href":"https:\/\/honfest.preprod-kalelia.fr\/index.php?rest_route=\/wp\/v2\/types\/product"}],"wp:featuredmedia":[{"embeddable":true,"href":"https:\/\/honfest.preprod-kalelia.fr\/index.php?rest_route=\/wp\/v2\/media\/16024"}],"wp:attachment":[{"href":"https:\/\/honfest.preprod-kalelia.fr\/index.php?rest_route=%2Fwp%2Fv2%2Fmedia&parent=530"}],"wp:term":[{"taxonomy":"product_cat","embeddable":true,"href":"https:\/\/honfest.preprod-kalelia.fr\/index.php?rest_route=%2Fwp%2Fv2%2Fproduct_cat&post=530"},{"taxonomy":"product_tag","embeddable":true,"href":"https:\/\/honfest.preprod-kalelia.fr\/index.php?rest_route=%2Fwp%2Fv2%2Fproduct_tag&post=530"}],"curies":[{"name":"wp","href":"https:\/\/api.w.org\/{rel}","templated":true}]}}