{"id":536,"date":"2014-12-04T13:06:25","date_gmt":"2014-12-04T12:06:25","guid":{"rendered":"http:\/\/honorefestif.1-ter-net.net\/?product=plateau-veggie-et-sans-gluten-20-pieces"},"modified":"2025-06-04T11:16:30","modified_gmt":"2025-06-04T09:16:30","slug":"plateau-de-mini-tartelettes-salees","status":"publish","type":"product","link":"https:\/\/honfest.preprod-kalelia.fr\/?product=plateau-de-mini-tartelettes-salees","title":{"rendered":"Plateau de Mini Tartelettes sal\u00e9es"},"content":{"rendered":"<p>Houmouss de petits pois, gel\u00e9e de carotte-gingembre, pickles de chou-fleur<\/p>\n<p>Tofu marin\u00e9 au Sriracha, betterave r\u00f4ti, Chantilly V\u00e9g\u00e9tale<\/p>\n<p>Cappucino de champignons forestiers, Chips de Paris<\/p>\n<p>Mousseline de c\u00e9leri, c\u0153ur anis\u00e9, pickles de radis<\/p>\n<p><a href=\"https:\/\/honfest.preprod-kalelia.fr\/wp-content\/uploads\/2014\/12\/Conditions-Generales-de-ventes-site-Internet.pdf\" target=\"_blank\" rel=\"noopener noreferrer\"><img loading=\"lazy\" decoding=\"async\" class=\" size-full wp-image-535\" width=\"74\" height=\"55\" style=\"margin-left: auto;margin-right: auto\" alt=\"\" src=\"https:\/\/honfest.preprod-kalelia.fr\/wp-content\/uploads\/2014\/12\/Delai-48h.jpg\" \/><\/a><\/p>\n","protected":false},"excerpt":{"rendered":"<p>Mousse \u00e0 la noix, cr\u00e8me de figue<\/p>\n<p>Patate douce r\u00f4ti au miel et paprika fum\u00e9<\/p>\n<p>Saumon fum\u00e9 Maison, cr\u00e8me \u00e0 la ciboulette<\/p>\n<p>Magret de canard fum\u00e9, brunoise de pomme Granny au citron jaune<\/p>\n","protected":false},"featured_media":20795,"template":"","meta":[],"product_cat":[64],"product_tag":[241,605],"class_list":{"0":"post-536","1":"product","2":"type-product","3":"status-publish","4":"has-post-thumbnail","6":"type-prest-produit-cocktail-aperitif-1h-debout","7":"type-prest-produit-cocktail-dejeunatoire-2h-debout","8":"type-prest-produit-cocktail-dinatoire-3h-debout","9":"saveur-produit-sale-froid","10":"saveur-produit-tendance-vegetarien-vegan-sans-gluten","11":"product_cat-cocktail-a-composer","12":"product_tag-cocktail","13":"product_tag-tartelettes","15":"first","16":"instock","17":"taxable","18":"shipping-taxable","19":"purchasable","20":"product-type-simple"},"yoast_head":"<!-- This site is optimized with the Yoast SEO plugin v25.9 - https:\/\/yoast.com\/wordpress\/plugins\/seo\/ -->\n<title>Plateau de Mini Tartelettes sal\u00e9es | Honor\u00e9 Festif<\/title>\n<meta name=\"description\" content=\"vente Plateau de Mini Tartelettes sal\u00e9es particulier entreprise \u00e0 Nantes et Loire Atlantique\" \/>\n<meta name=\"robots\" content=\"index, follow, max-snippet:-1, max-image-preview:large, max-video-preview:-1\" \/>\n<link rel=\"canonical\" href=\"https:\/\/honfest.preprod-kalelia.fr\/?product=plateau-de-mini-tartelettes-salees\" \/>\n<meta property=\"og:locale\" content=\"fr_FR\" \/>\n<meta property=\"og:type\" content=\"article\" \/>\n<meta property=\"og:title\" content=\"Plateau de Mini Tartelettes sal\u00e9es | Honor\u00e9 Festif\" \/>\n<meta property=\"og:description\" content=\"vente Plateau de Mini Tartelettes sal\u00e9es particulier entreprise \u00e0 Nantes et Loire Atlantique\" \/>\n<meta property=\"og:url\" content=\"https:\/\/honfest.preprod-kalelia.fr\/?product=plateau-de-mini-tartelettes-salees\" \/>\n<meta property=\"og:site_name\" content=\"Honor\u00e9 Festif\" \/>\n<meta property=\"article:modified_time\" content=\"2025-06-04T09:16:30+00:00\" \/>\n<meta property=\"og:image\" content=\"https:\/\/honfest.preprod-kalelia.fr\/wp-content\/uploads\/2014\/12\/Plateau-de-mini-tartelettes-salees-20-pieces-1024x1024.png\" \/>\n\t<meta property=\"og:image:width\" content=\"1024\" \/>\n\t<meta property=\"og:image:height\" content=\"1024\" \/>\n\t<meta property=\"og:image:type\" content=\"image\/png\" \/>\n<meta name=\"twitter:card\" content=\"summary_large_image\" \/>\n<meta name=\"twitter:label1\" content=\"Dur\u00e9e de lecture estim\u00e9e\" \/>\n\t<meta name=\"twitter:data1\" content=\"1 minute\" \/>\n<script type=\"application\/ld+json\" class=\"yoast-schema-graph\">{\"@context\":\"https:\/\/schema.org\",\"@graph\":[{\"@type\":\"WebPage\",\"@id\":\"https:\/\/honfest.preprod-kalelia.fr\/?product=plateau-de-mini-tartelettes-salees\",\"url\":\"https:\/\/honfest.preprod-kalelia.fr\/?product=plateau-de-mini-tartelettes-salees\",\"name\":\"Plateau de Mini Tartelettes sal\u00e9es | Honor\u00e9 Festif\",\"isPartOf\":{\"@id\":\"https:\/\/honfest.preprod-kalelia.fr\/#website\"},\"primaryImageOfPage\":{\"@id\":\"https:\/\/honfest.preprod-kalelia.fr\/?product=plateau-de-mini-tartelettes-salees#primaryimage\"},\"image\":{\"@id\":\"https:\/\/honfest.preprod-kalelia.fr\/?product=plateau-de-mini-tartelettes-salees#primaryimage\"},\"thumbnailUrl\":\"https:\/\/honfest.preprod-kalelia.fr\/wp-content\/uploads\/2014\/12\/Plateau-de-mini-tartelettes-salees-20-pieces.png\",\"datePublished\":\"2014-12-04T12:06:25+00:00\",\"dateModified\":\"2025-06-04T09:16:30+00:00\",\"description\":\"vente Plateau de Mini Tartelettes sal\u00e9es particulier entreprise \u00e0 Nantes et Loire Atlantique\",\"breadcrumb\":{\"@id\":\"https:\/\/honfest.preprod-kalelia.fr\/?product=plateau-de-mini-tartelettes-salees#breadcrumb\"},\"inLanguage\":\"fr-FR\",\"potentialAction\":[{\"@type\":\"ReadAction\",\"target\":[\"https:\/\/honfest.preprod-kalelia.fr\/?product=plateau-de-mini-tartelettes-salees\"]}]},{\"@type\":\"ImageObject\",\"inLanguage\":\"fr-FR\",\"@id\":\"https:\/\/honfest.preprod-kalelia.fr\/?product=plateau-de-mini-tartelettes-salees#primaryimage\",\"url\":\"https:\/\/honfest.preprod-kalelia.fr\/wp-content\/uploads\/2014\/12\/Plateau-de-mini-tartelettes-salees-20-pieces.png\",\"contentUrl\":\"https:\/\/honfest.preprod-kalelia.fr\/wp-content\/uploads\/2014\/12\/Plateau-de-mini-tartelettes-salees-20-pieces.png\",\"width\":3942,\"height\":3942},{\"@type\":\"BreadcrumbList\",\"@id\":\"https:\/\/honfest.preprod-kalelia.fr\/?product=plateau-de-mini-tartelettes-salees#breadcrumb\",\"itemListElement\":[{\"@type\":\"ListItem\",\"position\":1,\"name\":\"Accueil\",\"item\":\"https:\/\/honfest.preprod-kalelia.fr\/\"},{\"@type\":\"ListItem\",\"position\":2,\"name\":\"Plateau de Mini Tartelettes sal\u00e9es\"}]},{\"@type\":\"WebSite\",\"@id\":\"https:\/\/honfest.preprod-kalelia.fr\/#website\",\"url\":\"https:\/\/honfest.preprod-kalelia.fr\/\",\"name\":\"Honor\u00e9 Festif\",\"description\":\"\",\"publisher\":{\"@id\":\"https:\/\/honfest.preprod-kalelia.fr\/#organization\"},\"potentialAction\":[{\"@type\":\"SearchAction\",\"target\":{\"@type\":\"EntryPoint\",\"urlTemplate\":\"https:\/\/honfest.preprod-kalelia.fr\/?s={search_term_string}\"},\"query-input\":{\"@type\":\"PropertyValueSpecification\",\"valueRequired\":true,\"valueName\":\"search_term_string\"}}],\"inLanguage\":\"fr-FR\"},{\"@type\":\"Organization\",\"@id\":\"https:\/\/honfest.preprod-kalelia.fr\/#organization\",\"name\":\"Honor\u00e9 Festif\",\"url\":\"https:\/\/honfest.preprod-kalelia.fr\/\",\"logo\":{\"@type\":\"ImageObject\",\"inLanguage\":\"fr-FR\",\"@id\":\"https:\/\/honfest.preprod-kalelia.fr\/#\/schema\/logo\/image\/\",\"url\":\"https:\/\/honfest.preprod-kalelia.fr\/wp-content\/uploads\/2020\/10\/logo-honore-festif.png\",\"contentUrl\":\"https:\/\/honfest.preprod-kalelia.fr\/wp-content\/uploads\/2020\/10\/logo-honore-festif.png\",\"width\":198,\"height\":118,\"caption\":\"Honor\u00e9 Festif\"},\"image\":{\"@id\":\"https:\/\/honfest.preprod-kalelia.fr\/#\/schema\/logo\/image\/\"}}]}<\/script>\n<!-- \/ Yoast SEO plugin. -->","yoast_head_json":{"title":"Plateau de Mini Tartelettes sal\u00e9es | Honor\u00e9 Festif","description":"vente Plateau de Mini Tartelettes sal\u00e9es particulier entreprise \u00e0 Nantes et Loire Atlantique","robots":{"index":"index","follow":"follow","max-snippet":"max-snippet:-1","max-image-preview":"max-image-preview:large","max-video-preview":"max-video-preview:-1"},"canonical":"https:\/\/honfest.preprod-kalelia.fr\/?product=plateau-de-mini-tartelettes-salees","og_locale":"fr_FR","og_type":"article","og_title":"Plateau de Mini Tartelettes sal\u00e9es | Honor\u00e9 Festif","og_description":"vente Plateau de Mini Tartelettes sal\u00e9es particulier entreprise \u00e0 Nantes et Loire Atlantique","og_url":"https:\/\/honfest.preprod-kalelia.fr\/?product=plateau-de-mini-tartelettes-salees","og_site_name":"Honor\u00e9 Festif","article_modified_time":"2025-06-04T09:16:30+00:00","og_image":[{"width":1024,"height":1024,"url":"https:\/\/honfest.preprod-kalelia.fr\/wp-content\/uploads\/2014\/12\/Plateau-de-mini-tartelettes-salees-20-pieces-1024x1024.png","type":"image\/png"}],"twitter_card":"summary_large_image","twitter_misc":{"Dur\u00e9e de lecture estim\u00e9e":"1 minute"},"schema":{"@context":"https:\/\/schema.org","@graph":[{"@type":"WebPage","@id":"https:\/\/honfest.preprod-kalelia.fr\/?product=plateau-de-mini-tartelettes-salees","url":"https:\/\/honfest.preprod-kalelia.fr\/?product=plateau-de-mini-tartelettes-salees","name":"Plateau de Mini Tartelettes sal\u00e9es | Honor\u00e9 Festif","isPartOf":{"@id":"https:\/\/honfest.preprod-kalelia.fr\/#website"},"primaryImageOfPage":{"@id":"https:\/\/honfest.preprod-kalelia.fr\/?product=plateau-de-mini-tartelettes-salees#primaryimage"},"image":{"@id":"https:\/\/honfest.preprod-kalelia.fr\/?product=plateau-de-mini-tartelettes-salees#primaryimage"},"thumbnailUrl":"https:\/\/honfest.preprod-kalelia.fr\/wp-content\/uploads\/2014\/12\/Plateau-de-mini-tartelettes-salees-20-pieces.png","datePublished":"2014-12-04T12:06:25+00:00","dateModified":"2025-06-04T09:16:30+00:00","description":"vente Plateau de Mini Tartelettes sal\u00e9es particulier entreprise \u00e0 Nantes et Loire Atlantique","breadcrumb":{"@id":"https:\/\/honfest.preprod-kalelia.fr\/?product=plateau-de-mini-tartelettes-salees#breadcrumb"},"inLanguage":"fr-FR","potentialAction":[{"@type":"ReadAction","target":["https:\/\/honfest.preprod-kalelia.fr\/?product=plateau-de-mini-tartelettes-salees"]}]},{"@type":"ImageObject","inLanguage":"fr-FR","@id":"https:\/\/honfest.preprod-kalelia.fr\/?product=plateau-de-mini-tartelettes-salees#primaryimage","url":"https:\/\/honfest.preprod-kalelia.fr\/wp-content\/uploads\/2014\/12\/Plateau-de-mini-tartelettes-salees-20-pieces.png","contentUrl":"https:\/\/honfest.preprod-kalelia.fr\/wp-content\/uploads\/2014\/12\/Plateau-de-mini-tartelettes-salees-20-pieces.png","width":3942,"height":3942},{"@type":"BreadcrumbList","@id":"https:\/\/honfest.preprod-kalelia.fr\/?product=plateau-de-mini-tartelettes-salees#breadcrumb","itemListElement":[{"@type":"ListItem","position":1,"name":"Accueil","item":"https:\/\/honfest.preprod-kalelia.fr\/"},{"@type":"ListItem","position":2,"name":"Plateau de Mini Tartelettes sal\u00e9es"}]},{"@type":"WebSite","@id":"https:\/\/honfest.preprod-kalelia.fr\/#website","url":"https:\/\/honfest.preprod-kalelia.fr\/","name":"Honor\u00e9 Festif","description":"","publisher":{"@id":"https:\/\/honfest.preprod-kalelia.fr\/#organization"},"potentialAction":[{"@type":"SearchAction","target":{"@type":"EntryPoint","urlTemplate":"https:\/\/honfest.preprod-kalelia.fr\/?s={search_term_string}"},"query-input":{"@type":"PropertyValueSpecification","valueRequired":true,"valueName":"search_term_string"}}],"inLanguage":"fr-FR"},{"@type":"Organization","@id":"https:\/\/honfest.preprod-kalelia.fr\/#organization","name":"Honor\u00e9 Festif","url":"https:\/\/honfest.preprod-kalelia.fr\/","logo":{"@type":"ImageObject","inLanguage":"fr-FR","@id":"https:\/\/honfest.preprod-kalelia.fr\/#\/schema\/logo\/image\/","url":"https:\/\/honfest.preprod-kalelia.fr\/wp-content\/uploads\/2020\/10\/logo-honore-festif.png","contentUrl":"https:\/\/honfest.preprod-kalelia.fr\/wp-content\/uploads\/2020\/10\/logo-honore-festif.png","width":198,"height":118,"caption":"Honor\u00e9 Festif"},"image":{"@id":"https:\/\/honfest.preprod-kalelia.fr\/#\/schema\/logo\/image\/"}}]}},"_links":{"self":[{"href":"https:\/\/honfest.preprod-kalelia.fr\/index.php?rest_route=\/wp\/v2\/product\/536","targetHints":{"allow":["GET"]}}],"collection":[{"href":"https:\/\/honfest.preprod-kalelia.fr\/index.php?rest_route=\/wp\/v2\/product"}],"about":[{"href":"https:\/\/honfest.preprod-kalelia.fr\/index.php?rest_route=\/wp\/v2\/types\/product"}],"wp:featuredmedia":[{"embeddable":true,"href":"https:\/\/honfest.preprod-kalelia.fr\/index.php?rest_route=\/wp\/v2\/media\/20795"}],"wp:attachment":[{"href":"https:\/\/honfest.preprod-kalelia.fr\/index.php?rest_route=%2Fwp%2Fv2%2Fmedia&parent=536"}],"wp:term":[{"taxonomy":"product_cat","embeddable":true,"href":"https:\/\/honfest.preprod-kalelia.fr\/index.php?rest_route=%2Fwp%2Fv2%2Fproduct_cat&post=536"},{"taxonomy":"product_tag","embeddable":true,"href":"https:\/\/honfest.preprod-kalelia.fr\/index.php?rest_route=%2Fwp%2Fv2%2Fproduct_tag&post=536"}],"curies":[{"name":"wp","href":"https:\/\/api.w.org\/{rel}","templated":true}]}}