{"id":551,"date":"2014-12-08T14:25:21","date_gmt":"2014-12-08T13:25:21","guid":{"rendered":"http:\/\/honorefestif.1-ter-net.net\/?product=festi-box-a-composer-vous-meme"},"modified":"2025-06-23T13:58:18","modified_gmt":"2025-06-23T11:58:18","slug":"festi-box-a-composer-vous-meme","status":"publish","type":"product","link":"https:\/\/honfest.preprod-kalelia.fr\/?product=festi-box-a-composer-vous-meme","title":{"rendered":"Festi&rsquo;Box \u00e0 composer vous m\u00eame"},"content":{"rendered":"<p style=\"text-align: justify\">La Festi&rsquo; Box est compos\u00e9e d\u2019une entr\u00e9e, d\u2019un plat et d\u2019un dessert. Pour d\u00e9guster ce coffret repas, nous y joignons un kit couverts, un rince doigt, un petit pain d\u2019Honor\u00e9 et d&rsquo;une petite bouteille d&rsquo;eau de source (33cl).<\/p>\n<p style=\"text-align: justify\">Composez votre plateau repas en cliquant sur\u00a0les diff\u00e9rents produits ci-dessous !<\/p>\n<p style=\"text-align: justify\"><strong>Il est conditionn\u00e9 dans un coffret kraft 100% biod\u00e9gradable.<\/strong><\/p>\n<p style=\"text-align: justify\"><strong><a href=\"https:\/\/honfest.preprod-kalelia.fr\/wp-content\/uploads\/2014\/12\/Conditions-Generales-de-ventes-site-Internet.pdf\" target=\"_blank\" rel=\"noopener noreferrer\"><strong><img loading=\"lazy\" decoding=\"async\" class=\" size-full wp-image-550\" width=\"104\" height=\"78\" style=\"margin-right: auto;margin-left: auto\" alt=\"48h D\u00e9lai\" src=\"https:\/\/honfest.preprod-kalelia.fr\/wp-content\/uploads\/2014\/12\/Delai-48h-48h-Delai.jpg\" \/><br \/><\/strong><\/a><\/strong><\/p>\n","protected":false},"excerpt":{"rendered":"<p style=\"text-align: justify\">La Festi&rsquo;Box est compos\u00e9e d\u2019une entr\u00e9e, d\u2019un plat et d\u2019un dessert. Pour d\u00e9guster ce coffret repas, nous y joignons un kit couverts, un petit pain d\u2019Honor\u00e9 et d&rsquo;une petite bouteille d&rsquo;eau de source (33cl).<\/p>\n<p style=\"text-align: justify\">Composez votre plateau repas en cliquant sur\u00a0les diff\u00e9rents produits ci-dessous !<\/p>\n<p style=\"text-align: justify\"><strong><a href=\"https:\/\/honfest.preprod-kalelia.fr\/wp-content\/uploads\/2020\/07\/Plaquette-Emballage-Plateau-Repas.pdf\" target=\"_blank\" rel=\"noopener\">L\u2019emballage de notre plateau repas<\/a>\u00a0enti\u00e8rement recyclable est fabriqu\u00e9 en France \u00e0 partir de produits recycl\u00e9s.<\/strong><\/p>\n<p style=\"text-align: justify\"><em>Commande minimum de 5 plateaux repas identiques.<\/em><\/p>\n","protected":false},"featured_media":21670,"template":"","meta":[],"product_cat":[60],"product_tag":[235,261,234],"class_list":{"0":"post-551","1":"product","2":"type-product","3":"status-publish","4":"has-post-thumbnail","6":"type-evt-produit-dejeuner-dentreprise","7":"type-evt-produit-evenements-prives","8":"type-evt-produit-seminaire-congres","9":"type-prest-produit-plateau-repas-1h-assis","10":"saveur-produit-sale-froid","11":"saveur-produit-sucre","12":"saveur-produit-un-peu-de-tout","13":"product_cat-festipouce-festi-box","14":"product_tag-coffret-repas","15":"product_tag-panier-repas","16":"product_tag-plateau-repas","17":"pa_a_entreefestibox-la-basse-cour-coquillettes-poulet-fume-champignons-petits-pois-mais-et-mayonnaise","18":"pa_a_entreefestibox-la-saveur-oceane-riz-tomates-poivrons-petits-pois-coriandre-saumon-cuit-et-vinaigrette","19":"pa_b_platfestibox-aiguillettes-de-poulet-panees-au-corn-flakes-creme-ciboulette-salade-de-pomme-de-terre-et-petits-pois","20":"pa_b_platfestibox-dos-lieu-noir-gratin-daubergines-a-la-parmigiane-coulis-de-poivrons-rouges","21":"pa_c_dessertfestibox-flan-patisserie-a-la-vanille-de-madagascar","22":"pa_c_dessertfestibox-le-napolitain-framboise","24":"first","25":"instock","26":"taxable","27":"shipping-taxable","28":"purchasable","29":"product-type-variable"},"yoast_head":"<!-- This site is optimized with the Yoast SEO plugin v25.9 - https:\/\/yoast.com\/wordpress\/plugins\/seo\/ -->\n<title>Festi&#039;Box \u00e0 composer vous m\u00eame | Honor\u00e9 Festif<\/title>\n<meta name=\"description\" content=\"La Festi&#039; Box est compos\u00e9e d\u2019une entr\u00e9e, d\u2019un plat et d\u2019un dessert. Pour d\u00e9guster ce coffret repas, nous y joignons un kit couverts, un rince doigt, un petit pain d\u2019Honor\u00e9 et d&#039;une petite bouteille d&#039;eau de source (33cl). Composez votre plateau repas en cliquant sur les diff\u00e9rents produits ci-dessous !\" \/>\n<meta name=\"robots\" content=\"index, follow, max-snippet:-1, max-image-preview:large, max-video-preview:-1\" \/>\n<link rel=\"canonical\" href=\"https:\/\/honfest.preprod-kalelia.fr\/?product=festi-box-a-composer-vous-meme\" \/>\n<meta property=\"og:locale\" content=\"fr_FR\" \/>\n<meta property=\"og:type\" content=\"article\" \/>\n<meta property=\"og:title\" content=\"Festi&#039;Box \u00e0 composer vous m\u00eame | Honor\u00e9 Festif\" \/>\n<meta property=\"og:description\" content=\"La Festi&#039; Box est compos\u00e9e d\u2019une entr\u00e9e, d\u2019un plat et d\u2019un dessert. Pour d\u00e9guster ce coffret repas, nous y joignons un kit couverts, un rince doigt, un petit pain d\u2019Honor\u00e9 et d&#039;une petite bouteille d&#039;eau de source (33cl). Composez votre plateau repas en cliquant sur les diff\u00e9rents produits ci-dessous !\" \/>\n<meta property=\"og:url\" content=\"https:\/\/honfest.preprod-kalelia.fr\/?product=festi-box-a-composer-vous-meme\" \/>\n<meta property=\"og:site_name\" content=\"Honor\u00e9 Festif\" \/>\n<meta property=\"article:modified_time\" content=\"2025-06-23T11:58:18+00:00\" \/>\n<meta property=\"og:image\" content=\"https:\/\/honfest.preprod-kalelia.fr\/wp-content\/uploads\/2023\/03\/Box-1-scaled.jpg\" \/>\n\t<meta property=\"og:image:width\" content=\"2560\" \/>\n\t<meta property=\"og:image:height\" content=\"2560\" \/>\n\t<meta property=\"og:image:type\" content=\"image\/jpeg\" \/>\n<meta name=\"twitter:card\" content=\"summary_large_image\" \/>\n<meta name=\"twitter:label1\" content=\"Dur\u00e9e de lecture estim\u00e9e\" \/>\n\t<meta name=\"twitter:data1\" content=\"1 minute\" \/>\n<script type=\"application\/ld+json\" class=\"yoast-schema-graph\">{\"@context\":\"https:\/\/schema.org\",\"@graph\":[{\"@type\":\"WebPage\",\"@id\":\"https:\/\/honfest.preprod-kalelia.fr\/?product=festi-box-a-composer-vous-meme\",\"url\":\"https:\/\/honfest.preprod-kalelia.fr\/?product=festi-box-a-composer-vous-meme\",\"name\":\"Festi'Box \u00e0 composer vous m\u00eame | Honor\u00e9 Festif\",\"isPartOf\":{\"@id\":\"https:\/\/honfest.preprod-kalelia.fr\/#website\"},\"primaryImageOfPage\":{\"@id\":\"https:\/\/honfest.preprod-kalelia.fr\/?product=festi-box-a-composer-vous-meme#primaryimage\"},\"image\":{\"@id\":\"https:\/\/honfest.preprod-kalelia.fr\/?product=festi-box-a-composer-vous-meme#primaryimage\"},\"thumbnailUrl\":\"https:\/\/honfest.preprod-kalelia.fr\/wp-content\/uploads\/2023\/03\/Box-1-scaled.jpg\",\"datePublished\":\"2014-12-08T13:25:21+00:00\",\"dateModified\":\"2025-06-23T11:58:18+00:00\",\"description\":\"La Festi' Box est compos\u00e9e d\u2019une entr\u00e9e, d\u2019un plat et d\u2019un dessert. Pour d\u00e9guster ce coffret repas, nous y joignons un kit couverts, un rince doigt, un petit pain d\u2019Honor\u00e9 et d'une petite bouteille d'eau de source (33cl). Composez votre plateau repas en cliquant sur les diff\u00e9rents produits ci-dessous !\",\"breadcrumb\":{\"@id\":\"https:\/\/honfest.preprod-kalelia.fr\/?product=festi-box-a-composer-vous-meme#breadcrumb\"},\"inLanguage\":\"fr-FR\",\"potentialAction\":[{\"@type\":\"ReadAction\",\"target\":[\"https:\/\/honfest.preprod-kalelia.fr\/?product=festi-box-a-composer-vous-meme\"]}]},{\"@type\":\"ImageObject\",\"inLanguage\":\"fr-FR\",\"@id\":\"https:\/\/honfest.preprod-kalelia.fr\/?product=festi-box-a-composer-vous-meme#primaryimage\",\"url\":\"https:\/\/honfest.preprod-kalelia.fr\/wp-content\/uploads\/2023\/03\/Box-1-scaled.jpg\",\"contentUrl\":\"https:\/\/honfest.preprod-kalelia.fr\/wp-content\/uploads\/2023\/03\/Box-1-scaled.jpg\",\"width\":2560,\"height\":2560},{\"@type\":\"BreadcrumbList\",\"@id\":\"https:\/\/honfest.preprod-kalelia.fr\/?product=festi-box-a-composer-vous-meme#breadcrumb\",\"itemListElement\":[{\"@type\":\"ListItem\",\"position\":1,\"name\":\"Accueil\",\"item\":\"https:\/\/honfest.preprod-kalelia.fr\/\"},{\"@type\":\"ListItem\",\"position\":2,\"name\":\"Festi&rsquo;Box \u00e0 composer vous m\u00eame\"}]},{\"@type\":\"WebSite\",\"@id\":\"https:\/\/honfest.preprod-kalelia.fr\/#website\",\"url\":\"https:\/\/honfest.preprod-kalelia.fr\/\",\"name\":\"Honor\u00e9 Festif\",\"description\":\"\",\"publisher\":{\"@id\":\"https:\/\/honfest.preprod-kalelia.fr\/#organization\"},\"potentialAction\":[{\"@type\":\"SearchAction\",\"target\":{\"@type\":\"EntryPoint\",\"urlTemplate\":\"https:\/\/honfest.preprod-kalelia.fr\/?s={search_term_string}\"},\"query-input\":{\"@type\":\"PropertyValueSpecification\",\"valueRequired\":true,\"valueName\":\"search_term_string\"}}],\"inLanguage\":\"fr-FR\"},{\"@type\":\"Organization\",\"@id\":\"https:\/\/honfest.preprod-kalelia.fr\/#organization\",\"name\":\"Honor\u00e9 Festif\",\"url\":\"https:\/\/honfest.preprod-kalelia.fr\/\",\"logo\":{\"@type\":\"ImageObject\",\"inLanguage\":\"fr-FR\",\"@id\":\"https:\/\/honfest.preprod-kalelia.fr\/#\/schema\/logo\/image\/\",\"url\":\"https:\/\/honfest.preprod-kalelia.fr\/wp-content\/uploads\/2020\/10\/logo-honore-festif.png\",\"contentUrl\":\"https:\/\/honfest.preprod-kalelia.fr\/wp-content\/uploads\/2020\/10\/logo-honore-festif.png\",\"width\":198,\"height\":118,\"caption\":\"Honor\u00e9 Festif\"},\"image\":{\"@id\":\"https:\/\/honfest.preprod-kalelia.fr\/#\/schema\/logo\/image\/\"}}]}<\/script>\n<!-- \/ Yoast SEO plugin. -->","yoast_head_json":{"title":"Festi'Box \u00e0 composer vous m\u00eame | Honor\u00e9 Festif","description":"La Festi' Box est compos\u00e9e d\u2019une entr\u00e9e, d\u2019un plat et d\u2019un dessert. Pour d\u00e9guster ce coffret repas, nous y joignons un kit couverts, un rince doigt, un petit pain d\u2019Honor\u00e9 et d'une petite bouteille d'eau de source (33cl). Composez votre plateau repas en cliquant sur les diff\u00e9rents produits ci-dessous !","robots":{"index":"index","follow":"follow","max-snippet":"max-snippet:-1","max-image-preview":"max-image-preview:large","max-video-preview":"max-video-preview:-1"},"canonical":"https:\/\/honfest.preprod-kalelia.fr\/?product=festi-box-a-composer-vous-meme","og_locale":"fr_FR","og_type":"article","og_title":"Festi'Box \u00e0 composer vous m\u00eame | Honor\u00e9 Festif","og_description":"La Festi' Box est compos\u00e9e d\u2019une entr\u00e9e, d\u2019un plat et d\u2019un dessert. Pour d\u00e9guster ce coffret repas, nous y joignons un kit couverts, un rince doigt, un petit pain d\u2019Honor\u00e9 et d'une petite bouteille d'eau de source (33cl). Composez votre plateau repas en cliquant sur les diff\u00e9rents produits ci-dessous !","og_url":"https:\/\/honfest.preprod-kalelia.fr\/?product=festi-box-a-composer-vous-meme","og_site_name":"Honor\u00e9 Festif","article_modified_time":"2025-06-23T11:58:18+00:00","og_image":[{"width":2560,"height":2560,"url":"https:\/\/honfest.preprod-kalelia.fr\/wp-content\/uploads\/2023\/03\/Box-1-scaled.jpg","type":"image\/jpeg"}],"twitter_card":"summary_large_image","twitter_misc":{"Dur\u00e9e de lecture estim\u00e9e":"1 minute"},"schema":{"@context":"https:\/\/schema.org","@graph":[{"@type":"WebPage","@id":"https:\/\/honfest.preprod-kalelia.fr\/?product=festi-box-a-composer-vous-meme","url":"https:\/\/honfest.preprod-kalelia.fr\/?product=festi-box-a-composer-vous-meme","name":"Festi'Box \u00e0 composer vous m\u00eame | Honor\u00e9 Festif","isPartOf":{"@id":"https:\/\/honfest.preprod-kalelia.fr\/#website"},"primaryImageOfPage":{"@id":"https:\/\/honfest.preprod-kalelia.fr\/?product=festi-box-a-composer-vous-meme#primaryimage"},"image":{"@id":"https:\/\/honfest.preprod-kalelia.fr\/?product=festi-box-a-composer-vous-meme#primaryimage"},"thumbnailUrl":"https:\/\/honfest.preprod-kalelia.fr\/wp-content\/uploads\/2023\/03\/Box-1-scaled.jpg","datePublished":"2014-12-08T13:25:21+00:00","dateModified":"2025-06-23T11:58:18+00:00","description":"La Festi' Box est compos\u00e9e d\u2019une entr\u00e9e, d\u2019un plat et d\u2019un dessert. Pour d\u00e9guster ce coffret repas, nous y joignons un kit couverts, un rince doigt, un petit pain d\u2019Honor\u00e9 et d'une petite bouteille d'eau de source (33cl). Composez votre plateau repas en cliquant sur les diff\u00e9rents produits ci-dessous !","breadcrumb":{"@id":"https:\/\/honfest.preprod-kalelia.fr\/?product=festi-box-a-composer-vous-meme#breadcrumb"},"inLanguage":"fr-FR","potentialAction":[{"@type":"ReadAction","target":["https:\/\/honfest.preprod-kalelia.fr\/?product=festi-box-a-composer-vous-meme"]}]},{"@type":"ImageObject","inLanguage":"fr-FR","@id":"https:\/\/honfest.preprod-kalelia.fr\/?product=festi-box-a-composer-vous-meme#primaryimage","url":"https:\/\/honfest.preprod-kalelia.fr\/wp-content\/uploads\/2023\/03\/Box-1-scaled.jpg","contentUrl":"https:\/\/honfest.preprod-kalelia.fr\/wp-content\/uploads\/2023\/03\/Box-1-scaled.jpg","width":2560,"height":2560},{"@type":"BreadcrumbList","@id":"https:\/\/honfest.preprod-kalelia.fr\/?product=festi-box-a-composer-vous-meme#breadcrumb","itemListElement":[{"@type":"ListItem","position":1,"name":"Accueil","item":"https:\/\/honfest.preprod-kalelia.fr\/"},{"@type":"ListItem","position":2,"name":"Festi&rsquo;Box \u00e0 composer vous m\u00eame"}]},{"@type":"WebSite","@id":"https:\/\/honfest.preprod-kalelia.fr\/#website","url":"https:\/\/honfest.preprod-kalelia.fr\/","name":"Honor\u00e9 Festif","description":"","publisher":{"@id":"https:\/\/honfest.preprod-kalelia.fr\/#organization"},"potentialAction":[{"@type":"SearchAction","target":{"@type":"EntryPoint","urlTemplate":"https:\/\/honfest.preprod-kalelia.fr\/?s={search_term_string}"},"query-input":{"@type":"PropertyValueSpecification","valueRequired":true,"valueName":"search_term_string"}}],"inLanguage":"fr-FR"},{"@type":"Organization","@id":"https:\/\/honfest.preprod-kalelia.fr\/#organization","name":"Honor\u00e9 Festif","url":"https:\/\/honfest.preprod-kalelia.fr\/","logo":{"@type":"ImageObject","inLanguage":"fr-FR","@id":"https:\/\/honfest.preprod-kalelia.fr\/#\/schema\/logo\/image\/","url":"https:\/\/honfest.preprod-kalelia.fr\/wp-content\/uploads\/2020\/10\/logo-honore-festif.png","contentUrl":"https:\/\/honfest.preprod-kalelia.fr\/wp-content\/uploads\/2020\/10\/logo-honore-festif.png","width":198,"height":118,"caption":"Honor\u00e9 Festif"},"image":{"@id":"https:\/\/honfest.preprod-kalelia.fr\/#\/schema\/logo\/image\/"}}]}},"_links":{"self":[{"href":"https:\/\/honfest.preprod-kalelia.fr\/index.php?rest_route=\/wp\/v2\/product\/551","targetHints":{"allow":["GET"]}}],"collection":[{"href":"https:\/\/honfest.preprod-kalelia.fr\/index.php?rest_route=\/wp\/v2\/product"}],"about":[{"href":"https:\/\/honfest.preprod-kalelia.fr\/index.php?rest_route=\/wp\/v2\/types\/product"}],"wp:featuredmedia":[{"embeddable":true,"href":"https:\/\/honfest.preprod-kalelia.fr\/index.php?rest_route=\/wp\/v2\/media\/21670"}],"wp:attachment":[{"href":"https:\/\/honfest.preprod-kalelia.fr\/index.php?rest_route=%2Fwp%2Fv2%2Fmedia&parent=551"}],"wp:term":[{"taxonomy":"product_cat","embeddable":true,"href":"https:\/\/honfest.preprod-kalelia.fr\/index.php?rest_route=%2Fwp%2Fv2%2Fproduct_cat&post=551"},{"taxonomy":"product_tag","embeddable":true,"href":"https:\/\/honfest.preprod-kalelia.fr\/index.php?rest_route=%2Fwp%2Fv2%2Fproduct_tag&post=551"}],"curies":[{"name":"wp","href":"https:\/\/api.w.org\/{rel}","templated":true}]}}