{"id":712,"date":"2014-12-18T11:47:46","date_gmt":"2014-12-18T10:47:46","guid":{"rendered":"http:\/\/honorefestif.1-ter-net.net\/?product=panier-repas-baguette"},"modified":"2025-06-23T13:59:20","modified_gmt":"2025-06-23T11:59:20","slug":"festipouce-sandwich-baguette","status":"publish","type":"product","link":"https:\/\/honfest.preprod-kalelia.fr\/?product=festipouce-sandwich-baguette","title":{"rendered":"Festi&rsquo;Pouce &#8211; Sandwich Baguette"},"content":{"rendered":"<p style=\"text-align: justify\">Le Panier Repas (1\/2 baguette) est compos\u00e9 d\u2019une coupelle de salade, de 1\/2 baguette, 1 yaourt, 1 fruit de saison et 1 four moelleux. Nous y joignons une serviette et une petite bouteille d&rsquo;eau de source (33cl).<\/p>\n<p style=\"text-align: justify\">Composez votre panier repas en cliquant sur\u00a0les diff\u00e9rents produits ci-dessous !<\/p>\n<p style=\"text-align: justify\"><strong>Il est conditionn\u00e9 dans un coffret kraft 100% biod\u00e9gradable.<\/strong><\/p>\n<p><a href=\"https:\/\/honfest.preprod-kalelia.fr\/wp-content\/uploads\/2014\/12\/Conditions-Generales-de-ventes-site-Internet.pdf\" target=\"_blank\" rel=\"noopener noreferrer\"><img loading=\"lazy\" decoding=\"async\" class=\" size-full wp-image-711\" style=\"margin-left: auto;margin-right: auto\" alt=\"\" src=\"https:\/\/honfest.preprod-kalelia.fr\/wp-content\/uploads\/2014\/12\/Delai-48h.jpg\" width=\"74\" height=\"55\" \/><\/a><\/p>\n<p><sub><span style=\"text-decoration: underline\">Ce produit peut\u00a0contenir les allerg\u00e8nes suivants : <\/span><\/sub><sub>Gluten, Crustac\u00e9s, Mollusques, Oeufs, Poissons, Arachides, Soja, Lait, Fruits \u00e0 Coques, C\u00e9leri, Moutarde<\/sub><\/p>\n<p style=\"text-align: justify\">\n<\/p><\/p>\n","protected":false},"excerpt":{"rendered":"<p style=\"text-align: justify\">Le Festi&rsquo;Pouce \u00ab\u00a0Sandwich baguette\u00a0\u00bb est compos\u00e9 d\u2019une coupelle de salade, d&rsquo;un sandwich baguette et d&rsquo;un dessert gourmand. Nous y joignons un kit couverts (fourchette, couteau, cuill\u00e8re, serviette) et une petite bouteille d&rsquo;eau de source (33 cl).<\/p>\n<p style=\"text-align: justify\">Composez votre panier repas en cliquant sur\u00a0les diff\u00e9rents produits ci-dessous !<\/p>\n<p style=\"text-align: justify\"><strong>Il est conditionn\u00e9 dans un coffret carton 100% biod\u00e9gradable.<\/strong><\/p>\n<p><em>Commande minimum de 10 paniers repas<\/em><\/p>\n","protected":false},"featured_media":21674,"template":"","meta":[],"product_cat":[60],"product_tag":[235,261,264],"class_list":{"0":"post-712","1":"product","2":"type-product","3":"status-publish","4":"has-post-thumbnail","6":"type-evt-produit-dejeuner-dentreprise","7":"type-evt-produit-evenements-prives","8":"type-prest-produit-plateau-repas-1h-assis","9":"saveur-produit-sale-froid","10":"saveur-produit-sucre","11":"saveur-produit-un-peu-de-tout","12":"product_cat-festipouce-festi-box","13":"product_tag-coffret-repas","14":"product_tag-panier-repas","15":"product_tag-sandwiches","16":"pa_a_entreepaniers-salade-composee-poisson-exemples-hollandaise-macedoine-aux-2-thons-risoni","17":"pa_a_entreepaniers-salade-composee-viande-exemples-poulette-piemontaise-italienne","18":"pa_a_entreepaniers-salade-composee-vegetarien-exemples-coleslaw-taboule-mexicaine","19":"pa_b_platpaniers-sandwich-compose-poisson-exemples-saumon-fume-rillette-de-thon-tartare-de-crevettes","20":"pa_b_platpaniers-sandwich-compose-vegetarien-exemples-coleslaw-oeuf-mimosa-legumes-grilles","21":"pa_b_platpaniers-sandwich-compose-viande-exemples-emince-de-poulet-roti-de-boeuf-noix-de-veau","22":"pa_c_dessertpaniers-1-coupelle-de-salade-de-fruits-de-saison","23":"pa_c_dessertpaniers-1-part-de-gateau-ou-de-creme-dessert-ou-de-chou","24":"pa_c_dessertpaniers-1-part-de-tarte-ou-de-crumble-ou-de-flan","26":"first","27":"instock","28":"taxable","29":"shipping-taxable","30":"purchasable","31":"product-type-variable"},"yoast_head":"<!-- This site is optimized with the Yoast SEO plugin v25.9 - https:\/\/yoast.com\/wordpress\/plugins\/seo\/ -->\n<title>Festi&#039;Pouce - Sandwich Baguette | Honor\u00e9 Festif<\/title>\n<meta name=\"description\" content=\"Le Festi&#039;Pouce &quot;Sandwich baguette&quot; est compos\u00e9 d\u2019une coupelle de salade, d&#039;un sandwich baguette et d&#039;un dessert gourmand. Nous y joignons un kit couverts (fourchette, couteau, cuill\u00e8re, serviette) et une petite bouteille d&#039;eau de source (33 cl).\" \/>\n<meta name=\"robots\" content=\"index, follow, max-snippet:-1, max-image-preview:large, max-video-preview:-1\" \/>\n<link rel=\"canonical\" href=\"https:\/\/honfest.preprod-kalelia.fr\/?product=festipouce-sandwich-baguette\" \/>\n<meta property=\"og:locale\" content=\"fr_FR\" \/>\n<meta property=\"og:type\" content=\"article\" \/>\n<meta property=\"og:title\" content=\"Festi&#039;Pouce - Sandwich Baguette | Honor\u00e9 Festif\" \/>\n<meta property=\"og:description\" content=\"Le Festi&#039;Pouce &quot;Sandwich baguette&quot; est compos\u00e9 d\u2019une coupelle de salade, d&#039;un sandwich baguette et d&#039;un dessert gourmand. Nous y joignons un kit couverts (fourchette, couteau, cuill\u00e8re, serviette) et une petite bouteille d&#039;eau de source (33 cl).\" \/>\n<meta property=\"og:url\" content=\"https:\/\/honfest.preprod-kalelia.fr\/?product=festipouce-sandwich-baguette\" \/>\n<meta property=\"og:site_name\" content=\"Honor\u00e9 Festif\" \/>\n<meta property=\"article:modified_time\" content=\"2025-06-23T11:59:20+00:00\" \/>\n<meta property=\"og:image\" content=\"https:\/\/honfest.preprod-kalelia.fr\/wp-content\/uploads\/2014\/12\/HonoreFestif-0465-scaled.jpg\" \/>\n\t<meta property=\"og:image:width\" content=\"2560\" \/>\n\t<meta property=\"og:image:height\" content=\"2560\" \/>\n\t<meta property=\"og:image:type\" content=\"image\/jpeg\" \/>\n<meta name=\"twitter:card\" content=\"summary_large_image\" \/>\n<meta name=\"twitter:label1\" content=\"Dur\u00e9e de lecture estim\u00e9e\" \/>\n\t<meta name=\"twitter:data1\" content=\"1 minute\" \/>\n<script type=\"application\/ld+json\" class=\"yoast-schema-graph\">{\"@context\":\"https:\/\/schema.org\",\"@graph\":[{\"@type\":\"WebPage\",\"@id\":\"https:\/\/honfest.preprod-kalelia.fr\/?product=festipouce-sandwich-baguette\",\"url\":\"https:\/\/honfest.preprod-kalelia.fr\/?product=festipouce-sandwich-baguette\",\"name\":\"Festi'Pouce - Sandwich Baguette | Honor\u00e9 Festif\",\"isPartOf\":{\"@id\":\"https:\/\/honfest.preprod-kalelia.fr\/#website\"},\"primaryImageOfPage\":{\"@id\":\"https:\/\/honfest.preprod-kalelia.fr\/?product=festipouce-sandwich-baguette#primaryimage\"},\"image\":{\"@id\":\"https:\/\/honfest.preprod-kalelia.fr\/?product=festipouce-sandwich-baguette#primaryimage\"},\"thumbnailUrl\":\"https:\/\/honfest.preprod-kalelia.fr\/wp-content\/uploads\/2014\/12\/HonoreFestif-0465-scaled.jpg\",\"datePublished\":\"2014-12-18T10:47:46+00:00\",\"dateModified\":\"2025-06-23T11:59:20+00:00\",\"description\":\"Le Festi'Pouce \\\"Sandwich baguette\\\" est compos\u00e9 d\u2019une coupelle de salade, d'un sandwich baguette et d'un dessert gourmand. Nous y joignons un kit couverts (fourchette, couteau, cuill\u00e8re, serviette) et une petite bouteille d'eau de source (33 cl).\",\"breadcrumb\":{\"@id\":\"https:\/\/honfest.preprod-kalelia.fr\/?product=festipouce-sandwich-baguette#breadcrumb\"},\"inLanguage\":\"fr-FR\",\"potentialAction\":[{\"@type\":\"ReadAction\",\"target\":[\"https:\/\/honfest.preprod-kalelia.fr\/?product=festipouce-sandwich-baguette\"]}]},{\"@type\":\"ImageObject\",\"inLanguage\":\"fr-FR\",\"@id\":\"https:\/\/honfest.preprod-kalelia.fr\/?product=festipouce-sandwich-baguette#primaryimage\",\"url\":\"https:\/\/honfest.preprod-kalelia.fr\/wp-content\/uploads\/2014\/12\/HonoreFestif-0465-scaled.jpg\",\"contentUrl\":\"https:\/\/honfest.preprod-kalelia.fr\/wp-content\/uploads\/2014\/12\/HonoreFestif-0465-scaled.jpg\",\"width\":2560,\"height\":2560},{\"@type\":\"BreadcrumbList\",\"@id\":\"https:\/\/honfest.preprod-kalelia.fr\/?product=festipouce-sandwich-baguette#breadcrumb\",\"itemListElement\":[{\"@type\":\"ListItem\",\"position\":1,\"name\":\"Accueil\",\"item\":\"https:\/\/honfest.preprod-kalelia.fr\/\"},{\"@type\":\"ListItem\",\"position\":2,\"name\":\"Festi&rsquo;Pouce &#8211; Sandwich Baguette\"}]},{\"@type\":\"WebSite\",\"@id\":\"https:\/\/honfest.preprod-kalelia.fr\/#website\",\"url\":\"https:\/\/honfest.preprod-kalelia.fr\/\",\"name\":\"Honor\u00e9 Festif\",\"description\":\"\",\"publisher\":{\"@id\":\"https:\/\/honfest.preprod-kalelia.fr\/#organization\"},\"potentialAction\":[{\"@type\":\"SearchAction\",\"target\":{\"@type\":\"EntryPoint\",\"urlTemplate\":\"https:\/\/honfest.preprod-kalelia.fr\/?s={search_term_string}\"},\"query-input\":{\"@type\":\"PropertyValueSpecification\",\"valueRequired\":true,\"valueName\":\"search_term_string\"}}],\"inLanguage\":\"fr-FR\"},{\"@type\":\"Organization\",\"@id\":\"https:\/\/honfest.preprod-kalelia.fr\/#organization\",\"name\":\"Honor\u00e9 Festif\",\"url\":\"https:\/\/honfest.preprod-kalelia.fr\/\",\"logo\":{\"@type\":\"ImageObject\",\"inLanguage\":\"fr-FR\",\"@id\":\"https:\/\/honfest.preprod-kalelia.fr\/#\/schema\/logo\/image\/\",\"url\":\"https:\/\/honfest.preprod-kalelia.fr\/wp-content\/uploads\/2020\/10\/logo-honore-festif.png\",\"contentUrl\":\"https:\/\/honfest.preprod-kalelia.fr\/wp-content\/uploads\/2020\/10\/logo-honore-festif.png\",\"width\":198,\"height\":118,\"caption\":\"Honor\u00e9 Festif\"},\"image\":{\"@id\":\"https:\/\/honfest.preprod-kalelia.fr\/#\/schema\/logo\/image\/\"}}]}<\/script>\n<!-- \/ Yoast SEO plugin. -->","yoast_head_json":{"title":"Festi'Pouce - Sandwich Baguette | Honor\u00e9 Festif","description":"Le Festi'Pouce \"Sandwich baguette\" est compos\u00e9 d\u2019une coupelle de salade, d'un sandwich baguette et d'un dessert gourmand. Nous y joignons un kit couverts (fourchette, couteau, cuill\u00e8re, serviette) et une petite bouteille d'eau de source (33 cl).","robots":{"index":"index","follow":"follow","max-snippet":"max-snippet:-1","max-image-preview":"max-image-preview:large","max-video-preview":"max-video-preview:-1"},"canonical":"https:\/\/honfest.preprod-kalelia.fr\/?product=festipouce-sandwich-baguette","og_locale":"fr_FR","og_type":"article","og_title":"Festi'Pouce - Sandwich Baguette | Honor\u00e9 Festif","og_description":"Le Festi'Pouce \"Sandwich baguette\" est compos\u00e9 d\u2019une coupelle de salade, d'un sandwich baguette et d'un dessert gourmand. Nous y joignons un kit couverts (fourchette, couteau, cuill\u00e8re, serviette) et une petite bouteille d'eau de source (33 cl).","og_url":"https:\/\/honfest.preprod-kalelia.fr\/?product=festipouce-sandwich-baguette","og_site_name":"Honor\u00e9 Festif","article_modified_time":"2025-06-23T11:59:20+00:00","og_image":[{"width":2560,"height":2560,"url":"https:\/\/honfest.preprod-kalelia.fr\/wp-content\/uploads\/2014\/12\/HonoreFestif-0465-scaled.jpg","type":"image\/jpeg"}],"twitter_card":"summary_large_image","twitter_misc":{"Dur\u00e9e de lecture estim\u00e9e":"1 minute"},"schema":{"@context":"https:\/\/schema.org","@graph":[{"@type":"WebPage","@id":"https:\/\/honfest.preprod-kalelia.fr\/?product=festipouce-sandwich-baguette","url":"https:\/\/honfest.preprod-kalelia.fr\/?product=festipouce-sandwich-baguette","name":"Festi'Pouce - Sandwich Baguette | Honor\u00e9 Festif","isPartOf":{"@id":"https:\/\/honfest.preprod-kalelia.fr\/#website"},"primaryImageOfPage":{"@id":"https:\/\/honfest.preprod-kalelia.fr\/?product=festipouce-sandwich-baguette#primaryimage"},"image":{"@id":"https:\/\/honfest.preprod-kalelia.fr\/?product=festipouce-sandwich-baguette#primaryimage"},"thumbnailUrl":"https:\/\/honfest.preprod-kalelia.fr\/wp-content\/uploads\/2014\/12\/HonoreFestif-0465-scaled.jpg","datePublished":"2014-12-18T10:47:46+00:00","dateModified":"2025-06-23T11:59:20+00:00","description":"Le Festi'Pouce \"Sandwich baguette\" est compos\u00e9 d\u2019une coupelle de salade, d'un sandwich baguette et d'un dessert gourmand. Nous y joignons un kit couverts (fourchette, couteau, cuill\u00e8re, serviette) et une petite bouteille d'eau de source (33 cl).","breadcrumb":{"@id":"https:\/\/honfest.preprod-kalelia.fr\/?product=festipouce-sandwich-baguette#breadcrumb"},"inLanguage":"fr-FR","potentialAction":[{"@type":"ReadAction","target":["https:\/\/honfest.preprod-kalelia.fr\/?product=festipouce-sandwich-baguette"]}]},{"@type":"ImageObject","inLanguage":"fr-FR","@id":"https:\/\/honfest.preprod-kalelia.fr\/?product=festipouce-sandwich-baguette#primaryimage","url":"https:\/\/honfest.preprod-kalelia.fr\/wp-content\/uploads\/2014\/12\/HonoreFestif-0465-scaled.jpg","contentUrl":"https:\/\/honfest.preprod-kalelia.fr\/wp-content\/uploads\/2014\/12\/HonoreFestif-0465-scaled.jpg","width":2560,"height":2560},{"@type":"BreadcrumbList","@id":"https:\/\/honfest.preprod-kalelia.fr\/?product=festipouce-sandwich-baguette#breadcrumb","itemListElement":[{"@type":"ListItem","position":1,"name":"Accueil","item":"https:\/\/honfest.preprod-kalelia.fr\/"},{"@type":"ListItem","position":2,"name":"Festi&rsquo;Pouce &#8211; Sandwich Baguette"}]},{"@type":"WebSite","@id":"https:\/\/honfest.preprod-kalelia.fr\/#website","url":"https:\/\/honfest.preprod-kalelia.fr\/","name":"Honor\u00e9 Festif","description":"","publisher":{"@id":"https:\/\/honfest.preprod-kalelia.fr\/#organization"},"potentialAction":[{"@type":"SearchAction","target":{"@type":"EntryPoint","urlTemplate":"https:\/\/honfest.preprod-kalelia.fr\/?s={search_term_string}"},"query-input":{"@type":"PropertyValueSpecification","valueRequired":true,"valueName":"search_term_string"}}],"inLanguage":"fr-FR"},{"@type":"Organization","@id":"https:\/\/honfest.preprod-kalelia.fr\/#organization","name":"Honor\u00e9 Festif","url":"https:\/\/honfest.preprod-kalelia.fr\/","logo":{"@type":"ImageObject","inLanguage":"fr-FR","@id":"https:\/\/honfest.preprod-kalelia.fr\/#\/schema\/logo\/image\/","url":"https:\/\/honfest.preprod-kalelia.fr\/wp-content\/uploads\/2020\/10\/logo-honore-festif.png","contentUrl":"https:\/\/honfest.preprod-kalelia.fr\/wp-content\/uploads\/2020\/10\/logo-honore-festif.png","width":198,"height":118,"caption":"Honor\u00e9 Festif"},"image":{"@id":"https:\/\/honfest.preprod-kalelia.fr\/#\/schema\/logo\/image\/"}}]}},"_links":{"self":[{"href":"https:\/\/honfest.preprod-kalelia.fr\/index.php?rest_route=\/wp\/v2\/product\/712","targetHints":{"allow":["GET"]}}],"collection":[{"href":"https:\/\/honfest.preprod-kalelia.fr\/index.php?rest_route=\/wp\/v2\/product"}],"about":[{"href":"https:\/\/honfest.preprod-kalelia.fr\/index.php?rest_route=\/wp\/v2\/types\/product"}],"wp:featuredmedia":[{"embeddable":true,"href":"https:\/\/honfest.preprod-kalelia.fr\/index.php?rest_route=\/wp\/v2\/media\/21674"}],"wp:attachment":[{"href":"https:\/\/honfest.preprod-kalelia.fr\/index.php?rest_route=%2Fwp%2Fv2%2Fmedia&parent=712"}],"wp:term":[{"taxonomy":"product_cat","embeddable":true,"href":"https:\/\/honfest.preprod-kalelia.fr\/index.php?rest_route=%2Fwp%2Fv2%2Fproduct_cat&post=712"},{"taxonomy":"product_tag","embeddable":true,"href":"https:\/\/honfest.preprod-kalelia.fr\/index.php?rest_route=%2Fwp%2Fv2%2Fproduct_tag&post=712"}],"curies":[{"name":"wp","href":"https:\/\/api.w.org\/{rel}","templated":true}]}}