{"id":824,"date":"2014-12-18T13:03:57","date_gmt":"2014-12-18T12:03:57","guid":{"rendered":"http:\/\/honorefestif.1-ter-net.net\/?product=plateau-de-mini-cassolettes-sucrees"},"modified":"2024-11-21T11:06:22","modified_gmt":"2024-11-21T10:06:22","slug":"plateau-de-petits-pots-de-creme","status":"publish","type":"product","link":"https:\/\/honfest.preprod-kalelia.fr\/?product=plateau-de-petits-pots-de-creme","title":{"rendered":"Plateau de petits pots de cr\u00e8me"},"content":{"rendered":"<p>Moelleux \u00e0 la pistache de Sicile et abricots r\u00f4tis<\/p>\n<p>Blanc manger coco, coulis aux fruits des \u00eeles<\/p>\n<p>Compot\u00e9e de fraise-rhubarbe, nougatine aux amandes, \u00e9mulsion vanill\u00e9e<\/p>\n<p>Profiterole au craquelin, chantilly Stracciatella, gel\u00e9e de fruits rouges<\/p>\n<p><a href=\"https:\/\/honfest.preprod-kalelia.fr\/wp-content\/uploads\/2014\/12\/Conditions-Generales-de-ventes-site-Internet.pdf\" target=\"_blank\" rel=\"noopener noreferrer\"><img loading=\"lazy\" decoding=\"async\" class=\" size-full wp-image-823\" width=\"74\" height=\"55\" style=\"margin-left: auto;margin-right: auto\" alt=\"\" src=\"https:\/\/honfest.preprod-kalelia.fr\/wp-content\/uploads\/2014\/12\/Delai-48h.jpg\" \/><\/a><\/p>\n<p><sub><span style=\"text-decoration: underline\">Ce produit peut\u00a0contenir les allerg\u00e8nes suivants : <\/span><\/sub><sub>Gluten,\u00a0\u0153ufs, \u00a0Arachides,\u00a0Lait, Fruits \u00e0 Coques<\/sub><\/p><\/p>\n","protected":false},"excerpt":{"rendered":"<p>Cr\u00e8me caf\u00e9, Pralin\u00e9 pur Arabica, Crumble Caf\u00e9<\/p>\n<p>Cr\u00e8me pistache, Pralin\u00e9 pur Pistache verte, Crumble Pistache<\/p>\n<p>Cr\u00e8me noisette, Pralin\u00e9 \u00e0 l&rsquo;ancienne, Crumble noisette<\/p>\n<p>Cr\u00e8me ch\u00e2taigne, Cr\u00e8me de marron, Crumble \u00e0 la brisure de marrons<\/p>\n","protected":false},"featured_media":18466,"template":"","meta":[],"product_cat":[46,64],"product_tag":[241,590,591,274],"class_list":{"0":"post-824","1":"product","2":"type-product","3":"status-publish","4":"has-post-thumbnail","6":"type-prest-produit-cocktail-dejeunatoire-2h-debout","7":"type-prest-produit-pause-a-theme-1h-debout","8":"saveur-produit-sucre","9":"product_cat-cocktail","10":"product_cat-cocktail-a-composer","11":"product_tag-cocktail","12":"product_tag-creme","13":"product_tag-pots","14":"product_tag-sucre","16":"first","17":"instock","18":"taxable","19":"shipping-taxable","20":"purchasable","21":"product-type-simple"},"yoast_head":"<!-- This site is optimized with the Yoast SEO plugin v25.9 - https:\/\/yoast.com\/wordpress\/plugins\/seo\/ -->\n<title>Plateau de petits pots de cr\u00e8me | Honor\u00e9 Festif<\/title>\n<meta name=\"description\" content=\"vente Plateau de petits pots de cr\u00e8me particulier entreprise \u00e0 Nantes et Loire Atlantique\" \/>\n<meta name=\"robots\" content=\"index, follow, max-snippet:-1, max-image-preview:large, max-video-preview:-1\" \/>\n<link rel=\"canonical\" href=\"https:\/\/honfest.preprod-kalelia.fr\/?product=plateau-de-petits-pots-de-creme\" \/>\n<meta property=\"og:locale\" content=\"fr_FR\" \/>\n<meta property=\"og:type\" content=\"article\" \/>\n<meta property=\"og:title\" content=\"Plateau de petits pots de cr\u00e8me | Honor\u00e9 Festif\" \/>\n<meta property=\"og:description\" content=\"vente Plateau de petits pots de cr\u00e8me particulier entreprise \u00e0 Nantes et Loire Atlantique\" \/>\n<meta property=\"og:url\" content=\"https:\/\/honfest.preprod-kalelia.fr\/?product=plateau-de-petits-pots-de-creme\" \/>\n<meta property=\"og:site_name\" content=\"Honor\u00e9 Festif\" \/>\n<meta property=\"article:modified_time\" content=\"2024-11-21T10:06:22+00:00\" \/>\n<meta property=\"og:image\" content=\"https:\/\/honfest.preprod-kalelia.fr\/wp-content\/uploads\/2014\/12\/Plateau-de-petits-pots-de-creme-20-pieces-1024x1024.png\" \/>\n\t<meta property=\"og:image:width\" content=\"1024\" \/>\n\t<meta property=\"og:image:height\" content=\"1024\" \/>\n\t<meta property=\"og:image:type\" content=\"image\/png\" \/>\n<meta name=\"twitter:card\" content=\"summary_large_image\" \/>\n<meta name=\"twitter:label1\" content=\"Dur\u00e9e de lecture estim\u00e9e\" \/>\n\t<meta name=\"twitter:data1\" content=\"1 minute\" \/>\n<script type=\"application\/ld+json\" class=\"yoast-schema-graph\">{\"@context\":\"https:\/\/schema.org\",\"@graph\":[{\"@type\":\"WebPage\",\"@id\":\"https:\/\/honfest.preprod-kalelia.fr\/?product=plateau-de-petits-pots-de-creme\",\"url\":\"https:\/\/honfest.preprod-kalelia.fr\/?product=plateau-de-petits-pots-de-creme\",\"name\":\"Plateau de petits pots de cr\u00e8me | Honor\u00e9 Festif\",\"isPartOf\":{\"@id\":\"https:\/\/honfest.preprod-kalelia.fr\/#website\"},\"primaryImageOfPage\":{\"@id\":\"https:\/\/honfest.preprod-kalelia.fr\/?product=plateau-de-petits-pots-de-creme#primaryimage\"},\"image\":{\"@id\":\"https:\/\/honfest.preprod-kalelia.fr\/?product=plateau-de-petits-pots-de-creme#primaryimage\"},\"thumbnailUrl\":\"https:\/\/honfest.preprod-kalelia.fr\/wp-content\/uploads\/2014\/12\/Plateau-de-petits-pots-de-creme-20-pieces.png\",\"datePublished\":\"2014-12-18T12:03:57+00:00\",\"dateModified\":\"2024-11-21T10:06:22+00:00\",\"description\":\"vente Plateau de petits pots de cr\u00e8me particulier entreprise \u00e0 Nantes et Loire Atlantique\",\"breadcrumb\":{\"@id\":\"https:\/\/honfest.preprod-kalelia.fr\/?product=plateau-de-petits-pots-de-creme#breadcrumb\"},\"inLanguage\":\"fr-FR\",\"potentialAction\":[{\"@type\":\"ReadAction\",\"target\":[\"https:\/\/honfest.preprod-kalelia.fr\/?product=plateau-de-petits-pots-de-creme\"]}]},{\"@type\":\"ImageObject\",\"inLanguage\":\"fr-FR\",\"@id\":\"https:\/\/honfest.preprod-kalelia.fr\/?product=plateau-de-petits-pots-de-creme#primaryimage\",\"url\":\"https:\/\/honfest.preprod-kalelia.fr\/wp-content\/uploads\/2014\/12\/Plateau-de-petits-pots-de-creme-20-pieces.png\",\"contentUrl\":\"https:\/\/honfest.preprod-kalelia.fr\/wp-content\/uploads\/2014\/12\/Plateau-de-petits-pots-de-creme-20-pieces.png\",\"width\":3942,\"height\":3942},{\"@type\":\"BreadcrumbList\",\"@id\":\"https:\/\/honfest.preprod-kalelia.fr\/?product=plateau-de-petits-pots-de-creme#breadcrumb\",\"itemListElement\":[{\"@type\":\"ListItem\",\"position\":1,\"name\":\"Accueil\",\"item\":\"https:\/\/honfest.preprod-kalelia.fr\/\"},{\"@type\":\"ListItem\",\"position\":2,\"name\":\"Plateau de petits pots de cr\u00e8me\"}]},{\"@type\":\"WebSite\",\"@id\":\"https:\/\/honfest.preprod-kalelia.fr\/#website\",\"url\":\"https:\/\/honfest.preprod-kalelia.fr\/\",\"name\":\"Honor\u00e9 Festif\",\"description\":\"\",\"publisher\":{\"@id\":\"https:\/\/honfest.preprod-kalelia.fr\/#organization\"},\"potentialAction\":[{\"@type\":\"SearchAction\",\"target\":{\"@type\":\"EntryPoint\",\"urlTemplate\":\"https:\/\/honfest.preprod-kalelia.fr\/?s={search_term_string}\"},\"query-input\":{\"@type\":\"PropertyValueSpecification\",\"valueRequired\":true,\"valueName\":\"search_term_string\"}}],\"inLanguage\":\"fr-FR\"},{\"@type\":\"Organization\",\"@id\":\"https:\/\/honfest.preprod-kalelia.fr\/#organization\",\"name\":\"Honor\u00e9 Festif\",\"url\":\"https:\/\/honfest.preprod-kalelia.fr\/\",\"logo\":{\"@type\":\"ImageObject\",\"inLanguage\":\"fr-FR\",\"@id\":\"https:\/\/honfest.preprod-kalelia.fr\/#\/schema\/logo\/image\/\",\"url\":\"https:\/\/honfest.preprod-kalelia.fr\/wp-content\/uploads\/2020\/10\/logo-honore-festif.png\",\"contentUrl\":\"https:\/\/honfest.preprod-kalelia.fr\/wp-content\/uploads\/2020\/10\/logo-honore-festif.png\",\"width\":198,\"height\":118,\"caption\":\"Honor\u00e9 Festif\"},\"image\":{\"@id\":\"https:\/\/honfest.preprod-kalelia.fr\/#\/schema\/logo\/image\/\"}}]}<\/script>\n<!-- \/ Yoast SEO plugin. -->","yoast_head_json":{"title":"Plateau de petits pots de cr\u00e8me | Honor\u00e9 Festif","description":"vente Plateau de petits pots de cr\u00e8me particulier entreprise \u00e0 Nantes et Loire Atlantique","robots":{"index":"index","follow":"follow","max-snippet":"max-snippet:-1","max-image-preview":"max-image-preview:large","max-video-preview":"max-video-preview:-1"},"canonical":"https:\/\/honfest.preprod-kalelia.fr\/?product=plateau-de-petits-pots-de-creme","og_locale":"fr_FR","og_type":"article","og_title":"Plateau de petits pots de cr\u00e8me | Honor\u00e9 Festif","og_description":"vente Plateau de petits pots de cr\u00e8me particulier entreprise \u00e0 Nantes et Loire Atlantique","og_url":"https:\/\/honfest.preprod-kalelia.fr\/?product=plateau-de-petits-pots-de-creme","og_site_name":"Honor\u00e9 Festif","article_modified_time":"2024-11-21T10:06:22+00:00","og_image":[{"width":1024,"height":1024,"url":"https:\/\/honfest.preprod-kalelia.fr\/wp-content\/uploads\/2014\/12\/Plateau-de-petits-pots-de-creme-20-pieces-1024x1024.png","type":"image\/png"}],"twitter_card":"summary_large_image","twitter_misc":{"Dur\u00e9e de lecture estim\u00e9e":"1 minute"},"schema":{"@context":"https:\/\/schema.org","@graph":[{"@type":"WebPage","@id":"https:\/\/honfest.preprod-kalelia.fr\/?product=plateau-de-petits-pots-de-creme","url":"https:\/\/honfest.preprod-kalelia.fr\/?product=plateau-de-petits-pots-de-creme","name":"Plateau de petits pots de cr\u00e8me | Honor\u00e9 Festif","isPartOf":{"@id":"https:\/\/honfest.preprod-kalelia.fr\/#website"},"primaryImageOfPage":{"@id":"https:\/\/honfest.preprod-kalelia.fr\/?product=plateau-de-petits-pots-de-creme#primaryimage"},"image":{"@id":"https:\/\/honfest.preprod-kalelia.fr\/?product=plateau-de-petits-pots-de-creme#primaryimage"},"thumbnailUrl":"https:\/\/honfest.preprod-kalelia.fr\/wp-content\/uploads\/2014\/12\/Plateau-de-petits-pots-de-creme-20-pieces.png","datePublished":"2014-12-18T12:03:57+00:00","dateModified":"2024-11-21T10:06:22+00:00","description":"vente Plateau de petits pots de cr\u00e8me particulier entreprise \u00e0 Nantes et Loire Atlantique","breadcrumb":{"@id":"https:\/\/honfest.preprod-kalelia.fr\/?product=plateau-de-petits-pots-de-creme#breadcrumb"},"inLanguage":"fr-FR","potentialAction":[{"@type":"ReadAction","target":["https:\/\/honfest.preprod-kalelia.fr\/?product=plateau-de-petits-pots-de-creme"]}]},{"@type":"ImageObject","inLanguage":"fr-FR","@id":"https:\/\/honfest.preprod-kalelia.fr\/?product=plateau-de-petits-pots-de-creme#primaryimage","url":"https:\/\/honfest.preprod-kalelia.fr\/wp-content\/uploads\/2014\/12\/Plateau-de-petits-pots-de-creme-20-pieces.png","contentUrl":"https:\/\/honfest.preprod-kalelia.fr\/wp-content\/uploads\/2014\/12\/Plateau-de-petits-pots-de-creme-20-pieces.png","width":3942,"height":3942},{"@type":"BreadcrumbList","@id":"https:\/\/honfest.preprod-kalelia.fr\/?product=plateau-de-petits-pots-de-creme#breadcrumb","itemListElement":[{"@type":"ListItem","position":1,"name":"Accueil","item":"https:\/\/honfest.preprod-kalelia.fr\/"},{"@type":"ListItem","position":2,"name":"Plateau de petits pots de cr\u00e8me"}]},{"@type":"WebSite","@id":"https:\/\/honfest.preprod-kalelia.fr\/#website","url":"https:\/\/honfest.preprod-kalelia.fr\/","name":"Honor\u00e9 Festif","description":"","publisher":{"@id":"https:\/\/honfest.preprod-kalelia.fr\/#organization"},"potentialAction":[{"@type":"SearchAction","target":{"@type":"EntryPoint","urlTemplate":"https:\/\/honfest.preprod-kalelia.fr\/?s={search_term_string}"},"query-input":{"@type":"PropertyValueSpecification","valueRequired":true,"valueName":"search_term_string"}}],"inLanguage":"fr-FR"},{"@type":"Organization","@id":"https:\/\/honfest.preprod-kalelia.fr\/#organization","name":"Honor\u00e9 Festif","url":"https:\/\/honfest.preprod-kalelia.fr\/","logo":{"@type":"ImageObject","inLanguage":"fr-FR","@id":"https:\/\/honfest.preprod-kalelia.fr\/#\/schema\/logo\/image\/","url":"https:\/\/honfest.preprod-kalelia.fr\/wp-content\/uploads\/2020\/10\/logo-honore-festif.png","contentUrl":"https:\/\/honfest.preprod-kalelia.fr\/wp-content\/uploads\/2020\/10\/logo-honore-festif.png","width":198,"height":118,"caption":"Honor\u00e9 Festif"},"image":{"@id":"https:\/\/honfest.preprod-kalelia.fr\/#\/schema\/logo\/image\/"}}]}},"_links":{"self":[{"href":"https:\/\/honfest.preprod-kalelia.fr\/index.php?rest_route=\/wp\/v2\/product\/824","targetHints":{"allow":["GET"]}}],"collection":[{"href":"https:\/\/honfest.preprod-kalelia.fr\/index.php?rest_route=\/wp\/v2\/product"}],"about":[{"href":"https:\/\/honfest.preprod-kalelia.fr\/index.php?rest_route=\/wp\/v2\/types\/product"}],"wp:featuredmedia":[{"embeddable":true,"href":"https:\/\/honfest.preprod-kalelia.fr\/index.php?rest_route=\/wp\/v2\/media\/18466"}],"wp:attachment":[{"href":"https:\/\/honfest.preprod-kalelia.fr\/index.php?rest_route=%2Fwp%2Fv2%2Fmedia&parent=824"}],"wp:term":[{"taxonomy":"product_cat","embeddable":true,"href":"https:\/\/honfest.preprod-kalelia.fr\/index.php?rest_route=%2Fwp%2Fv2%2Fproduct_cat&post=824"},{"taxonomy":"product_tag","embeddable":true,"href":"https:\/\/honfest.preprod-kalelia.fr\/index.php?rest_route=%2Fwp%2Fv2%2Fproduct_tag&post=824"}],"curies":[{"name":"wp","href":"https:\/\/api.w.org\/{rel}","templated":true}]}}