{"id":896,"date":"2014-12-19T15:28:56","date_gmt":"2014-12-19T14:28:56","guid":{"rendered":"http:\/\/honorefestif.1-ter-net.net\/?product=rose-de-loire-domaine-la-croix-des-loges"},"modified":"2025-04-25T08:11:05","modified_gmt":"2025-04-25T06:11:05","slug":"rose-de-loire-domaine-la-croix-des-loges","status":"publish","type":"product","link":"https:\/\/honfest.preprod-kalelia.fr\/?product=rose-de-loire-domaine-la-croix-des-loges","title":{"rendered":"Chinon ros\u00e9 \u00ab\u00a0Cuv\u00e9e Marie-Justine\u00a0\u00bb Baudry Dutour"},"content":{"rendered":"<p>Bouteille de 75 cl<\/p>\n<p><span style=\"text-decoration: underline\">L&rsquo;abus d&rsquo;alcool est dangereux pour la sant\u00e9.<\/span><\/p><\/p>\n","protected":false},"excerpt":{"rendered":"<p>Bouteille de 75 cl<\/p>\n<p><span style=\"text-decoration: underline\">L&rsquo;abus d&rsquo;alcool est dangereux pour la sant\u00e9.<\/span><\/p>\n","protected":false},"featured_media":897,"template":"","meta":[],"product_cat":[71,53],"product_tag":[297],"class_list":{"0":"post-896","1":"product","2":"type-product","3":"status-publish","4":"has-post-thumbnail","6":"type-prest-produit-buffet-copieux-2h-assis","7":"type-prest-produit-plateau-repas-1h-assis","8":"type-prest-produit-repas-assis-a-lassiette","9":"product_cat-boissons-plateau-repas","10":"product_cat-carte-des-boissons","11":"product_tag-vin-rose","13":"first","14":"instock","15":"taxable","16":"shipping-taxable","17":"purchasable","18":"product-type-simple"},"yoast_head":"<!-- This site is optimized with the Yoast SEO plugin v25.9 - https:\/\/yoast.com\/wordpress\/plugins\/seo\/ -->\n<title>Chinon ros\u00e9 &quot;Cuv\u00e9e Marie-Justine&quot; Baudry Dutour | Honor\u00e9 Festif<\/title>\n<meta name=\"description\" content=\"vente Chinon ros\u00e9 &quot;Cuv\u00e9e Marie-Justine&quot; Baudry Dutour particulier entreprise \u00e0 Nantes et Loire Atlantique\" \/>\n<meta name=\"robots\" content=\"index, follow, max-snippet:-1, max-image-preview:large, max-video-preview:-1\" \/>\n<link rel=\"canonical\" href=\"https:\/\/honfest.preprod-kalelia.fr\/?product=rose-de-loire-domaine-la-croix-des-loges\" \/>\n<meta property=\"og:locale\" content=\"fr_FR\" \/>\n<meta property=\"og:type\" content=\"article\" \/>\n<meta property=\"og:title\" content=\"Chinon ros\u00e9 &quot;Cuv\u00e9e Marie-Justine&quot; Baudry Dutour | Honor\u00e9 Festif\" \/>\n<meta property=\"og:description\" content=\"vente Chinon ros\u00e9 &quot;Cuv\u00e9e Marie-Justine&quot; Baudry Dutour particulier entreprise \u00e0 Nantes et Loire Atlantique\" \/>\n<meta property=\"og:url\" content=\"https:\/\/honfest.preprod-kalelia.fr\/?product=rose-de-loire-domaine-la-croix-des-loges\" \/>\n<meta property=\"og:site_name\" content=\"Honor\u00e9 Festif\" \/>\n<meta property=\"article:modified_time\" content=\"2025-04-25T06:11:05+00:00\" \/>\n<meta property=\"og:image\" content=\"https:\/\/honfest.preprod-kalelia.fr\/wp-content\/uploads\/2014\/12\/78-thickbox_default-Cote-de-Provence-La-Santonniere.jpg\" \/>\n\t<meta property=\"og:image:width\" content=\"800\" \/>\n\t<meta property=\"og:image:height\" content=\"800\" \/>\n\t<meta property=\"og:image:type\" content=\"image\/jpeg\" \/>\n<meta name=\"twitter:card\" content=\"summary_large_image\" \/>\n<meta name=\"twitter:label1\" content=\"Dur\u00e9e de lecture estim\u00e9e\" \/>\n\t<meta name=\"twitter:data1\" content=\"1 minute\" \/>\n<script type=\"application\/ld+json\" class=\"yoast-schema-graph\">{\"@context\":\"https:\/\/schema.org\",\"@graph\":[{\"@type\":\"WebPage\",\"@id\":\"https:\/\/honfest.preprod-kalelia.fr\/?product=rose-de-loire-domaine-la-croix-des-loges\",\"url\":\"https:\/\/honfest.preprod-kalelia.fr\/?product=rose-de-loire-domaine-la-croix-des-loges\",\"name\":\"Chinon ros\u00e9 \\\"Cuv\u00e9e Marie-Justine\\\" Baudry Dutour | Honor\u00e9 Festif\",\"isPartOf\":{\"@id\":\"https:\/\/honfest.preprod-kalelia.fr\/#website\"},\"primaryImageOfPage\":{\"@id\":\"https:\/\/honfest.preprod-kalelia.fr\/?product=rose-de-loire-domaine-la-croix-des-loges#primaryimage\"},\"image\":{\"@id\":\"https:\/\/honfest.preprod-kalelia.fr\/?product=rose-de-loire-domaine-la-croix-des-loges#primaryimage\"},\"thumbnailUrl\":\"https:\/\/honfest.preprod-kalelia.fr\/wp-content\/uploads\/2014\/12\/78-thickbox_default-Cote-de-Provence-La-Santonniere.jpg\",\"datePublished\":\"2014-12-19T14:28:56+00:00\",\"dateModified\":\"2025-04-25T06:11:05+00:00\",\"description\":\"vente Chinon ros\u00e9 \\\"Cuv\u00e9e Marie-Justine\\\" Baudry Dutour particulier entreprise \u00e0 Nantes et Loire Atlantique\",\"breadcrumb\":{\"@id\":\"https:\/\/honfest.preprod-kalelia.fr\/?product=rose-de-loire-domaine-la-croix-des-loges#breadcrumb\"},\"inLanguage\":\"fr-FR\",\"potentialAction\":[{\"@type\":\"ReadAction\",\"target\":[\"https:\/\/honfest.preprod-kalelia.fr\/?product=rose-de-loire-domaine-la-croix-des-loges\"]}]},{\"@type\":\"ImageObject\",\"inLanguage\":\"fr-FR\",\"@id\":\"https:\/\/honfest.preprod-kalelia.fr\/?product=rose-de-loire-domaine-la-croix-des-loges#primaryimage\",\"url\":\"https:\/\/honfest.preprod-kalelia.fr\/wp-content\/uploads\/2014\/12\/78-thickbox_default-Cote-de-Provence-La-Santonniere.jpg\",\"contentUrl\":\"https:\/\/honfest.preprod-kalelia.fr\/wp-content\/uploads\/2014\/12\/78-thickbox_default-Cote-de-Provence-La-Santonniere.jpg\",\"width\":800,\"height\":800,\"caption\":\"Vin ros\u00e9\"},{\"@type\":\"BreadcrumbList\",\"@id\":\"https:\/\/honfest.preprod-kalelia.fr\/?product=rose-de-loire-domaine-la-croix-des-loges#breadcrumb\",\"itemListElement\":[{\"@type\":\"ListItem\",\"position\":1,\"name\":\"Accueil\",\"item\":\"https:\/\/honfest.preprod-kalelia.fr\/\"},{\"@type\":\"ListItem\",\"position\":2,\"name\":\"Chinon ros\u00e9 \u00ab\u00a0Cuv\u00e9e Marie-Justine\u00a0\u00bb Baudry Dutour\"}]},{\"@type\":\"WebSite\",\"@id\":\"https:\/\/honfest.preprod-kalelia.fr\/#website\",\"url\":\"https:\/\/honfest.preprod-kalelia.fr\/\",\"name\":\"Honor\u00e9 Festif\",\"description\":\"\",\"publisher\":{\"@id\":\"https:\/\/honfest.preprod-kalelia.fr\/#organization\"},\"potentialAction\":[{\"@type\":\"SearchAction\",\"target\":{\"@type\":\"EntryPoint\",\"urlTemplate\":\"https:\/\/honfest.preprod-kalelia.fr\/?s={search_term_string}\"},\"query-input\":{\"@type\":\"PropertyValueSpecification\",\"valueRequired\":true,\"valueName\":\"search_term_string\"}}],\"inLanguage\":\"fr-FR\"},{\"@type\":\"Organization\",\"@id\":\"https:\/\/honfest.preprod-kalelia.fr\/#organization\",\"name\":\"Honor\u00e9 Festif\",\"url\":\"https:\/\/honfest.preprod-kalelia.fr\/\",\"logo\":{\"@type\":\"ImageObject\",\"inLanguage\":\"fr-FR\",\"@id\":\"https:\/\/honfest.preprod-kalelia.fr\/#\/schema\/logo\/image\/\",\"url\":\"https:\/\/honfest.preprod-kalelia.fr\/wp-content\/uploads\/2020\/10\/logo-honore-festif.png\",\"contentUrl\":\"https:\/\/honfest.preprod-kalelia.fr\/wp-content\/uploads\/2020\/10\/logo-honore-festif.png\",\"width\":198,\"height\":118,\"caption\":\"Honor\u00e9 Festif\"},\"image\":{\"@id\":\"https:\/\/honfest.preprod-kalelia.fr\/#\/schema\/logo\/image\/\"}}]}<\/script>\n<!-- \/ Yoast SEO plugin. -->","yoast_head_json":{"title":"Chinon ros\u00e9 \"Cuv\u00e9e Marie-Justine\" Baudry Dutour | Honor\u00e9 Festif","description":"vente Chinon ros\u00e9 \"Cuv\u00e9e Marie-Justine\" Baudry Dutour particulier entreprise \u00e0 Nantes et Loire Atlantique","robots":{"index":"index","follow":"follow","max-snippet":"max-snippet:-1","max-image-preview":"max-image-preview:large","max-video-preview":"max-video-preview:-1"},"canonical":"https:\/\/honfest.preprod-kalelia.fr\/?product=rose-de-loire-domaine-la-croix-des-loges","og_locale":"fr_FR","og_type":"article","og_title":"Chinon ros\u00e9 \"Cuv\u00e9e Marie-Justine\" Baudry Dutour | Honor\u00e9 Festif","og_description":"vente Chinon ros\u00e9 \"Cuv\u00e9e Marie-Justine\" Baudry Dutour particulier entreprise \u00e0 Nantes et Loire Atlantique","og_url":"https:\/\/honfest.preprod-kalelia.fr\/?product=rose-de-loire-domaine-la-croix-des-loges","og_site_name":"Honor\u00e9 Festif","article_modified_time":"2025-04-25T06:11:05+00:00","og_image":[{"width":800,"height":800,"url":"https:\/\/honfest.preprod-kalelia.fr\/wp-content\/uploads\/2014\/12\/78-thickbox_default-Cote-de-Provence-La-Santonniere.jpg","type":"image\/jpeg"}],"twitter_card":"summary_large_image","twitter_misc":{"Dur\u00e9e de lecture estim\u00e9e":"1 minute"},"schema":{"@context":"https:\/\/schema.org","@graph":[{"@type":"WebPage","@id":"https:\/\/honfest.preprod-kalelia.fr\/?product=rose-de-loire-domaine-la-croix-des-loges","url":"https:\/\/honfest.preprod-kalelia.fr\/?product=rose-de-loire-domaine-la-croix-des-loges","name":"Chinon ros\u00e9 \"Cuv\u00e9e Marie-Justine\" Baudry Dutour | Honor\u00e9 Festif","isPartOf":{"@id":"https:\/\/honfest.preprod-kalelia.fr\/#website"},"primaryImageOfPage":{"@id":"https:\/\/honfest.preprod-kalelia.fr\/?product=rose-de-loire-domaine-la-croix-des-loges#primaryimage"},"image":{"@id":"https:\/\/honfest.preprod-kalelia.fr\/?product=rose-de-loire-domaine-la-croix-des-loges#primaryimage"},"thumbnailUrl":"https:\/\/honfest.preprod-kalelia.fr\/wp-content\/uploads\/2014\/12\/78-thickbox_default-Cote-de-Provence-La-Santonniere.jpg","datePublished":"2014-12-19T14:28:56+00:00","dateModified":"2025-04-25T06:11:05+00:00","description":"vente Chinon ros\u00e9 \"Cuv\u00e9e Marie-Justine\" Baudry Dutour particulier entreprise \u00e0 Nantes et Loire Atlantique","breadcrumb":{"@id":"https:\/\/honfest.preprod-kalelia.fr\/?product=rose-de-loire-domaine-la-croix-des-loges#breadcrumb"},"inLanguage":"fr-FR","potentialAction":[{"@type":"ReadAction","target":["https:\/\/honfest.preprod-kalelia.fr\/?product=rose-de-loire-domaine-la-croix-des-loges"]}]},{"@type":"ImageObject","inLanguage":"fr-FR","@id":"https:\/\/honfest.preprod-kalelia.fr\/?product=rose-de-loire-domaine-la-croix-des-loges#primaryimage","url":"https:\/\/honfest.preprod-kalelia.fr\/wp-content\/uploads\/2014\/12\/78-thickbox_default-Cote-de-Provence-La-Santonniere.jpg","contentUrl":"https:\/\/honfest.preprod-kalelia.fr\/wp-content\/uploads\/2014\/12\/78-thickbox_default-Cote-de-Provence-La-Santonniere.jpg","width":800,"height":800,"caption":"Vin ros\u00e9"},{"@type":"BreadcrumbList","@id":"https:\/\/honfest.preprod-kalelia.fr\/?product=rose-de-loire-domaine-la-croix-des-loges#breadcrumb","itemListElement":[{"@type":"ListItem","position":1,"name":"Accueil","item":"https:\/\/honfest.preprod-kalelia.fr\/"},{"@type":"ListItem","position":2,"name":"Chinon ros\u00e9 \u00ab\u00a0Cuv\u00e9e Marie-Justine\u00a0\u00bb Baudry Dutour"}]},{"@type":"WebSite","@id":"https:\/\/honfest.preprod-kalelia.fr\/#website","url":"https:\/\/honfest.preprod-kalelia.fr\/","name":"Honor\u00e9 Festif","description":"","publisher":{"@id":"https:\/\/honfest.preprod-kalelia.fr\/#organization"},"potentialAction":[{"@type":"SearchAction","target":{"@type":"EntryPoint","urlTemplate":"https:\/\/honfest.preprod-kalelia.fr\/?s={search_term_string}"},"query-input":{"@type":"PropertyValueSpecification","valueRequired":true,"valueName":"search_term_string"}}],"inLanguage":"fr-FR"},{"@type":"Organization","@id":"https:\/\/honfest.preprod-kalelia.fr\/#organization","name":"Honor\u00e9 Festif","url":"https:\/\/honfest.preprod-kalelia.fr\/","logo":{"@type":"ImageObject","inLanguage":"fr-FR","@id":"https:\/\/honfest.preprod-kalelia.fr\/#\/schema\/logo\/image\/","url":"https:\/\/honfest.preprod-kalelia.fr\/wp-content\/uploads\/2020\/10\/logo-honore-festif.png","contentUrl":"https:\/\/honfest.preprod-kalelia.fr\/wp-content\/uploads\/2020\/10\/logo-honore-festif.png","width":198,"height":118,"caption":"Honor\u00e9 Festif"},"image":{"@id":"https:\/\/honfest.preprod-kalelia.fr\/#\/schema\/logo\/image\/"}}]}},"_links":{"self":[{"href":"https:\/\/honfest.preprod-kalelia.fr\/index.php?rest_route=\/wp\/v2\/product\/896","targetHints":{"allow":["GET"]}}],"collection":[{"href":"https:\/\/honfest.preprod-kalelia.fr\/index.php?rest_route=\/wp\/v2\/product"}],"about":[{"href":"https:\/\/honfest.preprod-kalelia.fr\/index.php?rest_route=\/wp\/v2\/types\/product"}],"wp:featuredmedia":[{"embeddable":true,"href":"https:\/\/honfest.preprod-kalelia.fr\/index.php?rest_route=\/wp\/v2\/media\/897"}],"wp:attachment":[{"href":"https:\/\/honfest.preprod-kalelia.fr\/index.php?rest_route=%2Fwp%2Fv2%2Fmedia&parent=896"}],"wp:term":[{"taxonomy":"product_cat","embeddable":true,"href":"https:\/\/honfest.preprod-kalelia.fr\/index.php?rest_route=%2Fwp%2Fv2%2Fproduct_cat&post=896"},{"taxonomy":"product_tag","embeddable":true,"href":"https:\/\/honfest.preprod-kalelia.fr\/index.php?rest_route=%2Fwp%2Fv2%2Fproduct_tag&post=896"}],"curies":[{"name":"wp","href":"https:\/\/api.w.org\/{rel}","templated":true}]}}