{"id":979,"date":"2015-03-10T15:23:47","date_gmt":"2015-03-10T14:23:47","guid":{"rendered":"http:\/\/honorefestif.1-ter-net.net\/?product=cocktail-dejeunatoire-12-pieces"},"modified":"2025-03-12T11:48:58","modified_gmt":"2025-03-12T10:48:58","slug":"cocktail-dejeunatoire-12-pieces","status":"publish","type":"product","link":"https:\/\/honfest.preprod-kalelia.fr\/?product=cocktail-dejeunatoire-12-pieces","title":{"rendered":"Cocktail D\u00e9couverte 12 pi\u00e8ces"},"content":{"rendered":"<p style=\"text-align: center\"><em>Le cocktail d\u00e9jeunatoire 12 pi\u00e8ces sera l&rsquo;entracte de votre journ\u00e9e (1h00 \u00e0 1h30)<\/em><\/p>\n<p style=\"text-align: left\"><strong><span style=\"text-decoration: underline\">Pi\u00e8ces cocktail sal\u00e9es froides<\/span><\/strong><\/p>\n<p style=\"text-align: center\"><em><strong>Ce cocktail comprend <\/strong><\/em><span style=\"text-decoration: underline;color: #218e53\"><strong><strong><span style=\"color: #2b6d33;text-decoration: underline\">la nourriture uniquement<\/span><\/strong><\/strong><strong><strong>,<\/strong><\/strong><\/span><em><strong>\u00a0dress\u00e9e sur supports jetables de qualit\u00e9<\/strong><\/em><\/p>\n<p style=\"text-align: center\">Crostini\u00a0(2 pi\u00e8ces par personne)<\/p>\n<p style=\"text-align: center\">Mini brochettes\u00a0\u00a0(2 pi\u00e8ces par personne)<\/p>\n<p style=\"text-align: center\">Mini focaccia\u00a0 (2 pi\u00e8ces par personne)<\/p>\n<p style=\"text-align: center\">Mini sandwiches (2 pi\u00e8ces par personne)<\/p>\n<p style=\"text-align: center\">Croustades et mini buns (1 pi\u00e8ce par personne)<\/p>\n<p style=\"text-align: center\">Pics de fromages de france (1 pi\u00e8ce par personne)<\/p>\n<p style=\"text-align: left\"><span style=\"text-decoration: underline\"><strong>Pi\u00e8ces cocktail sucr\u00e9es <\/strong><\/span><\/p>\n<p style=\"text-align: center\">Mini fours frais (1 pi\u00e8ce par personne)<\/p>\n<p style=\"text-align: center\">Mini cassolettes sucr\u00e9es (1 pi\u00e8ce par personne)<\/p>\n<p><a href=\"https:\/\/honfest.preprod-kalelia.fr\/wp-content\/uploads\/2015\/03\/Conditions-Generales-de-ventes-site-Internet.pdf\" target=\"_blank\" rel=\"noopener noreferrer\"><img loading=\"lazy\" decoding=\"async\" class=\" size-full wp-image-978\" width=\"74\" height=\"55\" style=\"margin-left: auto;margin-right: auto\" alt=\"\" src=\"https:\/\/honfest.preprod-kalelia.fr\/wp-content\/uploads\/2015\/03\/Delai-48h.jpg\" \/><\/a><\/p>\n","protected":false},"excerpt":{"rendered":"<p style=\"text-align: center\"><em>Le cocktail d\u00e9jeunatoire 12 pi\u00e8ces sera l&rsquo;entracte de votre journ\u00e9e (1h00 \u00e0 1h30)<\/em><\/p>\n<p style=\"text-align: center\"><strong>Ce cocktail comprend la <em><u>nourriture uniquement<\/u><\/em><\/strong><\/p>\n<p style=\"text-align: left\"><strong><span style=\"text-decoration: underline\">Pi\u00e8ces cocktail sal\u00e9es froides<br \/>\n<\/span><\/strong><em>environ 8 pi\u00e8ces par pers.<\/em><\/p>\n<p style=\"text-align: center\">Plateau de Crostini \u00e0 la charcuterie artisanale italienne<\/p>\n<p style=\"text-align: center\">Coffret de mini brochettes<\/p>\n<p style=\"text-align: center\">D\u00e9gustation de saumon fum\u00e9 \u00ab\u00a0Maison\u00a0\u00bb sur toast brioch\u00e9 accompagn\u00e9e d&rsquo;une cr\u00e8me citronn\u00e9e<\/p>\n<p style=\"text-align: center\">Plateau de pain de mie<\/p>\n<p style=\"text-align: center\">Plateau de mini sandwichs<\/p>\n<p><span style=\"text-decoration: underline\"><strong>Le Fromage<br \/>\n<\/strong><\/span><em>environ 2 pi\u00e8ces par pers.<\/em><\/p>\n<p style=\"text-align: center\">Plateau de pics de fromages de France<\/p>\n<p style=\"text-align: left\"><span style=\"text-decoration: underline\"><strong>Pi\u00e8ces cocktail sucr\u00e9es<br \/>\n<\/strong><\/span><em>environ 2 pi\u00e8ces par pers.<\/em><\/p>\n<p style=\"text-align: center\">Plateau de fours frais<\/p>\n<p style=\"text-align: center\">Coffret de mini cookies sucr\u00e9s<\/p>\n<p>&nbsp;<\/p>\n<p><em>*Gammes susceptibles d\u2019\u00eatre modifi\u00e9es en cas de rupture<\/em><\/p>\n","protected":false},"featured_media":6489,"template":"","meta":[],"product_cat":[57],"product_tag":[241,329,327,328],"class_list":{"0":"post-979","1":"product","2":"type-product","3":"status-publish","4":"has-post-thumbnail","6":"type-evt-produit-communion","7":"type-evt-produit-dejeuner-dentreprise","8":"type-prest-produit-cocktail-dejeunatoire-2h-debout","9":"saveur-produit-un-peu-de-tout","10":"product_cat-cocktail-du-chef","11":"product_tag-cocktail","12":"product_tag-livraison","13":"product_tag-nantes","14":"product_tag-traiteur","16":"first","17":"instock","18":"taxable","19":"shipping-taxable","20":"purchasable","21":"product-type-simple"},"yoast_head":"<!-- This site is optimized with the Yoast SEO plugin v25.9 - https:\/\/yoast.com\/wordpress\/plugins\/seo\/ -->\n<title>Cocktail D\u00e9couverte 12 pi\u00e8ces | Honor\u00e9 Festif<\/title>\n<meta name=\"description\" content=\"Le Cocktail D\u00e9couverte 12 pi\u00e8ces sera l&#039;entracte de votre journ\u00e9e (1h00 \u00e0 1h30)Pi\u00e8ces cocktail sal\u00e9es froidesCe cocktail comprend la nourriture uniquement, dress\u00e9e sur supports jetables de qualit\u00e9Crostini (2 pi\u00e8ces par personne)Mini brochettes (2 pi\u00e8ces par personne)Mini focaccia (2 pi\u00e8ces par personne)Mini sandwiches (2 pi\u00e8ces par personne)Croustades et mini buns (1 pi\u00e8ce par personne)Pics de fromages de france (1 pi\u00e8ce par personne)Pi\u00e8ces cocktail sucr\u00e9esMini fours frais (1 pi\u00e8ce par personne)Mini cassolettes sucr\u00e9es (1 pi\u00e8ce par personne)\" \/>\n<meta name=\"robots\" content=\"index, follow, max-snippet:-1, max-image-preview:large, max-video-preview:-1\" \/>\n<link rel=\"canonical\" href=\"https:\/\/honfest.preprod-kalelia.fr\/?product=cocktail-dejeunatoire-12-pieces\" \/>\n<meta property=\"og:locale\" content=\"fr_FR\" \/>\n<meta property=\"og:type\" content=\"article\" \/>\n<meta property=\"og:title\" content=\"Cocktail D\u00e9couverte 12 pi\u00e8ces | Honor\u00e9 Festif\" \/>\n<meta property=\"og:description\" content=\"Le Cocktail D\u00e9couverte 12 pi\u00e8ces sera l&#039;entracte de votre journ\u00e9e (1h00 \u00e0 1h30)Pi\u00e8ces cocktail sal\u00e9es froidesCe cocktail comprend la nourriture uniquement, dress\u00e9e sur supports jetables de qualit\u00e9Crostini (2 pi\u00e8ces par personne)Mini brochettes (2 pi\u00e8ces par personne)Mini focaccia (2 pi\u00e8ces par personne)Mini sandwiches (2 pi\u00e8ces par personne)Croustades et mini buns (1 pi\u00e8ce par personne)Pics de fromages de france (1 pi\u00e8ce par personne)Pi\u00e8ces cocktail sucr\u00e9esMini fours frais (1 pi\u00e8ce par personne)Mini cassolettes sucr\u00e9es (1 pi\u00e8ce par personne)\" \/>\n<meta property=\"og:url\" content=\"https:\/\/honfest.preprod-kalelia.fr\/?product=cocktail-dejeunatoire-12-pieces\" \/>\n<meta property=\"og:site_name\" content=\"Honor\u00e9 Festif\" \/>\n<meta property=\"article:modified_time\" content=\"2025-03-12T10:48:58+00:00\" \/>\n<meta property=\"og:image\" content=\"https:\/\/honfest.preprod-kalelia.fr\/wp-content\/uploads\/2015\/03\/Cocktail-D\u00e9couverte-12-pi\u00e8ces.jpg\" \/>\n\t<meta property=\"og:image:width\" content=\"1024\" \/>\n\t<meta property=\"og:image:height\" content=\"604\" \/>\n\t<meta property=\"og:image:type\" content=\"image\/jpeg\" \/>\n<meta name=\"twitter:card\" content=\"summary_large_image\" \/>\n<meta name=\"twitter:label1\" content=\"Dur\u00e9e de lecture estim\u00e9e\" \/>\n\t<meta name=\"twitter:data1\" content=\"1 minute\" \/>\n<script type=\"application\/ld+json\" class=\"yoast-schema-graph\">{\"@context\":\"https:\/\/schema.org\",\"@graph\":[{\"@type\":\"WebPage\",\"@id\":\"https:\/\/honfest.preprod-kalelia.fr\/?product=cocktail-dejeunatoire-12-pieces\",\"url\":\"https:\/\/honfest.preprod-kalelia.fr\/?product=cocktail-dejeunatoire-12-pieces\",\"name\":\"Cocktail D\u00e9couverte 12 pi\u00e8ces | Honor\u00e9 Festif\",\"isPartOf\":{\"@id\":\"https:\/\/honfest.preprod-kalelia.fr\/#website\"},\"primaryImageOfPage\":{\"@id\":\"https:\/\/honfest.preprod-kalelia.fr\/?product=cocktail-dejeunatoire-12-pieces#primaryimage\"},\"image\":{\"@id\":\"https:\/\/honfest.preprod-kalelia.fr\/?product=cocktail-dejeunatoire-12-pieces#primaryimage\"},\"thumbnailUrl\":\"https:\/\/honfest.preprod-kalelia.fr\/wp-content\/uploads\/2015\/03\/Cocktail-D\u00e9couverte-12-pi\u00e8ces.jpg\",\"datePublished\":\"2015-03-10T14:23:47+00:00\",\"dateModified\":\"2025-03-12T10:48:58+00:00\",\"description\":\"Le Cocktail D\u00e9couverte 12 pi\u00e8ces sera l'entracte de votre journ\u00e9e (1h00 \u00e0 1h30)Pi\u00e8ces cocktail sal\u00e9es froidesCe cocktail comprend la nourriture uniquement, dress\u00e9e sur supports jetables de qualit\u00e9Crostini (2 pi\u00e8ces par personne)Mini brochettes (2 pi\u00e8ces par personne)Mini focaccia (2 pi\u00e8ces par personne)Mini sandwiches (2 pi\u00e8ces par personne)Croustades et mini buns (1 pi\u00e8ce par personne)Pics de fromages de france (1 pi\u00e8ce par personne)Pi\u00e8ces cocktail sucr\u00e9esMini fours frais (1 pi\u00e8ce par personne)Mini cassolettes sucr\u00e9es (1 pi\u00e8ce par personne)\",\"breadcrumb\":{\"@id\":\"https:\/\/honfest.preprod-kalelia.fr\/?product=cocktail-dejeunatoire-12-pieces#breadcrumb\"},\"inLanguage\":\"fr-FR\",\"potentialAction\":[{\"@type\":\"ReadAction\",\"target\":[\"https:\/\/honfest.preprod-kalelia.fr\/?product=cocktail-dejeunatoire-12-pieces\"]}]},{\"@type\":\"ImageObject\",\"inLanguage\":\"fr-FR\",\"@id\":\"https:\/\/honfest.preprod-kalelia.fr\/?product=cocktail-dejeunatoire-12-pieces#primaryimage\",\"url\":\"https:\/\/honfest.preprod-kalelia.fr\/wp-content\/uploads\/2015\/03\/Cocktail-D\u00e9couverte-12-pi\u00e8ces.jpg\",\"contentUrl\":\"https:\/\/honfest.preprod-kalelia.fr\/wp-content\/uploads\/2015\/03\/Cocktail-D\u00e9couverte-12-pi\u00e8ces.jpg\",\"width\":1024,\"height\":604},{\"@type\":\"BreadcrumbList\",\"@id\":\"https:\/\/honfest.preprod-kalelia.fr\/?product=cocktail-dejeunatoire-12-pieces#breadcrumb\",\"itemListElement\":[{\"@type\":\"ListItem\",\"position\":1,\"name\":\"Accueil\",\"item\":\"https:\/\/honfest.preprod-kalelia.fr\/\"},{\"@type\":\"ListItem\",\"position\":2,\"name\":\"Cocktail D\u00e9couverte 12 pi\u00e8ces\"}]},{\"@type\":\"WebSite\",\"@id\":\"https:\/\/honfest.preprod-kalelia.fr\/#website\",\"url\":\"https:\/\/honfest.preprod-kalelia.fr\/\",\"name\":\"Honor\u00e9 Festif\",\"description\":\"\",\"publisher\":{\"@id\":\"https:\/\/honfest.preprod-kalelia.fr\/#organization\"},\"potentialAction\":[{\"@type\":\"SearchAction\",\"target\":{\"@type\":\"EntryPoint\",\"urlTemplate\":\"https:\/\/honfest.preprod-kalelia.fr\/?s={search_term_string}\"},\"query-input\":{\"@type\":\"PropertyValueSpecification\",\"valueRequired\":true,\"valueName\":\"search_term_string\"}}],\"inLanguage\":\"fr-FR\"},{\"@type\":\"Organization\",\"@id\":\"https:\/\/honfest.preprod-kalelia.fr\/#organization\",\"name\":\"Honor\u00e9 Festif\",\"url\":\"https:\/\/honfest.preprod-kalelia.fr\/\",\"logo\":{\"@type\":\"ImageObject\",\"inLanguage\":\"fr-FR\",\"@id\":\"https:\/\/honfest.preprod-kalelia.fr\/#\/schema\/logo\/image\/\",\"url\":\"https:\/\/honfest.preprod-kalelia.fr\/wp-content\/uploads\/2020\/10\/logo-honore-festif.png\",\"contentUrl\":\"https:\/\/honfest.preprod-kalelia.fr\/wp-content\/uploads\/2020\/10\/logo-honore-festif.png\",\"width\":198,\"height\":118,\"caption\":\"Honor\u00e9 Festif\"},\"image\":{\"@id\":\"https:\/\/honfest.preprod-kalelia.fr\/#\/schema\/logo\/image\/\"}}]}<\/script>\n<!-- \/ Yoast SEO plugin. -->","yoast_head_json":{"title":"Cocktail D\u00e9couverte 12 pi\u00e8ces | Honor\u00e9 Festif","description":"Le Cocktail D\u00e9couverte 12 pi\u00e8ces sera l'entracte de votre journ\u00e9e (1h00 \u00e0 1h30)Pi\u00e8ces cocktail sal\u00e9es froidesCe cocktail comprend la nourriture uniquement, dress\u00e9e sur supports jetables de qualit\u00e9Crostini (2 pi\u00e8ces par personne)Mini brochettes (2 pi\u00e8ces par personne)Mini focaccia (2 pi\u00e8ces par personne)Mini sandwiches (2 pi\u00e8ces par personne)Croustades et mini buns (1 pi\u00e8ce par personne)Pics de fromages de france (1 pi\u00e8ce par personne)Pi\u00e8ces cocktail sucr\u00e9esMini fours frais (1 pi\u00e8ce par personne)Mini cassolettes sucr\u00e9es (1 pi\u00e8ce par personne)","robots":{"index":"index","follow":"follow","max-snippet":"max-snippet:-1","max-image-preview":"max-image-preview:large","max-video-preview":"max-video-preview:-1"},"canonical":"https:\/\/honfest.preprod-kalelia.fr\/?product=cocktail-dejeunatoire-12-pieces","og_locale":"fr_FR","og_type":"article","og_title":"Cocktail D\u00e9couverte 12 pi\u00e8ces | Honor\u00e9 Festif","og_description":"Le Cocktail D\u00e9couverte 12 pi\u00e8ces sera l'entracte de votre journ\u00e9e (1h00 \u00e0 1h30)Pi\u00e8ces cocktail sal\u00e9es froidesCe cocktail comprend la nourriture uniquement, dress\u00e9e sur supports jetables de qualit\u00e9Crostini (2 pi\u00e8ces par personne)Mini brochettes (2 pi\u00e8ces par personne)Mini focaccia (2 pi\u00e8ces par personne)Mini sandwiches (2 pi\u00e8ces par personne)Croustades et mini buns (1 pi\u00e8ce par personne)Pics de fromages de france (1 pi\u00e8ce par personne)Pi\u00e8ces cocktail sucr\u00e9esMini fours frais (1 pi\u00e8ce par personne)Mini cassolettes sucr\u00e9es (1 pi\u00e8ce par personne)","og_url":"https:\/\/honfest.preprod-kalelia.fr\/?product=cocktail-dejeunatoire-12-pieces","og_site_name":"Honor\u00e9 Festif","article_modified_time":"2025-03-12T10:48:58+00:00","og_image":[{"width":1024,"height":604,"url":"https:\/\/honfest.preprod-kalelia.fr\/wp-content\/uploads\/2015\/03\/Cocktail-D\u00e9couverte-12-pi\u00e8ces.jpg","type":"image\/jpeg"}],"twitter_card":"summary_large_image","twitter_misc":{"Dur\u00e9e de lecture estim\u00e9e":"1 minute"},"schema":{"@context":"https:\/\/schema.org","@graph":[{"@type":"WebPage","@id":"https:\/\/honfest.preprod-kalelia.fr\/?product=cocktail-dejeunatoire-12-pieces","url":"https:\/\/honfest.preprod-kalelia.fr\/?product=cocktail-dejeunatoire-12-pieces","name":"Cocktail D\u00e9couverte 12 pi\u00e8ces | Honor\u00e9 Festif","isPartOf":{"@id":"https:\/\/honfest.preprod-kalelia.fr\/#website"},"primaryImageOfPage":{"@id":"https:\/\/honfest.preprod-kalelia.fr\/?product=cocktail-dejeunatoire-12-pieces#primaryimage"},"image":{"@id":"https:\/\/honfest.preprod-kalelia.fr\/?product=cocktail-dejeunatoire-12-pieces#primaryimage"},"thumbnailUrl":"https:\/\/honfest.preprod-kalelia.fr\/wp-content\/uploads\/2015\/03\/Cocktail-D\u00e9couverte-12-pi\u00e8ces.jpg","datePublished":"2015-03-10T14:23:47+00:00","dateModified":"2025-03-12T10:48:58+00:00","description":"Le Cocktail D\u00e9couverte 12 pi\u00e8ces sera l'entracte de votre journ\u00e9e (1h00 \u00e0 1h30)Pi\u00e8ces cocktail sal\u00e9es froidesCe cocktail comprend la nourriture uniquement, dress\u00e9e sur supports jetables de qualit\u00e9Crostini (2 pi\u00e8ces par personne)Mini brochettes (2 pi\u00e8ces par personne)Mini focaccia (2 pi\u00e8ces par personne)Mini sandwiches (2 pi\u00e8ces par personne)Croustades et mini buns (1 pi\u00e8ce par personne)Pics de fromages de france (1 pi\u00e8ce par personne)Pi\u00e8ces cocktail sucr\u00e9esMini fours frais (1 pi\u00e8ce par personne)Mini cassolettes sucr\u00e9es (1 pi\u00e8ce par personne)","breadcrumb":{"@id":"https:\/\/honfest.preprod-kalelia.fr\/?product=cocktail-dejeunatoire-12-pieces#breadcrumb"},"inLanguage":"fr-FR","potentialAction":[{"@type":"ReadAction","target":["https:\/\/honfest.preprod-kalelia.fr\/?product=cocktail-dejeunatoire-12-pieces"]}]},{"@type":"ImageObject","inLanguage":"fr-FR","@id":"https:\/\/honfest.preprod-kalelia.fr\/?product=cocktail-dejeunatoire-12-pieces#primaryimage","url":"https:\/\/honfest.preprod-kalelia.fr\/wp-content\/uploads\/2015\/03\/Cocktail-D\u00e9couverte-12-pi\u00e8ces.jpg","contentUrl":"https:\/\/honfest.preprod-kalelia.fr\/wp-content\/uploads\/2015\/03\/Cocktail-D\u00e9couverte-12-pi\u00e8ces.jpg","width":1024,"height":604},{"@type":"BreadcrumbList","@id":"https:\/\/honfest.preprod-kalelia.fr\/?product=cocktail-dejeunatoire-12-pieces#breadcrumb","itemListElement":[{"@type":"ListItem","position":1,"name":"Accueil","item":"https:\/\/honfest.preprod-kalelia.fr\/"},{"@type":"ListItem","position":2,"name":"Cocktail D\u00e9couverte 12 pi\u00e8ces"}]},{"@type":"WebSite","@id":"https:\/\/honfest.preprod-kalelia.fr\/#website","url":"https:\/\/honfest.preprod-kalelia.fr\/","name":"Honor\u00e9 Festif","description":"","publisher":{"@id":"https:\/\/honfest.preprod-kalelia.fr\/#organization"},"potentialAction":[{"@type":"SearchAction","target":{"@type":"EntryPoint","urlTemplate":"https:\/\/honfest.preprod-kalelia.fr\/?s={search_term_string}"},"query-input":{"@type":"PropertyValueSpecification","valueRequired":true,"valueName":"search_term_string"}}],"inLanguage":"fr-FR"},{"@type":"Organization","@id":"https:\/\/honfest.preprod-kalelia.fr\/#organization","name":"Honor\u00e9 Festif","url":"https:\/\/honfest.preprod-kalelia.fr\/","logo":{"@type":"ImageObject","inLanguage":"fr-FR","@id":"https:\/\/honfest.preprod-kalelia.fr\/#\/schema\/logo\/image\/","url":"https:\/\/honfest.preprod-kalelia.fr\/wp-content\/uploads\/2020\/10\/logo-honore-festif.png","contentUrl":"https:\/\/honfest.preprod-kalelia.fr\/wp-content\/uploads\/2020\/10\/logo-honore-festif.png","width":198,"height":118,"caption":"Honor\u00e9 Festif"},"image":{"@id":"https:\/\/honfest.preprod-kalelia.fr\/#\/schema\/logo\/image\/"}}]}},"_links":{"self":[{"href":"https:\/\/honfest.preprod-kalelia.fr\/index.php?rest_route=\/wp\/v2\/product\/979","targetHints":{"allow":["GET"]}}],"collection":[{"href":"https:\/\/honfest.preprod-kalelia.fr\/index.php?rest_route=\/wp\/v2\/product"}],"about":[{"href":"https:\/\/honfest.preprod-kalelia.fr\/index.php?rest_route=\/wp\/v2\/types\/product"}],"wp:featuredmedia":[{"embeddable":true,"href":"https:\/\/honfest.preprod-kalelia.fr\/index.php?rest_route=\/wp\/v2\/media\/6489"}],"wp:attachment":[{"href":"https:\/\/honfest.preprod-kalelia.fr\/index.php?rest_route=%2Fwp%2Fv2%2Fmedia&parent=979"}],"wp:term":[{"taxonomy":"product_cat","embeddable":true,"href":"https:\/\/honfest.preprod-kalelia.fr\/index.php?rest_route=%2Fwp%2Fv2%2Fproduct_cat&post=979"},{"taxonomy":"product_tag","embeddable":true,"href":"https:\/\/honfest.preprod-kalelia.fr\/index.php?rest_route=%2Fwp%2Fv2%2Fproduct_tag&post=979"}],"curies":[{"name":"wp","href":"https:\/\/api.w.org\/{rel}","templated":true}]}}