{"id":994,"date":"2015-03-10T15:43:29","date_gmt":"2015-03-10T14:43:29","guid":{"rendered":"http:\/\/honorefestif.1-ter-net.net\/?product=cocktail-dejeunatoire-15-pieces"},"modified":"2025-01-08T09:31:24","modified_gmt":"2025-01-08T08:31:24","slug":"cocktail-dejeunatoire-15-pieces","status":"publish","type":"product","link":"https:\/\/honfest.preprod-kalelia.fr\/?product=cocktail-dejeunatoire-15-pieces","title":{"rendered":"Cocktail Plaisir 15 pi\u00e8ces"},"content":{"rendered":"<p style=\"text-align: center\"><em>Le cocktail\u00a0d\u00e9jeunatoire 15\u00a0pi\u00e8ces convient pour un repas de 1h30 \u00e0 2h00<\/em><\/p>\n<p style=\"text-align: left\"><strong><span style=\"text-decoration: underline\">Pi\u00e8ces cocktail sal\u00e9es froides<\/span><\/strong><\/p>\n<p style=\"text-align: center\"><em><strong>Ce cocktail comprend <\/strong><\/em><span style=\"text-decoration: underline\"><strong><span style=\"color: #2b6d33;text-decoration: underline\">la nourriture uniquement<\/span><\/strong><\/span><em><strong>, dress\u00e9e sur supports jetables de qualit\u00e9<\/strong><\/em><\/p>\n<p style=\"text-align: center\">Mini brochettes sal\u00e9es\u00a0(2 pi\u00e8ces par personne)<\/p>\n<p style=\"text-align: center\">Mini cup cake sal\u00e9 (1 pi\u00e8ce par personne)<\/p>\n<p style=\"text-align: center\">Canap\u00e9s Finger (2 pi\u00e8ces par personne)<\/p>\n<p style=\"text-align: center\">Croustades et Mini buns (2 pi\u00e8ces par personne)<\/p>\n<p style=\"text-align: center\">Mini focaccia (2 pi\u00e8ces par personne)<\/p>\n<p style=\"text-align: center\">Fraicheurs In Lova (2 pi\u00e8ces par personne)<\/p>\n<p style=\"text-align: left\"><span style=\"text-decoration: underline\"><strong>Le Fromage<\/strong><\/span><\/p>\n<p style=\"text-align: center\">Pics de fromages de France (1 pi\u00e8ce par personne)<\/p>\n<p style=\"text-align: left\"><strong><span style=\"text-decoration: underline\">Pi\u00e8ces cocktail sucr\u00e9es<\/span><\/strong><\/p>\n<p style=\"text-align: center\">Fours frais (1 pi\u00e8ce par personne)<\/p>\n<p style=\"text-align: center\">Verrines sucr\u00e9es (1 pi\u00e8ce par personne)<\/p>\n<p style=\"text-align: center\">Macarons gourmands (1 pi\u00e8ce par personne)<\/p>\n<p><a href=\"https:\/\/honfest.preprod-kalelia.fr\/wp-content\/uploads\/2015\/03\/Conditions-Generales-de-ventes-site-Internet.pdf\" target=\"_blank\" rel=\"noopener noreferrer\"><img loading=\"lazy\" decoding=\"async\" class=\" size-full wp-image-993\" width=\"74\" height=\"55\" style=\"margin-left: auto;margin-right: auto\" alt=\"\" src=\"https:\/\/honfest.preprod-kalelia.fr\/wp-content\/uploads\/2015\/03\/Delai-48h.jpg\" \/><\/a><\/p>\n","protected":false},"excerpt":{"rendered":"<p style=\"text-align: center;\"><em>Le cocktail\u00a0d\u00e9jeunatoire 15\u00a0pi\u00e8ces convient pour un repas de 1h30 \u00e0 2h00<\/em><\/p>\n<p style=\"text-align: center;\"><strong>Ce cocktail comprend la <em><u>nourriture uniquement<\/u><\/em><\/strong><\/p>\n<p style=\"text-align: left;\"><strong><span style=\"text-decoration: underline;\">Pi\u00e8ces cocktail sal\u00e9es froides<br \/>\n<\/span><\/strong><em>environ 10 pi\u00e8ces par pers.<\/em><\/p>\n<p style=\"text-align: center;\">Corbeilles de l\u00e9gumes servi avec un fromage battu \u00e0 l&rsquo;ail des ours<\/p>\n<p style=\"text-align: center;\">Plateau de c\u00e9l\u00e9brations<\/p>\n<p style=\"text-align: center;\">Plateau de Croustades et Buns<\/p>\n<p style=\"text-align: center;\">Plateau de tartines<\/p>\n<p style=\"text-align: center;\">D\u00e9gustation de tourteau au sat\u00e9 et sa mayonnaise \u00ab\u00a0Maison\u00a0\u00bb sur toast brioch\u00e9<\/p>\n<p style=\"text-align: center;\">Plateau de mini coupelles \u00ab\u00a0Veggie\u00a0\u00bb<\/p>\n<p><strong><span style=\"text-decoration: underline;\">Le fromage<\/span><br \/>\n<\/strong><em>environ 2 pi\u00e8ces par pers.<\/em><\/p>\n<p style=\"text-align: center;\">Plateau de pics de fromages de France<\/p>\n<p style=\"text-align: left;\"><strong><span style=\"text-decoration: underline;\">Pi\u00e8ces cocktail sucr\u00e9es<br \/>\n<\/span><\/strong><em>environ 3 pi\u00e8ces par pers.<\/em><\/p>\n<p style=\"text-align: center;\">Plateau de macarons gourmands<\/p>\n<p style=\"text-align: center;\">Plateau de petits pots de cr\u00e8me<\/p>\n<p style=\"text-align: center;\">Plateau de mini brochettes de 3 morceaux de fruits frais de Saison<\/p>\n<p>&nbsp;<\/p>\n<p><em>*Gammes susceptibles d\u2019\u00eatre modifi\u00e9es en cas de rupture<\/em><\/p>\n","protected":false},"featured_media":6491,"template":"","meta":[],"product_cat":[57],"product_tag":[330,241,329,328],"class_list":{"0":"post-994","1":"product","2":"type-product","3":"status-publish","4":"has-post-thumbnail","6":"type-evt-produit-anniversaire","7":"type-prest-produit-cocktail-dejeunatoire-2h-debout","8":"type-prest-produit-cocktail-dinatoire-3h-debout","9":"saveur-produit-sale-froid","10":"saveur-produit-un-peu-de-tout","11":"product_cat-cocktail-du-chef","12":"product_tag-330","13":"product_tag-cocktail","14":"product_tag-livraison","15":"product_tag-traiteur","17":"first","18":"instock","19":"taxable","20":"shipping-taxable","21":"purchasable","22":"product-type-simple"},"yoast_head":"<!-- This site is optimized with the Yoast SEO plugin v25.9 - https:\/\/yoast.com\/wordpress\/plugins\/seo\/ -->\n<title>Cocktail Plaisir 15 pi\u00e8ces | Honor\u00e9 Festif<\/title>\n<meta name=\"description\" content=\"Le Cocktail Plaisir 15 pi\u00e8ces convient pour un repas de 1h30 \u00e0 2h00Ce cocktail comprend la nourriture uniquementPi\u00e8ces cocktail sal\u00e9es froidesLe coffret de mini brochettes (2 pi\u00e8ces par personne)Plateau de pics du Potager (1 pi\u00e8ce par personne)Le plateau de canap\u00e9s finger (2 pi\u00e8ces par personne)Le plateau de Croustade et Mini Buns (2 pi\u00e8ces par personne)Le plateau de mini wraps (2 pi\u00e8ces par personne)Les fra\u00eecheurs in Lova (2 pi\u00e8ces par personne)Le FromageLes pics de fromages 10g (1 pi\u00e8ce par personne)Pi\u00e8ces cocktail sucr\u00e9esLe plateau de fours frais (1 pi\u00e8ce par personne)Le coffret de verrines sucr\u00e9es (1 pi\u00e8ce par personne)Le plateau de macarons gourmands (1 pi\u00e8ce par personne\" \/>\n<meta name=\"robots\" content=\"index, follow, max-snippet:-1, max-image-preview:large, max-video-preview:-1\" \/>\n<link rel=\"canonical\" href=\"https:\/\/honfest.preprod-kalelia.fr\/?product=cocktail-dejeunatoire-15-pieces\" \/>\n<meta property=\"og:locale\" content=\"fr_FR\" \/>\n<meta property=\"og:type\" content=\"article\" \/>\n<meta property=\"og:title\" content=\"Cocktail Plaisir 15 pi\u00e8ces | Honor\u00e9 Festif\" \/>\n<meta property=\"og:description\" content=\"Le Cocktail Plaisir 15 pi\u00e8ces convient pour un repas de 1h30 \u00e0 2h00Ce cocktail comprend la nourriture uniquementPi\u00e8ces cocktail sal\u00e9es froidesLe coffret de mini brochettes (2 pi\u00e8ces par personne)Plateau de pics du Potager (1 pi\u00e8ce par personne)Le plateau de canap\u00e9s finger (2 pi\u00e8ces par personne)Le plateau de Croustade et Mini Buns (2 pi\u00e8ces par personne)Le plateau de mini wraps (2 pi\u00e8ces par personne)Les fra\u00eecheurs in Lova (2 pi\u00e8ces par personne)Le FromageLes pics de fromages 10g (1 pi\u00e8ce par personne)Pi\u00e8ces cocktail sucr\u00e9esLe plateau de fours frais (1 pi\u00e8ce par personne)Le coffret de verrines sucr\u00e9es (1 pi\u00e8ce par personne)Le plateau de macarons gourmands (1 pi\u00e8ce par personne\" \/>\n<meta property=\"og:url\" content=\"https:\/\/honfest.preprod-kalelia.fr\/?product=cocktail-dejeunatoire-15-pieces\" \/>\n<meta property=\"og:site_name\" content=\"Honor\u00e9 Festif\" \/>\n<meta property=\"article:modified_time\" content=\"2025-01-08T08:31:24+00:00\" \/>\n<meta property=\"og:image\" content=\"https:\/\/honfest.preprod-kalelia.fr\/wp-content\/uploads\/2015\/03\/Cocktail-Plaisir-15-pi\u00e8ces.jpg\" \/>\n\t<meta property=\"og:image:width\" content=\"1024\" \/>\n\t<meta property=\"og:image:height\" content=\"683\" \/>\n\t<meta property=\"og:image:type\" content=\"image\/jpeg\" \/>\n<meta name=\"twitter:card\" content=\"summary_large_image\" \/>\n<meta name=\"twitter:label1\" content=\"Dur\u00e9e de lecture estim\u00e9e\" \/>\n\t<meta name=\"twitter:data1\" content=\"1 minute\" \/>\n<script type=\"application\/ld+json\" class=\"yoast-schema-graph\">{\"@context\":\"https:\/\/schema.org\",\"@graph\":[{\"@type\":\"WebPage\",\"@id\":\"https:\/\/honfest.preprod-kalelia.fr\/?product=cocktail-dejeunatoire-15-pieces\",\"url\":\"https:\/\/honfest.preprod-kalelia.fr\/?product=cocktail-dejeunatoire-15-pieces\",\"name\":\"Cocktail Plaisir 15 pi\u00e8ces | Honor\u00e9 Festif\",\"isPartOf\":{\"@id\":\"https:\/\/honfest.preprod-kalelia.fr\/#website\"},\"primaryImageOfPage\":{\"@id\":\"https:\/\/honfest.preprod-kalelia.fr\/?product=cocktail-dejeunatoire-15-pieces#primaryimage\"},\"image\":{\"@id\":\"https:\/\/honfest.preprod-kalelia.fr\/?product=cocktail-dejeunatoire-15-pieces#primaryimage\"},\"thumbnailUrl\":\"https:\/\/honfest.preprod-kalelia.fr\/wp-content\/uploads\/2015\/03\/Cocktail-Plaisir-15-pi\u00e8ces.jpg\",\"datePublished\":\"2015-03-10T14:43:29+00:00\",\"dateModified\":\"2025-01-08T08:31:24+00:00\",\"description\":\"Le Cocktail Plaisir 15 pi\u00e8ces convient pour un repas de 1h30 \u00e0 2h00Ce cocktail comprend la nourriture uniquementPi\u00e8ces cocktail sal\u00e9es froidesLe coffret de mini brochettes (2 pi\u00e8ces par personne)Plateau de pics du Potager (1 pi\u00e8ce par personne)Le plateau de canap\u00e9s finger (2 pi\u00e8ces par personne)Le plateau de Croustade et Mini Buns (2 pi\u00e8ces par personne)Le plateau de mini wraps (2 pi\u00e8ces par personne)Les fra\u00eecheurs in Lova (2 pi\u00e8ces par personne)Le FromageLes pics de fromages 10g (1 pi\u00e8ce par personne)Pi\u00e8ces cocktail sucr\u00e9esLe plateau de fours frais (1 pi\u00e8ce par personne)Le coffret de verrines sucr\u00e9es (1 pi\u00e8ce par personne)Le plateau de macarons gourmands (1 pi\u00e8ce par personne\",\"breadcrumb\":{\"@id\":\"https:\/\/honfest.preprod-kalelia.fr\/?product=cocktail-dejeunatoire-15-pieces#breadcrumb\"},\"inLanguage\":\"fr-FR\",\"potentialAction\":[{\"@type\":\"ReadAction\",\"target\":[\"https:\/\/honfest.preprod-kalelia.fr\/?product=cocktail-dejeunatoire-15-pieces\"]}]},{\"@type\":\"ImageObject\",\"inLanguage\":\"fr-FR\",\"@id\":\"https:\/\/honfest.preprod-kalelia.fr\/?product=cocktail-dejeunatoire-15-pieces#primaryimage\",\"url\":\"https:\/\/honfest.preprod-kalelia.fr\/wp-content\/uploads\/2015\/03\/Cocktail-Plaisir-15-pi\u00e8ces.jpg\",\"contentUrl\":\"https:\/\/honfest.preprod-kalelia.fr\/wp-content\/uploads\/2015\/03\/Cocktail-Plaisir-15-pi\u00e8ces.jpg\",\"width\":1024,\"height\":683},{\"@type\":\"BreadcrumbList\",\"@id\":\"https:\/\/honfest.preprod-kalelia.fr\/?product=cocktail-dejeunatoire-15-pieces#breadcrumb\",\"itemListElement\":[{\"@type\":\"ListItem\",\"position\":1,\"name\":\"Accueil\",\"item\":\"https:\/\/honfest.preprod-kalelia.fr\/\"},{\"@type\":\"ListItem\",\"position\":2,\"name\":\"Cocktail Plaisir 15 pi\u00e8ces\"}]},{\"@type\":\"WebSite\",\"@id\":\"https:\/\/honfest.preprod-kalelia.fr\/#website\",\"url\":\"https:\/\/honfest.preprod-kalelia.fr\/\",\"name\":\"Honor\u00e9 Festif\",\"description\":\"\",\"publisher\":{\"@id\":\"https:\/\/honfest.preprod-kalelia.fr\/#organization\"},\"potentialAction\":[{\"@type\":\"SearchAction\",\"target\":{\"@type\":\"EntryPoint\",\"urlTemplate\":\"https:\/\/honfest.preprod-kalelia.fr\/?s={search_term_string}\"},\"query-input\":{\"@type\":\"PropertyValueSpecification\",\"valueRequired\":true,\"valueName\":\"search_term_string\"}}],\"inLanguage\":\"fr-FR\"},{\"@type\":\"Organization\",\"@id\":\"https:\/\/honfest.preprod-kalelia.fr\/#organization\",\"name\":\"Honor\u00e9 Festif\",\"url\":\"https:\/\/honfest.preprod-kalelia.fr\/\",\"logo\":{\"@type\":\"ImageObject\",\"inLanguage\":\"fr-FR\",\"@id\":\"https:\/\/honfest.preprod-kalelia.fr\/#\/schema\/logo\/image\/\",\"url\":\"https:\/\/honfest.preprod-kalelia.fr\/wp-content\/uploads\/2020\/10\/logo-honore-festif.png\",\"contentUrl\":\"https:\/\/honfest.preprod-kalelia.fr\/wp-content\/uploads\/2020\/10\/logo-honore-festif.png\",\"width\":198,\"height\":118,\"caption\":\"Honor\u00e9 Festif\"},\"image\":{\"@id\":\"https:\/\/honfest.preprod-kalelia.fr\/#\/schema\/logo\/image\/\"}}]}<\/script>\n<!-- \/ Yoast SEO plugin. -->","yoast_head_json":{"title":"Cocktail Plaisir 15 pi\u00e8ces | Honor\u00e9 Festif","description":"Le Cocktail Plaisir 15 pi\u00e8ces convient pour un repas de 1h30 \u00e0 2h00Ce cocktail comprend la nourriture uniquementPi\u00e8ces cocktail sal\u00e9es froidesLe coffret de mini brochettes (2 pi\u00e8ces par personne)Plateau de pics du Potager (1 pi\u00e8ce par personne)Le plateau de canap\u00e9s finger (2 pi\u00e8ces par personne)Le plateau de Croustade et Mini Buns (2 pi\u00e8ces par personne)Le plateau de mini wraps (2 pi\u00e8ces par personne)Les fra\u00eecheurs in Lova (2 pi\u00e8ces par personne)Le FromageLes pics de fromages 10g (1 pi\u00e8ce par personne)Pi\u00e8ces cocktail sucr\u00e9esLe plateau de fours frais (1 pi\u00e8ce par personne)Le coffret de verrines sucr\u00e9es (1 pi\u00e8ce par personne)Le plateau de macarons gourmands (1 pi\u00e8ce par personne","robots":{"index":"index","follow":"follow","max-snippet":"max-snippet:-1","max-image-preview":"max-image-preview:large","max-video-preview":"max-video-preview:-1"},"canonical":"https:\/\/honfest.preprod-kalelia.fr\/?product=cocktail-dejeunatoire-15-pieces","og_locale":"fr_FR","og_type":"article","og_title":"Cocktail Plaisir 15 pi\u00e8ces | Honor\u00e9 Festif","og_description":"Le Cocktail Plaisir 15 pi\u00e8ces convient pour un repas de 1h30 \u00e0 2h00Ce cocktail comprend la nourriture uniquementPi\u00e8ces cocktail sal\u00e9es froidesLe coffret de mini brochettes (2 pi\u00e8ces par personne)Plateau de pics du Potager (1 pi\u00e8ce par personne)Le plateau de canap\u00e9s finger (2 pi\u00e8ces par personne)Le plateau de Croustade et Mini Buns (2 pi\u00e8ces par personne)Le plateau de mini wraps (2 pi\u00e8ces par personne)Les fra\u00eecheurs in Lova (2 pi\u00e8ces par personne)Le FromageLes pics de fromages 10g (1 pi\u00e8ce par personne)Pi\u00e8ces cocktail sucr\u00e9esLe plateau de fours frais (1 pi\u00e8ce par personne)Le coffret de verrines sucr\u00e9es (1 pi\u00e8ce par personne)Le plateau de macarons gourmands (1 pi\u00e8ce par personne","og_url":"https:\/\/honfest.preprod-kalelia.fr\/?product=cocktail-dejeunatoire-15-pieces","og_site_name":"Honor\u00e9 Festif","article_modified_time":"2025-01-08T08:31:24+00:00","og_image":[{"width":1024,"height":683,"url":"https:\/\/honfest.preprod-kalelia.fr\/wp-content\/uploads\/2015\/03\/Cocktail-Plaisir-15-pi\u00e8ces.jpg","type":"image\/jpeg"}],"twitter_card":"summary_large_image","twitter_misc":{"Dur\u00e9e de lecture estim\u00e9e":"1 minute"},"schema":{"@context":"https:\/\/schema.org","@graph":[{"@type":"WebPage","@id":"https:\/\/honfest.preprod-kalelia.fr\/?product=cocktail-dejeunatoire-15-pieces","url":"https:\/\/honfest.preprod-kalelia.fr\/?product=cocktail-dejeunatoire-15-pieces","name":"Cocktail Plaisir 15 pi\u00e8ces | Honor\u00e9 Festif","isPartOf":{"@id":"https:\/\/honfest.preprod-kalelia.fr\/#website"},"primaryImageOfPage":{"@id":"https:\/\/honfest.preprod-kalelia.fr\/?product=cocktail-dejeunatoire-15-pieces#primaryimage"},"image":{"@id":"https:\/\/honfest.preprod-kalelia.fr\/?product=cocktail-dejeunatoire-15-pieces#primaryimage"},"thumbnailUrl":"https:\/\/honfest.preprod-kalelia.fr\/wp-content\/uploads\/2015\/03\/Cocktail-Plaisir-15-pi\u00e8ces.jpg","datePublished":"2015-03-10T14:43:29+00:00","dateModified":"2025-01-08T08:31:24+00:00","description":"Le Cocktail Plaisir 15 pi\u00e8ces convient pour un repas de 1h30 \u00e0 2h00Ce cocktail comprend la nourriture uniquementPi\u00e8ces cocktail sal\u00e9es froidesLe coffret de mini brochettes (2 pi\u00e8ces par personne)Plateau de pics du Potager (1 pi\u00e8ce par personne)Le plateau de canap\u00e9s finger (2 pi\u00e8ces par personne)Le plateau de Croustade et Mini Buns (2 pi\u00e8ces par personne)Le plateau de mini wraps (2 pi\u00e8ces par personne)Les fra\u00eecheurs in Lova (2 pi\u00e8ces par personne)Le FromageLes pics de fromages 10g (1 pi\u00e8ce par personne)Pi\u00e8ces cocktail sucr\u00e9esLe plateau de fours frais (1 pi\u00e8ce par personne)Le coffret de verrines sucr\u00e9es (1 pi\u00e8ce par personne)Le plateau de macarons gourmands (1 pi\u00e8ce par personne","breadcrumb":{"@id":"https:\/\/honfest.preprod-kalelia.fr\/?product=cocktail-dejeunatoire-15-pieces#breadcrumb"},"inLanguage":"fr-FR","potentialAction":[{"@type":"ReadAction","target":["https:\/\/honfest.preprod-kalelia.fr\/?product=cocktail-dejeunatoire-15-pieces"]}]},{"@type":"ImageObject","inLanguage":"fr-FR","@id":"https:\/\/honfest.preprod-kalelia.fr\/?product=cocktail-dejeunatoire-15-pieces#primaryimage","url":"https:\/\/honfest.preprod-kalelia.fr\/wp-content\/uploads\/2015\/03\/Cocktail-Plaisir-15-pi\u00e8ces.jpg","contentUrl":"https:\/\/honfest.preprod-kalelia.fr\/wp-content\/uploads\/2015\/03\/Cocktail-Plaisir-15-pi\u00e8ces.jpg","width":1024,"height":683},{"@type":"BreadcrumbList","@id":"https:\/\/honfest.preprod-kalelia.fr\/?product=cocktail-dejeunatoire-15-pieces#breadcrumb","itemListElement":[{"@type":"ListItem","position":1,"name":"Accueil","item":"https:\/\/honfest.preprod-kalelia.fr\/"},{"@type":"ListItem","position":2,"name":"Cocktail Plaisir 15 pi\u00e8ces"}]},{"@type":"WebSite","@id":"https:\/\/honfest.preprod-kalelia.fr\/#website","url":"https:\/\/honfest.preprod-kalelia.fr\/","name":"Honor\u00e9 Festif","description":"","publisher":{"@id":"https:\/\/honfest.preprod-kalelia.fr\/#organization"},"potentialAction":[{"@type":"SearchAction","target":{"@type":"EntryPoint","urlTemplate":"https:\/\/honfest.preprod-kalelia.fr\/?s={search_term_string}"},"query-input":{"@type":"PropertyValueSpecification","valueRequired":true,"valueName":"search_term_string"}}],"inLanguage":"fr-FR"},{"@type":"Organization","@id":"https:\/\/honfest.preprod-kalelia.fr\/#organization","name":"Honor\u00e9 Festif","url":"https:\/\/honfest.preprod-kalelia.fr\/","logo":{"@type":"ImageObject","inLanguage":"fr-FR","@id":"https:\/\/honfest.preprod-kalelia.fr\/#\/schema\/logo\/image\/","url":"https:\/\/honfest.preprod-kalelia.fr\/wp-content\/uploads\/2020\/10\/logo-honore-festif.png","contentUrl":"https:\/\/honfest.preprod-kalelia.fr\/wp-content\/uploads\/2020\/10\/logo-honore-festif.png","width":198,"height":118,"caption":"Honor\u00e9 Festif"},"image":{"@id":"https:\/\/honfest.preprod-kalelia.fr\/#\/schema\/logo\/image\/"}}]}},"_links":{"self":[{"href":"https:\/\/honfest.preprod-kalelia.fr\/index.php?rest_route=\/wp\/v2\/product\/994","targetHints":{"allow":["GET"]}}],"collection":[{"href":"https:\/\/honfest.preprod-kalelia.fr\/index.php?rest_route=\/wp\/v2\/product"}],"about":[{"href":"https:\/\/honfest.preprod-kalelia.fr\/index.php?rest_route=\/wp\/v2\/types\/product"}],"wp:featuredmedia":[{"embeddable":true,"href":"https:\/\/honfest.preprod-kalelia.fr\/index.php?rest_route=\/wp\/v2\/media\/6491"}],"wp:attachment":[{"href":"https:\/\/honfest.preprod-kalelia.fr\/index.php?rest_route=%2Fwp%2Fv2%2Fmedia&parent=994"}],"wp:term":[{"taxonomy":"product_cat","embeddable":true,"href":"https:\/\/honfest.preprod-kalelia.fr\/index.php?rest_route=%2Fwp%2Fv2%2Fproduct_cat&post=994"},{"taxonomy":"product_tag","embeddable":true,"href":"https:\/\/honfest.preprod-kalelia.fr\/index.php?rest_route=%2Fwp%2Fv2%2Fproduct_tag&post=994"}],"curies":[{"name":"wp","href":"https:\/\/api.w.org\/{rel}","templated":true}]}}